{"id":9257,"date":"2021-07-15T15:57:22","date_gmt":"2021-07-15T14:57:22","guid":{"rendered":"https:\/\/www.siban.com\/technical-information\/"},"modified":"2025-08-05T10:14:03","modified_gmt":"2025-08-05T09:14:03","slug":"technical-information","status":"publish","type":"page","link":"https:\/\/www.siban.com\/fr\/technical-information\/","title":{"rendered":"Informations techniques"},"content":{"rendered":"<section class=\"l-section wpb_row height_small\"><div class=\"l-section-h i-cf\"><div class=\"g-cols vc_row via_grid cols_1 laptops-cols_inherit tablets-cols_inherit mobiles-cols_1 valign_top type_default stacking_default\"><div class=\"wpb_column vc_column_container\"><div class=\"vc_column-inner\"><div class=\"wpb_text_column\"><div class=\"wpb_wrapper\"><h4 style=\"text-align: center;\">Chez SIBAN, nous combinons notre exp\u00e9rience dans la fabrication de bandes transporteuses avec un solide service technique, garantissant des solutions compl\u00e8tes pour vos besoins en mati\u00e8re de transport.<\/h4>\n<h5 style=\"text-align: center;\">\u00a0<\/h5>\n<\/div><\/div><\/div><\/div><\/div><\/div><\/section><section class=\"l-section wpb_row height_small\"><div class=\"l-section-h i-cf\"><div class=\"g-cols vc_row via_grid cols_custom laptops-cols_inherit tablets-cols_inherit mobiles-cols_1 valign_top type_default stacking_default\" style=\"--custom-columns:3fr 3fr 6fr \"><div class=\"wpb_column vc_column_container\"><div class=\"vc_column-inner\"><div class=\"w-image align_center\"><div class=\"w-image-h\"><img decoding=\"async\" width=\"299\" height=\"480\" src=\"https:\/\/www.siban.com\/wp-content\/uploads\/2021\/07\/puerto1-299x480.jpg\" class=\"attachment-medium size-medium\" alt=\"\" loading=\"lazy\" srcset=\"https:\/\/www.siban.com\/wp-content\/uploads\/2021\/07\/puerto1-299x480.jpg 299w, https:\/\/www.siban.com\/wp-content\/uploads\/2021\/07\/puerto1-374x600.jpg 374w, https:\/\/www.siban.com\/wp-content\/uploads\/2021\/07\/puerto1-168x270.jpg 168w, https:\/\/www.siban.com\/wp-content\/uploads\/2021\/07\/puerto1-274x439.jpg 274w, https:\/\/www.siban.com\/wp-content\/uploads\/2021\/07\/puerto1-421x675.jpg 421w, https:\/\/www.siban.com\/wp-content\/uploads\/2021\/07\/puerto1.jpg 479w\" sizes=\"auto, (max-width: 299px) 100vw, 299px\" \/><\/div><\/div><div class=\"w-separator size_small\"><\/div><div class=\"wpb_text_column\"><div class=\"wpb_wrapper\"><h4 style=\"text-align: center;\">Recommandations pour les bandes lisses et les diam\u00e8tres minimaux\u00a0de tambour<\/h4>\n<\/div><\/div><div class=\"w-separator size_small\"><\/div><div class=\"w-btn-wrapper align_center\"><a class=\"w-btn us-btn-style_1\" href=\"http:\/\/www.siban.com\/wp-content\/uploads\/2021\/07\/DIAMETRO-TAMBOR-MINIMO_flat.pdf\"><span class=\"w-btn-label\">T\u00e9l\u00e9charger<\/span><\/a><\/div><\/div><\/div><div class=\"wpb_column vc_column_container\"><div class=\"vc_column-inner\"><div class=\"w-image align_center\"><div class=\"w-image-h\"><img decoding=\"async\" width=\"322\" height=\"480\" src=\"https:\/\/www.siban.com\/wp-content\/uploads\/2021\/07\/banda-nervada-FAGOR-322x480.jpg\" class=\"attachment-medium size-medium\" alt=\"\" loading=\"lazy\" srcset=\"https:\/\/www.siban.com\/wp-content\/uploads\/2021\/07\/banda-nervada-FAGOR-322x480.jpg 322w, https:\/\/www.siban.com\/wp-content\/uploads\/2021\/07\/banda-nervada-FAGOR-402x600.jpg 402w, https:\/\/www.siban.com\/wp-content\/uploads\/2021\/07\/banda-nervada-FAGOR-181x270.jpg 181w, https:\/\/www.siban.com\/wp-content\/uploads\/2021\/07\/banda-nervada-FAGOR-294x439.jpg 294w, https:\/\/www.siban.com\/wp-content\/uploads\/2021\/07\/banda-nervada-FAGOR-452x675.jpg 452w, https:\/\/www.siban.com\/wp-content\/uploads\/2021\/07\/banda-nervada-FAGOR.jpg 469w\" sizes=\"auto, (max-width: 322px) 100vw, 322px\" \/><\/div><\/div><div class=\"w-separator size_small\"><\/div><div class=\"wpb_text_column\"><div class=\"wpb_wrapper\"><h4 style=\"text-align: center;\">Recommandations pour les bandes \u00e0 chevrons et les diam\u00e8tres minimaux de tambour<\/h4>\n<\/div><\/div><div class=\"w-separator size_small\"><\/div><div class=\"w-btn-wrapper align_center\"><a class=\"w-btn us-btn-style_1\" href=\"http:\/\/www.siban.com\/wp-content\/uploads\/2021\/07\/Chevron-belts-MINIMUM-PULLEY-DIAMETER.pdf\"><span class=\"w-btn-label\">T\u00e9l\u00e9charger<\/span><\/a><\/div><\/div><\/div><div class=\"wpb_column vc_column_container\"><div class=\"vc_column-inner\"><div class=\"w-image has_ratio align_center\"><div class=\"w-image-h\"><div style=\"padding-bottom:75%\"><\/div><img decoding=\"async\" width=\"1800\" height=\"1200\" src=\"https:\/\/www.siban.com\/wp-content\/uploads\/2024\/04\/BRC17set-1006.jpg\" class=\"attachment-full size-full\" alt=\"Banda Transportadora\" loading=\"lazy\" \/><\/div><\/div><div class=\"w-separator size_small\"><\/div><div class=\"wpb_text_column\"><div class=\"wpb_wrapper\"><h4 style=\"text-align: center;\">Largeur minimale pour le rainurage et largeur maximale pour le support de charge<\/h4>\n<\/div><\/div><div class=\"w-separator size_small\"><\/div><div class=\"w-btn-wrapper align_center\"><a class=\"w-btn us-btn-style_1\" href=\"http:\/\/www.siban.com\/wp-content\/uploads\/2024\/06\/ANCHO-MINIMO-PARA-ACANALAMIENTO-y-ANCHO-MAXIMO-PARA-SOPORTE-DE-CARGA.pdf\"><span class=\"w-btn-label\">T\u00e9l\u00e9charger<\/span><\/a><\/div><\/div><\/div><\/div><\/div><\/section>\n","protected":false},"excerpt":{"rendered":"Chez SIBAN, nous combinons notre exp\u00e9rience dans la fabrication de bandes transporteuses avec un solide service technique, garantissant des solutions compl\u00e8tes pour vos besoins en mati\u00e8re de transport. \u00a0 Recommandations pour les bandes lisses et les diam\u00e8tres minimaux\u00a0de tambour T\u00e9l\u00e9chargerRecommandations pour les bandes \u00e0 chevrons et les diam\u00e8tres minimaux de tambour T\u00e9l\u00e9chargerLargeur minimale pour le...","protected":false},"author":2,"featured_media":0,"parent":0,"menu_order":0,"comment_status":"closed","ping_status":"closed","template":"","meta":{"footnotes":""},"class_list":["post-9257","page","type-page","status-publish","hentry"],"yoast_head":"<!-- This site is optimized with the Yoast SEO plugin v27.4 - https:\/\/yoast.com\/product\/yoast-seo-wordpress\/ -->\n<title>Informations techniques - Siban<\/title>\n<meta name=\"robots\" content=\"index, follow, max-snippet:-1, max-image-preview:large, max-video-preview:-1\" \/>\n<link rel=\"canonical\" href=\"https:\/\/www.siban.com\/technical-information\/\" \/>\n<meta property=\"og:locale\" content=\"fr_FR\" \/>\n<meta property=\"og:type\" content=\"article\" \/>\n<meta property=\"og:title\" content=\"Informations techniques - Siban\" \/>\n<meta property=\"og:url\" content=\"https:\/\/www.siban.com\/technical-information\/\" \/>\n<meta property=\"og:site_name\" content=\"Siban\" \/>\n<meta property=\"article:modified_time\" content=\"2025-08-05T09:14:03+00:00\" \/>\n<meta name=\"twitter:card\" content=\"summary_large_image\" \/>\n<meta name=\"twitter:label1\" content=\"Dur\u00e9e de lecture estim\u00e9e\" \/>\n\t<meta name=\"twitter:data1\" content=\"1 minute\" \/>\n<script type=\"application\/ld+json\" class=\"yoast-schema-graph\">{\"@context\":\"https:\\\/\\\/schema.org\",\"@graph\":[{\"@type\":\"WebPage\",\"@id\":\"https:\\\/\\\/www.siban.com\\\/technical-information\\\/\",\"url\":\"https:\\\/\\\/www.siban.com\\\/technical-information\\\/\",\"name\":\"Informations techniques - Siban\",\"isPartOf\":{\"@id\":\"http:\\\/\\\/dev.siban.com\\\/#website\"},\"datePublished\":\"2021-07-15T14:57:22+00:00\",\"dateModified\":\"2025-08-05T09:14:03+00:00\",\"breadcrumb\":{\"@id\":\"https:\\\/\\\/www.siban.com\\\/technical-information\\\/#breadcrumb\"},\"inLanguage\":\"fr-FR\",\"potentialAction\":[{\"@type\":\"ReadAction\",\"target\":[\"https:\\\/\\\/www.siban.com\\\/technical-information\\\/\"]}]},{\"@type\":\"BreadcrumbList\",\"@id\":\"https:\\\/\\\/www.siban.com\\\/technical-information\\\/#breadcrumb\",\"itemListElement\":[{\"@type\":\"ListItem\",\"position\":1,\"name\":\"Inicio\",\"item\":\"https:\\\/\\\/www.siban.com\\\/\"},{\"@type\":\"ListItem\",\"position\":2,\"name\":\"Informations techniques\"}]},{\"@type\":\"WebSite\",\"@id\":\"http:\\\/\\\/dev.siban.com\\\/#website\",\"url\":\"http:\\\/\\\/dev.siban.com\\\/\",\"name\":\"Siban\",\"description\":\"Bandas transportadoras\",\"publisher\":{\"@id\":\"http:\\\/\\\/dev.siban.com\\\/#organization\"},\"potentialAction\":[{\"@type\":\"SearchAction\",\"target\":{\"@type\":\"EntryPoint\",\"urlTemplate\":\"http:\\\/\\\/dev.siban.com\\\/?s={search_term_string}\"},\"query-input\":{\"@type\":\"PropertyValueSpecification\",\"valueRequired\":true,\"valueName\":\"search_term_string\"}}],\"inLanguage\":\"fr-FR\"},{\"@type\":\"Organization\",\"@id\":\"http:\\\/\\\/dev.siban.com\\\/#organization\",\"name\":\"Siban\",\"url\":\"http:\\\/\\\/dev.siban.com\\\/\",\"logo\":{\"@type\":\"ImageObject\",\"inLanguage\":\"fr-FR\",\"@id\":\"http:\\\/\\\/dev.siban.com\\\/#\\\/schema\\\/logo\\\/image\\\/\",\"url\":\"https:\\\/\\\/www.siban.com\\\/wp-content\\\/uploads\\\/2024\\\/07\\\/Siban-Beltsiflex-PNG.png\",\"contentUrl\":\"https:\\\/\\\/www.siban.com\\\/wp-content\\\/uploads\\\/2024\\\/07\\\/Siban-Beltsiflex-PNG.png\",\"width\":3133,\"height\":1633,\"caption\":\"Siban\"},\"image\":{\"@id\":\"http:\\\/\\\/dev.siban.com\\\/#\\\/schema\\\/logo\\\/image\\\/\"}}]}<\/script>\n<!-- \/ Yoast SEO plugin. -->","yoast_head_json":{"title":"Informations techniques - Siban","robots":{"index":"index","follow":"follow","max-snippet":"max-snippet:-1","max-image-preview":"max-image-preview:large","max-video-preview":"max-video-preview:-1"},"canonical":"https:\/\/www.siban.com\/technical-information\/","og_locale":"fr_FR","og_type":"article","og_title":"Informations techniques - Siban","og_url":"https:\/\/www.siban.com\/technical-information\/","og_site_name":"Siban","article_modified_time":"2025-08-05T09:14:03+00:00","twitter_card":"summary_large_image","twitter_misc":{"Dur\u00e9e de lecture estim\u00e9e":"1 minute"},"schema":{"@context":"https:\/\/schema.org","@graph":[{"@type":"WebPage","@id":"https:\/\/www.siban.com\/technical-information\/","url":"https:\/\/www.siban.com\/technical-information\/","name":"Informations techniques - Siban","isPartOf":{"@id":"http:\/\/dev.siban.com\/#website"},"datePublished":"2021-07-15T14:57:22+00:00","dateModified":"2025-08-05T09:14:03+00:00","breadcrumb":{"@id":"https:\/\/www.siban.com\/technical-information\/#breadcrumb"},"inLanguage":"fr-FR","potentialAction":[{"@type":"ReadAction","target":["https:\/\/www.siban.com\/technical-information\/"]}]},{"@type":"BreadcrumbList","@id":"https:\/\/www.siban.com\/technical-information\/#breadcrumb","itemListElement":[{"@type":"ListItem","position":1,"name":"Inicio","item":"https:\/\/www.siban.com\/"},{"@type":"ListItem","position":2,"name":"Informations techniques"}]},{"@type":"WebSite","@id":"http:\/\/dev.siban.com\/#website","url":"http:\/\/dev.siban.com\/","name":"Siban","description":"Bandas transportadoras","publisher":{"@id":"http:\/\/dev.siban.com\/#organization"},"potentialAction":[{"@type":"SearchAction","target":{"@type":"EntryPoint","urlTemplate":"http:\/\/dev.siban.com\/?s={search_term_string}"},"query-input":{"@type":"PropertyValueSpecification","valueRequired":true,"valueName":"search_term_string"}}],"inLanguage":"fr-FR"},{"@type":"Organization","@id":"http:\/\/dev.siban.com\/#organization","name":"Siban","url":"http:\/\/dev.siban.com\/","logo":{"@type":"ImageObject","inLanguage":"fr-FR","@id":"http:\/\/dev.siban.com\/#\/schema\/logo\/image\/","url":"https:\/\/www.siban.com\/wp-content\/uploads\/2024\/07\/Siban-Beltsiflex-PNG.png","contentUrl":"https:\/\/www.siban.com\/wp-content\/uploads\/2024\/07\/Siban-Beltsiflex-PNG.png","width":3133,"height":1633,"caption":"Siban"},"image":{"@id":"http:\/\/dev.siban.com\/#\/schema\/logo\/image\/"}}]}},"_links":{"self":[{"href":"https:\/\/www.siban.com\/fr\/wp-json\/wp\/v2\/pages\/9257","targetHints":{"allow":["GET"]}}],"collection":[{"href":"https:\/\/www.siban.com\/fr\/wp-json\/wp\/v2\/pages"}],"about":[{"href":"https:\/\/www.siban.com\/fr\/wp-json\/wp\/v2\/types\/page"}],"author":[{"embeddable":true,"href":"https:\/\/www.siban.com\/fr\/wp-json\/wp\/v2\/users\/2"}],"replies":[{"embeddable":true,"href":"https:\/\/www.siban.com\/fr\/wp-json\/wp\/v2\/comments?post=9257"}],"version-history":[{"count":8,"href":"https:\/\/www.siban.com\/fr\/wp-json\/wp\/v2\/pages\/9257\/revisions"}],"predecessor-version":[{"id":137403,"href":"https:\/\/www.siban.com\/fr\/wp-json\/wp\/v2\/pages\/9257\/revisions\/137403"}],"wp:attachment":[{"href":"https:\/\/www.siban.com\/fr\/wp-json\/wp\/v2\/media?parent=9257"}],"curies":[{"name":"wp","href":"https:\/\/api.w.org\/{rel}","templated":true}]}}