{"id":4744,"date":"2018-04-03T08:49:22","date_gmt":"2018-04-03T07:49:22","guid":{"rendered":"https:\/\/www.siban.com\/?page_id=4744\/"},"modified":"2018-04-03T08:50:39","modified_gmt":"2018-04-03T07:50:39","slug":"article-de-la-revue-horizonte-minero","status":"publish","type":"page","link":"https:\/\/www.siban.com\/fr\/article-de-la-revue-horizonte-minero\/","title":{"rendered":"Article de la revue \u00ab\u00a0Horizonte Minero\u00a0\u00bb"},"content":{"rendered":"<section class=\"l-section wpb_row height_small\"><div class=\"l-section-h i-cf\"><div class=\"g-cols vc_row via_grid cols_1 laptops-cols_inherit tablets-cols_inherit mobiles-cols_1 valign_top type_default stacking_default\"><div class=\"wpb_column vc_column_container\"><div class=\"vc_column-inner\"><div class=\"wpb_text_column\"><div class=\"wpb_wrapper\"><h1 style=\"text-align: center;\"><span style=\"color: #002eb0;\"><strong>Article de la revue<\/strong><\/span><\/h1>\n<h1 style=\"text-align: center;\"><span style=\"color: #002eb0;\"><strong>\u00ab\u00a0Horizonte Minero\u00a0\u00bb<\/strong><\/span><\/h1>\n<\/div><\/div><\/div><\/div><\/div><\/div><\/section><section class=\"l-section wpb_row height_small\"><div class=\"l-section-h i-cf\"><div class=\"g-cols vc_row via_grid cols_1 laptops-cols_inherit tablets-cols_inherit mobiles-cols_1 valign_top type_default stacking_default\"><div class=\"wpb_column vc_column_container\"><div class=\"vc_column-inner\"><div class=\"wpb_text_column\"><div class=\"wpb_wrapper\"><p>Suite \u00e0 la r\u00e9cente apparition de Siban Peosa dans le 1\u00ba Congr\u00e9s de l&rsquo;industrie mini\u00e8re c\u00e9l\u00e9br\u00e9 \u00e0 Lima, P\u00e9rou, le 27 d&rsquo;Octobre et le succ\u00e9s obtenu, la revue sp\u00e9cialis\u00e9e dans l&rsquo;industrie mini\u00e8re, \u00ab\u00a0Horizonte Minero\u00a0\u00bb, s&rsquo;est fait l&rsquo;\u00e9cho des d\u00e9veloppements pr\u00e9sent\u00e9s pendant le Congr\u00e8s dans le num\u00e9ro de Novembre.<\/p>\n<\/div><\/div><\/div><\/div><\/div><\/div><\/section><section class=\"l-section wpb_row height_small\"><div class=\"l-section-h i-cf\"><div class=\"g-cols vc_row via_grid cols_1-2-1 laptops-cols_inherit tablets-cols_inherit mobiles-cols_1 valign_top type_default stacking_default\"><div class=\"wpb_column vc_column_container\"><div class=\"vc_column-inner\"><\/div><\/div><div class=\"wpb_column vc_column_container\"><div class=\"vc_column-inner\">[vc_single_image source=\u00a0\u00bbmedia_library\u00a0\u00bb image=\u00a0\u00bb4439&Prime; alignment=\u00a0\u00bbcenter\u00a0\u00bb css_animation=\u00a0\u00bbappear\u00a0\u00bb]<div class=\"wpb_text_column\"><div class=\"wpb_wrapper\"><p style=\"text-align: center;\"><strong><a href=\"http:\/\/www.horizonteminero.com\/\">www.horizonteminero.com<\/a><\/strong><\/p>\n<\/div><\/div><\/div><\/div><div class=\"wpb_column vc_column_container\"><div class=\"vc_column-inner\"><\/div><\/div><\/div><\/div><\/section><section class=\"l-section wpb_row height_small\"><div class=\"l-section-h i-cf\"><div class=\"g-cols vc_row via_grid cols_2-1 laptops-cols_inherit tablets-cols_inherit mobiles-cols_1 valign_top type_default stacking_default\"><div class=\"wpb_column vc_column_container\"><div class=\"vc_column-inner\"><div class=\"wpb_text_column\"><div class=\"wpb_wrapper\"><p>La pr\u00e9sentation de la Bande <strong>Beltsiflex\u00ae SRC-35\u00a0<\/strong>a attir\u00e9 l&rsquo;attention des professionnels du secteur gr\u00e2ce \u00e0 ses caract\u00e9ristiques sup\u00e9rieures, car c&rsquo;est un produit extr\u00eamement <strong>anti-abrasif <\/strong>capable de supportes des conditions tr\u00e8s adverses au travail. Augmentant la dur\u00e9e de vie moyenne de certaines bandes transporteuses de <strong>22-28 jours jusqu&rsquo;\u00e0 90 jours<\/strong>, c&rsquo;est \u00e0 dire, practiquement 4 fois plus que celle des bandes traditionnelles test\u00e9s jusu&rsquo;\u00e0 nos jours.<\/p>\n<p>Rub\u00e9n Andr\u00e9s, de notre technique, a \u00e9t\u00e9 le responsable de ce grand succ\u00e8s dans la zone sud-am\u00e9ricaine, plus pr\u00e9cis\u00e9ment, dans la zone de P\u00e9rou o\u00f9 le Congr\u00e8s a \u00e9t\u00e9 c\u00e9l\u00e9br\u00e9.<\/p>\n<p>Nous esp\u00e9rons que la bande <strong>Beltsiflex\u00ae SRC-35<\/strong> continuera \u00e0 avoir beaucoup de succ\u00e8s dans d&rsquo;autres pays et que tous les utilisateurs de cette bande soient satisfaits.<\/p>\n<\/div><\/div><\/div><\/div><div class=\"wpb_column vc_column_container\"><div class=\"vc_column-inner\">[vc_single_image source=\u00a0\u00bbmedia_library\u00a0\u00bb image=\u00a0\u00bb4440&Prime; alignment=\u00a0\u00bbright\u00a0\u00bb onclick=\u00a0\u00bblink_image\u00a0\u00bb css_animation=\u00a0\u00bbappear\u00a0\u00bb img_size=\u00a0\u00bbfull\u00a0\u00bb]<\/div><\/div><\/div><\/div><\/section><section class=\"l-section wpb_row height_small\"><div class=\"l-section-h i-cf\"><div class=\"g-cols vc_row via_grid cols_1 laptops-cols_inherit tablets-cols_inherit mobiles-cols_1 valign_top type_default stacking_default\"><div class=\"wpb_column vc_column_container\"><div class=\"vc_column-inner\"><div class=\"wpb_text_column\"><div class=\"wpb_wrapper\"><p>Pour lire l&rsquo;article, nous vous invitons \u00e0 le t\u00e9l\u00e9charger de notre site internet, en cliquant sur \u00ab\u00a0t\u00e9l\u00e9chargements\u00a0\u00bb, article \u00ab\u00a0Horizonte Minero\u00a0\u00bb. Pour obtenir plus d&rsquo;information concernant le revue, vous pouvez consulter le sitio web:<\/p>\n<p style=\"text-align: center;\"><strong><a href=\"http:\/\/www.horizonteminero.com\/\">www.horizonteminero.com<\/a><\/strong><\/p>\n<\/div><\/div><\/div><\/div><\/div><\/div><\/section>\n","protected":false},"excerpt":{"rendered":"Article de la revue \u00ab\u00a0Horizonte Minero\u00a0\u00bb Suite \u00e0 la r\u00e9cente apparition de Siban Peosa dans le 1\u00ba Congr\u00e9s de l&rsquo;industrie mini\u00e8re c\u00e9l\u00e9br\u00e9 \u00e0 Lima, P\u00e9rou, le 27 d&rsquo;Octobre et le succ\u00e9s obtenu, la revue sp\u00e9cialis\u00e9e dans l&rsquo;industrie mini\u00e8re, \u00ab\u00a0Horizonte Minero\u00a0\u00bb, s&rsquo;est fait l&rsquo;\u00e9cho des d\u00e9veloppements pr\u00e9sent\u00e9s pendant le Congr\u00e8s dans le num\u00e9ro de Novembre. [vc_single_image...","protected":false},"author":2,"featured_media":0,"parent":0,"menu_order":0,"comment_status":"closed","ping_status":"closed","template":"","meta":{"footnotes":""},"class_list":["post-4744","page","type-page","status-publish","hentry"],"yoast_head":"<!-- This site is optimized with the Yoast SEO plugin v27.5 - https:\/\/yoast.com\/product\/yoast-seo-wordpress\/ -->\n<title>Article de la revue &quot;Horizonte Minero&quot; - Siban<\/title>\n<meta name=\"robots\" content=\"index, follow, max-snippet:-1, max-image-preview:large, max-video-preview:-1\" \/>\n<link rel=\"canonical\" href=\"http:\/\/dev.siban.com\/fr\/article-de-la-revue-horizonte-minero\/\" \/>\n<meta property=\"og:locale\" content=\"fr_FR\" \/>\n<meta property=\"og:type\" content=\"article\" \/>\n<meta property=\"og:title\" content=\"Article de la revue &quot;Horizonte Minero&quot; - Siban\" \/>\n<meta property=\"og:url\" content=\"http:\/\/dev.siban.com\/fr\/article-de-la-revue-horizonte-minero\/\" \/>\n<meta property=\"og:site_name\" content=\"Siban\" \/>\n<meta property=\"article:modified_time\" content=\"2018-04-03T07:50:39+00:00\" \/>\n<meta name=\"twitter:card\" content=\"summary_large_image\" \/>\n<meta name=\"twitter:label1\" content=\"Dur\u00e9e de lecture estim\u00e9e\" \/>\n\t<meta name=\"twitter:data1\" content=\"2 minutes\" \/>\n<script type=\"application\/ld+json\" class=\"yoast-schema-graph\">{\"@context\":\"https:\\\/\\\/schema.org\",\"@graph\":[{\"@type\":\"WebPage\",\"@id\":\"http:\\\/\\\/dev.siban.com\\\/fr\\\/article-de-la-revue-horizonte-minero\\\/\",\"url\":\"http:\\\/\\\/dev.siban.com\\\/fr\\\/article-de-la-revue-horizonte-minero\\\/\",\"name\":\"Article de la revue \\\"Horizonte Minero\\\" - Siban\",\"isPartOf\":{\"@id\":\"http:\\\/\\\/dev.siban.com\\\/#website\"},\"datePublished\":\"2018-04-03T07:49:22+00:00\",\"dateModified\":\"2018-04-03T07:50:39+00:00\",\"breadcrumb\":{\"@id\":\"http:\\\/\\\/dev.siban.com\\\/fr\\\/article-de-la-revue-horizonte-minero\\\/#breadcrumb\"},\"inLanguage\":\"fr-FR\",\"potentialAction\":[{\"@type\":\"ReadAction\",\"target\":[\"http:\\\/\\\/dev.siban.com\\\/fr\\\/article-de-la-revue-horizonte-minero\\\/\"]}]},{\"@type\":\"BreadcrumbList\",\"@id\":\"http:\\\/\\\/dev.siban.com\\\/fr\\\/article-de-la-revue-horizonte-minero\\\/#breadcrumb\",\"itemListElement\":[{\"@type\":\"ListItem\",\"position\":1,\"name\":\"Inicio\",\"item\":\"https:\\\/\\\/www.siban.com\\\/\"},{\"@type\":\"ListItem\",\"position\":2,\"name\":\"Article de la revue \u00abHorizonte Minero\u00bb\"}]},{\"@type\":\"WebSite\",\"@id\":\"http:\\\/\\\/dev.siban.com\\\/#website\",\"url\":\"http:\\\/\\\/dev.siban.com\\\/\",\"name\":\"Siban\",\"description\":\"Bandas transportadoras\",\"publisher\":{\"@id\":\"http:\\\/\\\/dev.siban.com\\\/#organization\"},\"potentialAction\":[{\"@type\":\"SearchAction\",\"target\":{\"@type\":\"EntryPoint\",\"urlTemplate\":\"http:\\\/\\\/dev.siban.com\\\/?s={search_term_string}\"},\"query-input\":{\"@type\":\"PropertyValueSpecification\",\"valueRequired\":true,\"valueName\":\"search_term_string\"}}],\"inLanguage\":\"fr-FR\"},{\"@type\":\"Organization\",\"@id\":\"http:\\\/\\\/dev.siban.com\\\/#organization\",\"name\":\"Siban\",\"url\":\"http:\\\/\\\/dev.siban.com\\\/\",\"logo\":{\"@type\":\"ImageObject\",\"inLanguage\":\"fr-FR\",\"@id\":\"http:\\\/\\\/dev.siban.com\\\/#\\\/schema\\\/logo\\\/image\\\/\",\"url\":\"https:\\\/\\\/www.siban.com\\\/wp-content\\\/uploads\\\/2024\\\/07\\\/Siban-Beltsiflex-PNG.png\",\"contentUrl\":\"https:\\\/\\\/www.siban.com\\\/wp-content\\\/uploads\\\/2024\\\/07\\\/Siban-Beltsiflex-PNG.png\",\"width\":3133,\"height\":1633,\"caption\":\"Siban\"},\"image\":{\"@id\":\"http:\\\/\\\/dev.siban.com\\\/#\\\/schema\\\/logo\\\/image\\\/\"}}]}<\/script>\n<!-- \/ Yoast SEO plugin. -->","yoast_head_json":{"title":"Article de la revue \"Horizonte Minero\" - Siban","robots":{"index":"index","follow":"follow","max-snippet":"max-snippet:-1","max-image-preview":"max-image-preview:large","max-video-preview":"max-video-preview:-1"},"canonical":"http:\/\/dev.siban.com\/fr\/article-de-la-revue-horizonte-minero\/","og_locale":"fr_FR","og_type":"article","og_title":"Article de la revue \"Horizonte Minero\" - Siban","og_url":"http:\/\/dev.siban.com\/fr\/article-de-la-revue-horizonte-minero\/","og_site_name":"Siban","article_modified_time":"2018-04-03T07:50:39+00:00","twitter_card":"summary_large_image","twitter_misc":{"Dur\u00e9e de lecture estim\u00e9e":"2 minutes"},"schema":{"@context":"https:\/\/schema.org","@graph":[{"@type":"WebPage","@id":"http:\/\/dev.siban.com\/fr\/article-de-la-revue-horizonte-minero\/","url":"http:\/\/dev.siban.com\/fr\/article-de-la-revue-horizonte-minero\/","name":"Article de la revue \"Horizonte Minero\" - Siban","isPartOf":{"@id":"http:\/\/dev.siban.com\/#website"},"datePublished":"2018-04-03T07:49:22+00:00","dateModified":"2018-04-03T07:50:39+00:00","breadcrumb":{"@id":"http:\/\/dev.siban.com\/fr\/article-de-la-revue-horizonte-minero\/#breadcrumb"},"inLanguage":"fr-FR","potentialAction":[{"@type":"ReadAction","target":["http:\/\/dev.siban.com\/fr\/article-de-la-revue-horizonte-minero\/"]}]},{"@type":"BreadcrumbList","@id":"http:\/\/dev.siban.com\/fr\/article-de-la-revue-horizonte-minero\/#breadcrumb","itemListElement":[{"@type":"ListItem","position":1,"name":"Inicio","item":"https:\/\/www.siban.com\/"},{"@type":"ListItem","position":2,"name":"Article de la revue \u00abHorizonte Minero\u00bb"}]},{"@type":"WebSite","@id":"http:\/\/dev.siban.com\/#website","url":"http:\/\/dev.siban.com\/","name":"Siban","description":"Bandas transportadoras","publisher":{"@id":"http:\/\/dev.siban.com\/#organization"},"potentialAction":[{"@type":"SearchAction","target":{"@type":"EntryPoint","urlTemplate":"http:\/\/dev.siban.com\/?s={search_term_string}"},"query-input":{"@type":"PropertyValueSpecification","valueRequired":true,"valueName":"search_term_string"}}],"inLanguage":"fr-FR"},{"@type":"Organization","@id":"http:\/\/dev.siban.com\/#organization","name":"Siban","url":"http:\/\/dev.siban.com\/","logo":{"@type":"ImageObject","inLanguage":"fr-FR","@id":"http:\/\/dev.siban.com\/#\/schema\/logo\/image\/","url":"https:\/\/www.siban.com\/wp-content\/uploads\/2024\/07\/Siban-Beltsiflex-PNG.png","contentUrl":"https:\/\/www.siban.com\/wp-content\/uploads\/2024\/07\/Siban-Beltsiflex-PNG.png","width":3133,"height":1633,"caption":"Siban"},"image":{"@id":"http:\/\/dev.siban.com\/#\/schema\/logo\/image\/"}}]}},"_links":{"self":[{"href":"https:\/\/www.siban.com\/fr\/wp-json\/wp\/v2\/pages\/4744","targetHints":{"allow":["GET"]}}],"collection":[{"href":"https:\/\/www.siban.com\/fr\/wp-json\/wp\/v2\/pages"}],"about":[{"href":"https:\/\/www.siban.com\/fr\/wp-json\/wp\/v2\/types\/page"}],"author":[{"embeddable":true,"href":"https:\/\/www.siban.com\/fr\/wp-json\/wp\/v2\/users\/2"}],"replies":[{"embeddable":true,"href":"https:\/\/www.siban.com\/fr\/wp-json\/wp\/v2\/comments?post=4744"}],"version-history":[{"count":2,"href":"https:\/\/www.siban.com\/fr\/wp-json\/wp\/v2\/pages\/4744\/revisions"}],"predecessor-version":[{"id":4748,"href":"https:\/\/www.siban.com\/fr\/wp-json\/wp\/v2\/pages\/4744\/revisions\/4748"}],"wp:attachment":[{"href":"https:\/\/www.siban.com\/fr\/wp-json\/wp\/v2\/media?parent=4744"}],"curies":[{"name":"wp","href":"https:\/\/api.w.org\/{rel}","templated":true}]}}