{"id":4072,"date":"2017-10-17T11:09:09","date_gmt":"2017-10-17T10:09:09","guid":{"rendered":"https:\/\/www.siban.com\/?page_id=4072\/"},"modified":"2025-11-20T16:44:56","modified_gmt":"2025-11-20T15:44:56","slug":"tasseaux-transversaux-2","status":"publish","type":"page","link":"https:\/\/www.siban.com\/fr\/tasseaux-transversaux-2\/","title":{"rendered":"Tasseaux transversaux"},"content":{"rendered":"<section class=\"l-section wpb_row height_small\"><div class=\"l-section-h i-cf\"><div class=\"g-cols vc_row via_grid cols_1 laptops-cols_inherit tablets-cols_inherit mobiles-cols_1 valign_top type_default stacking_default\"><div class=\"wpb_column vc_column_container\"><div class=\"vc_column-inner\"><h2 class=\"w-text us_custom_eb849559\"><span class=\"w-text-h\"><span class=\"w-text-value\">Profils transversaux<\/span><\/span><\/h2><div class=\"wpb_text_column\"><div class=\"wpb_wrapper\"><p><strong>La fabrication des tasseaux ou profils transversaux<\/strong> se r\u00e9alise toujours par moulage sous presse. Les qualit\u00e9s de caoutchouc utilis\u00e9es sont s\u00e9lectionn\u00e9es en fonction des caract\u00e9ristiques du produit \u00e0 transporter, tout en respectant <strong>les tol\u00e9rances les plus strictes en mati\u00e8re de r\u00e9sistance \u00e0 l\u2019abrasion et \u00e0 la d\u00e9chirure<\/strong>.<\/p>\n<p>Nous proposons la fabrication de profils avec renfort textile, recommand\u00e9s pour des hauteurs sup\u00e9rieures \u00e0 140 mm.<\/p>\n<p>Il est conseill\u00e9 que la hauteur des tasseaux soit inf\u00e9rieure de <strong>10 \u00e0 20 mm<\/strong>\u00a0\u00e0 celle des bords de contenance.<\/p>\n<p>Les types\u00a0<strong>T<\/strong>,<strong> C, TC <\/strong>et<strong> TCXF<\/strong> se diff\u00e9rencient principalement par leur capacit\u00e9 de charge et leur s\u00e9lection s\u2019effectue en fonction des besoins du transport.<\/p>\n<p>Le type\u00a0<strong>TCXF<\/strong> a \u00e9t\u00e9 \u00e9labor\u00e9 avec 3 \u00e9l\u00e9ments :<\/p>\n<ul>\n<li>Deux bases li\u00e9es \u00e0 la bande.<\/li>\n<li>Une pale d&rsquo;\u00e9l\u00e9vation centrale viss\u00e9e aux bases et uniquement fabriqu\u00e9e avec renfort textile.<\/li>\n<\/ul>\n<\/div><\/div><\/div><\/div><\/div><\/div><\/section><section class=\"l-section wpb_row height_small\"><div class=\"l-section-h i-cf\"><div class=\"g-cols vc_row via_grid cols_1 laptops-cols_inherit tablets-cols_inherit mobiles-cols_1 valign_top type_default stacking_default\"><div class=\"wpb_column vc_column_container\"><div class=\"vc_column-inner\"><div class=\"w-image align_center\"><div class=\"w-image-h\"><img decoding=\"async\" width=\"1200\" height=\"253\" src=\"https:\/\/www.siban.com\/wp-content\/uploads\/2016\/06\/Tacos-1200x253.png\" class=\"attachment-large size-large\" alt=\"\" loading=\"lazy\" srcset=\"https:\/\/www.siban.com\/wp-content\/uploads\/2016\/06\/Tacos-1200x253.png 1200w, https:\/\/www.siban.com\/wp-content\/uploads\/2016\/06\/Tacos-480x101.png 480w, https:\/\/www.siban.com\/wp-content\/uploads\/2016\/06\/Tacos-510x108.png 510w, https:\/\/www.siban.com\/wp-content\/uploads\/2016\/06\/Tacos-768x162.png 768w, https:\/\/www.siban.com\/wp-content\/uploads\/2016\/06\/Tacos-780x165.png 780w, https:\/\/www.siban.com\/wp-content\/uploads\/2016\/06\/Tacos-880x186.png 880w, https:\/\/www.siban.com\/wp-content\/uploads\/2016\/06\/Tacos.png 1283w\" sizes=\"auto, (max-width: 1200px) 100vw, 1200px\" \/><\/div><\/div><div class=\"w-separator size_small\"><\/div><div class=\"wpb_text_column\"><div class=\"wpb_wrapper\"><h3>\u00a0<strong data-start=\"84\" data-end=\"107\">S\u00e9lection des tasseaux<\/strong><\/h3>\n<\/div><\/div><div class=\"w-separator size_small\"><\/div><div class=\"w-image align_left\"><div class=\"w-image-h\"><img decoding=\"async\" width=\"1196\" height=\"683\" src=\"https:\/\/www.siban.com\/wp-content\/uploads\/2025\/05\/Tacos-FR.png\" class=\"attachment-large size-large\" alt=\"\" loading=\"lazy\" srcset=\"https:\/\/www.siban.com\/wp-content\/uploads\/2025\/05\/Tacos-FR.png 1196w, https:\/\/www.siban.com\/wp-content\/uploads\/2025\/05\/Tacos-FR-480x274.png 480w, https:\/\/www.siban.com\/wp-content\/uploads\/2025\/05\/Tacos-FR-510x291.png 510w\" sizes=\"auto, (max-width: 1196px) 100vw, 1196px\" \/><\/div><\/div><div class=\"wpb_text_column\"><div class=\"wpb_wrapper\"><p><em>* Les r\u00e9f\u00e9rences qui contiennent la lettre F sont fabriqu\u00e9es avec renfort textile.<\/em><\/p>\n<p><em>* Les diam\u00e8tres indiqu\u00e9s ont \u00e9t\u00e9 calcul\u00e9s pour la qualit\u00e9 type AA ; ils sont indicatifs et un calcul pr\u00e9cis est conseill\u00e9 pour chaque projet.<\/em><\/p>\n<p><em>* La valeur du diam\u00e8tre du tambour s\u00e9lectionn\u00e9 sera la valeur la plus restrictive selon plusieurs crit\u00e8res : diam\u00e8tre minimum d\u00fb au bord de contenance, diam\u00e8tre minimum d\u00fb au tasseau, diam\u00e8tre minimum d\u00fb \u00e0 la bande et diam\u00e8tre minimum en raison des contraintes soumises.<br \/>\nPour toute question, consultez Siban.<\/em><\/p>\n<p><strong>QUALIT\u00c9 DU CAOUTCHOUC :<\/strong><\/p>\n<ul>\n<li><strong>N :<\/strong> <span>Anti abrasive.<\/span><\/li>\n<li><strong>G :<\/strong> <span>R\u00e9sistante aux huiles et graisses.<\/span><\/li>\n<li><strong>S :<\/strong> I<span>gnifuge.<\/span><\/li>\n<li><strong>RC :<\/strong> <span>R\u00e9sistante \u00e0 la chaleur jusqu\u2019\u00e0 150\u00baC.<\/span><\/li>\n<\/ul>\n<\/div><\/div><div class=\"w-separator size_medium\"><\/div><div class=\"wpb_text_column\"><div class=\"wpb_wrapper\"><h3><span style=\"color: #002eb0;\"><strong>Crit\u00e8res pour le choix des profils<\/strong><\/span><\/h3>\n<\/div><\/div><div class=\"w-separator size_small\"><\/div><div class=\"wpb_text_column\"><div class=\"wpb_wrapper\"><p>Pour trouver la dimension des tasseaux dans la conception d&rsquo;un Bandabord <strong>Beltsiflex\u00ae\u00a0<\/strong>nous utilisons les m\u00eames formules que nous appliquons pour le calcul volum\u00e9trique d&rsquo;une bande conventionnelle. N\u00e9anmoins, nous devons prendre en compte l\u2019emplacement o\u00f9 le mat\u00e9riel \u00e0 transporter va se placer dans l\u2019espace form\u00e9 par les profils transversaux et les bords de contenance, ainsi que sa granulom\u00e9trie qui joue un r\u00f4le cl\u00e9 dans le bon fonctionnement de l\u2019installation.<\/p>\n<p><strong>Pour des produits \u00e0 granulom\u00e9trie \u00e9lev\u00e9e :<\/strong><\/p>\n<p>Afin d&rsquo;\u00e9viter les pertes de mat\u00e9riel qui peuvent provoquer des projections durant le transport ou des accidents li\u00e9s \u00e0 des bourrages, trois crit\u00e8res de s\u00e9lection doivent \u00eatre pris en compte, toujours en fonction de la <strong>granulom\u00e9trie maximale<\/strong>.<\/p>\n<p>Ces valeurs constituent des seuils minimaux \u00e0 adapter en fonction des exigences de capacit\u00e9 de convoyage.<\/p>\n<ol>\n<li><strong>Distance entre tasseaux :<br \/>\n<\/strong>Le pas minimum entre les tasseaux doit \u00eatre 2 fois la granulom\u00e9trie maximale.<\/li>\n<li><strong>Largeur des tasseaux :<br \/>\n<\/strong>La largeur des tasseaux doit \u00eatre au moins 2,5 fois la granulom\u00e9trie maximale.<\/li>\n<li><strong>Hauteur des tasseaux :<\/strong><br \/>\nPour la hauteur minimale des tasseaux, deux facteurs de s\u00e9lection doivent \u00eatre pris en compte :<br \/>\na) De nouveau, la granulom\u00e9trie maximale.<br \/>\nb) L&rsquo;angle d&rsquo;inclinaison de la bande :<\/li>\n<\/ol>\n<p><img loading=\"lazy\" decoding=\"async\" class=\"alignnone size-medium wp-image-2705\" src=\"https:\/\/www.siban.com\/wp-content\/uploads\/2016\/06\/Croquis-480x441.jpg\" alt=\"croquis\" width=\"480\" height=\"441\" srcset=\"https:\/\/www.siban.com\/wp-content\/uploads\/2016\/06\/Croquis-480x441.jpg 480w, https:\/\/www.siban.com\/wp-content\/uploads\/2016\/06\/Croquis-510x468.jpg 510w, https:\/\/www.siban.com\/wp-content\/uploads\/2016\/06\/Croquis-294x270.jpg 294w, https:\/\/www.siban.com\/wp-content\/uploads\/2016\/06\/Croquis-478x439.jpg 478w, https:\/\/www.siban.com\/wp-content\/uploads\/2016\/06\/Croquis.jpg 635w\" sizes=\"auto, (max-width: 480px) 100vw, 480px\" \/><\/p>\n<p>Nous vous recommandons les directives suivantes :<\/p>\n<ol>\n<li><strong>Angle d&rsquo;inclinaison :<\/strong>\u00a00\u00a0\u00f7 60\u00ba<\/li>\n<li><strong>Hauteur du tasseau :<\/strong> 0,75 \u00f7 1,0 x granulom\u00e9trie (\u00ab\u00a0g\u00a0\u00bb)<\/li>\n<li><strong>Angle d&rsquo;inclinaison :<\/strong>\u00a060\u00a0\u00f7 75\u00ba<\/li>\n<li><strong>Hauteur du tasseau :<\/strong>\u00a01,0\u00a0\u00f7 1,2 x granulom\u00e9trie (\u00ab\u00a0g\u00a0\u00bb)<\/li>\n<li><strong>Angle d\u2019inclinaison :<\/strong>\u00a075\u00a0\u00f7 90\u00ba<\/li>\n<li><strong>Hauteur du tasseau :<\/strong>\u00a01,5 x granulom\u00e9trie (\u00ab\u00a0g\u00a0\u00bb)<\/li>\n<\/ol>\n<p>La hauteur des bords de contenance devra toujours \u00eatre entre 10 et 20 mm sup\u00e9rieure \u00e0 celle du tasseau choisi.<\/p>\n<p>Pour le transport vertical, toujours\u00a0 utiliser des tasseaux type <strong>\u00ab\u00a0TC\u00a0\u00bb<\/strong>\u00a0ou\u00a0\u00ab\u00a0<strong>TCXF \u00bb<\/strong>.<\/p>\n<p><strong>Pour des produits \u00e0 faible granulom\u00e9trie :<\/strong><\/p>\n<p>Le taux de remplissage entre les tasseaux n\u2019atteint jamais 100 %. Pour calculer la capacit\u00e9, il convient toujours d\u2019appliquer un rendement de 75 %, conform\u00e9ment aux indications du dessin en annexe. Pour les produits \u00e0 faible granulom\u00e9trie, le pas entre tasseaux sera r\u00e9duit au minimum pour maximiser l\u2019efficacit\u00e9, ce pas variant selon le type de tasseau.<\/p>\n<p>La largeur de bande sera d\u00e9termin\u00e9e ult\u00e9rieurement selon les dimensions, la hauteur du convoyeur et la capacit\u00e9 de charge d\u00e9sir\u00e9e.<\/p>\n<\/div><\/div><\/div><\/div><\/div><\/div><\/section>\n","protected":false},"excerpt":{"rendered":"Profils transversauxLa fabrication des tasseaux ou profils transversaux se r\u00e9alise toujours par moulage sous presse. Les qualit\u00e9s de caoutchouc utilis\u00e9es sont s\u00e9lectionn\u00e9es en fonction des caract\u00e9ristiques du produit \u00e0 transporter, tout en respectant les tol\u00e9rances les plus strictes en mati\u00e8re de r\u00e9sistance \u00e0 l\u2019abrasion et \u00e0 la d\u00e9chirure. Nous proposons la fabrication de profils avec...","protected":false},"author":2,"featured_media":0,"parent":0,"menu_order":0,"comment_status":"closed","ping_status":"closed","template":"","meta":{"footnotes":""},"class_list":["post-4072","page","type-page","status-publish","hentry"],"yoast_head":"<!-- This site is optimized with the Yoast SEO plugin v27.5 - https:\/\/yoast.com\/product\/yoast-seo-wordpress\/ -->\n<title>Tasseaux transversaux - Siban<\/title>\n<meta name=\"robots\" content=\"index, follow, max-snippet:-1, max-image-preview:large, max-video-preview:-1\" \/>\n<link rel=\"canonical\" href=\"https:\/\/www.siban.com\/perfiles-transversales\/\" \/>\n<meta property=\"og:locale\" content=\"fr_FR\" \/>\n<meta property=\"og:type\" content=\"article\" \/>\n<meta property=\"og:title\" content=\"Tasseaux transversaux - Siban\" \/>\n<meta property=\"og:url\" content=\"https:\/\/www.siban.com\/perfiles-transversales\/\" \/>\n<meta property=\"og:site_name\" content=\"Siban\" \/>\n<meta property=\"article:modified_time\" content=\"2025-11-20T15:44:56+00:00\" \/>\n<meta property=\"og:image\" content=\"https:\/\/www.siban.com\/wp-content\/uploads\/2016\/06\/Croquis-480x441.jpg\" \/>\n<meta name=\"twitter:card\" content=\"summary_large_image\" \/>\n<meta name=\"twitter:label1\" content=\"Dur\u00e9e de lecture estim\u00e9e\" \/>\n\t<meta name=\"twitter:data1\" content=\"4 minutes\" \/>\n<script type=\"application\/ld+json\" class=\"yoast-schema-graph\">{\"@context\":\"https:\\\/\\\/schema.org\",\"@graph\":[{\"@type\":\"WebPage\",\"@id\":\"https:\\\/\\\/www.siban.com\\\/perfiles-transversales\\\/\",\"url\":\"https:\\\/\\\/www.siban.com\\\/perfiles-transversales\\\/\",\"name\":\"Tasseaux transversaux - Siban\",\"isPartOf\":{\"@id\":\"http:\\\/\\\/dev.siban.com\\\/#website\"},\"primaryImageOfPage\":{\"@id\":\"https:\\\/\\\/www.siban.com\\\/perfiles-transversales\\\/#primaryimage\"},\"image\":{\"@id\":\"https:\\\/\\\/www.siban.com\\\/perfiles-transversales\\\/#primaryimage\"},\"thumbnailUrl\":\"https:\\\/\\\/www.siban.com\\\/wp-content\\\/uploads\\\/2016\\\/06\\\/Croquis-480x441.jpg\",\"datePublished\":\"2017-10-17T10:09:09+00:00\",\"dateModified\":\"2025-11-20T15:44:56+00:00\",\"breadcrumb\":{\"@id\":\"https:\\\/\\\/www.siban.com\\\/perfiles-transversales\\\/#breadcrumb\"},\"inLanguage\":\"fr-FR\",\"potentialAction\":[{\"@type\":\"ReadAction\",\"target\":[\"https:\\\/\\\/www.siban.com\\\/perfiles-transversales\\\/\"]}]},{\"@type\":\"ImageObject\",\"inLanguage\":\"fr-FR\",\"@id\":\"https:\\\/\\\/www.siban.com\\\/perfiles-transversales\\\/#primaryimage\",\"url\":\"https:\\\/\\\/www.siban.com\\\/wp-content\\\/uploads\\\/2016\\\/06\\\/Croquis-480x441.jpg\",\"contentUrl\":\"https:\\\/\\\/www.siban.com\\\/wp-content\\\/uploads\\\/2016\\\/06\\\/Croquis-480x441.jpg\"},{\"@type\":\"BreadcrumbList\",\"@id\":\"https:\\\/\\\/www.siban.com\\\/perfiles-transversales\\\/#breadcrumb\",\"itemListElement\":[{\"@type\":\"ListItem\",\"position\":1,\"name\":\"Inicio\",\"item\":\"https:\\\/\\\/www.siban.com\\\/\"},{\"@type\":\"ListItem\",\"position\":2,\"name\":\"Tasseaux transversaux\"}]},{\"@type\":\"WebSite\",\"@id\":\"http:\\\/\\\/dev.siban.com\\\/#website\",\"url\":\"http:\\\/\\\/dev.siban.com\\\/\",\"name\":\"Siban\",\"description\":\"Bandas transportadoras\",\"publisher\":{\"@id\":\"http:\\\/\\\/dev.siban.com\\\/#organization\"},\"potentialAction\":[{\"@type\":\"SearchAction\",\"target\":{\"@type\":\"EntryPoint\",\"urlTemplate\":\"http:\\\/\\\/dev.siban.com\\\/?s={search_term_string}\"},\"query-input\":{\"@type\":\"PropertyValueSpecification\",\"valueRequired\":true,\"valueName\":\"search_term_string\"}}],\"inLanguage\":\"fr-FR\"},{\"@type\":\"Organization\",\"@id\":\"http:\\\/\\\/dev.siban.com\\\/#organization\",\"name\":\"Siban\",\"url\":\"http:\\\/\\\/dev.siban.com\\\/\",\"logo\":{\"@type\":\"ImageObject\",\"inLanguage\":\"fr-FR\",\"@id\":\"http:\\\/\\\/dev.siban.com\\\/#\\\/schema\\\/logo\\\/image\\\/\",\"url\":\"https:\\\/\\\/www.siban.com\\\/wp-content\\\/uploads\\\/2024\\\/07\\\/Siban-Beltsiflex-PNG.png\",\"contentUrl\":\"https:\\\/\\\/www.siban.com\\\/wp-content\\\/uploads\\\/2024\\\/07\\\/Siban-Beltsiflex-PNG.png\",\"width\":3133,\"height\":1633,\"caption\":\"Siban\"},\"image\":{\"@id\":\"http:\\\/\\\/dev.siban.com\\\/#\\\/schema\\\/logo\\\/image\\\/\"}}]}<\/script>\n<!-- \/ Yoast SEO plugin. -->","yoast_head_json":{"title":"Tasseaux transversaux - Siban","robots":{"index":"index","follow":"follow","max-snippet":"max-snippet:-1","max-image-preview":"max-image-preview:large","max-video-preview":"max-video-preview:-1"},"canonical":"https:\/\/www.siban.com\/perfiles-transversales\/","og_locale":"fr_FR","og_type":"article","og_title":"Tasseaux transversaux - Siban","og_url":"https:\/\/www.siban.com\/perfiles-transversales\/","og_site_name":"Siban","article_modified_time":"2025-11-20T15:44:56+00:00","og_image":[{"url":"https:\/\/www.siban.com\/wp-content\/uploads\/2016\/06\/Croquis-480x441.jpg","type":"","width":"","height":""}],"twitter_card":"summary_large_image","twitter_misc":{"Dur\u00e9e de lecture estim\u00e9e":"4 minutes"},"schema":{"@context":"https:\/\/schema.org","@graph":[{"@type":"WebPage","@id":"https:\/\/www.siban.com\/perfiles-transversales\/","url":"https:\/\/www.siban.com\/perfiles-transversales\/","name":"Tasseaux transversaux - Siban","isPartOf":{"@id":"http:\/\/dev.siban.com\/#website"},"primaryImageOfPage":{"@id":"https:\/\/www.siban.com\/perfiles-transversales\/#primaryimage"},"image":{"@id":"https:\/\/www.siban.com\/perfiles-transversales\/#primaryimage"},"thumbnailUrl":"https:\/\/www.siban.com\/wp-content\/uploads\/2016\/06\/Croquis-480x441.jpg","datePublished":"2017-10-17T10:09:09+00:00","dateModified":"2025-11-20T15:44:56+00:00","breadcrumb":{"@id":"https:\/\/www.siban.com\/perfiles-transversales\/#breadcrumb"},"inLanguage":"fr-FR","potentialAction":[{"@type":"ReadAction","target":["https:\/\/www.siban.com\/perfiles-transversales\/"]}]},{"@type":"ImageObject","inLanguage":"fr-FR","@id":"https:\/\/www.siban.com\/perfiles-transversales\/#primaryimage","url":"https:\/\/www.siban.com\/wp-content\/uploads\/2016\/06\/Croquis-480x441.jpg","contentUrl":"https:\/\/www.siban.com\/wp-content\/uploads\/2016\/06\/Croquis-480x441.jpg"},{"@type":"BreadcrumbList","@id":"https:\/\/www.siban.com\/perfiles-transversales\/#breadcrumb","itemListElement":[{"@type":"ListItem","position":1,"name":"Inicio","item":"https:\/\/www.siban.com\/"},{"@type":"ListItem","position":2,"name":"Tasseaux transversaux"}]},{"@type":"WebSite","@id":"http:\/\/dev.siban.com\/#website","url":"http:\/\/dev.siban.com\/","name":"Siban","description":"Bandas transportadoras","publisher":{"@id":"http:\/\/dev.siban.com\/#organization"},"potentialAction":[{"@type":"SearchAction","target":{"@type":"EntryPoint","urlTemplate":"http:\/\/dev.siban.com\/?s={search_term_string}"},"query-input":{"@type":"PropertyValueSpecification","valueRequired":true,"valueName":"search_term_string"}}],"inLanguage":"fr-FR"},{"@type":"Organization","@id":"http:\/\/dev.siban.com\/#organization","name":"Siban","url":"http:\/\/dev.siban.com\/","logo":{"@type":"ImageObject","inLanguage":"fr-FR","@id":"http:\/\/dev.siban.com\/#\/schema\/logo\/image\/","url":"https:\/\/www.siban.com\/wp-content\/uploads\/2024\/07\/Siban-Beltsiflex-PNG.png","contentUrl":"https:\/\/www.siban.com\/wp-content\/uploads\/2024\/07\/Siban-Beltsiflex-PNG.png","width":3133,"height":1633,"caption":"Siban"},"image":{"@id":"http:\/\/dev.siban.com\/#\/schema\/logo\/image\/"}}]}},"_links":{"self":[{"href":"https:\/\/www.siban.com\/fr\/wp-json\/wp\/v2\/pages\/4072","targetHints":{"allow":["GET"]}}],"collection":[{"href":"https:\/\/www.siban.com\/fr\/wp-json\/wp\/v2\/pages"}],"about":[{"href":"https:\/\/www.siban.com\/fr\/wp-json\/wp\/v2\/types\/page"}],"author":[{"embeddable":true,"href":"https:\/\/www.siban.com\/fr\/wp-json\/wp\/v2\/users\/2"}],"replies":[{"embeddable":true,"href":"https:\/\/www.siban.com\/fr\/wp-json\/wp\/v2\/comments?post=4072"}],"version-history":[{"count":40,"href":"https:\/\/www.siban.com\/fr\/wp-json\/wp\/v2\/pages\/4072\/revisions"}],"predecessor-version":[{"id":138511,"href":"https:\/\/www.siban.com\/fr\/wp-json\/wp\/v2\/pages\/4072\/revisions\/138511"}],"wp:attachment":[{"href":"https:\/\/www.siban.com\/fr\/wp-json\/wp\/v2\/media?parent=4072"}],"curies":[{"name":"wp","href":"https:\/\/api.w.org\/{rel}","templated":true}]}}