{"id":4057,"date":"2017-10-17T10:20:09","date_gmt":"2017-10-17T09:20:09","guid":{"rendered":"https:\/\/www.siban.com\/?page_id=4057\/"},"modified":"2025-09-09T08:26:12","modified_gmt":"2025-09-09T07:26:12","slug":"feuilles-de-caoutchouc-2","status":"publish","type":"page","link":"https:\/\/www.siban.com\/fr\/feuilles-de-caoutchouc-2\/","title":{"rendered":"Feuilles de Caoutchouc"},"content":{"rendered":"<section class=\"l-section wpb_row height_small\"><div class=\"l-section-h i-cf\"><div class=\"g-cols vc_row via_grid cols_1 laptops-cols_inherit tablets-cols_inherit mobiles-cols_1 valign_top type_default stacking_default\"><div class=\"wpb_column vc_column_container\"><div class=\"vc_column-inner\"><h2 class=\"w-text us_custom_eb849559\"><span class=\"w-text-h\"><span class=\"w-text-value\">Feuilles de caoutchouc<\/span><\/span><\/h2><\/div><\/div><\/div><\/div><\/section><section class=\"l-section wpb_row height_small\"><div class=\"l-section-h i-cf\"><div class=\"g-cols vc_row via_grid cols_2-1 laptops-cols_inherit tablets-cols_inherit mobiles-cols_1 valign_top type_default stacking_default\"><div class=\"wpb_column vc_column_container\"><div class=\"vc_column-inner\"><div class=\"wpb_text_column\"><div class=\"wpb_wrapper\"><h3><span style=\"color: #002eb0;\">Types de caoutchouc<\/span><\/h3>\n<p>Sp\u00e9cialistes dans le d\u00e9veloppement d&rsquo;\u00e9lastom\u00e8res pour une application dans les Industries :<\/p>\n<ul>\n<li>Automobile.<\/li>\n<li>Construction.<\/li>\n<li>Alimentation.<\/li>\n<li>Chimie.<\/li>\n<li>Industrie du bois.<\/li>\n<li>Recyclage.<\/li>\n<li>Ing\u00e9nierie navale.<\/li>\n<\/ul>\n<p>Nous proposons des feuilles de caoutchouc d&rsquo;\u00e9paisseurs allant de 1 \u00e0 150 mm, avec diff\u00e9rentes duret\u00e9s comprises entre 30 et 90 Shore A.<br data-start=\"286\" data-end=\"289\" \/>Pour r\u00e9pondre \u00e0 toutes les exigences que l\u2019industrie peut demander, divers finitions sont disponibles : surfaces lisses des deux c\u00f4t\u00e9s, grav\u00e9es avec une ou deux faces imprim\u00e9es, grav\u00e9es avec des motifs en losanges, carr\u00e9s, cercles, etc.<\/p>\n<p>Nous formulons tous types d&rsquo;\u00e9lastom\u00e8res avec une tr\u00e8s large gamme :<\/p>\n<\/div><\/div><\/div><\/div><div class=\"wpb_column vc_column_container\"><div class=\"vc_column-inner\"><div class=\"w-image align_center\"><div class=\"w-image-h\"><img decoding=\"async\" width=\"500\" height=\"333\" src=\"https:\/\/www.siban.com\/wp-content\/uploads\/2024\/04\/PLANCHAS-DE-GOMA.jpg\" class=\"attachment-large size-large\" alt=\"\" loading=\"lazy\" srcset=\"https:\/\/www.siban.com\/wp-content\/uploads\/2024\/04\/PLANCHAS-DE-GOMA.jpg 500w, https:\/\/www.siban.com\/wp-content\/uploads\/2024\/04\/PLANCHAS-DE-GOMA-480x320.jpg 480w\" sizes=\"auto, (max-width: 500px) 100vw, 500px\" \/><\/div><\/div><\/div><\/div><\/div><\/div><\/section><section class=\"l-section wpb_row height_small\"><div class=\"l-section-h i-cf\"><div class=\"g-cols vc_row via_grid cols_1 laptops-cols_inherit tablets-cols_inherit mobiles-cols_1 valign_top type_default stacking_default\"><div class=\"wpb_column vc_column_container\"><div class=\"vc_column-inner\"><div class=\"g-cols wpb_row via_grid cols_1 laptops-cols_inherit tablets-cols_inherit mobiles-cols_1 valign_top type_default stacking_default\" style=\"--columns-gap:3rem;\"><div class=\"wpb_column vc_column_container\"><div class=\"vc_column-inner\"><div class=\"wpb_text_column\"><div class=\"wpb_wrapper\"><h4 style=\"text-align: justify;\"><span style=\"color: #002daf;\">NR\u00a0caoutchouc naturel<\/span><\/h4>\n<p>Obtenu \u00e0 partir de la r\u00e9sine de l&rsquo;H\u00e9v\u00e9a apr\u00e8s nettoyage et coagulaition nous obtenons un latex qui, une fois s\u00e9ch\u00e9 et m\u00e2ch\u00e9 jusqu&rsquo;\u00e0 obtenir la viscosit\u00e9 ad\u00e9quate se commercialise en diff\u00e9rentes qualit\u00e9s.<\/p>\n<p>Les m\u00e9langes de caoutchouc naturel, correctement formul\u00e9s, pr\u00e9sentent un ample rang de temp\u00e9rature entre 40\u00baC et 80\u00baC. Duret\u00e9 entre 30 et 90 Shore A.<\/p>\n<p>Le caoutchouc naturel pr\u00e9sente d&rsquo;excellentes propri\u00e9t\u00e9s m\u00e9caniques, bonne r\u00e9sistance aux acides et aux alcalis dilu\u00e9s. Son utilisation est d\u00e9conseill\u00e9e en pr\u00e9sence d&rsquo;huiles, graisses et hydrocarbures.<\/p>\n<\/div><\/div><\/div><\/div><\/div><div class=\"w-separator size_medium\"><\/div><div class=\"wpb_text_column\"><div class=\"wpb_wrapper\"><h4 style=\"text-align: justify;\"><span style=\"color: #002daf;\">SBR caoutchouc de Styr\u00e8ne et Butadi\u00e8ne<\/span><\/h4>\n<p>Copolym\u00e8re de Styr\u00e8ne et Butadi\u00e8ne, c&rsquo;est le caoutchouc \u00a0synth\u00e9tique de grande consommation.<\/p>\n<p>Rang de temp\u00e9rature de -40\u00baC \u00e0 110\u00baC. Rang de duret\u00e9 entre 40 et 90 Shore A.<\/p>\n<p>Ses propri\u00e9t\u00e9s m\u00e9caniques sont les m\u00eames que celles du caoutchouc naturel, bien qu&rsquo;elles soient l\u00e9g\u00e8rement plus faibles. Toutefois, elles ont une meilleure r\u00e9sistance au vieillissement et \u00e0 la chaleur. Elle a une bonne r\u00e9sistance \u00e0 un grand nombre de produits chimiques inorganiques.<\/p>\n<\/div><\/div><div class=\"w-separator size_medium\"><\/div><div class=\"wpb_text_column\"><div class=\"wpb_wrapper\"><h4 style=\"text-align: justify;\"><span style=\"color: #002daf;\">CR Polychloropr\u00e8ne<\/span><\/h4>\n<p>Commun\u00e9ment appel\u00e9 N\u00e9opr\u00e8ne ou Chloropr\u00e8ne.<\/p>\n<p>Ses m\u00e9langes ont un rang de temp\u00e9rature de -25\u00baC \u00e0 125\u00baC. Duret\u00e9 entre 40 et 80 Shore A. C&rsquo;est l&rsquo;\u00e9lastom\u00e8re qui pr\u00e9sente les meilleure propri\u00e9t\u00e9s. Il a des propri\u00e9t\u00e9s m\u00e9caniques comparables \u00e0 celles du caoutchouc naturel, une bonne r\u00e9sistance chimique aux produits inorganiques, n\u00e9anmoins, il n&rsquo;est pas recommand\u00e9 pour des produits organiques.<\/p>\n<p><strong>Ignifuge, il ne propage pas de flammes.<\/strong><\/p>\n<\/div><\/div><div class=\"w-separator size_medium\"><\/div><div class=\"wpb_text_column\"><div class=\"wpb_wrapper\"><h4 style=\"text-align: justify;\"><span style=\"color: #002daf;\">EDPM. Caoutchouc d&rsquo;\u00c9thyl\u00e8ne-Propyl\u00e8ne-Terpolym\u00e8re<\/span><\/h4>\n<p>Copolym\u00e8re d&rsquo;\u00e9thyl\u00e8ne propyl\u00e8ne et un troisi\u00e8me monom\u00e8re di\u00e9nique comme le norborn\u00e8ne.<\/p>\n<p>En fonction de son syst\u00e8me de vulcanisation (Soufre\/donneurs de Soufre ou peroxydes) il peut atteindre un ample rang de temp\u00e9rature d&rsquo;application de -25\u00baC jusqu&rsquo;\u00e0 150\u00baC.<\/p>\n<p>Il a une excellente r\u00e9sistance \u00e0 l&rsquo;<strong>intemp\u00e9rie, l&rsquo;ozone et les rayons UV.<\/strong>\u00a0Il est largement utilis\u00e9 pour le contact avec l&rsquo;eau. Cependant, il a un mauvais comportement sous la pr\u00e9sence d&rsquo;huiles ou de graisses.<\/p>\n<\/div><\/div><\/div><\/div><\/div><\/div><\/section>\n","protected":false},"excerpt":{"rendered":"Feuilles de caoutchoucTypes de caoutchouc Sp\u00e9cialistes dans le d\u00e9veloppement d&rsquo;\u00e9lastom\u00e8res pour une application dans les Industries : Automobile. Construction. Alimentation. Chimie. Industrie du bois. Recyclage. Ing\u00e9nierie navale. Nous proposons des feuilles de caoutchouc d&rsquo;\u00e9paisseurs allant de 1 \u00e0 150 mm, avec diff\u00e9rentes duret\u00e9s comprises entre 30 et 90 Shore A.Pour r\u00e9pondre \u00e0 toutes les exigences...","protected":false},"author":2,"featured_media":0,"parent":0,"menu_order":0,"comment_status":"closed","ping_status":"closed","template":"","meta":{"footnotes":""},"class_list":["post-4057","page","type-page","status-publish","hentry"],"yoast_head":"<!-- This site is optimized with the Yoast SEO plugin v27.4 - https:\/\/yoast.com\/product\/yoast-seo-wordpress\/ -->\n<title>Feuilles de Caoutchouc - Siban<\/title>\n<meta name=\"robots\" content=\"index, follow, max-snippet:-1, max-image-preview:large, max-video-preview:-1\" \/>\n<link rel=\"canonical\" href=\"https:\/\/www.siban.com\/planchas-de-goma\/\" \/>\n<meta property=\"og:locale\" content=\"fr_FR\" \/>\n<meta property=\"og:type\" content=\"article\" \/>\n<meta property=\"og:title\" content=\"Feuilles de Caoutchouc - Siban\" \/>\n<meta property=\"og:url\" content=\"https:\/\/www.siban.com\/planchas-de-goma\/\" \/>\n<meta property=\"og:site_name\" content=\"Siban\" \/>\n<meta property=\"article:modified_time\" content=\"2025-09-09T07:26:12+00:00\" \/>\n<meta name=\"twitter:card\" content=\"summary_large_image\" \/>\n<meta name=\"twitter:label1\" content=\"Dur\u00e9e de lecture estim\u00e9e\" \/>\n\t<meta name=\"twitter:data1\" content=\"3 minutes\" \/>\n<script type=\"application\/ld+json\" class=\"yoast-schema-graph\">{\"@context\":\"https:\\\/\\\/schema.org\",\"@graph\":[{\"@type\":\"WebPage\",\"@id\":\"https:\\\/\\\/www.siban.com\\\/planchas-de-goma\\\/\",\"url\":\"https:\\\/\\\/www.siban.com\\\/planchas-de-goma\\\/\",\"name\":\"Feuilles de Caoutchouc - Siban\",\"isPartOf\":{\"@id\":\"http:\\\/\\\/dev.siban.com\\\/#website\"},\"datePublished\":\"2017-10-17T09:20:09+00:00\",\"dateModified\":\"2025-09-09T07:26:12+00:00\",\"breadcrumb\":{\"@id\":\"https:\\\/\\\/www.siban.com\\\/planchas-de-goma\\\/#breadcrumb\"},\"inLanguage\":\"fr-FR\",\"potentialAction\":[{\"@type\":\"ReadAction\",\"target\":[\"https:\\\/\\\/www.siban.com\\\/planchas-de-goma\\\/\"]}]},{\"@type\":\"BreadcrumbList\",\"@id\":\"https:\\\/\\\/www.siban.com\\\/planchas-de-goma\\\/#breadcrumb\",\"itemListElement\":[{\"@type\":\"ListItem\",\"position\":1,\"name\":\"Inicio\",\"item\":\"https:\\\/\\\/www.siban.com\\\/\"},{\"@type\":\"ListItem\",\"position\":2,\"name\":\"Feuilles de Caoutchouc\"}]},{\"@type\":\"WebSite\",\"@id\":\"http:\\\/\\\/dev.siban.com\\\/#website\",\"url\":\"http:\\\/\\\/dev.siban.com\\\/\",\"name\":\"Siban\",\"description\":\"Bandas transportadoras\",\"publisher\":{\"@id\":\"http:\\\/\\\/dev.siban.com\\\/#organization\"},\"potentialAction\":[{\"@type\":\"SearchAction\",\"target\":{\"@type\":\"EntryPoint\",\"urlTemplate\":\"http:\\\/\\\/dev.siban.com\\\/?s={search_term_string}\"},\"query-input\":{\"@type\":\"PropertyValueSpecification\",\"valueRequired\":true,\"valueName\":\"search_term_string\"}}],\"inLanguage\":\"fr-FR\"},{\"@type\":\"Organization\",\"@id\":\"http:\\\/\\\/dev.siban.com\\\/#organization\",\"name\":\"Siban\",\"url\":\"http:\\\/\\\/dev.siban.com\\\/\",\"logo\":{\"@type\":\"ImageObject\",\"inLanguage\":\"fr-FR\",\"@id\":\"http:\\\/\\\/dev.siban.com\\\/#\\\/schema\\\/logo\\\/image\\\/\",\"url\":\"https:\\\/\\\/www.siban.com\\\/wp-content\\\/uploads\\\/2024\\\/07\\\/Siban-Beltsiflex-PNG.png\",\"contentUrl\":\"https:\\\/\\\/www.siban.com\\\/wp-content\\\/uploads\\\/2024\\\/07\\\/Siban-Beltsiflex-PNG.png\",\"width\":3133,\"height\":1633,\"caption\":\"Siban\"},\"image\":{\"@id\":\"http:\\\/\\\/dev.siban.com\\\/#\\\/schema\\\/logo\\\/image\\\/\"}}]}<\/script>\n<!-- \/ Yoast SEO plugin. -->","yoast_head_json":{"title":"Feuilles de Caoutchouc - Siban","robots":{"index":"index","follow":"follow","max-snippet":"max-snippet:-1","max-image-preview":"max-image-preview:large","max-video-preview":"max-video-preview:-1"},"canonical":"https:\/\/www.siban.com\/planchas-de-goma\/","og_locale":"fr_FR","og_type":"article","og_title":"Feuilles de Caoutchouc - Siban","og_url":"https:\/\/www.siban.com\/planchas-de-goma\/","og_site_name":"Siban","article_modified_time":"2025-09-09T07:26:12+00:00","twitter_card":"summary_large_image","twitter_misc":{"Dur\u00e9e de lecture estim\u00e9e":"3 minutes"},"schema":{"@context":"https:\/\/schema.org","@graph":[{"@type":"WebPage","@id":"https:\/\/www.siban.com\/planchas-de-goma\/","url":"https:\/\/www.siban.com\/planchas-de-goma\/","name":"Feuilles de Caoutchouc - Siban","isPartOf":{"@id":"http:\/\/dev.siban.com\/#website"},"datePublished":"2017-10-17T09:20:09+00:00","dateModified":"2025-09-09T07:26:12+00:00","breadcrumb":{"@id":"https:\/\/www.siban.com\/planchas-de-goma\/#breadcrumb"},"inLanguage":"fr-FR","potentialAction":[{"@type":"ReadAction","target":["https:\/\/www.siban.com\/planchas-de-goma\/"]}]},{"@type":"BreadcrumbList","@id":"https:\/\/www.siban.com\/planchas-de-goma\/#breadcrumb","itemListElement":[{"@type":"ListItem","position":1,"name":"Inicio","item":"https:\/\/www.siban.com\/"},{"@type":"ListItem","position":2,"name":"Feuilles de Caoutchouc"}]},{"@type":"WebSite","@id":"http:\/\/dev.siban.com\/#website","url":"http:\/\/dev.siban.com\/","name":"Siban","description":"Bandas transportadoras","publisher":{"@id":"http:\/\/dev.siban.com\/#organization"},"potentialAction":[{"@type":"SearchAction","target":{"@type":"EntryPoint","urlTemplate":"http:\/\/dev.siban.com\/?s={search_term_string}"},"query-input":{"@type":"PropertyValueSpecification","valueRequired":true,"valueName":"search_term_string"}}],"inLanguage":"fr-FR"},{"@type":"Organization","@id":"http:\/\/dev.siban.com\/#organization","name":"Siban","url":"http:\/\/dev.siban.com\/","logo":{"@type":"ImageObject","inLanguage":"fr-FR","@id":"http:\/\/dev.siban.com\/#\/schema\/logo\/image\/","url":"https:\/\/www.siban.com\/wp-content\/uploads\/2024\/07\/Siban-Beltsiflex-PNG.png","contentUrl":"https:\/\/www.siban.com\/wp-content\/uploads\/2024\/07\/Siban-Beltsiflex-PNG.png","width":3133,"height":1633,"caption":"Siban"},"image":{"@id":"http:\/\/dev.siban.com\/#\/schema\/logo\/image\/"}}]}},"_links":{"self":[{"href":"https:\/\/www.siban.com\/fr\/wp-json\/wp\/v2\/pages\/4057","targetHints":{"allow":["GET"]}}],"collection":[{"href":"https:\/\/www.siban.com\/fr\/wp-json\/wp\/v2\/pages"}],"about":[{"href":"https:\/\/www.siban.com\/fr\/wp-json\/wp\/v2\/types\/page"}],"author":[{"embeddable":true,"href":"https:\/\/www.siban.com\/fr\/wp-json\/wp\/v2\/users\/2"}],"replies":[{"embeddable":true,"href":"https:\/\/www.siban.com\/fr\/wp-json\/wp\/v2\/comments?post=4057"}],"version-history":[{"count":9,"href":"https:\/\/www.siban.com\/fr\/wp-json\/wp\/v2\/pages\/4057\/revisions"}],"predecessor-version":[{"id":138213,"href":"https:\/\/www.siban.com\/fr\/wp-json\/wp\/v2\/pages\/4057\/revisions\/138213"}],"wp:attachment":[{"href":"https:\/\/www.siban.com\/fr\/wp-json\/wp\/v2\/media?parent=4057"}],"curies":[{"name":"wp","href":"https:\/\/api.w.org\/{rel}","templated":true}]}}