{"id":4052,"date":"2017-10-17T10:13:54","date_gmt":"2017-10-17T09:13:54","guid":{"rendered":"https:\/\/www.siban.com\/?page_id=4052\/"},"modified":"2025-10-03T13:18:16","modified_gmt":"2025-10-03T12:18:16","slug":"bords-de-contenances-2","status":"publish","type":"page","link":"https:\/\/www.siban.com\/fr\/bords-de-contenances-2\/","title":{"rendered":"Bords de contenances"},"content":{"rendered":"<section class=\"l-section wpb_row height_small\"><div class=\"l-section-h i-cf\"><div class=\"g-cols vc_row via_grid cols_1 laptops-cols_inherit tablets-cols_inherit mobiles-cols_1 valign_top type_default stacking_default\"><div class=\"wpb_column vc_column_container\"><div class=\"vc_column-inner\"><h2 class=\"w-text us_custom_eb849559\"><span class=\"w-text-h\"><span class=\"w-text-value\">Bords de contenance<\/span><\/span><\/h2><\/div><\/div><\/div><\/div><\/section><section class=\"l-section wpb_row height_small\"><div class=\"l-section-h i-cf\"><div class=\"g-cols vc_row via_grid cols_2 laptops-cols_inherit tablets-cols_inherit mobiles-cols_1 valign_top type_default stacking_default\"><div class=\"wpb_column vc_column_container\"><div class=\"vc_column-inner\"><div class=\"w-image align_center\"><div class=\"w-image-h\"><img decoding=\"async\" width=\"1200\" height=\"900\" src=\"https:\/\/www.siban.com\/wp-content\/uploads\/2024\/04\/IMG_3128-1200x900.jpg\" class=\"attachment-large size-large\" alt=\"Bandabord Instalaci\u00f3n\" loading=\"lazy\" srcset=\"https:\/\/www.siban.com\/wp-content\/uploads\/2024\/04\/IMG_3128-1200x900.jpg 1200w, https:\/\/www.siban.com\/wp-content\/uploads\/2024\/04\/IMG_3128-480x360.jpg 480w, https:\/\/www.siban.com\/wp-content\/uploads\/2024\/04\/IMG_3128-510x383.jpg 510w\" sizes=\"auto, (max-width: 1200px) 100vw, 1200px\" \/><\/div><\/div><\/div><\/div><div class=\"wpb_column vc_column_container\"><div class=\"vc_column-inner\"><div class=\"wpb_text_column\"><div class=\"wpb_wrapper\"><p>La fabrication de\u00a0<strong>bords de contenance<\/strong>\u00a0couvre une large gamme de hauteurs, allant de 40 mm \u00e0 600 mm.<\/p>\n<p>Tous les bords peuvent \u00eatre renforc\u00e9s avec un tissu textile ; ce renfort est particuli\u00e8rement recommand\u00e9 pour des hauteurs sup\u00e9rieures \u00e0 160 mm et devient indispensable \u00e0 partir de 250 mm.<\/p>\n<p>La conception de nos\u00a0<strong>bords de contenance<\/strong>\u00a0garantit une grande <strong>r\u00e9sistance verticale<\/strong>, assurant une meilleure stabilit\u00e9 de la bande tout en conservant un degr\u00e9 de flexibilit\u00e9 \u00e9lev\u00e9, ce qui permet leur adaptation \u00e0 des diam\u00e8tres de tambours plus r\u00e9duits.<\/p>\n<p>Il est essentiel de respecter les diam\u00e8tres minimums requis afin d\u2019assurer<strong>\u00a0une dur\u00e9e de vie maximum<\/strong>. Nous appliquons comme r\u00e8gle :<\/p>\n<ul>\n<li>Diam\u00e8tre de poulie de renvoi = 4 x hauteur du bord.<\/li>\n<li>Diam\u00e8tre de tambour = 2,5 x hauteur du bord.<\/li>\n<\/ul>\n<p>Selon les qualit\u00e9s de caoutchouc utilis\u00e9es et les dimensions de la bande, cette r\u00e8gle g\u00e9n\u00e9rale peut varier. <strong><em>Nous recommandons une \u00e9tude technique sp\u00e9cifique pour chaque projet.<\/em><\/strong><\/p>\n<\/div><\/div><\/div><\/div><\/div><\/div><\/section><section class=\"l-section wpb_row height_small\"><div class=\"l-section-h i-cf\"><div class=\"g-cols vc_row via_grid cols_1 laptops-cols_inherit tablets-cols_inherit mobiles-cols_1 valign_top type_default stacking_default\"><div class=\"wpb_column vc_column_container\"><div class=\"vc_column-inner\"><div class=\"wpb_text_column\"><div class=\"wpb_wrapper\"><h3>\u00a0<strong data-start=\"84\" data-end=\"107\">S\u00e9lection des bords<\/strong><\/h3>\n<\/div><\/div><div class=\"w-separator size_small\"><\/div><div class=\"w-image align_none\"><div class=\"w-image-h\"><img decoding=\"async\" width=\"1200\" height=\"534\" src=\"https:\/\/www.siban.com\/wp-content\/uploads\/2025\/09\/TABLA-BORDES-DE-CONTENCION-BANDABORD_2024_fr-1200x534.jpg\" class=\"attachment-large size-large\" alt=\"\" loading=\"lazy\" srcset=\"https:\/\/www.siban.com\/wp-content\/uploads\/2025\/09\/TABLA-BORDES-DE-CONTENCION-BANDABORD_2024_fr-1200x534.jpg 1200w, https:\/\/www.siban.com\/wp-content\/uploads\/2025\/09\/TABLA-BORDES-DE-CONTENCION-BANDABORD_2024_fr-480x214.jpg 480w, https:\/\/www.siban.com\/wp-content\/uploads\/2025\/09\/TABLA-BORDES-DE-CONTENCION-BANDABORD_2024_fr-510x227.jpg 510w, https:\/\/www.siban.com\/wp-content\/uploads\/2025\/09\/TABLA-BORDES-DE-CONTENCION-BANDABORD_2024_fr.jpg 1400w\" sizes=\"auto, (max-width: 1200px) 100vw, 1200px\" \/><\/div><\/div><div class=\"wpb_text_column\"><div class=\"wpb_wrapper\"><p><em>* Les r\u00e9f\u00e9rences qui contiennent la lettre F sont fabriqu\u00e9es avec renfort textile.<\/em><\/p>\n<p><em>* Les diam\u00e8tres indiqu\u00e9s ont \u00e9t\u00e9 calcul\u00e9s pour la qualit\u00e9 type AA ; <\/em><em>ils sont indicatifs et un calcul pr\u00e9cis est conseill\u00e9 pour chaque projet.<\/em><\/p>\n<p><em>* La valeur du diam\u00e8tre du tambour s\u00e9lectionn\u00e9 sera la valeur la plus restrictive selon plusieurs crit\u00e8res : diam\u00e8tre minimum d\u00fb au bord de contenance, diam\u00e8tre minimum d\u00fb au tasseau, diam\u00e8tre minimum d\u00fb \u00e0 la bande et diam\u00e8tre minimum en raison des contraintes soumises. <\/em><br \/>\n<em>Pour toute question, consultez Siban.<\/em><\/p>\n<p><strong>QUALIT\u00c9 DU CAOUTCHOUC :<\/strong><\/p>\n<ul>\n<li><strong>N :<\/strong> <span>Anti abrasive.<\/span><\/li>\n<li><strong>G :<\/strong> <span>R\u00e9sistante aux huiles et graisses.<\/span><\/li>\n<li><strong>S :<\/strong> <span>Ignifuge.<\/span><\/li>\n<li><strong>RC :<\/strong> <span>R\u00e9sistante \u00e0 la chaleur jusqu&rsquo;\u00e0 150\u00baC.<\/span><\/li>\n<\/ul>\n<\/div><\/div><\/div><\/div><\/div><\/div><\/section>\n","protected":false},"excerpt":{"rendered":"Bords de contenanceLa fabrication de\u00a0bords de contenance\u00a0couvre une large gamme de hauteurs, allant de 40 mm \u00e0 600 mm. Tous les bords peuvent \u00eatre renforc\u00e9s avec un tissu textile ; ce renfort est particuli\u00e8rement recommand\u00e9 pour des hauteurs sup\u00e9rieures \u00e0 160 mm et devient indispensable \u00e0 partir de 250 mm. La conception de nos\u00a0bords de...","protected":false},"author":2,"featured_media":0,"parent":0,"menu_order":0,"comment_status":"closed","ping_status":"closed","template":"","meta":{"footnotes":""},"class_list":["post-4052","page","type-page","status-publish","hentry"],"yoast_head":"<!-- This site is optimized with the Yoast SEO plugin v27.3 - https:\/\/yoast.com\/product\/yoast-seo-wordpress\/ -->\n<title>Bords de contenances - Siban<\/title>\n<meta name=\"robots\" content=\"index, follow, max-snippet:-1, max-image-preview:large, max-video-preview:-1\" \/>\n<link rel=\"canonical\" href=\"https:\/\/www.siban.com\/fr\/bords-de-contenances-2\/\" \/>\n<meta property=\"og:locale\" content=\"fr_FR\" \/>\n<meta property=\"og:type\" content=\"article\" \/>\n<meta property=\"og:title\" content=\"Bords de contenances - Siban\" \/>\n<meta property=\"og:url\" content=\"https:\/\/www.siban.com\/fr\/bords-de-contenances-2\/\" \/>\n<meta property=\"og:site_name\" content=\"Siban\" \/>\n<meta property=\"article:modified_time\" content=\"2025-10-03T12:18:16+00:00\" \/>\n<meta name=\"twitter:card\" content=\"summary_large_image\" \/>\n<meta name=\"twitter:label1\" content=\"Dur\u00e9e de lecture estim\u00e9e\" \/>\n\t<meta name=\"twitter:data1\" content=\"2 minutes\" \/>\n<script type=\"application\/ld+json\" class=\"yoast-schema-graph\">{\"@context\":\"https:\\\/\\\/schema.org\",\"@graph\":[{\"@type\":\"WebPage\",\"@id\":\"https:\\\/\\\/www.siban.com\\\/fr\\\/bords-de-contenances-2\\\/\",\"url\":\"https:\\\/\\\/www.siban.com\\\/fr\\\/bords-de-contenances-2\\\/\",\"name\":\"Bords de contenances - Siban\",\"isPartOf\":{\"@id\":\"http:\\\/\\\/dev.siban.com\\\/#website\"},\"datePublished\":\"2017-10-17T09:13:54+00:00\",\"dateModified\":\"2025-10-03T12:18:16+00:00\",\"breadcrumb\":{\"@id\":\"https:\\\/\\\/www.siban.com\\\/fr\\\/bords-de-contenances-2\\\/#breadcrumb\"},\"inLanguage\":\"fr-FR\",\"potentialAction\":[{\"@type\":\"ReadAction\",\"target\":[\"https:\\\/\\\/www.siban.com\\\/fr\\\/bords-de-contenances-2\\\/\"]}]},{\"@type\":\"BreadcrumbList\",\"@id\":\"https:\\\/\\\/www.siban.com\\\/fr\\\/bords-de-contenances-2\\\/#breadcrumb\",\"itemListElement\":[{\"@type\":\"ListItem\",\"position\":1,\"name\":\"Inicio\",\"item\":\"https:\\\/\\\/www.siban.com\\\/\"},{\"@type\":\"ListItem\",\"position\":2,\"name\":\"Bords de contenances\"}]},{\"@type\":\"WebSite\",\"@id\":\"http:\\\/\\\/dev.siban.com\\\/#website\",\"url\":\"http:\\\/\\\/dev.siban.com\\\/\",\"name\":\"Siban\",\"description\":\"Bandas transportadoras\",\"publisher\":{\"@id\":\"http:\\\/\\\/dev.siban.com\\\/#organization\"},\"potentialAction\":[{\"@type\":\"SearchAction\",\"target\":{\"@type\":\"EntryPoint\",\"urlTemplate\":\"http:\\\/\\\/dev.siban.com\\\/?s={search_term_string}\"},\"query-input\":{\"@type\":\"PropertyValueSpecification\",\"valueRequired\":true,\"valueName\":\"search_term_string\"}}],\"inLanguage\":\"fr-FR\"},{\"@type\":\"Organization\",\"@id\":\"http:\\\/\\\/dev.siban.com\\\/#organization\",\"name\":\"Siban\",\"url\":\"http:\\\/\\\/dev.siban.com\\\/\",\"logo\":{\"@type\":\"ImageObject\",\"inLanguage\":\"fr-FR\",\"@id\":\"http:\\\/\\\/dev.siban.com\\\/#\\\/schema\\\/logo\\\/image\\\/\",\"url\":\"https:\\\/\\\/www.siban.com\\\/wp-content\\\/uploads\\\/2024\\\/07\\\/Siban-Beltsiflex-PNG.png\",\"contentUrl\":\"https:\\\/\\\/www.siban.com\\\/wp-content\\\/uploads\\\/2024\\\/07\\\/Siban-Beltsiflex-PNG.png\",\"width\":3133,\"height\":1633,\"caption\":\"Siban\"},\"image\":{\"@id\":\"http:\\\/\\\/dev.siban.com\\\/#\\\/schema\\\/logo\\\/image\\\/\"}}]}<\/script>\n<!-- \/ Yoast SEO plugin. -->","yoast_head_json":{"title":"Bords de contenances - Siban","robots":{"index":"index","follow":"follow","max-snippet":"max-snippet:-1","max-image-preview":"max-image-preview:large","max-video-preview":"max-video-preview:-1"},"canonical":"https:\/\/www.siban.com\/fr\/bords-de-contenances-2\/","og_locale":"fr_FR","og_type":"article","og_title":"Bords de contenances - Siban","og_url":"https:\/\/www.siban.com\/fr\/bords-de-contenances-2\/","og_site_name":"Siban","article_modified_time":"2025-10-03T12:18:16+00:00","twitter_card":"summary_large_image","twitter_misc":{"Dur\u00e9e de lecture estim\u00e9e":"2 minutes"},"schema":{"@context":"https:\/\/schema.org","@graph":[{"@type":"WebPage","@id":"https:\/\/www.siban.com\/fr\/bords-de-contenances-2\/","url":"https:\/\/www.siban.com\/fr\/bords-de-contenances-2\/","name":"Bords de contenances - Siban","isPartOf":{"@id":"http:\/\/dev.siban.com\/#website"},"datePublished":"2017-10-17T09:13:54+00:00","dateModified":"2025-10-03T12:18:16+00:00","breadcrumb":{"@id":"https:\/\/www.siban.com\/fr\/bords-de-contenances-2\/#breadcrumb"},"inLanguage":"fr-FR","potentialAction":[{"@type":"ReadAction","target":["https:\/\/www.siban.com\/fr\/bords-de-contenances-2\/"]}]},{"@type":"BreadcrumbList","@id":"https:\/\/www.siban.com\/fr\/bords-de-contenances-2\/#breadcrumb","itemListElement":[{"@type":"ListItem","position":1,"name":"Inicio","item":"https:\/\/www.siban.com\/"},{"@type":"ListItem","position":2,"name":"Bords de contenances"}]},{"@type":"WebSite","@id":"http:\/\/dev.siban.com\/#website","url":"http:\/\/dev.siban.com\/","name":"Siban","description":"Bandas transportadoras","publisher":{"@id":"http:\/\/dev.siban.com\/#organization"},"potentialAction":[{"@type":"SearchAction","target":{"@type":"EntryPoint","urlTemplate":"http:\/\/dev.siban.com\/?s={search_term_string}"},"query-input":{"@type":"PropertyValueSpecification","valueRequired":true,"valueName":"search_term_string"}}],"inLanguage":"fr-FR"},{"@type":"Organization","@id":"http:\/\/dev.siban.com\/#organization","name":"Siban","url":"http:\/\/dev.siban.com\/","logo":{"@type":"ImageObject","inLanguage":"fr-FR","@id":"http:\/\/dev.siban.com\/#\/schema\/logo\/image\/","url":"https:\/\/www.siban.com\/wp-content\/uploads\/2024\/07\/Siban-Beltsiflex-PNG.png","contentUrl":"https:\/\/www.siban.com\/wp-content\/uploads\/2024\/07\/Siban-Beltsiflex-PNG.png","width":3133,"height":1633,"caption":"Siban"},"image":{"@id":"http:\/\/dev.siban.com\/#\/schema\/logo\/image\/"}}]}},"_links":{"self":[{"href":"https:\/\/www.siban.com\/fr\/wp-json\/wp\/v2\/pages\/4052","targetHints":{"allow":["GET"]}}],"collection":[{"href":"https:\/\/www.siban.com\/fr\/wp-json\/wp\/v2\/pages"}],"about":[{"href":"https:\/\/www.siban.com\/fr\/wp-json\/wp\/v2\/types\/page"}],"author":[{"embeddable":true,"href":"https:\/\/www.siban.com\/fr\/wp-json\/wp\/v2\/users\/2"}],"replies":[{"embeddable":true,"href":"https:\/\/www.siban.com\/fr\/wp-json\/wp\/v2\/comments?post=4052"}],"version-history":[{"count":33,"href":"https:\/\/www.siban.com\/fr\/wp-json\/wp\/v2\/pages\/4052\/revisions"}],"predecessor-version":[{"id":4671,"href":"https:\/\/www.siban.com\/fr\/wp-json\/wp\/v2\/pages\/4052\/revisions\/4671"}],"wp:attachment":[{"href":"https:\/\/www.siban.com\/fr\/wp-json\/wp\/v2\/media?parent=4052"}],"curies":[{"name":"wp","href":"https:\/\/api.w.org\/{rel}","templated":true}]}}