{"id":4049,"date":"2017-10-17T10:07:02","date_gmt":"2017-10-17T09:07:02","guid":{"rendered":"https:\/\/www.siban.com\/?page_id=4049\/"},"modified":"2025-10-30T11:52:41","modified_gmt":"2025-10-30T10:52:41","slug":"contactez-nous-2","status":"publish","type":"page","link":"https:\/\/www.siban.com\/fr\/contactez-nous-2\/","title":{"rendered":"Contact"},"content":{"rendered":"<section class=\"l-section wpb_row height_small\"><div class=\"l-section-h i-cf\"><div class=\"g-cols vc_row via_grid cols_1 laptops-cols_inherit tablets-cols_inherit mobiles-cols_1 valign_top type_default stacking_default\"><div class=\"wpb_column vc_column_container\"><div class=\"vc_column-inner\"><div class=\"w-image align_center\"><div class=\"w-image-h\"><img decoding=\"async\" width=\"1200\" height=\"583\" src=\"https:\/\/www.siban.com\/wp-content\/uploads\/2024\/04\/20180524_111757-1200x583-1.png\" class=\"attachment-large size-large\" alt=\"\" loading=\"lazy\" srcset=\"https:\/\/www.siban.com\/wp-content\/uploads\/2024\/04\/20180524_111757-1200x583-1.png 1200w, https:\/\/www.siban.com\/wp-content\/uploads\/2024\/04\/20180524_111757-1200x583-1-480x233.png 480w, https:\/\/www.siban.com\/wp-content\/uploads\/2024\/04\/20180524_111757-1200x583-1-510x248.png 510w\" sizes=\"auto, (max-width: 1200px) 100vw, 1200px\" \/><\/div><\/div><div class=\"w-separator size_medium\"><\/div><h3 class=\"w-text us_custom_eb849559 icon_atleft\"><span class=\"w-text-h\"><i class=\"fas fa-comments\"><\/i><span class=\"w-text-value\">Contact commercial<\/span><\/span><\/h3><\/div><\/div><\/div><\/div><\/section><section class=\"l-section wpb_row us_custom_eb849559 height_small\"><div class=\"l-section-h i-cf\"><div class=\"g-cols vc_row via_grid cols_3 laptops-cols_inherit tablets-cols_inherit mobiles-cols_1 valign_top type_default stacking_default\"><div class=\"wpb_column vc_column_container\"><div class=\"vc_column-inner\"><h4 class=\"w-text us_custom_eb849559\"><span class=\"w-text-h\"><span class=\"w-text-value\">Espagne<\/span><\/span><\/h4><div class=\"w-text icon_atleft\"><span class=\"w-text-h\"><i class=\"fas fa-envelope\"><\/i><span class=\"w-text-value\">ivan.gil@siban.com<\/span><\/span><\/div><p class=\"w-text icon_atleft\"><span class=\"w-text-h\"><i class=\"fas fa-phone\"><\/i><span class=\"w-text-value\">+ 34 94 4375000<\/span><\/span><\/p><\/div><\/div><div class=\"wpb_column vc_column_container\"><div class=\"vc_column-inner\"><h4 class=\"w-text us_custom_eb849559\"><span class=\"w-text-h\"><span class=\"w-text-value\">\u00c9quateur<\/span><\/span><\/h4><div class=\"w-text icon_atleft\"><span class=\"w-text-h\"><i class=\"fas fa-envelope\"><\/i><span class=\"w-text-value\">goiko@siban.com<\/span><\/span><\/div><p class=\"w-text icon_atleft\"><span class=\"w-text-h\"><i class=\"fas fa-phone\"><\/i><span class=\"w-text-value\">+ 593 42 100 145<\/span><\/span><\/p><\/div><\/div><div class=\"wpb_column vc_column_container\"><div class=\"vc_column-inner\"><h4 class=\"w-text us_custom_eb849559\"><span class=\"w-text-h\"><span class=\"w-text-value\">Allemagne<\/span><\/span><\/h4><div class=\"w-text icon_atleft\"><span class=\"w-text-h\"><i class=\"fas fa-envelope\"><\/i><span class=\"w-text-value\">polina.campos@siban.com<\/span><\/span><\/div><p class=\"w-text icon_atleft\"><span class=\"w-text-h\"><i class=\"fas fa-phone\"><\/i><span class=\"w-text-value\">+ 34 94 4375000 (Ext 1011)<\/span><\/span><\/p><\/div><\/div><\/div><\/div><\/section><section class=\"l-section wpb_row us_custom_eb849559 height_small\"><div class=\"l-section-h i-cf\"><div class=\"g-cols vc_row via_grid cols_3 laptops-cols_inherit tablets-cols_inherit mobiles-cols_1 valign_top type_default stacking_default\"><div class=\"wpb_column vc_column_container\"><div class=\"vc_column-inner\"><h4 class=\"w-text us_custom_eb849559\"><span class=\"w-text-h\"><span class=\"w-text-value\">Portugal<\/span><\/span><\/h4><div class=\"w-text icon_atleft\"><span class=\"w-text-h\"><i class=\"fas fa-envelope\"><\/i><span class=\"w-text-value\">siban.portugal@siban.com<\/span><\/span><\/div><p class=\"w-text icon_atleft\"><span class=\"w-text-h\"><i class=\"fas fa-phone\"><\/i><span class=\"w-text-value\">+351 252 66 9040<\/span><\/span><\/p><\/div><\/div><div class=\"wpb_column vc_column_container\"><div class=\"vc_column-inner\"><h4 class=\"w-text us_custom_eb849559\"><span class=\"w-text-h\"><span class=\"w-text-value\">Chili<\/span><\/span><\/h4><div class=\"w-text icon_atleft\"><span class=\"w-text-h\"><i class=\"fas fa-envelope\"><\/i><span class=\"w-text-value\">hernan.vidal@siban.com<\/span><\/span><\/div><p class=\"w-text icon_atleft\"><span class=\"w-text-h\"><i class=\"fas fa-phone\"><\/i><span class=\"w-text-value\">+ 569 81 620 790<\/span><\/span><\/p><\/div><\/div><div class=\"wpb_column vc_column_container\"><div class=\"vc_column-inner\"><h4 class=\"w-text us_custom_eb849559\"><span class=\"w-text-h\"><span class=\"w-text-value\">Autriche<\/span><\/span><\/h4><div class=\"w-text icon_atleft\"><span class=\"w-text-h\"><i class=\"fas fa-envelope\"><\/i><span class=\"w-text-value\">siban@belt-austria.com<\/span><\/span><\/div><p class=\"w-text icon_atleft\"><span class=\"w-text-h\"><i class=\"fas fa-phone\"><\/i><span class=\"w-text-value\">+ 43 676 4670767<\/span><\/span><\/p><\/div><\/div><\/div><\/div><\/section><section class=\"l-section wpb_row us_custom_eb849559 height_small\"><div class=\"l-section-h i-cf\"><div class=\"g-cols vc_row via_grid cols_3 laptops-cols_inherit tablets-cols_inherit mobiles-cols_1 valign_top type_default stacking_default\"><div class=\"wpb_column vc_column_container\"><div class=\"vc_column-inner\"><h4 class=\"w-text us_custom_eb849559\"><span class=\"w-text-h\"><span class=\"w-text-value\">France et pays francophones<\/span><\/span><\/h4><div class=\"w-text icon_atleft\"><span class=\"w-text-h\"><i class=\"fas fa-envelope\"><\/i><span class=\"w-text-value\">eduardo.dlugosz@siban.com<\/span><\/span><\/div><p class=\"w-text icon_atleft\"><span class=\"w-text-h\"><i class=\"fas fa-phone\"><\/i><span class=\"w-text-value\">+34 605 256 108<\/span><\/span><\/p><div class=\"w-text icon_atleft\"><span class=\"w-text-h\"><i class=\"fas fa-envelope\"><\/i><span class=\"w-text-value\">raquel.aguilera@siban.com<\/span><\/span><\/div><p class=\"w-text icon_atleft\"><span class=\"w-text-h\"><i class=\"fas fa-phone\"><\/i><span class=\"w-text-value\">+34 664 65 86 38<\/span><\/span><\/p><h4 class=\"w-text us_custom_eb849559\"><span class=\"w-text-h\"><span class=\"w-text-value\">D\u00e9partements et Territoires d\u2019Outre-Mer (DOM-TOM)<\/span><\/span><\/h4><div class=\"w-text icon_atleft\"><span class=\"w-text-h\"><i class=\"fas fa-comments\"><\/i><span class=\"w-text-value\">Richard Sanz<\/span><\/span><\/div><p class=\"w-text icon_atleft\"><span class=\"w-text-h\"><i class=\"fas fa-phone\"><\/i><span class=\"w-text-value\">+33 7 88 48 79 79  <\/span><\/span><\/p><div class=\"w-separator size_medium\"><\/div><\/div><\/div><div class=\"wpb_column vc_column_container\"><div class=\"vc_column-inner\"><h4 class=\"w-text us_custom_eb849559\"><span class=\"w-text-h\"><span class=\"w-text-value\">Mexique<\/span><\/span><\/h4><div class=\"w-text icon_atleft\"><span class=\"w-text-h\"><i class=\"fas fa-envelope\"><\/i><span class=\"w-text-value\">carlos.garcia@siban.com<\/span><\/span><\/div><p class=\"w-text icon_atleft\"><span class=\"w-text-h\"><i class=\"fas fa-phone\"><\/i><span class=\"w-text-value\">+ 52 33 4000 7877<\/span><\/span><\/p><\/div><\/div><div class=\"wpb_column vc_column_container\"><div class=\"vc_column-inner\"><h4 class=\"w-text us_custom_eb849559\"><span class=\"w-text-h\"><span class=\"w-text-value\">Europe de l&rsquo;Est<\/span><\/span><\/h4><div class=\"w-text icon_atleft\"><span class=\"w-text-h\"><i class=\"fas fa-envelope\"><\/i><span class=\"w-text-value\">silviu.popescu@siban.com<\/span><\/span><\/div><p class=\"w-text icon_atleft\"><span class=\"w-text-h\"><i class=\"fas fa-phone\"><\/i><span class=\"w-text-value\">+ 40739 927 669<\/span><\/span><\/p><\/div><\/div><\/div><\/div><\/section><section class=\"l-section wpb_row us_custom_eb849559 height_medium width_full\"><div class=\"l-section-overlay\" style=\"background:var(--color-header-middle-text-hover)\"><\/div><div class=\"l-section-h i-cf\"><div class=\"g-cols vc_row via_grid cols_2 laptops-cols_inherit tablets-cols_inherit mobiles-cols_1 valign_top type_default stacking_default\"><div class=\"wpb_column vc_column_container\"><div class=\"vc_column-inner\"><h2 class=\"w-text us_custom_d44d8758 has_text_color\"><span class=\"w-text-h\"><span class=\"w-text-value\">La bande n\u00e9cessaire pour votre projet<\/span><\/span><\/h2><\/div><\/div><div class=\"wpb_column vc_column_container\"><div class=\"vc_column-inner\"><div class=\"w-btn-wrapper align_center\"><a class=\"w-btn us-btn-style_2 us_custom_a574d586 has_text_color icon_atleft\" href=\"http:\/\/www.siban.com\/fr\/demande-de-devis\/\"><i class=\"fas fa-file-contract\"><\/i><span class=\"w-btn-label\">Demande de devis<\/span><\/a><\/div><\/div><\/div><\/div><\/div><\/section><section class=\"l-section wpb_row height_small\"><div class=\"l-section-h i-cf\"><div class=\"g-cols vc_row via_grid cols_2 laptops-cols_inherit tablets-cols_inherit mobiles-cols_1 valign_top type_default stacking_default\"><div class=\"wpb_column vc_column_container\"><div class=\"vc_column-inner\"><div class=\"w-separator size_medium\"><\/div><div class=\"w-image has_ratio align_none\"><div class=\"w-image-h\"><div style=\"padding-bottom:100%\"><\/div><img decoding=\"async\" width=\"1200\" height=\"675\" src=\"https:\/\/www.siban.com\/wp-content\/uploads\/2024\/05\/Diseno-sin-titulo-5-1200x675.jpg\" class=\"attachment-large size-large\" alt=\"\" loading=\"lazy\" \/><\/div><\/div><\/div><\/div><div class=\"wpb_column vc_column_container\"><div class=\"vc_column-inner\"><div class=\"w-separator size_medium\"><\/div><div class=\"w-iconbox iconpos_top style_default color_primary align_center no_text no_title\"><div class=\"w-iconbox-icon\" style=\"font-size:2rem;\"><i class=\"fas fa-envelope\"><\/i><\/div><div class=\"w-iconbox-meta\"><\/div><\/div><div class=\"wpb_text_column\"><div class=\"wpb_wrapper\"><h3 style=\"text-align: center;\">Si vous le pr\u00e9f\u00e9rez, laissez-nous un message.<\/h3>\n<p style=\"text-align: center;\">Si vous souhaitez nous contacter, vous pouvez le faire en remplissant le formulaire suivant ou, directement,\u00a0 aux coordonn\u00e9es plus bas. Nous serons ravis de vous aider et nous vous r\u00e9pondrons dans les plus brefs d\u00e9lais.\u00a0<\/p>\n<\/div><\/div><div class=\"w-separator size_small\"><\/div><form class=\"w-form  us-field-style_1 layout_ver show_message_after_sending for_cform us_form_1 validate_by_recaptcha\" action=\"https:\/\/www.siban.com\/fr\/wp-json\/wp\/v2\/pages\/4049\" method=\"post\"><div class=\"w-form-h\"><div class=\"w-form-row for_text\">\r\n\t\t<div class=\"w-form-row-field\">\r\n\t\t\t\t\t\t<input aria-label=\"Nom\" type=\"text\" name=\"us_form_1_text_1\" value placeholder=\"Nom\"\/>\r\n\t\t\t<\/div>\r\n\t\t<div class=\"w-form-row-state\">Vous devez remplir ce champ<\/div>\r\n<\/div>\r\n<div class=\"w-form-row for_email\">\r\n\t\t<div class=\"w-form-row-field\">\r\n\t\t\t\t\t\t<input aria-label=\"e-mail\" type=\"email\" name=\"us_form_1_email_1\" value placeholder=\"e-mail\"\/>\r\n\t\t\t<\/div>\r\n\t\t<div class=\"w-form-row-state\">Veuillez saisir une adresse e-mail valide.<\/div>\r\n<\/div>\r\n<div class=\"w-form-row for_textarea\">\r\n\t\t<div class=\"w-form-row-field\">\r\n\t\t\t\t\t\t<textarea aria-label=\"Text\" name=\"us_form_1_textarea_1\" placeholder=\"Text\"><\/textarea>\r\n\t\t\t<\/div>\r\n\t\t<div class=\"w-form-row-state\">Vous devez remplir ce champ<\/div>\r\n<\/div>\r\n<div class=\"w-form-row for_agreement required\">\r\n\t\t\t<div class=\"w-form-row-label\">\r\n\t\t\t<span>Confidentialit\u00e9 <span class=\"required\">*<\/span><\/span>\r\n\t\t<\/div>\r\n\t\t<div class=\"w-form-row-field\">\r\n\t\t\t\t<label>\r\n\t\t\t<input type=\"checkbox\" value=\"1\" data-required=\"true\" aria-required=\"true\" name=\"us_form_1_agreement_1\"\/>\r\n\t\t\t<span>J'ai lu et j'accepte le contenu des mentions l\u00e9gales et de la politique de confidentialit\u00e9 concernant l'utilisation de mes donn\u00e9es personnelles.<\/span>\r\n\t\t<\/label>\r\n\t\t\t<\/div>\r\n\t\t<div class=\"w-form-row-state\">Vous devez accepter les conditions pour continuer<\/div>\r\n<\/div>\r\n<input type=\"hidden\" name=\"action\" value=\"us_ajax_cform\" \/>\r\n<input type=\"hidden\" name=\"post_id\" value=\"0\" \/>\r\n<input type=\"hidden\" name=\"form_index\" value=\"1\" \/>\r\n<div class=\"w-form-row for_submit align_center\">\r\n\t<button class=\"w-btn  us-btn-style_1\" aria-label=\"Envoyer\" type=\"submit\">\r\n\t\t<span class=\"g-preloader type_1\"><\/span>\r\n\t\t\t\t<span class=\"w-btn-label\">Envoyer<\/span>\r\n\t\t\t<\/button>\r\n\t<\/div>\r\n<\/div><div class=\"w-form-message\"><\/div><div class=\"w-form-json hidden\" onclick='return {&quot;ajaxurl&quot;:&quot;https:\\\/\\\/www.siban.com\\\/wp-admin\\\/admin-ajax.php&quot;,&quot;messages&quot;:{&quot;err_empty&quot;:&quot;Vous devez remplir ce champ&quot;,&quot;err_size&quot;:&quot;La taille du fichier ne peut pas d\\u00e9passer %s Mo&quot;,&quot;err_extension&quot;:&quot;Le type de fichier %s n&#039;est pas autoris\\u00e9&quot;,&quot;err_recaptcha_keys&quot;:&quot;Les cl\\u00e9s reCAPTCHA sont incorrectes&quot;},&quot;recaptcha_site_key&quot;:&quot;6LfQsvErAAAAAEiGXYjam-Aos4oQeDQwPeplo0ur&quot;}'><\/div><\/form><\/div><\/div><\/div><\/div><\/section><section class=\"l-section wpb_row height_small\"><div class=\"l-section-h i-cf\"><div class=\"g-cols vc_row via_grid cols_2 laptops-cols_inherit tablets-cols_inherit mobiles-cols_1 valign_top type_default stacking_default\"><div class=\"wpb_column vc_column_container\"><div class=\"vc_column-inner\"><h4 class=\"w-text us_custom_eb849559\"><span class=\"w-text-h\"><span class=\"w-text-value\">Si\u00e8ge Sociale<\/span><\/span><\/h4><div class=\"w-text us_custom_eb849559 icon_atleft\"><span class=\"w-text-h\"><i class=\"fas fa-envelope\"><\/i><span class=\"w-text-value\">siban.bilbao@siban.com<\/span><\/span><\/div><div class=\"w-text us_custom_eb849559 icon_atleft\"><span class=\"w-text-h\"><i class=\"fas fa-phone\"><\/i><span class=\"w-text-value\">+34 94 4375000<\/span><\/span><\/div><div class=\"w-text us_custom_eb849559 icon_atleft\"><span class=\"w-text-h\"><i class=\"fas fa-map-marker-alt\"><\/i><span class=\"w-text-value\">Parque empresarial Abra Industrial, parc. 2.1.2. &#8211; 48500 Gallarta &#8211; Abanto y Ci\u00e9rvana, Bizkaia, Espagne<\/span><\/span><\/div><div class=\"w-separator us_custom_eb849559 size_small\"><\/div><div class=\"w-separator size_medium\"><\/div><\/div><\/div><div class=\"wpb_column vc_column_container\"><div class=\"vc_column-inner\"><div class=\"w-iconbox iconpos_top style_default color_primary align_center no_text no_title\"><div class=\"w-iconbox-icon\" style=\"font-size:2rem;\"><i class=\"fas fa-map\"><\/i><\/div><div class=\"w-iconbox-meta\"><\/div><\/div><div class=\"w-html\"><iframe src=\"https:\/\/www.google.com\/maps\/embed?pb=!1m18!1m12!1m3!1d5805.645448306267!2d-3.0732944526221253!3d43.31797034034328!2m3!1f0!2f0!3f0!3m2!1i1024!2i768!4f13.1!3m3!1m2!1s0xd4e586f615eccb1%3A0x242fbeff3975a82f!2sSiban%20Peosa%20S%20A!5e0!3m2!1ses!2ses!4v1713794796819!5m2!1ses!2ses\" width=\"600\" height=\"450\" style=\"border:0;\" allowfullscreen=\"\" loading=\"lazy\" referrerpolicy=\"no-referrer-when-downgrade\"><\/iframe><\/div><\/div><\/div><\/div><\/div><\/section>\n","protected":false},"excerpt":{"rendered":"Contact commercialEspagneivan.gil@siban.com+ 34 94 4375000\u00c9quateurgoiko@siban.com+ 593 42 100 145Allemagnepolina.campos@siban.com+ 34 94 4375000 (Ext 1011)Portugalsiban.portugal@siban.com+351 252 66 9040Chilihernan.vidal@siban.com+ 569 81 620 790Autrichesiban@belt-austria.com+ 43 676 4670767France et pays francophoneseduardo.dlugosz@siban.com+34 605 256 108raquel.aguilera@siban.com+34 664 65 86 38D\u00e9partements et Territoires d\u2019Outre-Mer (DOM-TOM)Richard Sanz+33 7 88 48 79 79 Mexiquecarlos.garcia@siban.com+ 52 33 4000 7877Europe de l&rsquo;Estsilviu.popescu@siban.com+ 40739 927 669La bande...","protected":false},"author":2,"featured_media":0,"parent":0,"menu_order":0,"comment_status":"closed","ping_status":"closed","template":"","meta":{"footnotes":""},"class_list":["post-4049","page","type-page","status-publish","hentry"],"yoast_head":"<!-- This site is optimized with the Yoast SEO plugin v27.4 - https:\/\/yoast.com\/product\/yoast-seo-wordpress\/ -->\n<title>Contact - Siban<\/title>\n<meta name=\"robots\" content=\"index, follow, max-snippet:-1, max-image-preview:large, max-video-preview:-1\" \/>\n<link rel=\"canonical\" href=\"https:\/\/www.siban.com\/contacto\/\" \/>\n<meta property=\"og:locale\" content=\"fr_FR\" \/>\n<meta property=\"og:type\" content=\"article\" \/>\n<meta property=\"og:title\" content=\"Contact - Siban\" \/>\n<meta property=\"og:url\" content=\"https:\/\/www.siban.com\/contacto\/\" \/>\n<meta property=\"og:site_name\" content=\"Siban\" \/>\n<meta property=\"article:modified_time\" content=\"2025-10-30T10:52:41+00:00\" \/>\n<meta name=\"twitter:card\" content=\"summary_large_image\" \/>\n<meta name=\"twitter:label1\" content=\"Dur\u00e9e de lecture estim\u00e9e\" \/>\n\t<meta name=\"twitter:data1\" content=\"7 minutes\" \/>\n<script type=\"application\/ld+json\" class=\"yoast-schema-graph\">{\"@context\":\"https:\\\/\\\/schema.org\",\"@graph\":[{\"@type\":\"WebPage\",\"@id\":\"https:\\\/\\\/www.siban.com\\\/contacto\\\/\",\"url\":\"https:\\\/\\\/www.siban.com\\\/contacto\\\/\",\"name\":\"Contact - Siban\",\"isPartOf\":{\"@id\":\"http:\\\/\\\/dev.siban.com\\\/#website\"},\"datePublished\":\"2017-10-17T09:07:02+00:00\",\"dateModified\":\"2025-10-30T10:52:41+00:00\",\"breadcrumb\":{\"@id\":\"https:\\\/\\\/www.siban.com\\\/contacto\\\/#breadcrumb\"},\"inLanguage\":\"fr-FR\",\"potentialAction\":[{\"@type\":\"ReadAction\",\"target\":[\"https:\\\/\\\/www.siban.com\\\/contacto\\\/\"]}]},{\"@type\":\"BreadcrumbList\",\"@id\":\"https:\\\/\\\/www.siban.com\\\/contacto\\\/#breadcrumb\",\"itemListElement\":[{\"@type\":\"ListItem\",\"position\":1,\"name\":\"Inicio\",\"item\":\"https:\\\/\\\/www.siban.com\\\/\"},{\"@type\":\"ListItem\",\"position\":2,\"name\":\"Contact\"}]},{\"@type\":\"WebSite\",\"@id\":\"http:\\\/\\\/dev.siban.com\\\/#website\",\"url\":\"http:\\\/\\\/dev.siban.com\\\/\",\"name\":\"Siban\",\"description\":\"Bandas transportadoras\",\"publisher\":{\"@id\":\"http:\\\/\\\/dev.siban.com\\\/#organization\"},\"potentialAction\":[{\"@type\":\"SearchAction\",\"target\":{\"@type\":\"EntryPoint\",\"urlTemplate\":\"http:\\\/\\\/dev.siban.com\\\/?s={search_term_string}\"},\"query-input\":{\"@type\":\"PropertyValueSpecification\",\"valueRequired\":true,\"valueName\":\"search_term_string\"}}],\"inLanguage\":\"fr-FR\"},{\"@type\":\"Organization\",\"@id\":\"http:\\\/\\\/dev.siban.com\\\/#organization\",\"name\":\"Siban\",\"url\":\"http:\\\/\\\/dev.siban.com\\\/\",\"logo\":{\"@type\":\"ImageObject\",\"inLanguage\":\"fr-FR\",\"@id\":\"http:\\\/\\\/dev.siban.com\\\/#\\\/schema\\\/logo\\\/image\\\/\",\"url\":\"https:\\\/\\\/www.siban.com\\\/wp-content\\\/uploads\\\/2024\\\/07\\\/Siban-Beltsiflex-PNG.png\",\"contentUrl\":\"https:\\\/\\\/www.siban.com\\\/wp-content\\\/uploads\\\/2024\\\/07\\\/Siban-Beltsiflex-PNG.png\",\"width\":3133,\"height\":1633,\"caption\":\"Siban\"},\"image\":{\"@id\":\"http:\\\/\\\/dev.siban.com\\\/#\\\/schema\\\/logo\\\/image\\\/\"}}]}<\/script>\n<!-- \/ Yoast SEO plugin. -->","yoast_head_json":{"title":"Contact - Siban","robots":{"index":"index","follow":"follow","max-snippet":"max-snippet:-1","max-image-preview":"max-image-preview:large","max-video-preview":"max-video-preview:-1"},"canonical":"https:\/\/www.siban.com\/contacto\/","og_locale":"fr_FR","og_type":"article","og_title":"Contact - Siban","og_url":"https:\/\/www.siban.com\/contacto\/","og_site_name":"Siban","article_modified_time":"2025-10-30T10:52:41+00:00","twitter_card":"summary_large_image","twitter_misc":{"Dur\u00e9e de lecture estim\u00e9e":"7 minutes"},"schema":{"@context":"https:\/\/schema.org","@graph":[{"@type":"WebPage","@id":"https:\/\/www.siban.com\/contacto\/","url":"https:\/\/www.siban.com\/contacto\/","name":"Contact - Siban","isPartOf":{"@id":"http:\/\/dev.siban.com\/#website"},"datePublished":"2017-10-17T09:07:02+00:00","dateModified":"2025-10-30T10:52:41+00:00","breadcrumb":{"@id":"https:\/\/www.siban.com\/contacto\/#breadcrumb"},"inLanguage":"fr-FR","potentialAction":[{"@type":"ReadAction","target":["https:\/\/www.siban.com\/contacto\/"]}]},{"@type":"BreadcrumbList","@id":"https:\/\/www.siban.com\/contacto\/#breadcrumb","itemListElement":[{"@type":"ListItem","position":1,"name":"Inicio","item":"https:\/\/www.siban.com\/"},{"@type":"ListItem","position":2,"name":"Contact"}]},{"@type":"WebSite","@id":"http:\/\/dev.siban.com\/#website","url":"http:\/\/dev.siban.com\/","name":"Siban","description":"Bandas transportadoras","publisher":{"@id":"http:\/\/dev.siban.com\/#organization"},"potentialAction":[{"@type":"SearchAction","target":{"@type":"EntryPoint","urlTemplate":"http:\/\/dev.siban.com\/?s={search_term_string}"},"query-input":{"@type":"PropertyValueSpecification","valueRequired":true,"valueName":"search_term_string"}}],"inLanguage":"fr-FR"},{"@type":"Organization","@id":"http:\/\/dev.siban.com\/#organization","name":"Siban","url":"http:\/\/dev.siban.com\/","logo":{"@type":"ImageObject","inLanguage":"fr-FR","@id":"http:\/\/dev.siban.com\/#\/schema\/logo\/image\/","url":"https:\/\/www.siban.com\/wp-content\/uploads\/2024\/07\/Siban-Beltsiflex-PNG.png","contentUrl":"https:\/\/www.siban.com\/wp-content\/uploads\/2024\/07\/Siban-Beltsiflex-PNG.png","width":3133,"height":1633,"caption":"Siban"},"image":{"@id":"http:\/\/dev.siban.com\/#\/schema\/logo\/image\/"}}]}},"_links":{"self":[{"href":"https:\/\/www.siban.com\/fr\/wp-json\/wp\/v2\/pages\/4049","targetHints":{"allow":["GET"]}}],"collection":[{"href":"https:\/\/www.siban.com\/fr\/wp-json\/wp\/v2\/pages"}],"about":[{"href":"https:\/\/www.siban.com\/fr\/wp-json\/wp\/v2\/types\/page"}],"author":[{"embeddable":true,"href":"https:\/\/www.siban.com\/fr\/wp-json\/wp\/v2\/users\/2"}],"replies":[{"embeddable":true,"href":"https:\/\/www.siban.com\/fr\/wp-json\/wp\/v2\/comments?post=4049"}],"version-history":[{"count":47,"href":"https:\/\/www.siban.com\/fr\/wp-json\/wp\/v2\/pages\/4049\/revisions"}],"predecessor-version":[{"id":138403,"href":"https:\/\/www.siban.com\/fr\/wp-json\/wp\/v2\/pages\/4049\/revisions\/138403"}],"wp:attachment":[{"href":"https:\/\/www.siban.com\/fr\/wp-json\/wp\/v2\/media?parent=4049"}],"curies":[{"name":"wp","href":"https:\/\/api.w.org\/{rel}","templated":true}]}}