{"id":4041,"date":"2017-10-17T09:57:37","date_gmt":"2017-10-17T08:57:37","guid":{"rendered":"https:\/\/www.siban.com\/?page_id=4041\/"},"modified":"2026-04-24T12:43:57","modified_gmt":"2026-04-24T11:43:57","slug":"catalogues-2","status":"publish","type":"page","link":"https:\/\/www.siban.com\/fr\/catalogues-2\/","title":{"rendered":"Catalogues"},"content":{"rendered":"<section class=\"l-section wpb_row height_small\"><div class=\"l-section-h i-cf\"><div class=\"g-cols vc_row via_grid cols_1 laptops-cols_inherit tablets-cols_inherit mobiles-cols_1 valign_top type_default stacking_default\"><div class=\"wpb_column vc_column_container\"><div class=\"vc_column-inner\"><h3 class=\"w-text us_custom_eb849559\"><span class=\"w-text-h\"><span class=\"w-text-value\">D\u00e9couvrez nos solutions compl\u00e8tes pour de multiples applications industrielles<\/span><\/span><\/h3><\/div><\/div><\/div><\/div><\/section><section class=\"l-section wpb_row height_small\"><div class=\"l-section-h i-cf\"><div class=\"g-cols vc_row via_grid cols_3 laptops-cols_inherit tablets-cols_inherit mobiles-cols_1 valign_top type_default stacking_default\"><div class=\"wpb_column vc_column_container\"><div class=\"vc_column-inner\"><div class=\"w-image align_none\"><div class=\"w-image-h\"><img decoding=\"async\" width=\"430\" height=\"608\" src=\"https:\/\/www.siban.com\/wp-content\/uploads\/2024\/04\/SIBAN.jpg\" class=\"attachment-large size-large\" alt=\"\" loading=\"lazy\" srcset=\"https:\/\/www.siban.com\/wp-content\/uploads\/2024\/04\/SIBAN.jpg 430w, https:\/\/www.siban.com\/wp-content\/uploads\/2024\/04\/SIBAN-339x480.jpg 339w\" sizes=\"auto, (max-width: 430px) 100vw, 430px\" \/><\/div><\/div><div class=\"wpb_text_column\"><div class=\"wpb_wrapper\"><h3 style=\"text-align: center;\">Catalogue g\u00e9n\u00e9ral de la Soci\u00e9t\u00e9<\/h3>\n<\/div><\/div><div class=\"w-btn-wrapper align_center\"><a class=\"w-btn us-btn-style_1\" href=\" http:\/\/www.siban.com\/wp-content\/uploads\/2018\/05\/Cat\u00e1logo-empresa-SRC-35-2017-FR.pdf\"><span class=\"w-btn-label\">Descargar<\/span><\/a><\/div><\/div><\/div><div class=\"wpb_column vc_column_container\"><div class=\"vc_column-inner\"><div class=\"w-image align_center\"><div class=\"w-image-h\"><img decoding=\"async\" width=\"430\" height=\"608\" src=\"https:\/\/www.siban.com\/wp-content\/uploads\/2017\/02\/BANDABORD.jpg\" class=\"attachment-large size-large\" alt=\"\" loading=\"lazy\" srcset=\"https:\/\/www.siban.com\/wp-content\/uploads\/2017\/02\/BANDABORD.jpg 430w, https:\/\/www.siban.com\/wp-content\/uploads\/2017\/02\/BANDABORD-339x480.jpg 339w, https:\/\/www.siban.com\/wp-content\/uploads\/2017\/02\/BANDABORD-424x600.jpg 424w, https:\/\/www.siban.com\/wp-content\/uploads\/2017\/02\/BANDABORD-191x270.jpg 191w, https:\/\/www.siban.com\/wp-content\/uploads\/2017\/02\/BANDABORD-310x439.jpg 310w\" sizes=\"auto, (max-width: 430px) 100vw, 430px\" \/><\/div><\/div><div class=\"wpb_text_column\"><div class=\"wpb_wrapper\"><h3 style=\"text-align: center;\">Calatogue Bandabord<\/h3>\n<\/div><\/div><div class=\"w-btn-wrapper align_center\"><a class=\"w-btn us-btn-style_1\" href=\"http:\/\/www.siban.com\/wp-content\/uploads\/2023\/06\/Siban_BANDABOARD_fr_2024.pdf\"><span class=\"w-btn-label\">Descargar<\/span><\/a><\/div><\/div><\/div><div class=\"wpb_column vc_column_container\"><div class=\"vc_column-inner\"><div class=\"w-image align_none\"><div class=\"w-image-h\"><img decoding=\"async\" width=\"430\" height=\"608\" src=\"https:\/\/www.siban.com\/wp-content\/uploads\/2016\/06\/ACCESORIOS.jpg\" class=\"attachment-large size-large\" alt=\"\" loading=\"lazy\" srcset=\"https:\/\/www.siban.com\/wp-content\/uploads\/2016\/06\/ACCESORIOS.jpg 430w, https:\/\/www.siban.com\/wp-content\/uploads\/2016\/06\/ACCESORIOS-339x480.jpg 339w, https:\/\/www.siban.com\/wp-content\/uploads\/2016\/06\/ACCESORIOS-424x600.jpg 424w, https:\/\/www.siban.com\/wp-content\/uploads\/2016\/06\/ACCESORIOS-191x270.jpg 191w, https:\/\/www.siban.com\/wp-content\/uploads\/2016\/06\/ACCESORIOS-310x439.jpg 310w\" sizes=\"auto, (max-width: 430px) 100vw, 430px\" \/><\/div><\/div><div class=\"wpb_text_column\"><div class=\"wpb_wrapper\"><h3 style=\"text-align: center;\">Catalogue accessoires<\/h3>\n<\/div><\/div><div class=\"w-btn-wrapper align_center\"><a class=\"w-btn us-btn-style_1\" href=\"https:\/\/www.siban.com\/wp-content\/uploads\/2026\/04\/Accesorios-Siban_FR_DE.pdf\"><span class=\"w-btn-label\">Descargar<\/span><\/a><\/div><\/div><\/div><\/div><\/div><\/section><section class=\"l-section wpb_row height_small\"><div class=\"l-section-h i-cf\"><div class=\"g-cols vc_row via_grid cols_1 laptops-cols_inherit tablets-cols_inherit mobiles-cols_1 valign_top type_default stacking_default\"><div class=\"wpb_column vc_column_container\"><div class=\"vc_column-inner\"><\/div><\/div><\/div><\/div><\/section><section class=\"l-section wpb_row height_small\"><div class=\"l-section-h i-cf\"><div class=\"g-cols vc_row via_grid cols_4 laptops-cols_inherit tablets-cols_inherit mobiles-cols_1 valign_top type_default stacking_default\"><div class=\"wpb_column vc_column_container\"><div class=\"vc_column-inner\"><div class=\"w-image align_none\"><div class=\"w-image-h\"><img decoding=\"async\" width=\"432\" height=\"605\" src=\"https:\/\/www.siban.com\/wp-content\/uploads\/2016\/06\/COBERTURAS.jpg\" class=\"attachment-large size-large\" alt=\"\" loading=\"lazy\" srcset=\"https:\/\/www.siban.com\/wp-content\/uploads\/2016\/06\/COBERTURAS.jpg 432w, https:\/\/www.siban.com\/wp-content\/uploads\/2016\/06\/COBERTURAS-343x480.jpg 343w, https:\/\/www.siban.com\/wp-content\/uploads\/2016\/06\/COBERTURAS-428x600.jpg 428w, https:\/\/www.siban.com\/wp-content\/uploads\/2016\/06\/COBERTURAS-193x270.jpg 193w, https:\/\/www.siban.com\/wp-content\/uploads\/2016\/06\/COBERTURAS-313x439.jpg 313w\" sizes=\"auto, (max-width: 432px) 100vw, 432px\" \/><\/div><\/div><div class=\"wpb_text_column\"><div class=\"wpb_wrapper\"><h3 style=\"text-align: center;\">Catalogue couvertures<\/h3>\n<\/div><\/div><div class=\"w-btn-wrapper align_center\"><a class=\"w-btn us-btn-style_1\" href=\"https:\/\/www.siban.com\/wp-content\/uploads\/2026\/04\/Catalogo-COBERTURAS-ES_EN_04_26-1.pdf\"><span class=\"w-btn-label\">Descargar<\/span><\/a><\/div><\/div><\/div><div class=\"wpb_column vc_column_container\"><div class=\"vc_column-inner\"><div class=\"w-image align_center\"><div class=\"w-image-h\"><img decoding=\"async\" width=\"432\" height=\"605\" src=\"https:\/\/www.siban.com\/wp-content\/uploads\/2017\/10\/CARCASAS.jpg\" class=\"attachment-large size-large\" alt=\"\" loading=\"lazy\" srcset=\"https:\/\/www.siban.com\/wp-content\/uploads\/2017\/10\/CARCASAS.jpg 432w, https:\/\/www.siban.com\/wp-content\/uploads\/2017\/10\/CARCASAS-343x480.jpg 343w, https:\/\/www.siban.com\/wp-content\/uploads\/2017\/10\/CARCASAS-428x600.jpg 428w, https:\/\/www.siban.com\/wp-content\/uploads\/2017\/10\/CARCASAS-193x270.jpg 193w, https:\/\/www.siban.com\/wp-content\/uploads\/2017\/10\/CARCASAS-313x439.jpg 313w\" sizes=\"auto, (max-width: 432px) 100vw, 432px\" \/><\/div><\/div><div class=\"wpb_text_column\"><div class=\"wpb_wrapper\"><h3 style=\"text-align: center;\">Catalogue carcasses<\/h3>\n<\/div><\/div><div class=\"w-btn-wrapper align_center\"><a class=\"w-btn us-btn-style_1\" href=\"http:\/\/www.siban.com\/wp-content\/uploads\/2024\/12\/02-Catalogo-CARCASAS.pdf\"><span class=\"w-btn-label\">Descargar<\/span><\/a><\/div><\/div><\/div><div class=\"wpb_column vc_column_container\"><div class=\"vc_column-inner\"><div class=\"w-image align_none\"><div class=\"w-image-h\"><img decoding=\"async\" width=\"432\" height=\"605\" src=\"https:\/\/www.siban.com\/wp-content\/uploads\/2017\/10\/GRABADOS-y-NERVADAS.jpg\" class=\"attachment-large size-large\" alt=\"\" loading=\"lazy\" srcset=\"https:\/\/www.siban.com\/wp-content\/uploads\/2017\/10\/GRABADOS-y-NERVADAS.jpg 432w, https:\/\/www.siban.com\/wp-content\/uploads\/2017\/10\/GRABADOS-y-NERVADAS-343x480.jpg 343w, https:\/\/www.siban.com\/wp-content\/uploads\/2017\/10\/GRABADOS-y-NERVADAS-428x600.jpg 428w, https:\/\/www.siban.com\/wp-content\/uploads\/2017\/10\/GRABADOS-y-NERVADAS-193x270.jpg 193w, https:\/\/www.siban.com\/wp-content\/uploads\/2017\/10\/GRABADOS-y-NERVADAS-313x439.jpg 313w\" sizes=\"auto, (max-width: 432px) 100vw, 432px\" \/><\/div><\/div><div class=\"wpb_text_column\"><div class=\"wpb_wrapper\"><h3 style=\"text-align: center;\">Catalogue bandes profil\u00e9es<\/h3>\n<\/div><\/div><div class=\"w-btn-wrapper align_center\"><a class=\"w-btn us-btn-style_1\" href=\"https:\/\/www.siban.com\/wp-content\/uploads\/2026\/03\/Catalogo-GRABADOS-Y-NERVADAS.pdf\"><span class=\"w-btn-label\">Descargar<\/span><\/a><\/div><\/div><\/div><div class=\"wpb_column vc_column_container\"><div class=\"vc_column-inner\"><div class=\"w-image align_none\"><div class=\"w-image-h\"><img decoding=\"async\" width=\"432\" height=\"605\" src=\"https:\/\/www.siban.com\/wp-content\/uploads\/2017\/02\/ROUND-BALLER.jpg\" class=\"attachment-large size-large\" alt=\"\" loading=\"lazy\" srcset=\"https:\/\/www.siban.com\/wp-content\/uploads\/2017\/02\/ROUND-BALLER.jpg 432w, https:\/\/www.siban.com\/wp-content\/uploads\/2017\/02\/ROUND-BALLER-343x480.jpg 343w, https:\/\/www.siban.com\/wp-content\/uploads\/2017\/02\/ROUND-BALLER-428x600.jpg 428w, https:\/\/www.siban.com\/wp-content\/uploads\/2017\/02\/ROUND-BALLER-193x270.jpg 193w, https:\/\/www.siban.com\/wp-content\/uploads\/2017\/02\/ROUND-BALLER-313x439.jpg 313w\" sizes=\"auto, (max-width: 432px) 100vw, 432px\" \/><\/div><\/div><div class=\"wpb_text_column\"><div class=\"wpb_wrapper\"><h3 style=\"text-align: center;\">Catalogue\u00a0Round Baler<\/h3>\n<\/div><\/div><div class=\"w-btn-wrapper align_center\"><a class=\"w-btn us-btn-style_1\" href=\"http:\/\/www.siban.com\/wp-content\/uploads\/2018\/05\/Round-baller-EN.pdf\"><span class=\"w-btn-label\">Descargar<\/span><\/a><\/div><\/div><\/div><\/div><\/div><\/section><section class=\"l-section wpb_row height_small\"><div class=\"l-section-h i-cf\"><div class=\"g-cols vc_row via_grid cols_4 laptops-cols_inherit tablets-cols_inherit mobiles-cols_1 valign_top type_default stacking_default\"><div class=\"wpb_column vc_column_container\"><div class=\"vc_column-inner\"><div class=\"w-image align_none\"><div class=\"w-image-h\"><img decoding=\"async\" width=\"641\" height=\"900\" src=\"https:\/\/www.siban.com\/wp-content\/uploads\/2025\/07\/elevadores-FR.png\" class=\"attachment-large size-large\" alt=\"\" loading=\"lazy\" srcset=\"https:\/\/www.siban.com\/wp-content\/uploads\/2025\/07\/elevadores-FR.png 641w, https:\/\/www.siban.com\/wp-content\/uploads\/2025\/07\/elevadores-FR-342x480.png 342w, https:\/\/www.siban.com\/wp-content\/uploads\/2025\/07\/elevadores-FR-480x674.png 480w, https:\/\/www.siban.com\/wp-content\/uploads\/2025\/07\/elevadores-FR-510x716.png 510w\" sizes=\"auto, (max-width: 641px) 100vw, 641px\" \/><\/div><\/div><div class=\"wpb_text_column\"><div class=\"wpb_wrapper\"><h3 style=\"text-align: center;\">Brochure bandes \u00e9l\u00e9vatrices<\/h3>\n<\/div><\/div><div class=\"w-btn-wrapper align_center\"><a class=\"w-btn us-btn-style_1\" href=\"https:\/\/www.siban.com\/wp-content\/uploads\/2025\/07\/Flyer_Elevadores-de-Cangilones_FR_2025.pdf\"><span class=\"w-btn-label\">Descargar<\/span><\/a><\/div><\/div><\/div><div class=\"wpb_column vc_column_container\"><div class=\"vc_column-inner\"><div class=\"w-image align_none\"><div class=\"w-image-h\"><img decoding=\"async\" width=\"638\" height=\"898\" src=\"https:\/\/www.siban.com\/wp-content\/uploads\/2025\/01\/Rubber-Fastener-FR.png\" class=\"attachment-large size-large\" alt=\"\" loading=\"lazy\" srcset=\"https:\/\/www.siban.com\/wp-content\/uploads\/2025\/01\/Rubber-Fastener-FR.png 638w, https:\/\/www.siban.com\/wp-content\/uploads\/2025\/01\/Rubber-Fastener-FR-341x480.png 341w, https:\/\/www.siban.com\/wp-content\/uploads\/2025\/01\/Rubber-Fastener-FR-480x676.png 480w, https:\/\/www.siban.com\/wp-content\/uploads\/2025\/01\/Rubber-Fastener-FR-510x718.png 510w\" sizes=\"auto, (max-width: 638px) 100vw, 638px\" \/><\/div><\/div><div class=\"wpb_text_column\"><div class=\"wpb_wrapper\"><h3 style=\"text-align: center;\">Brochure Rubber Fastener<\/h3>\n<\/div><\/div><div class=\"w-btn-wrapper align_center\"><a class=\"w-btn us-btn-style_1\" href=\"https:\/\/www.siban.com\/wp-content\/uploads\/2026\/04\/Rubber-Fastener-FR-04_26.pdf\"><span class=\"w-btn-label\">Descargar<\/span><\/a><\/div><\/div><\/div><div class=\"wpb_column vc_column_container\"><div class=\"vc_column-inner\"><div class=\"w-image align_none\"><div class=\"w-image-h\"><img decoding=\"async\" width=\"642\" height=\"899\" src=\"https:\/\/www.siban.com\/wp-content\/uploads\/2025\/01\/Pipe-FR.png\" class=\"attachment-large size-large\" alt=\"\" loading=\"lazy\" srcset=\"https:\/\/www.siban.com\/wp-content\/uploads\/2025\/01\/Pipe-FR.png 642w, https:\/\/www.siban.com\/wp-content\/uploads\/2025\/01\/Pipe-FR-343x480.png 343w, https:\/\/www.siban.com\/wp-content\/uploads\/2025\/01\/Pipe-FR-480x672.png 480w, https:\/\/www.siban.com\/wp-content\/uploads\/2025\/01\/Pipe-FR-510x714.png 510w\" sizes=\"auto, (max-width: 642px) 100vw, 642px\" \/><\/div><\/div><div class=\"wpb_text_column\"><div class=\"wpb_wrapper\"><h3 style=\"text-align: center;\">Brochure Pipe Belt<\/h3>\n<\/div><\/div><div class=\"w-btn-wrapper align_center\"><a class=\"w-btn us-btn-style_1\" href=\"http:\/\/www.siban.com\/wp-content\/uploads\/2025\/01\/Pipe-Belt-Air-Belt_FR_2024.pdf\"><span class=\"w-btn-label\">Descargar<\/span><\/a><\/div><\/div><\/div><div class=\"wpb_column vc_column_container\"><div class=\"vc_column-inner\"><div class=\"w-image align_none\"><div class=\"w-image-h\"><img decoding=\"async\" width=\"581\" height=\"813\" src=\"https:\/\/www.siban.com\/wp-content\/uploads\/2025\/11\/MAGIC-LINER-FR.png\" class=\"attachment-large size-large\" alt=\"\" loading=\"lazy\" srcset=\"https:\/\/www.siban.com\/wp-content\/uploads\/2025\/11\/MAGIC-LINER-FR.png 581w, https:\/\/www.siban.com\/wp-content\/uploads\/2025\/11\/MAGIC-LINER-FR-343x480.png 343w, https:\/\/www.siban.com\/wp-content\/uploads\/2025\/11\/MAGIC-LINER-FR-480x672.png 480w, https:\/\/www.siban.com\/wp-content\/uploads\/2025\/11\/MAGIC-LINER-FR-510x714.png 510w\" sizes=\"auto, (max-width: 581px) 100vw, 581px\" \/><\/div><\/div><div class=\"wpb_text_column\"><div class=\"wpb_wrapper\"><h3 style=\"text-align: center;\">Brochure Magic Liner<\/h3>\n<\/div><\/div><div class=\"w-btn-wrapper align_center\"><a class=\"w-btn us-btn-style_1\" href=\"https:\/\/www.siban.com\/wp-content\/uploads\/2025\/11\/Flyer_Magic-Liner_FR.pdf\"><span class=\"w-btn-label\">Descargar<\/span><\/a><\/div><\/div><\/div><\/div><\/div><\/section>\n","protected":false},"excerpt":{"rendered":"D\u00e9couvrez nos solutions compl\u00e8tes pour de multiples applications industriellesCatalogue g\u00e9n\u00e9ral de la Soci\u00e9t\u00e9 DescargarCalatogue Bandabord DescargarCatalogue accessoires DescargarCatalogue couvertures DescargarCatalogue carcasses DescargarCatalogue bandes profil\u00e9es DescargarCatalogue\u00a0Round Baler DescargarBrochure bandes \u00e9l\u00e9vatrices DescargarBrochure Rubber Fastener DescargarBrochure Pipe Belt DescargarBrochure Magic Liner Descargar","protected":false},"author":2,"featured_media":0,"parent":0,"menu_order":0,"comment_status":"closed","ping_status":"closed","template":"","meta":{"footnotes":""},"class_list":["post-4041","page","type-page","status-publish","hentry"],"yoast_head":"<!-- This site is optimized with the Yoast SEO plugin v27.5 - https:\/\/yoast.com\/product\/yoast-seo-wordpress\/ -->\n<title>Catalogues - Siban<\/title>\n<meta name=\"robots\" content=\"index, follow, max-snippet:-1, max-image-preview:large, max-video-preview:-1\" \/>\n<link rel=\"canonical\" href=\"https:\/\/www.siban.com\/descargas\/\" \/>\n<meta property=\"og:locale\" content=\"fr_FR\" \/>\n<meta property=\"og:type\" content=\"article\" \/>\n<meta property=\"og:title\" content=\"Catalogues - Siban\" \/>\n<meta property=\"og:url\" content=\"https:\/\/www.siban.com\/descargas\/\" \/>\n<meta property=\"og:site_name\" content=\"Siban\" \/>\n<meta property=\"article:modified_time\" content=\"2026-04-24T11:43:57+00:00\" \/>\n<meta name=\"twitter:card\" content=\"summary_large_image\" \/>\n<meta name=\"twitter:label1\" content=\"Dur\u00e9e de lecture estim\u00e9e\" \/>\n\t<meta name=\"twitter:data1\" content=\"1 minute\" \/>\n<script type=\"application\/ld+json\" class=\"yoast-schema-graph\">{\"@context\":\"https:\\\/\\\/schema.org\",\"@graph\":[{\"@type\":\"WebPage\",\"@id\":\"https:\\\/\\\/www.siban.com\\\/descargas\\\/\",\"url\":\"https:\\\/\\\/www.siban.com\\\/descargas\\\/\",\"name\":\"Catalogues - Siban\",\"isPartOf\":{\"@id\":\"http:\\\/\\\/dev.siban.com\\\/#website\"},\"datePublished\":\"2017-10-17T08:57:37+00:00\",\"dateModified\":\"2026-04-24T11:43:57+00:00\",\"breadcrumb\":{\"@id\":\"https:\\\/\\\/www.siban.com\\\/descargas\\\/#breadcrumb\"},\"inLanguage\":\"fr-FR\",\"potentialAction\":[{\"@type\":\"ReadAction\",\"target\":[\"https:\\\/\\\/www.siban.com\\\/descargas\\\/\"]}]},{\"@type\":\"BreadcrumbList\",\"@id\":\"https:\\\/\\\/www.siban.com\\\/descargas\\\/#breadcrumb\",\"itemListElement\":[{\"@type\":\"ListItem\",\"position\":1,\"name\":\"Inicio\",\"item\":\"https:\\\/\\\/www.siban.com\\\/\"},{\"@type\":\"ListItem\",\"position\":2,\"name\":\"Catalogues\"}]},{\"@type\":\"WebSite\",\"@id\":\"http:\\\/\\\/dev.siban.com\\\/#website\",\"url\":\"http:\\\/\\\/dev.siban.com\\\/\",\"name\":\"Siban\",\"description\":\"Bandas transportadoras\",\"publisher\":{\"@id\":\"http:\\\/\\\/dev.siban.com\\\/#organization\"},\"potentialAction\":[{\"@type\":\"SearchAction\",\"target\":{\"@type\":\"EntryPoint\",\"urlTemplate\":\"http:\\\/\\\/dev.siban.com\\\/?s={search_term_string}\"},\"query-input\":{\"@type\":\"PropertyValueSpecification\",\"valueRequired\":true,\"valueName\":\"search_term_string\"}}],\"inLanguage\":\"fr-FR\"},{\"@type\":\"Organization\",\"@id\":\"http:\\\/\\\/dev.siban.com\\\/#organization\",\"name\":\"Siban\",\"url\":\"http:\\\/\\\/dev.siban.com\\\/\",\"logo\":{\"@type\":\"ImageObject\",\"inLanguage\":\"fr-FR\",\"@id\":\"http:\\\/\\\/dev.siban.com\\\/#\\\/schema\\\/logo\\\/image\\\/\",\"url\":\"https:\\\/\\\/www.siban.com\\\/wp-content\\\/uploads\\\/2024\\\/07\\\/Siban-Beltsiflex-PNG.png\",\"contentUrl\":\"https:\\\/\\\/www.siban.com\\\/wp-content\\\/uploads\\\/2024\\\/07\\\/Siban-Beltsiflex-PNG.png\",\"width\":3133,\"height\":1633,\"caption\":\"Siban\"},\"image\":{\"@id\":\"http:\\\/\\\/dev.siban.com\\\/#\\\/schema\\\/logo\\\/image\\\/\"}}]}<\/script>\n<!-- \/ Yoast SEO plugin. -->","yoast_head_json":{"title":"Catalogues - Siban","robots":{"index":"index","follow":"follow","max-snippet":"max-snippet:-1","max-image-preview":"max-image-preview:large","max-video-preview":"max-video-preview:-1"},"canonical":"https:\/\/www.siban.com\/descargas\/","og_locale":"fr_FR","og_type":"article","og_title":"Catalogues - Siban","og_url":"https:\/\/www.siban.com\/descargas\/","og_site_name":"Siban","article_modified_time":"2026-04-24T11:43:57+00:00","twitter_card":"summary_large_image","twitter_misc":{"Dur\u00e9e de lecture estim\u00e9e":"1 minute"},"schema":{"@context":"https:\/\/schema.org","@graph":[{"@type":"WebPage","@id":"https:\/\/www.siban.com\/descargas\/","url":"https:\/\/www.siban.com\/descargas\/","name":"Catalogues - Siban","isPartOf":{"@id":"http:\/\/dev.siban.com\/#website"},"datePublished":"2017-10-17T08:57:37+00:00","dateModified":"2026-04-24T11:43:57+00:00","breadcrumb":{"@id":"https:\/\/www.siban.com\/descargas\/#breadcrumb"},"inLanguage":"fr-FR","potentialAction":[{"@type":"ReadAction","target":["https:\/\/www.siban.com\/descargas\/"]}]},{"@type":"BreadcrumbList","@id":"https:\/\/www.siban.com\/descargas\/#breadcrumb","itemListElement":[{"@type":"ListItem","position":1,"name":"Inicio","item":"https:\/\/www.siban.com\/"},{"@type":"ListItem","position":2,"name":"Catalogues"}]},{"@type":"WebSite","@id":"http:\/\/dev.siban.com\/#website","url":"http:\/\/dev.siban.com\/","name":"Siban","description":"Bandas transportadoras","publisher":{"@id":"http:\/\/dev.siban.com\/#organization"},"potentialAction":[{"@type":"SearchAction","target":{"@type":"EntryPoint","urlTemplate":"http:\/\/dev.siban.com\/?s={search_term_string}"},"query-input":{"@type":"PropertyValueSpecification","valueRequired":true,"valueName":"search_term_string"}}],"inLanguage":"fr-FR"},{"@type":"Organization","@id":"http:\/\/dev.siban.com\/#organization","name":"Siban","url":"http:\/\/dev.siban.com\/","logo":{"@type":"ImageObject","inLanguage":"fr-FR","@id":"http:\/\/dev.siban.com\/#\/schema\/logo\/image\/","url":"https:\/\/www.siban.com\/wp-content\/uploads\/2024\/07\/Siban-Beltsiflex-PNG.png","contentUrl":"https:\/\/www.siban.com\/wp-content\/uploads\/2024\/07\/Siban-Beltsiflex-PNG.png","width":3133,"height":1633,"caption":"Siban"},"image":{"@id":"http:\/\/dev.siban.com\/#\/schema\/logo\/image\/"}}]}},"_links":{"self":[{"href":"https:\/\/www.siban.com\/fr\/wp-json\/wp\/v2\/pages\/4041","targetHints":{"allow":["GET"]}}],"collection":[{"href":"https:\/\/www.siban.com\/fr\/wp-json\/wp\/v2\/pages"}],"about":[{"href":"https:\/\/www.siban.com\/fr\/wp-json\/wp\/v2\/types\/page"}],"author":[{"embeddable":true,"href":"https:\/\/www.siban.com\/fr\/wp-json\/wp\/v2\/users\/2"}],"replies":[{"embeddable":true,"href":"https:\/\/www.siban.com\/fr\/wp-json\/wp\/v2\/comments?post=4041"}],"version-history":[{"count":48,"href":"https:\/\/www.siban.com\/fr\/wp-json\/wp\/v2\/pages\/4041\/revisions"}],"predecessor-version":[{"id":138769,"href":"https:\/\/www.siban.com\/fr\/wp-json\/wp\/v2\/pages\/4041\/revisions\/138769"}],"wp:attachment":[{"href":"https:\/\/www.siban.com\/fr\/wp-json\/wp\/v2\/media?parent=4041"}],"curies":[{"name":"wp","href":"https:\/\/api.w.org\/{rel}","templated":true}]}}