{"id":4032,"date":"2017-10-17T08:56:59","date_gmt":"2017-10-17T07:56:59","guid":{"rendered":"https:\/\/www.siban.com\/?page_id=4032\/"},"modified":"2025-10-21T10:37:36","modified_gmt":"2025-10-21T09:37:36","slug":"beltsiflex-bandaboard-2","status":"publish","type":"page","link":"https:\/\/www.siban.com\/fr\/beltsiflex-bandaboard-2\/","title":{"rendered":"Beltsiflex\u00ae Bandabord"},"content":{"rendered":"<section class=\"l-section wpb_row height_small\"><div class=\"l-section-h i-cf\"><div class=\"g-cols vc_row via_grid cols_1 laptops-cols_inherit tablets-cols_inherit mobiles-cols_1 valign_top type_default stacking_default\"><div class=\"wpb_column vc_column_container\"><div class=\"vc_column-inner\"><h2 class=\"w-text us_custom_eb849559\"><span class=\"w-text-h\"><span class=\"w-text-value\">Bandabord Beltsiflex\u00ae<\/span><\/span><\/h2><\/div><\/div><\/div><\/div><\/section><section class=\"l-section wpb_row height_small\"><div class=\"l-section-h i-cf\"><div class=\"g-cols vc_row via_grid cols_4 laptops-cols_inherit tablets-cols_inherit mobiles-cols_1 valign_top type_default stacking_default\"><div class=\"wpb_column vc_column_container\"><div class=\"vc_column-inner\"><div class=\"w-image align_center\"><a href=\"http:\/\/www.siban.com\/fr\/tasseaux-transversaux-2\/\" aria-label=\"perfiles_transversales\" class=\"w-image-h\"><img decoding=\"async\" width=\"350\" height=\"225\" src=\"https:\/\/www.siban.com\/wp-content\/uploads\/2016\/06\/perfiles_transversales-1.jpg\" class=\"attachment-large size-large\" alt=\"\" loading=\"lazy\" \/><\/a><\/div><div class=\"w-separator size_small\"><\/div><div class=\"wpb_text_column\"><div class=\"wpb_wrapper\"><h3 style=\"text-align: center;\"><a href=\"https:\/\/www.siban.com\/fr\/tasseaux-transversaux-2\/\"><strong><span style=\"color: #002eb0;\">Profils transversaux<\/span><\/strong><\/a><\/h3>\n<\/div><\/div><\/div><\/div><div class=\"wpb_column vc_column_container\"><div class=\"vc_column-inner\"><div class=\"w-image align_center\"><a href=\"http:\/\/www.siban.com\/fr\/bords-de-contenances-2\/\" aria-label=\"bordes_contencion_siban\" class=\"w-image-h\"><img decoding=\"async\" width=\"350\" height=\"225\" src=\"https:\/\/www.siban.com\/wp-content\/uploads\/2016\/06\/bordes_contencion_siban.jpg\" class=\"attachment-large size-large\" alt=\"\" loading=\"lazy\" \/><\/a><\/div><div class=\"w-separator size_small\"><\/div><div class=\"wpb_text_column\"><div class=\"wpb_wrapper\"><h3 style=\"text-align: center;\"><a href=\"https:\/\/www.siban.com\/fr\/bords-de-contenances-2\/\"><strong><span style=\"color: #002eb0;\">Bords de contenance<\/span><\/strong><\/a><\/h3>\n<\/div><\/div><\/div><\/div><div class=\"wpb_column vc_column_container\"><div class=\"vc_column-inner\"><div class=\"w-image align_center\"><a href=\"http:\/\/www.siban.com\/fr\/bandes-base\/\" aria-label=\"bandas_base_siban\" class=\"w-image-h\"><img decoding=\"async\" width=\"350\" height=\"225\" src=\"https:\/\/www.siban.com\/wp-content\/uploads\/2016\/06\/bandas_base_siban-1.jpg\" class=\"attachment-large size-large\" alt=\"\" loading=\"lazy\" \/><\/a><\/div><div class=\"w-separator size_small\"><\/div><div class=\"wpb_text_column\"><div class=\"wpb_wrapper\"><h3 style=\"text-align: center;\"><a href=\"https:\/\/www.siban.com\/fr\/bandes-base\/\"><strong><span style=\"color: #002eb0;\">Bandes base<\/span><\/strong><\/a><\/h3>\n<\/div><\/div><\/div><\/div><div class=\"wpb_column vc_column_container\"><div class=\"vc_column-inner\"><div class=\"w-image align_center\"><a href=\"http:\/\/www.siban.com\/fr\/accesoires\/\" aria-label=\"accesorios300x225\" class=\"w-image-h\"><img decoding=\"async\" width=\"350\" height=\"225\" src=\"https:\/\/www.siban.com\/wp-content\/uploads\/2016\/06\/Accesorios300x225.jpg\" class=\"attachment-large size-large\" alt=\"\" loading=\"lazy\" \/><\/a><\/div><div class=\"w-separator size_small\"><\/div><div class=\"wpb_text_column\"><div class=\"wpb_wrapper\"><h3 style=\"text-align: center;\"><a href=\"https:\/\/www.siban.com\/fr\/accesoires\/\"><strong><span style=\"color: #002eb0;\">Accesoires<\/span><\/strong><\/a><\/h3>\n<\/div><\/div><\/div><\/div><\/div><\/div><\/section><section class=\"l-section wpb_row height_small\"><div class=\"l-section-h i-cf\"><div class=\"g-cols vc_row via_grid cols_2 laptops-cols_inherit tablets-cols_inherit mobiles-cols_1 valign_top type_default stacking_default\"><div class=\"wpb_column vc_column_container\"><div class=\"vc_column-inner\"><div class=\"wpb_text_column\"><div class=\"wpb_wrapper\"><h3><strong><span style=\"color: #002eb0;\">LE<\/span><span style=\"color: #002eb0;\"> CONCEPT BELTSIFLEX\u00ae<\/span><\/strong><\/h3>\n<p>Les bandes transporteuses \u00e9quip\u00e9es de bords de contenance et de tasseaux ont \u00e9t\u00e9 con\u00e7ues, principalement, pour des <strong>plans tr\u00e8s inclin\u00e9s<\/strong>, allant jusqu\u2019\u00e0 90\u00ba (plan vertical).<\/p>\n<p>Ces bandes, d\u2019une grande flexibilit\u00e9, permettent de passer du transport horizontal au transport vertical et vice versa et, elles sont m\u00eame capables de s\u2019adapter aux diverses configurations qui pourraient se pr\u00e9senter.<\/p>\n<ul>\n<li>Multiplication par\u00a0<strong>4 de la capacit\u00e9 de transport<\/strong>, par rapport \u00e0 d\u2019autres types de bandes conventionnelles de m\u00eame largueur.<\/li>\n<li><strong>R\u00e9duction de l\u2019espace<\/strong>, gr\u00e2ce \u00e0 la possibilit\u00e9 d\u2019\u00e9lever le mat\u00e9riel sur un plan vertical pour des angles d\u2019inclinaison allant jusqu\u2019\u00e0 90\u00ba.<\/li>\n<li><strong>\u00c9conomie dans la construction de l\u2019installation<\/strong>, gr\u00e2ce \u00e0 un seul convoyeur, selon la hauteur d\u2019\u00e9l\u00e9vation, l\u00e0 o\u00f9 au moins trois convoyeurs conventionnels seraient requis.<\/li>\n<li><strong>R\u00e9duction des co\u00fbts de maintenance<\/strong>, para rapport \u00e0 une installation avec des bandes transporteuses.<\/li>\n<\/ul>\n<\/div><\/div><\/div><\/div><div class=\"wpb_column vc_column_container\"><div class=\"vc_column-inner\"><div class=\"w-image has_ratio align_center\"><div class=\"w-image-h\"><div style=\"padding-bottom:75%\"><\/div><img decoding=\"async\" width=\"1138\" height=\"3555\" src=\"https:\/\/www.siban.com\/wp-content\/uploads\/2024\/05\/bandabord2010.png\" class=\"attachment-full size-full\" alt=\"\" loading=\"lazy\" \/><\/div><\/div><\/div><\/div><\/div><\/div><\/section><section class=\"l-section wpb_row height_small\"><div class=\"l-section-h i-cf\"><div class=\"g-cols vc_row via_grid cols_1 laptops-cols_inherit tablets-cols_inherit mobiles-cols_1 valign_top type_default stacking_default\"><div class=\"wpb_column vc_column_container\"><div class=\"vc_column-inner\"><div class=\"wpb_text_column\"><div class=\"wpb_wrapper\"><h3><strong><span style=\"color: #002eb0;\">INNOVATION TECHNOLOGIQUE<\/span><\/strong><\/h3>\n<p><strong>Le syst\u00e8me Beltsiflex\u00ae<\/strong> est le fruit d\u2019un projet de R&amp;D+i innovant, ayant permis de d\u00e9velopper une technologie de pointe pour la fabrication de bandes via un <strong>nouveau proc\u00e9d\u00e9 robotis\u00e9<\/strong> en constante am\u00e9lioration. Gr\u00e2ce \u00e0 la vulcanisation \u00e0 chaud de l\u2019ensemble des composants, nous garantissons une s\u00e9curit\u00e9 renforc\u00e9e, une stabilit\u00e9 accrue et une durabilit\u00e9 exceptionnelle.<\/p>\n<p>Notre m\u00e9thode exclusive de fabrication offre des adh\u00e9rences jusqu\u2019\u00e0 15 fois sup\u00e9rieures \u00e0 celles obtenues par les proc\u00e9d\u00e9s traditionnels, <strong>supprimant tout risque de d\u00e9chirement<\/strong>.<\/p>\n<p>Par ailleurs, ces bandes Beltsiflex\u00ae peuvent fonctionner sur <strong>des diam\u00e8tres inf\u00e9rieurs<\/strong>, et conservent leur performance d\u2019adh\u00e9rence, m\u00eame apr\u00e8s de longues p\u00e9riodes de stockage.<\/p>\n<\/div><\/div><\/div><\/div><\/div><\/div><\/section><section class=\"l-section wpb_row height_small\"><div class=\"l-section-h i-cf\"><div class=\"g-cols vc_row via_grid cols_custom laptops-cols_inherit tablets-cols_inherit mobiles-cols_1 valign_top type_default stacking_default\"><div class=\"wpb_column vc_column_container\"><div class=\"vc_column-inner\"><\/div><\/div><div class=\"wpb_column vc_column_container\"><div class=\"vc_column-inner\"><h3 class=\"w-text us_custom_eb849559\"><span class=\"w-text-h\"><span class=\"w-text-value\">QUESTIONNAIRE DE CALCUL<\/span><\/span><\/h3><div class=\"w-btn-wrapper align_center\"><a class=\"w-btn us-btn-style_1 icon_atleft\" href=\"https:\/\/www.siban.com\/wp-content\/uploads\/2017\/11\/Questionnaire-Bandabord_fr.pdf\"><i class=\"fas fa-file-alt\"><\/i><span class=\"w-btn-label\">T\u00e9l\u00e9charger<\/span><\/a><\/div><div class=\"w-separator size_small\"><\/div><div class=\"w-btn-wrapper align_center\"><a class=\"w-btn us-btn-style_2 us_custom_a574d586 has_text_color icon_atleft\" href=\"http:\/\/www.siban.com\/fr\/demande-de-devis\/\"><i class=\"fas fa-file-contract\"><\/i><span class=\"w-btn-label\">Demande de devis<\/span><\/a><\/div><\/div><\/div><\/div><\/div><\/section>\n","protected":false},"excerpt":{"rendered":"Bandabord Beltsiflex\u00aeProfils transversaux Bords de contenance Bandes base Accesoires LE CONCEPT BELTSIFLEX\u00ae Les bandes transporteuses \u00e9quip\u00e9es de bords de contenance et de tasseaux ont \u00e9t\u00e9 con\u00e7ues, principalement, pour des plans tr\u00e8s inclin\u00e9s, allant jusqu\u2019\u00e0 90\u00ba (plan vertical). Ces bandes, d\u2019une grande flexibilit\u00e9, permettent de passer du transport horizontal au transport vertical et vice versa et,...","protected":false},"author":2,"featured_media":0,"parent":0,"menu_order":0,"comment_status":"closed","ping_status":"closed","template":"","meta":{"footnotes":""},"class_list":["post-4032","page","type-page","status-publish","hentry"],"yoast_head":"<!-- This site is optimized with the Yoast SEO plugin v27.4 - https:\/\/yoast.com\/product\/yoast-seo-wordpress\/ -->\n<title>Beltsiflex\u00ae Bandabord - Siban<\/title>\n<meta name=\"robots\" content=\"index, follow, max-snippet:-1, max-image-preview:large, max-video-preview:-1\" \/>\n<link rel=\"canonical\" href=\"https:\/\/www.siban.com\/beltsiflex-bandabord\/\" \/>\n<meta property=\"og:locale\" content=\"fr_FR\" \/>\n<meta property=\"og:type\" content=\"article\" \/>\n<meta property=\"og:title\" content=\"Beltsiflex\u00ae Bandabord - Siban\" \/>\n<meta property=\"og:url\" content=\"https:\/\/www.siban.com\/beltsiflex-bandabord\/\" \/>\n<meta property=\"og:site_name\" content=\"Siban\" \/>\n<meta property=\"article:modified_time\" content=\"2025-10-21T09:37:36+00:00\" \/>\n<meta name=\"twitter:card\" content=\"summary_large_image\" \/>\n<meta name=\"twitter:label1\" content=\"Dur\u00e9e de lecture estim\u00e9e\" \/>\n\t<meta name=\"twitter:data1\" content=\"3 minutes\" \/>\n<script type=\"application\/ld+json\" class=\"yoast-schema-graph\">{\"@context\":\"https:\\\/\\\/schema.org\",\"@graph\":[{\"@type\":\"WebPage\",\"@id\":\"https:\\\/\\\/www.siban.com\\\/beltsiflex-bandabord\\\/\",\"url\":\"https:\\\/\\\/www.siban.com\\\/beltsiflex-bandabord\\\/\",\"name\":\"Beltsiflex\u00ae Bandabord - Siban\",\"isPartOf\":{\"@id\":\"http:\\\/\\\/dev.siban.com\\\/#website\"},\"datePublished\":\"2017-10-17T07:56:59+00:00\",\"dateModified\":\"2025-10-21T09:37:36+00:00\",\"breadcrumb\":{\"@id\":\"https:\\\/\\\/www.siban.com\\\/beltsiflex-bandabord\\\/#breadcrumb\"},\"inLanguage\":\"fr-FR\",\"potentialAction\":[{\"@type\":\"ReadAction\",\"target\":[\"https:\\\/\\\/www.siban.com\\\/beltsiflex-bandabord\\\/\"]}]},{\"@type\":\"BreadcrumbList\",\"@id\":\"https:\\\/\\\/www.siban.com\\\/beltsiflex-bandabord\\\/#breadcrumb\",\"itemListElement\":[{\"@type\":\"ListItem\",\"position\":1,\"name\":\"Inicio\",\"item\":\"https:\\\/\\\/www.siban.com\\\/\"},{\"@type\":\"ListItem\",\"position\":2,\"name\":\"Beltsiflex\u00ae Bandabord\"}]},{\"@type\":\"WebSite\",\"@id\":\"http:\\\/\\\/dev.siban.com\\\/#website\",\"url\":\"http:\\\/\\\/dev.siban.com\\\/\",\"name\":\"Siban\",\"description\":\"Bandas transportadoras\",\"publisher\":{\"@id\":\"http:\\\/\\\/dev.siban.com\\\/#organization\"},\"potentialAction\":[{\"@type\":\"SearchAction\",\"target\":{\"@type\":\"EntryPoint\",\"urlTemplate\":\"http:\\\/\\\/dev.siban.com\\\/?s={search_term_string}\"},\"query-input\":{\"@type\":\"PropertyValueSpecification\",\"valueRequired\":true,\"valueName\":\"search_term_string\"}}],\"inLanguage\":\"fr-FR\"},{\"@type\":\"Organization\",\"@id\":\"http:\\\/\\\/dev.siban.com\\\/#organization\",\"name\":\"Siban\",\"url\":\"http:\\\/\\\/dev.siban.com\\\/\",\"logo\":{\"@type\":\"ImageObject\",\"inLanguage\":\"fr-FR\",\"@id\":\"http:\\\/\\\/dev.siban.com\\\/#\\\/schema\\\/logo\\\/image\\\/\",\"url\":\"https:\\\/\\\/www.siban.com\\\/wp-content\\\/uploads\\\/2024\\\/07\\\/Siban-Beltsiflex-PNG.png\",\"contentUrl\":\"https:\\\/\\\/www.siban.com\\\/wp-content\\\/uploads\\\/2024\\\/07\\\/Siban-Beltsiflex-PNG.png\",\"width\":3133,\"height\":1633,\"caption\":\"Siban\"},\"image\":{\"@id\":\"http:\\\/\\\/dev.siban.com\\\/#\\\/schema\\\/logo\\\/image\\\/\"}}]}<\/script>\n<!-- \/ Yoast SEO plugin. -->","yoast_head_json":{"title":"Beltsiflex\u00ae Bandabord - Siban","robots":{"index":"index","follow":"follow","max-snippet":"max-snippet:-1","max-image-preview":"max-image-preview:large","max-video-preview":"max-video-preview:-1"},"canonical":"https:\/\/www.siban.com\/beltsiflex-bandabord\/","og_locale":"fr_FR","og_type":"article","og_title":"Beltsiflex\u00ae Bandabord - Siban","og_url":"https:\/\/www.siban.com\/beltsiflex-bandabord\/","og_site_name":"Siban","article_modified_time":"2025-10-21T09:37:36+00:00","twitter_card":"summary_large_image","twitter_misc":{"Dur\u00e9e de lecture estim\u00e9e":"3 minutes"},"schema":{"@context":"https:\/\/schema.org","@graph":[{"@type":"WebPage","@id":"https:\/\/www.siban.com\/beltsiflex-bandabord\/","url":"https:\/\/www.siban.com\/beltsiflex-bandabord\/","name":"Beltsiflex\u00ae Bandabord - Siban","isPartOf":{"@id":"http:\/\/dev.siban.com\/#website"},"datePublished":"2017-10-17T07:56:59+00:00","dateModified":"2025-10-21T09:37:36+00:00","breadcrumb":{"@id":"https:\/\/www.siban.com\/beltsiflex-bandabord\/#breadcrumb"},"inLanguage":"fr-FR","potentialAction":[{"@type":"ReadAction","target":["https:\/\/www.siban.com\/beltsiflex-bandabord\/"]}]},{"@type":"BreadcrumbList","@id":"https:\/\/www.siban.com\/beltsiflex-bandabord\/#breadcrumb","itemListElement":[{"@type":"ListItem","position":1,"name":"Inicio","item":"https:\/\/www.siban.com\/"},{"@type":"ListItem","position":2,"name":"Beltsiflex\u00ae Bandabord"}]},{"@type":"WebSite","@id":"http:\/\/dev.siban.com\/#website","url":"http:\/\/dev.siban.com\/","name":"Siban","description":"Bandas transportadoras","publisher":{"@id":"http:\/\/dev.siban.com\/#organization"},"potentialAction":[{"@type":"SearchAction","target":{"@type":"EntryPoint","urlTemplate":"http:\/\/dev.siban.com\/?s={search_term_string}"},"query-input":{"@type":"PropertyValueSpecification","valueRequired":true,"valueName":"search_term_string"}}],"inLanguage":"fr-FR"},{"@type":"Organization","@id":"http:\/\/dev.siban.com\/#organization","name":"Siban","url":"http:\/\/dev.siban.com\/","logo":{"@type":"ImageObject","inLanguage":"fr-FR","@id":"http:\/\/dev.siban.com\/#\/schema\/logo\/image\/","url":"https:\/\/www.siban.com\/wp-content\/uploads\/2024\/07\/Siban-Beltsiflex-PNG.png","contentUrl":"https:\/\/www.siban.com\/wp-content\/uploads\/2024\/07\/Siban-Beltsiflex-PNG.png","width":3133,"height":1633,"caption":"Siban"},"image":{"@id":"http:\/\/dev.siban.com\/#\/schema\/logo\/image\/"}}]}},"_links":{"self":[{"href":"https:\/\/www.siban.com\/fr\/wp-json\/wp\/v2\/pages\/4032","targetHints":{"allow":["GET"]}}],"collection":[{"href":"https:\/\/www.siban.com\/fr\/wp-json\/wp\/v2\/pages"}],"about":[{"href":"https:\/\/www.siban.com\/fr\/wp-json\/wp\/v2\/types\/page"}],"author":[{"embeddable":true,"href":"https:\/\/www.siban.com\/fr\/wp-json\/wp\/v2\/users\/2"}],"replies":[{"embeddable":true,"href":"https:\/\/www.siban.com\/fr\/wp-json\/wp\/v2\/comments?post=4032"}],"version-history":[{"count":28,"href":"https:\/\/www.siban.com\/fr\/wp-json\/wp\/v2\/pages\/4032\/revisions"}],"predecessor-version":[{"id":138379,"href":"https:\/\/www.siban.com\/fr\/wp-json\/wp\/v2\/pages\/4032\/revisions\/138379"}],"wp:attachment":[{"href":"https:\/\/www.siban.com\/fr\/wp-json\/wp\/v2\/media?parent=4032"}],"curies":[{"name":"wp","href":"https:\/\/api.w.org\/{rel}","templated":true}]}}