{"id":4009,"date":"2017-10-16T14:28:15","date_gmt":"2017-10-16T13:28:15","guid":{"rendered":"https:\/\/www.siban.com\/?page_id=4009\/"},"modified":"2025-08-27T10:46:20","modified_gmt":"2025-08-27T09:46:20","slug":"bandes-a-chevrons-fabrication-speciale","status":"publish","type":"page","link":"https:\/\/www.siban.com\/fr\/beltsiflex-bandes-a-chevrons\/bandes-a-chevrons-fabrication-speciale\/","title":{"rendered":"Bandes \u00e0 chevrons fabrication sp\u00e9ciale"},"content":{"rendered":"<section class=\"l-section wpb_row height_small\"><div class=\"l-section-h i-cf\"><div class=\"g-cols vc_row via_grid cols_1 laptops-cols_inherit tablets-cols_inherit mobiles-cols_1 valign_top type_default stacking_default\"><div class=\"wpb_column vc_column_container\"><div class=\"vc_column-inner\"><h2 class=\"w-text us_custom_eb849559\"><span class=\"w-text-h\"><span class=\"w-text-value\">Bandes \u00e0 chevrons de fabrication sp\u00e9ciale<\/span><\/span><\/h2><\/div><\/div><\/div><\/div><\/section><section class=\"l-section wpb_row height_small\"><div class=\"l-section-h i-cf\"><div class=\"g-cols vc_row via_grid cols_4 laptops-cols_inherit tablets-cols_inherit mobiles-cols_1 valign_top type_default stacking_default\"><div class=\"wpb_column vc_column_container\"><div class=\"vc_column-inner\"><div class=\"w-image align_none\"><div class=\"w-image-h\"><img decoding=\"async\" width=\"900\" height=\"900\" src=\"https:\/\/www.siban.com\/wp-content\/uploads\/2017\/10\/ksn-20-360.jpg\" class=\"attachment-large size-large\" alt=\"\" loading=\"lazy\" srcset=\"https:\/\/www.siban.com\/wp-content\/uploads\/2017\/10\/ksn-20-360.jpg 900w, https:\/\/www.siban.com\/wp-content\/uploads\/2017\/10\/ksn-20-360-480x480.jpg 480w, https:\/\/www.siban.com\/wp-content\/uploads\/2017\/10\/ksn-20-360-150x150.jpg 150w, https:\/\/www.siban.com\/wp-content\/uploads\/2017\/10\/ksn-20-360-510x510.jpg 510w, https:\/\/www.siban.com\/wp-content\/uploads\/2017\/10\/ksn-20-360-768x768.jpg 768w, https:\/\/www.siban.com\/wp-content\/uploads\/2017\/10\/ksn-20-360-120x120.jpg 120w, https:\/\/www.siban.com\/wp-content\/uploads\/2017\/10\/ksn-20-360-270x270.jpg 270w, https:\/\/www.siban.com\/wp-content\/uploads\/2017\/10\/ksn-20-360-780x780.jpg 780w, https:\/\/www.siban.com\/wp-content\/uploads\/2017\/10\/ksn-20-360-439x439.jpg 439w, https:\/\/www.siban.com\/wp-content\/uploads\/2017\/10\/ksn-20-360-675x675.jpg 675w, https:\/\/www.siban.com\/wp-content\/uploads\/2017\/10\/ksn-20-360-880x880.jpg 880w\" sizes=\"auto, (max-width: 900px) 100vw, 900px\" \/><\/div><\/div><div class=\"wpb_text_column\"><div class=\"wpb_wrapper\"><h3 style=\"text-align: center;\"><a href=\"https:\/\/www.siban.com\/fr\/beltsiflex-bandes-a-chevrons\/bandes-a-chevrons-fabrication-speciale\/ksr-15\/\"><span style=\"color: #002eb0;\">Bande \u00e0 chevrons<\/span><\/a> <a href=\"https:\/\/www.siban.com\/fr\/beltsiflex-bandes-a-chevrons\/bandes-a-chevrons-fabrication-speciale\/ksr-15\/\"><span style=\"color: #002eb0;\">KSR-15<\/span><\/a><\/h3>\n<\/div><\/div><\/div><\/div><div class=\"wpb_column vc_column_container\"><div class=\"vc_column-inner\"><div class=\"w-image align_none\"><div class=\"w-image-h\"><img decoding=\"async\" width=\"900\" height=\"900\" src=\"https:\/\/www.siban.com\/wp-content\/uploads\/2024\/04\/ksv-15-1500.jpg\" class=\"attachment-large size-large\" alt=\"\" loading=\"lazy\" srcset=\"https:\/\/www.siban.com\/wp-content\/uploads\/2024\/04\/ksv-15-1500.jpg 900w, https:\/\/www.siban.com\/wp-content\/uploads\/2024\/04\/ksv-15-1500-480x480.jpg 480w, https:\/\/www.siban.com\/wp-content\/uploads\/2024\/04\/ksv-15-1500-150x150.jpg 150w, https:\/\/www.siban.com\/wp-content\/uploads\/2024\/04\/ksv-15-1500-510x510.jpg 510w\" sizes=\"auto, (max-width: 900px) 100vw, 900px\" \/><\/div><\/div><div class=\"wpb_text_column\"><div class=\"wpb_wrapper\"><h3 style=\"text-align: center;\"><a href=\"https:\/\/www.siban.com\/fr\/beltsiflex-bandes-a-chevrons\/bandes-a-chevrons-fabrication-speciale\/ksv-15\/\"><span style=\"color: #002eb0;\">Bande \u00e0 chevrons<\/span><\/a> <a href=\"https:\/\/www.siban.com\/fr\/beltsiflex-bandes-a-chevrons\/bandes-a-chevrons-fabrication-speciale\/ksv-15\/\"><span style=\"color: #002eb0;\">KSV-15<\/span><\/a><\/h3>\n<\/div><\/div><\/div><\/div><div class=\"wpb_column vc_column_container\"><div class=\"vc_column-inner\"><div class=\"w-image align_none\"><div class=\"w-image-h\"><img decoding=\"async\" width=\"900\" height=\"900\" src=\"https:\/\/www.siban.com\/wp-content\/uploads\/2024\/04\/ksy-15-770.jpg\" class=\"attachment-large size-large\" alt=\"\" loading=\"lazy\" srcset=\"https:\/\/www.siban.com\/wp-content\/uploads\/2024\/04\/ksy-15-770.jpg 900w, https:\/\/www.siban.com\/wp-content\/uploads\/2024\/04\/ksy-15-770-480x480.jpg 480w, https:\/\/www.siban.com\/wp-content\/uploads\/2024\/04\/ksy-15-770-150x150.jpg 150w, https:\/\/www.siban.com\/wp-content\/uploads\/2024\/04\/ksy-15-770-510x510.jpg 510w\" sizes=\"auto, (max-width: 900px) 100vw, 900px\" \/><\/div><\/div><div class=\"wpb_text_column\"><div class=\"wpb_wrapper\"><h3 style=\"text-align: center;\"><a href=\"https:\/\/www.siban.com\/fr\/beltsiflex-bandes-a-chevrons\/bandes-a-chevrons-fabrication-speciale\/ksy-15\/\"><span style=\"color: #002eb0;\">Bande \u00e0 chevrons<\/span><\/a> <a href=\"https:\/\/www.siban.com\/fr\/beltsiflex-bandes-a-chevrons\/bandes-a-chevrons-fabrication-speciale\/ksy-15\/\"><span style=\"color: #002eb0;\">KSY-15<\/span><\/a><\/h3>\n<\/div><\/div><\/div><\/div><div class=\"wpb_column vc_column_container\"><div class=\"vc_column-inner\"><div class=\"w-image align_none\"><div class=\"w-image-h\"><img decoding=\"async\" width=\"900\" height=\"900\" src=\"https:\/\/www.siban.com\/wp-content\/uploads\/2024\/04\/ksn-20-360.jpg\" class=\"attachment-large size-large\" alt=\"\" loading=\"lazy\" srcset=\"https:\/\/www.siban.com\/wp-content\/uploads\/2024\/04\/ksn-20-360.jpg 900w, https:\/\/www.siban.com\/wp-content\/uploads\/2024\/04\/ksn-20-360-480x480.jpg 480w, https:\/\/www.siban.com\/wp-content\/uploads\/2024\/04\/ksn-20-360-150x150.jpg 150w, https:\/\/www.siban.com\/wp-content\/uploads\/2024\/04\/ksn-20-360-510x510.jpg 510w\" sizes=\"auto, (max-width: 900px) 100vw, 900px\" \/><\/div><\/div><div class=\"wpb_text_column\"><div class=\"wpb_wrapper\"><h3 style=\"text-align: center;\"><a href=\"https:\/\/www.siban.com\/fr\/beltsiflex-bandes-a-chevrons\/bandes-a-chevrons-fabrication-speciale\/ksn-15\/\"><span style=\"color: #002eb0;\">Bande \u00e0 chevrons <\/span><\/a><a href=\"https:\/\/www.siban.com\/fr\/beltsiflex-bandes-a-chevrons\/bandes-a-chevrons-fabrication-speciale\/ksn-15\/\"><span style=\"color: #002eb0;\">KSN-15<\/span><\/a><\/h3>\n<\/div><\/div><\/div><\/div><\/div><\/div><\/section><section class=\"l-section wpb_row height_small\"><div class=\"l-section-h i-cf\"><div class=\"g-cols vc_row via_grid cols_4 laptops-cols_inherit tablets-cols_inherit mobiles-cols_1 valign_top type_default stacking_default\"><div class=\"wpb_column vc_column_container\"><div class=\"vc_column-inner\"><div class=\"w-image align_none\"><div class=\"w-image-h\"><img decoding=\"async\" width=\"900\" height=\"900\" src=\"https:\/\/www.siban.com\/wp-content\/uploads\/2024\/04\/ksn-20-360.jpg\" class=\"attachment-large size-large\" alt=\"\" loading=\"lazy\" srcset=\"https:\/\/www.siban.com\/wp-content\/uploads\/2024\/04\/ksn-20-360.jpg 900w, https:\/\/www.siban.com\/wp-content\/uploads\/2024\/04\/ksn-20-360-480x480.jpg 480w, https:\/\/www.siban.com\/wp-content\/uploads\/2024\/04\/ksn-20-360-150x150.jpg 150w, https:\/\/www.siban.com\/wp-content\/uploads\/2024\/04\/ksn-20-360-510x510.jpg 510w\" sizes=\"auto, (max-width: 900px) 100vw, 900px\" \/><\/div><\/div><div class=\"wpb_text_column\"><div class=\"wpb_wrapper\"><h3 style=\"text-align: center;\"><a href=\"https:\/\/www.siban.com\/fr\/beltsiflex-bandes-a-chevrons\/bandes-a-chevrons-fabrication-speciale\/ksn-20\/\"><span style=\"color: #002eb0;\">Bande \u00e0 chevrons<\/span><\/a> <a href=\"https:\/\/www.siban.com\/fr\/beltsiflex-bandes-a-chevrons\/bandes-a-chevrons-fabrication-speciale\/ksn-20\/\"><span style=\"color: #002eb0;\">KSN-20<\/span><\/a><\/h3>\n<\/div><\/div><\/div><\/div><div class=\"wpb_column vc_column_container\"><div class=\"vc_column-inner\"><div class=\"w-image align_none\"><div class=\"w-image-h\"><img decoding=\"async\" width=\"900\" height=\"900\" src=\"https:\/\/www.siban.com\/wp-content\/uploads\/2024\/04\/ksn-25-850.jpg\" class=\"attachment-large size-large\" alt=\"\" loading=\"lazy\" srcset=\"https:\/\/www.siban.com\/wp-content\/uploads\/2024\/04\/ksn-25-850.jpg 900w, https:\/\/www.siban.com\/wp-content\/uploads\/2024\/04\/ksn-25-850-480x480.jpg 480w, https:\/\/www.siban.com\/wp-content\/uploads\/2024\/04\/ksn-25-850-150x150.jpg 150w, https:\/\/www.siban.com\/wp-content\/uploads\/2024\/04\/ksn-25-850-510x510.jpg 510w\" sizes=\"auto, (max-width: 900px) 100vw, 900px\" \/><\/div><\/div><div class=\"wpb_text_column\"><div class=\"wpb_wrapper\"><h3 style=\"text-align: center;\"><a href=\"https:\/\/www.siban.com\/fr\/beltsiflex-bandes-a-chevrons\/bandes-a-chevrons-fabrication-speciale\/ksn-25\/\"><span style=\"color: #002eb0;\">Bande \u00e0 chevrons <\/span><\/a><a href=\"https:\/\/www.siban.com\/fr\/beltsiflex-bandes-a-chevrons\/bandes-a-chevrons-fabrication-speciale\/ksn-25\/\"><span style=\"color: #002eb0;\">KSN-25<\/span><\/a><\/h3>\n<\/div><\/div><\/div><\/div><div class=\"wpb_column vc_column_container\"><div class=\"vc_column-inner\"><div class=\"w-image align_none\"><div class=\"w-image-h\"><img decoding=\"async\" width=\"900\" height=\"900\" src=\"https:\/\/www.siban.com\/wp-content\/uploads\/2024\/04\/ksn-30-1500.jpg\" class=\"attachment-large size-large\" alt=\"\" loading=\"lazy\" srcset=\"https:\/\/www.siban.com\/wp-content\/uploads\/2024\/04\/ksn-30-1500.jpg 900w, https:\/\/www.siban.com\/wp-content\/uploads\/2024\/04\/ksn-30-1500-480x480.jpg 480w, https:\/\/www.siban.com\/wp-content\/uploads\/2024\/04\/ksn-30-1500-150x150.jpg 150w, https:\/\/www.siban.com\/wp-content\/uploads\/2024\/04\/ksn-30-1500-510x510.jpg 510w\" sizes=\"auto, (max-width: 900px) 100vw, 900px\" \/><\/div><\/div><div class=\"wpb_text_column\"><div class=\"wpb_wrapper\"><h3 style=\"text-align: center;\"><a href=\"https:\/\/www.siban.com\/fr\/beltsiflex-bandes-a-chevrons\/bandes-a-chevrons-fabrication-speciale\/ksn-30\/\"><span style=\"color: #002eb0;\">Bande \u00e0 chevrons <\/span><\/a><a href=\"https:\/\/www.siban.com\/fr\/beltsiflex-bandes-a-chevrons\/bandes-a-chevrons-fabrication-speciale\/ksn-30\/\"><span style=\"color: #002eb0;\">KSN-30<\/span><\/a><\/h3>\n<\/div><\/div><\/div><\/div><div class=\"wpb_column vc_column_container\"><div class=\"vc_column-inner\"><div class=\"w-image align_none\"><div class=\"w-image-h\"><img decoding=\"async\" width=\"900\" height=\"900\" src=\"https:\/\/www.siban.com\/wp-content\/uploads\/2024\/04\/ksn-35-1350.jpg\" class=\"attachment-large size-large\" alt=\"\" loading=\"lazy\" srcset=\"https:\/\/www.siban.com\/wp-content\/uploads\/2024\/04\/ksn-35-1350.jpg 900w, https:\/\/www.siban.com\/wp-content\/uploads\/2024\/04\/ksn-35-1350-480x480.jpg 480w, https:\/\/www.siban.com\/wp-content\/uploads\/2024\/04\/ksn-35-1350-150x150.jpg 150w, https:\/\/www.siban.com\/wp-content\/uploads\/2024\/04\/ksn-35-1350-510x510.jpg 510w\" sizes=\"auto, (max-width: 900px) 100vw, 900px\" \/><\/div><\/div><div class=\"wpb_text_column\"><div class=\"wpb_wrapper\"><h3 style=\"text-align: center;\"><a href=\"https:\/\/www.siban.com\/fr\/beltsiflex-bandes-a-chevrons\/bandes-a-chevrons-fabrication-speciale\/ksn-35\/\"><span style=\"color: #002eb0;\">Bande \u00e0 chevrons<\/span><\/a> <a href=\"https:\/\/www.siban.com\/fr\/beltsiflex-bandes-a-chevrons\/bandes-a-chevrons-fabrication-speciale\/ksn-35\/\"><span style=\"color: #002eb0;\">KSN-35<\/span><\/a><\/h3>\n<\/div><\/div><\/div><\/div><\/div><\/div><\/section><section class=\"l-section wpb_row height_small\"><div class=\"l-section-h i-cf\"><div class=\"g-cols vc_row via_grid cols_4 laptops-cols_inherit tablets-cols_inherit mobiles-cols_1 valign_top type_default stacking_default\"><div class=\"wpb_column vc_column_container\"><div class=\"vc_column-inner\"><div class=\"w-image align_none\"><div class=\"w-image-h\"><img decoding=\"async\" width=\"900\" height=\"900\" src=\"https:\/\/www.siban.com\/wp-content\/uploads\/2024\/04\/ksn-50-1500.jpg\" class=\"attachment-large size-large\" alt=\"\" loading=\"lazy\" srcset=\"https:\/\/www.siban.com\/wp-content\/uploads\/2024\/04\/ksn-50-1500.jpg 900w, https:\/\/www.siban.com\/wp-content\/uploads\/2024\/04\/ksn-50-1500-480x480.jpg 480w, https:\/\/www.siban.com\/wp-content\/uploads\/2024\/04\/ksn-50-1500-150x150.jpg 150w, https:\/\/www.siban.com\/wp-content\/uploads\/2024\/04\/ksn-50-1500-510x510.jpg 510w\" sizes=\"auto, (max-width: 900px) 100vw, 900px\" \/><\/div><\/div><div class=\"wpb_text_column\"><div class=\"wpb_wrapper\"><h3 style=\"text-align: center;\"><a href=\"https:\/\/www.siban.com\/fr\/beltsiflex-bandes-a-chevrons\/bandes-a-chevrons-fabrication-speciale\/ksn-50\/\"><span style=\"color: #002eb0;\">Bande \u00e0 chevrons<\/span><\/a> <a href=\"https:\/\/www.siban.com\/fr\/beltsiflex-bandes-a-chevrons\/bandes-a-chevrons-fabrication-speciale\/ksn-50\/\"><span style=\"color: #002eb0;\">KSN-50<\/span><\/a><\/h3>\n<\/div><\/div><\/div><\/div><\/div><\/div><\/section>\n","protected":false},"excerpt":{"rendered":"Bandes \u00e0 chevrons de fabrication sp\u00e9cialeBande \u00e0 chevrons KSR-15 Bande \u00e0 chevrons KSV-15 Bande \u00e0 chevrons KSY-15 Bande \u00e0 chevrons KSN-15 Bande \u00e0 chevrons KSN-20 Bande \u00e0 chevrons KSN-25 Bande \u00e0 chevrons KSN-30 Bande \u00e0 chevrons KSN-35 Bande \u00e0 chevrons KSN-50","protected":false},"author":2,"featured_media":0,"parent":4006,"menu_order":0,"comment_status":"closed","ping_status":"closed","template":"","meta":{"footnotes":""},"class_list":["post-4009","page","type-page","status-publish","hentry"],"yoast_head":"<!-- This site is optimized with the Yoast SEO plugin v27.4 - https:\/\/yoast.com\/product\/yoast-seo-wordpress\/ -->\n<title>Bandes \u00e0 chevrons fabrication sp\u00e9ciale - Siban<\/title>\n<meta name=\"robots\" content=\"index, follow, max-snippet:-1, max-image-preview:large, max-video-preview:-1\" \/>\n<link rel=\"canonical\" href=\"https:\/\/www.siban.com\/bandas-nervadas\/bandas-nervadas-bajo-produccion-especial\/\" \/>\n<meta property=\"og:locale\" content=\"fr_FR\" \/>\n<meta property=\"og:type\" content=\"article\" \/>\n<meta property=\"og:title\" content=\"Bandes \u00e0 chevrons fabrication sp\u00e9ciale - Siban\" \/>\n<meta property=\"og:url\" content=\"https:\/\/www.siban.com\/bandas-nervadas\/bandas-nervadas-bajo-produccion-especial\/\" \/>\n<meta property=\"og:site_name\" content=\"Siban\" \/>\n<meta property=\"article:modified_time\" content=\"2025-08-27T09:46:20+00:00\" \/>\n<meta name=\"twitter:card\" content=\"summary_large_image\" \/>\n<meta name=\"twitter:label1\" content=\"Dur\u00e9e de lecture estim\u00e9e\" \/>\n\t<meta name=\"twitter:data1\" content=\"1 minute\" \/>\n<script type=\"application\/ld+json\" class=\"yoast-schema-graph\">{\"@context\":\"https:\\\/\\\/schema.org\",\"@graph\":[{\"@type\":\"WebPage\",\"@id\":\"https:\\\/\\\/www.siban.com\\\/bandas-nervadas\\\/bandas-nervadas-bajo-produccion-especial\\\/\",\"url\":\"https:\\\/\\\/www.siban.com\\\/bandas-nervadas\\\/bandas-nervadas-bajo-produccion-especial\\\/\",\"name\":\"Bandes \u00e0 chevrons fabrication sp\u00e9ciale - Siban\",\"isPartOf\":{\"@id\":\"http:\\\/\\\/dev.siban.com\\\/#website\"},\"datePublished\":\"2017-10-16T13:28:15+00:00\",\"dateModified\":\"2025-08-27T09:46:20+00:00\",\"breadcrumb\":{\"@id\":\"https:\\\/\\\/www.siban.com\\\/bandas-nervadas\\\/bandas-nervadas-bajo-produccion-especial\\\/#breadcrumb\"},\"inLanguage\":\"fr-FR\",\"potentialAction\":[{\"@type\":\"ReadAction\",\"target\":[\"https:\\\/\\\/www.siban.com\\\/bandas-nervadas\\\/bandas-nervadas-bajo-produccion-especial\\\/\"]}]},{\"@type\":\"BreadcrumbList\",\"@id\":\"https:\\\/\\\/www.siban.com\\\/bandas-nervadas\\\/bandas-nervadas-bajo-produccion-especial\\\/#breadcrumb\",\"itemListElement\":[{\"@type\":\"ListItem\",\"position\":1,\"name\":\"Inicio\",\"item\":\"https:\\\/\\\/www.siban.com\\\/\"},{\"@type\":\"ListItem\",\"position\":2,\"name\":\"BELTSIFLEX\u00ae Bandes \u00e0 Chevrons\",\"item\":\"https:\\\/\\\/www.siban.com\\\/bandas-nervadas\\\/\"},{\"@type\":\"ListItem\",\"position\":3,\"name\":\"Bandes \u00e0 chevrons fabrication sp\u00e9ciale\"}]},{\"@type\":\"WebSite\",\"@id\":\"http:\\\/\\\/dev.siban.com\\\/#website\",\"url\":\"http:\\\/\\\/dev.siban.com\\\/\",\"name\":\"Siban\",\"description\":\"Bandas transportadoras\",\"publisher\":{\"@id\":\"http:\\\/\\\/dev.siban.com\\\/#organization\"},\"potentialAction\":[{\"@type\":\"SearchAction\",\"target\":{\"@type\":\"EntryPoint\",\"urlTemplate\":\"http:\\\/\\\/dev.siban.com\\\/?s={search_term_string}\"},\"query-input\":{\"@type\":\"PropertyValueSpecification\",\"valueRequired\":true,\"valueName\":\"search_term_string\"}}],\"inLanguage\":\"fr-FR\"},{\"@type\":\"Organization\",\"@id\":\"http:\\\/\\\/dev.siban.com\\\/#organization\",\"name\":\"Siban\",\"url\":\"http:\\\/\\\/dev.siban.com\\\/\",\"logo\":{\"@type\":\"ImageObject\",\"inLanguage\":\"fr-FR\",\"@id\":\"http:\\\/\\\/dev.siban.com\\\/#\\\/schema\\\/logo\\\/image\\\/\",\"url\":\"https:\\\/\\\/www.siban.com\\\/wp-content\\\/uploads\\\/2024\\\/07\\\/Siban-Beltsiflex-PNG.png\",\"contentUrl\":\"https:\\\/\\\/www.siban.com\\\/wp-content\\\/uploads\\\/2024\\\/07\\\/Siban-Beltsiflex-PNG.png\",\"width\":3133,\"height\":1633,\"caption\":\"Siban\"},\"image\":{\"@id\":\"http:\\\/\\\/dev.siban.com\\\/#\\\/schema\\\/logo\\\/image\\\/\"}}]}<\/script>\n<!-- \/ Yoast SEO plugin. -->","yoast_head_json":{"title":"Bandes \u00e0 chevrons fabrication sp\u00e9ciale - Siban","robots":{"index":"index","follow":"follow","max-snippet":"max-snippet:-1","max-image-preview":"max-image-preview:large","max-video-preview":"max-video-preview:-1"},"canonical":"https:\/\/www.siban.com\/bandas-nervadas\/bandas-nervadas-bajo-produccion-especial\/","og_locale":"fr_FR","og_type":"article","og_title":"Bandes \u00e0 chevrons fabrication sp\u00e9ciale - Siban","og_url":"https:\/\/www.siban.com\/bandas-nervadas\/bandas-nervadas-bajo-produccion-especial\/","og_site_name":"Siban","article_modified_time":"2025-08-27T09:46:20+00:00","twitter_card":"summary_large_image","twitter_misc":{"Dur\u00e9e de lecture estim\u00e9e":"1 minute"},"schema":{"@context":"https:\/\/schema.org","@graph":[{"@type":"WebPage","@id":"https:\/\/www.siban.com\/bandas-nervadas\/bandas-nervadas-bajo-produccion-especial\/","url":"https:\/\/www.siban.com\/bandas-nervadas\/bandas-nervadas-bajo-produccion-especial\/","name":"Bandes \u00e0 chevrons fabrication sp\u00e9ciale - Siban","isPartOf":{"@id":"http:\/\/dev.siban.com\/#website"},"datePublished":"2017-10-16T13:28:15+00:00","dateModified":"2025-08-27T09:46:20+00:00","breadcrumb":{"@id":"https:\/\/www.siban.com\/bandas-nervadas\/bandas-nervadas-bajo-produccion-especial\/#breadcrumb"},"inLanguage":"fr-FR","potentialAction":[{"@type":"ReadAction","target":["https:\/\/www.siban.com\/bandas-nervadas\/bandas-nervadas-bajo-produccion-especial\/"]}]},{"@type":"BreadcrumbList","@id":"https:\/\/www.siban.com\/bandas-nervadas\/bandas-nervadas-bajo-produccion-especial\/#breadcrumb","itemListElement":[{"@type":"ListItem","position":1,"name":"Inicio","item":"https:\/\/www.siban.com\/"},{"@type":"ListItem","position":2,"name":"BELTSIFLEX\u00ae Bandes \u00e0 Chevrons","item":"https:\/\/www.siban.com\/bandas-nervadas\/"},{"@type":"ListItem","position":3,"name":"Bandes \u00e0 chevrons fabrication sp\u00e9ciale"}]},{"@type":"WebSite","@id":"http:\/\/dev.siban.com\/#website","url":"http:\/\/dev.siban.com\/","name":"Siban","description":"Bandas transportadoras","publisher":{"@id":"http:\/\/dev.siban.com\/#organization"},"potentialAction":[{"@type":"SearchAction","target":{"@type":"EntryPoint","urlTemplate":"http:\/\/dev.siban.com\/?s={search_term_string}"},"query-input":{"@type":"PropertyValueSpecification","valueRequired":true,"valueName":"search_term_string"}}],"inLanguage":"fr-FR"},{"@type":"Organization","@id":"http:\/\/dev.siban.com\/#organization","name":"Siban","url":"http:\/\/dev.siban.com\/","logo":{"@type":"ImageObject","inLanguage":"fr-FR","@id":"http:\/\/dev.siban.com\/#\/schema\/logo\/image\/","url":"https:\/\/www.siban.com\/wp-content\/uploads\/2024\/07\/Siban-Beltsiflex-PNG.png","contentUrl":"https:\/\/www.siban.com\/wp-content\/uploads\/2024\/07\/Siban-Beltsiflex-PNG.png","width":3133,"height":1633,"caption":"Siban"},"image":{"@id":"http:\/\/dev.siban.com\/#\/schema\/logo\/image\/"}}]}},"_links":{"self":[{"href":"https:\/\/www.siban.com\/fr\/wp-json\/wp\/v2\/pages\/4009","targetHints":{"allow":["GET"]}}],"collection":[{"href":"https:\/\/www.siban.com\/fr\/wp-json\/wp\/v2\/pages"}],"about":[{"href":"https:\/\/www.siban.com\/fr\/wp-json\/wp\/v2\/types\/page"}],"author":[{"embeddable":true,"href":"https:\/\/www.siban.com\/fr\/wp-json\/wp\/v2\/users\/2"}],"replies":[{"embeddable":true,"href":"https:\/\/www.siban.com\/fr\/wp-json\/wp\/v2\/comments?post=4009"}],"version-history":[{"count":8,"href":"https:\/\/www.siban.com\/fr\/wp-json\/wp\/v2\/pages\/4009\/revisions"}],"predecessor-version":[{"id":4162,"href":"https:\/\/www.siban.com\/fr\/wp-json\/wp\/v2\/pages\/4009\/revisions\/4162"}],"up":[{"embeddable":true,"href":"https:\/\/www.siban.com\/fr\/wp-json\/wp\/v2\/pages\/4006"}],"wp:attachment":[{"href":"https:\/\/www.siban.com\/fr\/wp-json\/wp\/v2\/media?parent=4009"}],"curies":[{"name":"wp","href":"https:\/\/api.w.org\/{rel}","templated":true}]}}