{"id":3995,"date":"2017-10-16T11:39:36","date_gmt":"2017-10-16T10:39:36","guid":{"rendered":"https:\/\/www.siban.com\/?page_id=3995\/"},"modified":"2025-11-24T13:53:48","modified_gmt":"2025-11-24T12:53:48","slug":"bande-auto-centreuse","status":"publish","type":"page","link":"https:\/\/www.siban.com\/fr\/bande-auto-centreuse\/","title":{"rendered":"Bande Auto-Centreuse"},"content":{"rendered":"<section class=\"l-section wpb_row height_small\"><div class=\"l-section-h i-cf\"><div class=\"g-cols vc_row via_grid cols_1 laptops-cols_inherit tablets-cols_inherit mobiles-cols_1 valign_top type_default stacking_default\"><div class=\"wpb_column vc_column_container\"><div class=\"vc_column-inner\"><h2 class=\"w-text us_custom_eb849559\"><span class=\"w-text-h\"><span class=\"w-text-value\">Bandes Auto-Centreuse<\/span><\/span><\/h2><div class=\"w-image has_ratio align_none\"><div class=\"w-image-h\"><div style=\"padding-bottom:20%\"><\/div><img decoding=\"async\" width=\"1200\" height=\"900\" src=\"https:\/\/www.siban.com\/wp-content\/uploads\/2025\/11\/P1010109-1200x900.jpg\" class=\"attachment-large size-large\" alt=\"autocentrante\" loading=\"lazy\" \/><\/div><\/div><div class=\"w-separator size_medium\"><\/div><div class=\"wpb_text_column\"><div class=\"wpb_wrapper\"><p>Fruit de son souci constant d&rsquo;am\u00e9lioration et gr\u00e2ce \u00e0 l&rsquo;effort qu&rsquo;il consacre \u00e0 la recherche et au d\u00e9veloppement, <strong>Siban<\/strong> pr\u00e9sente un nouveau d\u00e9veloppement de bandes transporteuses qui s&rsquo;inscrivent dans le cadre de gamme r\u00e9ussie de produits <strong>Beltsiflex\u00ae.<\/strong><\/p>\n<p>Ce nouveau type de bandes offre un auto-centrage instantan\u00e9 sans n\u00e9cesit\u00e9 de modifier l&rsquo;installation et surtout sans n\u00e9cessit\u00e9 d&rsquo;installer des \u00e9quipements co\u00fbteux ou accessoires compl\u00e9mentaires pour parvenir \u00e0 cette fin.<\/p>\n<p style=\"text-align: justify;\"><span style=\"color: #002eb0;\"><strong>\u00bfPourquoi utiliser ce noveau type de bandes Beltsiflex\u00ae dans votre installation?<\/strong><\/span><\/p>\n<p style=\"text-align: justify;\">Le probl\u00e8me principal auquel la plupart des syst\u00e8mes de convoyage doivent faire face c&rsquo;est le d\u00e9centrage de l&rsquo;axe structurant du syst\u00e8me, c&rsquo;est-\u00e0dire la bande elle-m\u00eame.<\/p>\n<p style=\"text-align: justify;\">Ce d\u00e9centrement entra\u00eene une s\u00e9rie de cons\u00e9quences impr\u00e9vues qui sont les suivantes:<\/p>\n<ul>\n<li style=\"text-align: justify;\">Une obstruction de tout le syst\u00e8me de convoyage en raison des grandes pertes de mat\u00e9riel pouvant entra\u00eener une d\u00e9faillance de l&rsquo;ensemble ou m\u00eame un arr\u00eat comlpet de tout le syst\u00e8me.<\/li>\n<li style=\"text-align: justify;\">Les pertes massives ou prolong\u00e9es de mat\u00e9riel conduisent \u00e0 une perte de rendement et une inh\u00e9rente baisse de la production.<\/li>\n<li style=\"text-align: justify;\">Une d\u00e9terioration des bords de la bande ce qui \u00e0 moyen terme entra\u00eeme une r\u00e9duction de la dur\u00e9e de vuie de la bande.<\/li>\n<\/ul>\n<p>La solution pr\u00e9sent\u00e9e par <strong>Siban<\/strong> \u00e0 travers de sa gamme de produits <strong>Beltiflex\u00ae <\/strong>et de son distributeur agr\u00e9e est la suivante:<\/p>\n<p>Une bande bas\u00e9e sur l&rsquo;utilisation de bandes avec c\u00e2bles m\u00e9talliques et les propri\u00e9t\u00e9s de celle-ci combin\u00e9es avec divers tissus et c\u00e2bles avec diff\u00e9rents modules d&rsquo;\u00e9lasticit\u00e9 et diff\u00e9rentes caract\u00e9ristiques m\u00e9caniques.<\/p>\n<p><span style=\"color: #002eb0;\"><strong>Ce nouveau type de bande Beltsiflex\u00ae est appropri\u00e9e pour les installations suivantes:<\/strong><\/span><\/p>\n<ul>\n<li>Installations portuaires, mines, installations avec convoyeurs qui marchent dans les deux sens, usines chimiques, m\u00e9tallurgies, cimenteries, carri\u00e8res.<\/li>\n<li>Installations avec chargement distribu\u00e9 non uniform\u00e9ment, partie centrale mal charg\u00e9e et zones lat\u00e9rales surcharg\u00e9es<\/li>\n<\/ul>\n<p><span style=\"color: #002eb0;\"><strong>L&rsquo;utilisation de ce nouveau type de bandes Beltsiflex\u00ae\u00a0 a une s\u00e9rie d&rsquo;avantages d\u00e8s son installations:<\/strong><\/span><\/p>\n<ul>\n<li>Plus grande stabilit\u00e9 sur toute la longueur de la bande ce qui \u00e9limine le risque de d\u00e9centrage de celle-ci et \u00e9vite ainsi la d\u00e9t\u00e9rioration pr\u00e9matur\u00e9e des bords de la bande.<\/li>\n<li>R\u00e9duction drastique des probl\u00e8mes par frottement avec les parties non mobiles de la structure ce qui implique moins d&rsquo;usure de la bande et une augmentation de sa vie utile.<\/li>\n<li>En r\u00e9duisant la friction bande-structure on r\u00e9duit la puissance n\u00e9cessaire ou puissance consomm\u00e9e, r\u00e9duisant l&rsquo;ensemble avec des moteurs de moindre envergure on augmentera aussi la performance de l&rsquo;ensemble.<\/li>\n<li>On peut offrir une production plus grande \u00e0 cause de l&rsquo;augmentation de la stabilit\u00e9 dans la zone centrale comme sur les zones lat\u00e9rales car il y aura une diminution de la perte de mat\u00e9riel, en outre, elle offre aussi la possibilit\u00e9 d&rsquo;accro\u00eetre l&rsquo;angle de l&rsquo;auge.<\/li>\n<li>Possibilit\u00e9 de travailler avec un agle d&rsquo;auge plus grand, au-dessus de 45\u00ba, et pouvant atteindre dans certains cas un angle d&rsquo;auge proche des 90\u00ba.<\/li>\n<li>Possibilit\u00e9 de travailler dans des plans inclin\u00e9s par rapport au plan horizontal sans que la stabilit\u00e9 de l&rsquo;ensemble se voit affect\u00e9e et surtout sans d\u00e9centrage de la bande par rapport \u00e0 sa position de travail.<\/li>\n<\/ul>\n<\/div><\/div><\/div><\/div><\/div><\/div><\/section>\n","protected":false},"excerpt":{"rendered":"Bandes Auto-CentreuseFruit de son souci constant d&rsquo;am\u00e9lioration et gr\u00e2ce \u00e0 l&rsquo;effort qu&rsquo;il consacre \u00e0 la recherche et au d\u00e9veloppement, Siban pr\u00e9sente un nouveau d\u00e9veloppement de bandes transporteuses qui s&rsquo;inscrivent dans le cadre de gamme r\u00e9ussie de produits Beltsiflex\u00ae. Ce nouveau type de bandes offre un auto-centrage instantan\u00e9 sans n\u00e9cesit\u00e9 de modifier l&rsquo;installation et surtout sans...","protected":false},"author":2,"featured_media":0,"parent":0,"menu_order":0,"comment_status":"closed","ping_status":"closed","template":"","meta":{"footnotes":""},"class_list":["post-3995","page","type-page","status-publish","hentry"],"yoast_head":"<!-- This site is optimized with the Yoast SEO plugin v27.3 - https:\/\/yoast.com\/product\/yoast-seo-wordpress\/ -->\n<title>Bande Auto-Centreuse - Siban<\/title>\n<meta name=\"robots\" content=\"index, follow, max-snippet:-1, max-image-preview:large, max-video-preview:-1\" \/>\n<link rel=\"canonical\" href=\"https:\/\/www.siban.com\/fr\/bande-auto-centreuse\/\" \/>\n<meta property=\"og:locale\" content=\"fr_FR\" \/>\n<meta property=\"og:type\" content=\"article\" \/>\n<meta property=\"og:title\" content=\"Bande Auto-Centreuse - Siban\" \/>\n<meta property=\"og:url\" content=\"https:\/\/www.siban.com\/fr\/bande-auto-centreuse\/\" \/>\n<meta property=\"og:site_name\" content=\"Siban\" \/>\n<meta property=\"article:modified_time\" content=\"2025-11-24T12:53:48+00:00\" \/>\n<meta name=\"twitter:card\" content=\"summary_large_image\" \/>\n<meta name=\"twitter:label1\" content=\"Dur\u00e9e de lecture estim\u00e9e\" \/>\n\t<meta name=\"twitter:data1\" content=\"3 minutes\" \/>\n<script type=\"application\/ld+json\" class=\"yoast-schema-graph\">{\"@context\":\"https:\\\/\\\/schema.org\",\"@graph\":[{\"@type\":\"WebPage\",\"@id\":\"https:\\\/\\\/www.siban.com\\\/fr\\\/bande-auto-centreuse\\\/\",\"url\":\"https:\\\/\\\/www.siban.com\\\/fr\\\/bande-auto-centreuse\\\/\",\"name\":\"Bande Auto-Centreuse - Siban\",\"isPartOf\":{\"@id\":\"http:\\\/\\\/dev.siban.com\\\/#website\"},\"datePublished\":\"2017-10-16T10:39:36+00:00\",\"dateModified\":\"2025-11-24T12:53:48+00:00\",\"breadcrumb\":{\"@id\":\"https:\\\/\\\/www.siban.com\\\/fr\\\/bande-auto-centreuse\\\/#breadcrumb\"},\"inLanguage\":\"fr-FR\",\"potentialAction\":[{\"@type\":\"ReadAction\",\"target\":[\"https:\\\/\\\/www.siban.com\\\/fr\\\/bande-auto-centreuse\\\/\"]}]},{\"@type\":\"BreadcrumbList\",\"@id\":\"https:\\\/\\\/www.siban.com\\\/fr\\\/bande-auto-centreuse\\\/#breadcrumb\",\"itemListElement\":[{\"@type\":\"ListItem\",\"position\":1,\"name\":\"Inicio\",\"item\":\"https:\\\/\\\/www.siban.com\\\/\"},{\"@type\":\"ListItem\",\"position\":2,\"name\":\"Bande Auto-Centreuse\"}]},{\"@type\":\"WebSite\",\"@id\":\"http:\\\/\\\/dev.siban.com\\\/#website\",\"url\":\"http:\\\/\\\/dev.siban.com\\\/\",\"name\":\"Siban\",\"description\":\"Bandas transportadoras\",\"publisher\":{\"@id\":\"http:\\\/\\\/dev.siban.com\\\/#organization\"},\"potentialAction\":[{\"@type\":\"SearchAction\",\"target\":{\"@type\":\"EntryPoint\",\"urlTemplate\":\"http:\\\/\\\/dev.siban.com\\\/?s={search_term_string}\"},\"query-input\":{\"@type\":\"PropertyValueSpecification\",\"valueRequired\":true,\"valueName\":\"search_term_string\"}}],\"inLanguage\":\"fr-FR\"},{\"@type\":\"Organization\",\"@id\":\"http:\\\/\\\/dev.siban.com\\\/#organization\",\"name\":\"Siban\",\"url\":\"http:\\\/\\\/dev.siban.com\\\/\",\"logo\":{\"@type\":\"ImageObject\",\"inLanguage\":\"fr-FR\",\"@id\":\"http:\\\/\\\/dev.siban.com\\\/#\\\/schema\\\/logo\\\/image\\\/\",\"url\":\"https:\\\/\\\/www.siban.com\\\/wp-content\\\/uploads\\\/2024\\\/07\\\/Siban-Beltsiflex-PNG.png\",\"contentUrl\":\"https:\\\/\\\/www.siban.com\\\/wp-content\\\/uploads\\\/2024\\\/07\\\/Siban-Beltsiflex-PNG.png\",\"width\":3133,\"height\":1633,\"caption\":\"Siban\"},\"image\":{\"@id\":\"http:\\\/\\\/dev.siban.com\\\/#\\\/schema\\\/logo\\\/image\\\/\"}}]}<\/script>\n<!-- \/ Yoast SEO plugin. -->","yoast_head_json":{"title":"Bande Auto-Centreuse - Siban","robots":{"index":"index","follow":"follow","max-snippet":"max-snippet:-1","max-image-preview":"max-image-preview:large","max-video-preview":"max-video-preview:-1"},"canonical":"https:\/\/www.siban.com\/fr\/bande-auto-centreuse\/","og_locale":"fr_FR","og_type":"article","og_title":"Bande Auto-Centreuse - Siban","og_url":"https:\/\/www.siban.com\/fr\/bande-auto-centreuse\/","og_site_name":"Siban","article_modified_time":"2025-11-24T12:53:48+00:00","twitter_card":"summary_large_image","twitter_misc":{"Dur\u00e9e de lecture estim\u00e9e":"3 minutes"},"schema":{"@context":"https:\/\/schema.org","@graph":[{"@type":"WebPage","@id":"https:\/\/www.siban.com\/fr\/bande-auto-centreuse\/","url":"https:\/\/www.siban.com\/fr\/bande-auto-centreuse\/","name":"Bande Auto-Centreuse - Siban","isPartOf":{"@id":"http:\/\/dev.siban.com\/#website"},"datePublished":"2017-10-16T10:39:36+00:00","dateModified":"2025-11-24T12:53:48+00:00","breadcrumb":{"@id":"https:\/\/www.siban.com\/fr\/bande-auto-centreuse\/#breadcrumb"},"inLanguage":"fr-FR","potentialAction":[{"@type":"ReadAction","target":["https:\/\/www.siban.com\/fr\/bande-auto-centreuse\/"]}]},{"@type":"BreadcrumbList","@id":"https:\/\/www.siban.com\/fr\/bande-auto-centreuse\/#breadcrumb","itemListElement":[{"@type":"ListItem","position":1,"name":"Inicio","item":"https:\/\/www.siban.com\/"},{"@type":"ListItem","position":2,"name":"Bande Auto-Centreuse"}]},{"@type":"WebSite","@id":"http:\/\/dev.siban.com\/#website","url":"http:\/\/dev.siban.com\/","name":"Siban","description":"Bandas transportadoras","publisher":{"@id":"http:\/\/dev.siban.com\/#organization"},"potentialAction":[{"@type":"SearchAction","target":{"@type":"EntryPoint","urlTemplate":"http:\/\/dev.siban.com\/?s={search_term_string}"},"query-input":{"@type":"PropertyValueSpecification","valueRequired":true,"valueName":"search_term_string"}}],"inLanguage":"fr-FR"},{"@type":"Organization","@id":"http:\/\/dev.siban.com\/#organization","name":"Siban","url":"http:\/\/dev.siban.com\/","logo":{"@type":"ImageObject","inLanguage":"fr-FR","@id":"http:\/\/dev.siban.com\/#\/schema\/logo\/image\/","url":"https:\/\/www.siban.com\/wp-content\/uploads\/2024\/07\/Siban-Beltsiflex-PNG.png","contentUrl":"https:\/\/www.siban.com\/wp-content\/uploads\/2024\/07\/Siban-Beltsiflex-PNG.png","width":3133,"height":1633,"caption":"Siban"},"image":{"@id":"http:\/\/dev.siban.com\/#\/schema\/logo\/image\/"}}]}},"_links":{"self":[{"href":"https:\/\/www.siban.com\/fr\/wp-json\/wp\/v2\/pages\/3995","targetHints":{"allow":["GET"]}}],"collection":[{"href":"https:\/\/www.siban.com\/fr\/wp-json\/wp\/v2\/pages"}],"about":[{"href":"https:\/\/www.siban.com\/fr\/wp-json\/wp\/v2\/types\/page"}],"author":[{"embeddable":true,"href":"https:\/\/www.siban.com\/fr\/wp-json\/wp\/v2\/users\/2"}],"replies":[{"embeddable":true,"href":"https:\/\/www.siban.com\/fr\/wp-json\/wp\/v2\/comments?post=3995"}],"version-history":[{"count":3,"href":"https:\/\/www.siban.com\/fr\/wp-json\/wp\/v2\/pages\/3995\/revisions"}],"predecessor-version":[{"id":138538,"href":"https:\/\/www.siban.com\/fr\/wp-json\/wp\/v2\/pages\/3995\/revisions\/138538"}],"wp:attachment":[{"href":"https:\/\/www.siban.com\/fr\/wp-json\/wp\/v2\/media?parent=3995"}],"curies":[{"name":"wp","href":"https:\/\/api.w.org\/{rel}","templated":true}]}}