{"id":3992,"date":"2017-10-16T10:49:52","date_gmt":"2017-10-16T09:49:52","guid":{"rendered":"https:\/\/www.siban.com\/?page_id=3992\/"},"modified":"2025-09-11T07:53:01","modified_gmt":"2025-09-11T06:53:01","slug":"bande-metallique","status":"publish","type":"page","link":"https:\/\/www.siban.com\/fr\/bande-metallique\/","title":{"rendered":"Bande M\u00e9tallique"},"content":{"rendered":"<section class=\"l-section wpb_row height_small\"><div class=\"l-section-h i-cf\"><div class=\"g-cols vc_row via_grid cols_1 laptops-cols_inherit tablets-cols_inherit mobiles-cols_1 valign_top type_default stacking_default\"><div class=\"wpb_column vc_column_container\"><div class=\"vc_column-inner\"><h2 class=\"w-text us_custom_eb849559\"><span class=\"w-text-h\"><span class=\"w-text-value\">Bande m\u00e9tallique<\/span><\/span><\/h2><\/div><\/div><\/div><\/div><\/section><section class=\"l-section wpb_row height_small\"><div class=\"l-section-h i-cf\"><div class=\"g-cols vc_row via_grid cols_1 laptops-cols_inherit tablets-cols_inherit mobiles-cols_1 valign_top type_default stacking_default\"><div class=\"wpb_column vc_column_container\"><div class=\"vc_column-inner\"><div class=\"wpb_text_column\"><div class=\"wpb_wrapper\"><p>Fabrication des carcasses avec des c\u00e2bles <strong>7&#215;7<\/strong> ou bien <strong>7&#215;19<\/strong>, selon diam\u00e8tre n\u00e9cessaire pour obtenir la r\u00e9sistance requise de la bande.\u00a0Fabrication avec<strong> breakers m\u00e9talliques transversaux<\/strong> ; selon l&rsquo;application, ceux-ci peuvent \u00eatre ajout\u00e9s aux rev\u00eatements de la bande. Fabrication avec mailles <strong>Fleximat\u00ae<\/strong>.<\/p>\n<\/div><\/div><div class=\"w-separator size_medium\"><\/div><div class=\"g-cols wpb_row via_grid cols_2-1 laptops-cols_inherit tablets-cols_inherit mobiles-cols_1 valign_top type_default stacking_default\" style=\"--columns-gap:3rem;\"><div class=\"wpb_column vc_column_container\"><div class=\"vc_column-inner\"><div class=\"wpb_text_column\"><div class=\"wpb_wrapper\"><h3><span style=\"color: #002eb0;\">BANDE STEELCORD <\/span><span style=\"color: #002eb0;\">TYPE <\/span>\u00ab ST \u00bb<\/h3>\n<p>Fabriqu\u00e9es avec des c\u00e2bles <strong>m\u00e9talliques dans le sens longitudinal<\/strong> de la bande, elles sont g\u00e9n\u00e9ralement utilis\u00e9es dans les grandes exploitations mini\u00e8res. Elles sont souvent de grandes dimensions, tant en longueur qu\u2019en capacit\u00e9.<\/p>\n<p>La grande r\u00e9sistance aux contraintes des c\u00e2bles en acier fait de ce type de bande la solution id\u00e9ale pour les applications mentionn\u00e9es. De plus, ces bandes pr\u00e9sentent de nombreux <strong>avantages<\/strong> suppl\u00e9mentaires :<\/p>\n<ul>\n<li>Ce type de bandes pr\u00e9sente un <strong>tr\u00e8s faible<\/strong> <strong>facteur d\u2019allongement<\/strong>, ce qui permet de concevoir des installations d\u2019une longueur de plusieurs kilom\u00e8tres.<\/li>\n<li>Leur <strong>flexibilit\u00e9 est sup\u00e9rieure<\/strong> \u00e0 celle de leurs \u00e9quivalents textiles, ce qui permet d\u2019utiliser des diam\u00e8tres de tambour plus petits.<\/li>\n<li>Elles offrent une <strong>meilleure r\u00e9sistance \u00e0 la perforation<\/strong>. Elles ne se d\u00e9forment pas, que ce soit sous des charges lourdes intermittentes ou sous l\u2019effet d\u2019agents atmosph\u00e9riques tels que la chaleur, le froid ou l\u2019humidit\u00e9, assurant ainsi un fonctionnement rectiligne de la bande.<\/li>\n<li>Elles peuvent recevoir des <strong>rev\u00eatements en caoutchouc<\/strong> d\u2019une \u00e9paisseur adapt\u00e9e aux besoins. Les d\u00e9chirures, telles que les coupures longitudinales, les dommages sur les bords ou les trous, peuvent \u00eatre r\u00e9par\u00e9es durablement par <strong>vulcanisation \u00e0 chaud<\/strong>.<\/li>\n<\/ul>\n<\/div><\/div><\/div><\/div><div class=\"wpb_column vc_column_container\"><div class=\"vc_column-inner\"><div class=\"w-image align_none\"><div class=\"w-image-h\"><img decoding=\"async\" width=\"480\" height=\"320\" src=\"https:\/\/www.siban.com\/wp-content\/uploads\/2016\/06\/BANDA-STEELCORD.jpg\" class=\"attachment-large size-large\" alt=\"\" loading=\"lazy\" srcset=\"https:\/\/www.siban.com\/wp-content\/uploads\/2016\/06\/BANDA-STEELCORD.jpg 480w, https:\/\/www.siban.com\/wp-content\/uploads\/2016\/06\/BANDA-STEELCORD-405x270.jpg 405w\" sizes=\"auto, (max-width: 480px) 100vw, 480px\" \/><\/div><\/div><\/div><\/div><\/div><div class=\"w-separator size_medium\"><\/div><div class=\"g-cols wpb_row via_grid cols_1-3 laptops-cols_inherit tablets-cols_inherit mobiles-cols_1 valign_top type_default stacking_default\" style=\"--columns-gap:3rem;\"><div class=\"wpb_column vc_column_container\"><div class=\"vc_column-inner\"><div class=\"w-image align_none\"><div class=\"w-image-h\"><img decoding=\"async\" width=\"480\" height=\"320\" src=\"https:\/\/www.siban.com\/wp-content\/uploads\/2016\/06\/BANDAS-CON-MALLAS-FLEXIMAT.jpg\" class=\"attachment-large size-large\" alt=\"\" loading=\"lazy\" srcset=\"https:\/\/www.siban.com\/wp-content\/uploads\/2016\/06\/BANDAS-CON-MALLAS-FLEXIMAT.jpg 480w, https:\/\/www.siban.com\/wp-content\/uploads\/2016\/06\/BANDAS-CON-MALLAS-FLEXIMAT-405x270.jpg 405w\" sizes=\"auto, (max-width: 480px) 100vw, 480px\" \/><\/div><\/div><\/div><\/div><div class=\"wpb_column vc_column_container\"><div class=\"vc_column-inner\"><div class=\"wpb_text_column\"><div class=\"wpb_wrapper\"><h3><span style=\"color: #002eb0;\">BANDES AVEC MAILLES FLEXIMAT\u00ae<\/span><\/h3>\n<p>En plus des avantages des bandes <strong>Steelcord<\/strong>, ces bandes int\u00e8grent \u00e9galement des c\u00e2bles en acier dans le sens transversal, ce qui renforce consid\u00e9rablement leurs performances dans les conditions de travail les plus exigeantes.<\/p>\n<p>Elles offrent une r\u00e9sistance exceptionnelle aux chocs ainsi qu\u2019aux agressions provoqu\u00e9es par des mat\u00e9riaux tr\u00e8s coupants. Elles sont fabriqu\u00e9es avec une maille de c\u00e2bles m\u00e9talliques dispos\u00e9s non seulement le sens de cha\u00eene (sens longitudinal), mais aussi dans le sens de trame (sens transversal).<\/p>\n<p>Ces bandes peuvent comporter une ou deux trames de c\u00e2bles en acier, qui peuvent \u00eatre :<\/p>\n<ul>\n<li><strong>Rigides :<\/strong> recommand\u00e9es pour des applications sp\u00e9cifiques, telles que la fabrication de bandes \u00e0 bords ou d\u2019\u00e9l\u00e9vateurs \u00e0 godets.<\/li>\n<li><strong>Flexibles :<\/strong> adapt\u00e9es au transport de mat\u00e9riaux agressifs, elles offrent une grande r\u00e9sistance aux impacts et aux coupures longitudinales.\n<ul>\n<li><strong>IW :<\/strong>\u00a01 maille<\/li>\n<li><strong>SW :<\/strong>\u00a02 mailles (face sup\u00e9rieure et face inf\u00e9rieure)<\/li>\n<\/ul>\n<\/li>\n<\/ul>\n<\/div><\/div><\/div><\/div><\/div><\/div><\/div><\/div><\/div><\/section>\n","protected":false},"excerpt":{"rendered":"Bande m\u00e9talliqueFabrication des carcasses avec des c\u00e2bles 7&#215;7 ou bien 7&#215;19, selon diam\u00e8tre n\u00e9cessaire pour obtenir la r\u00e9sistance requise de la bande.\u00a0Fabrication avec breakers m\u00e9talliques transversaux ; selon l&rsquo;application, ceux-ci peuvent \u00eatre ajout\u00e9s aux rev\u00eatements de la bande. Fabrication avec mailles Fleximat\u00ae. BANDE STEELCORD TYPE \u00ab ST \u00bb Fabriqu\u00e9es avec des c\u00e2bles m\u00e9talliques dans le...","protected":false},"author":2,"featured_media":0,"parent":0,"menu_order":0,"comment_status":"closed","ping_status":"closed","template":"page-templates\/page-right.php","meta":{"footnotes":""},"class_list":["post-3992","page","type-page","status-publish","hentry"],"yoast_head":"<!-- This site is optimized with the Yoast SEO plugin v27.4 - https:\/\/yoast.com\/product\/yoast-seo-wordpress\/ -->\n<title>Bande M\u00e9tallique - Siban<\/title>\n<meta name=\"robots\" content=\"index, follow, max-snippet:-1, max-image-preview:large, max-video-preview:-1\" \/>\n<link rel=\"canonical\" href=\"https:\/\/www.siban.com\/banda-metalica\/\" \/>\n<meta property=\"og:locale\" content=\"fr_FR\" \/>\n<meta property=\"og:type\" content=\"article\" \/>\n<meta property=\"og:title\" content=\"Bande M\u00e9tallique - Siban\" \/>\n<meta property=\"og:url\" content=\"https:\/\/www.siban.com\/banda-metalica\/\" \/>\n<meta property=\"og:site_name\" content=\"Siban\" \/>\n<meta property=\"article:modified_time\" content=\"2025-09-11T06:53:01+00:00\" \/>\n<meta name=\"twitter:card\" content=\"summary_large_image\" \/>\n<meta name=\"twitter:label1\" content=\"Dur\u00e9e de lecture estim\u00e9e\" \/>\n\t<meta name=\"twitter:data1\" content=\"3 minutes\" \/>\n<script type=\"application\/ld+json\" class=\"yoast-schema-graph\">{\"@context\":\"https:\\\/\\\/schema.org\",\"@graph\":[{\"@type\":\"WebPage\",\"@id\":\"https:\\\/\\\/www.siban.com\\\/banda-metalica\\\/\",\"url\":\"https:\\\/\\\/www.siban.com\\\/banda-metalica\\\/\",\"name\":\"Bande M\u00e9tallique - Siban\",\"isPartOf\":{\"@id\":\"http:\\\/\\\/dev.siban.com\\\/#website\"},\"datePublished\":\"2017-10-16T09:49:52+00:00\",\"dateModified\":\"2025-09-11T06:53:01+00:00\",\"breadcrumb\":{\"@id\":\"https:\\\/\\\/www.siban.com\\\/banda-metalica\\\/#breadcrumb\"},\"inLanguage\":\"fr-FR\",\"potentialAction\":[{\"@type\":\"ReadAction\",\"target\":[\"https:\\\/\\\/www.siban.com\\\/banda-metalica\\\/\"]}]},{\"@type\":\"BreadcrumbList\",\"@id\":\"https:\\\/\\\/www.siban.com\\\/banda-metalica\\\/#breadcrumb\",\"itemListElement\":[{\"@type\":\"ListItem\",\"position\":1,\"name\":\"Inicio\",\"item\":\"https:\\\/\\\/www.siban.com\\\/\"},{\"@type\":\"ListItem\",\"position\":2,\"name\":\"Bande M\u00e9tallique\"}]},{\"@type\":\"WebSite\",\"@id\":\"http:\\\/\\\/dev.siban.com\\\/#website\",\"url\":\"http:\\\/\\\/dev.siban.com\\\/\",\"name\":\"Siban\",\"description\":\"Bandas transportadoras\",\"publisher\":{\"@id\":\"http:\\\/\\\/dev.siban.com\\\/#organization\"},\"potentialAction\":[{\"@type\":\"SearchAction\",\"target\":{\"@type\":\"EntryPoint\",\"urlTemplate\":\"http:\\\/\\\/dev.siban.com\\\/?s={search_term_string}\"},\"query-input\":{\"@type\":\"PropertyValueSpecification\",\"valueRequired\":true,\"valueName\":\"search_term_string\"}}],\"inLanguage\":\"fr-FR\"},{\"@type\":\"Organization\",\"@id\":\"http:\\\/\\\/dev.siban.com\\\/#organization\",\"name\":\"Siban\",\"url\":\"http:\\\/\\\/dev.siban.com\\\/\",\"logo\":{\"@type\":\"ImageObject\",\"inLanguage\":\"fr-FR\",\"@id\":\"http:\\\/\\\/dev.siban.com\\\/#\\\/schema\\\/logo\\\/image\\\/\",\"url\":\"https:\\\/\\\/www.siban.com\\\/wp-content\\\/uploads\\\/2024\\\/07\\\/Siban-Beltsiflex-PNG.png\",\"contentUrl\":\"https:\\\/\\\/www.siban.com\\\/wp-content\\\/uploads\\\/2024\\\/07\\\/Siban-Beltsiflex-PNG.png\",\"width\":3133,\"height\":1633,\"caption\":\"Siban\"},\"image\":{\"@id\":\"http:\\\/\\\/dev.siban.com\\\/#\\\/schema\\\/logo\\\/image\\\/\"}}]}<\/script>\n<!-- \/ Yoast SEO plugin. -->","yoast_head_json":{"title":"Bande M\u00e9tallique - Siban","robots":{"index":"index","follow":"follow","max-snippet":"max-snippet:-1","max-image-preview":"max-image-preview:large","max-video-preview":"max-video-preview:-1"},"canonical":"https:\/\/www.siban.com\/banda-metalica\/","og_locale":"fr_FR","og_type":"article","og_title":"Bande M\u00e9tallique - Siban","og_url":"https:\/\/www.siban.com\/banda-metalica\/","og_site_name":"Siban","article_modified_time":"2025-09-11T06:53:01+00:00","twitter_card":"summary_large_image","twitter_misc":{"Dur\u00e9e de lecture estim\u00e9e":"3 minutes"},"schema":{"@context":"https:\/\/schema.org","@graph":[{"@type":"WebPage","@id":"https:\/\/www.siban.com\/banda-metalica\/","url":"https:\/\/www.siban.com\/banda-metalica\/","name":"Bande M\u00e9tallique - Siban","isPartOf":{"@id":"http:\/\/dev.siban.com\/#website"},"datePublished":"2017-10-16T09:49:52+00:00","dateModified":"2025-09-11T06:53:01+00:00","breadcrumb":{"@id":"https:\/\/www.siban.com\/banda-metalica\/#breadcrumb"},"inLanguage":"fr-FR","potentialAction":[{"@type":"ReadAction","target":["https:\/\/www.siban.com\/banda-metalica\/"]}]},{"@type":"BreadcrumbList","@id":"https:\/\/www.siban.com\/banda-metalica\/#breadcrumb","itemListElement":[{"@type":"ListItem","position":1,"name":"Inicio","item":"https:\/\/www.siban.com\/"},{"@type":"ListItem","position":2,"name":"Bande M\u00e9tallique"}]},{"@type":"WebSite","@id":"http:\/\/dev.siban.com\/#website","url":"http:\/\/dev.siban.com\/","name":"Siban","description":"Bandas transportadoras","publisher":{"@id":"http:\/\/dev.siban.com\/#organization"},"potentialAction":[{"@type":"SearchAction","target":{"@type":"EntryPoint","urlTemplate":"http:\/\/dev.siban.com\/?s={search_term_string}"},"query-input":{"@type":"PropertyValueSpecification","valueRequired":true,"valueName":"search_term_string"}}],"inLanguage":"fr-FR"},{"@type":"Organization","@id":"http:\/\/dev.siban.com\/#organization","name":"Siban","url":"http:\/\/dev.siban.com\/","logo":{"@type":"ImageObject","inLanguage":"fr-FR","@id":"http:\/\/dev.siban.com\/#\/schema\/logo\/image\/","url":"https:\/\/www.siban.com\/wp-content\/uploads\/2024\/07\/Siban-Beltsiflex-PNG.png","contentUrl":"https:\/\/www.siban.com\/wp-content\/uploads\/2024\/07\/Siban-Beltsiflex-PNG.png","width":3133,"height":1633,"caption":"Siban"},"image":{"@id":"http:\/\/dev.siban.com\/#\/schema\/logo\/image\/"}}]}},"_links":{"self":[{"href":"https:\/\/www.siban.com\/fr\/wp-json\/wp\/v2\/pages\/3992","targetHints":{"allow":["GET"]}}],"collection":[{"href":"https:\/\/www.siban.com\/fr\/wp-json\/wp\/v2\/pages"}],"about":[{"href":"https:\/\/www.siban.com\/fr\/wp-json\/wp\/v2\/types\/page"}],"author":[{"embeddable":true,"href":"https:\/\/www.siban.com\/fr\/wp-json\/wp\/v2\/users\/2"}],"replies":[{"embeddable":true,"href":"https:\/\/www.siban.com\/fr\/wp-json\/wp\/v2\/comments?post=3992"}],"version-history":[{"count":9,"href":"https:\/\/www.siban.com\/fr\/wp-json\/wp\/v2\/pages\/3992\/revisions"}],"predecessor-version":[{"id":4251,"href":"https:\/\/www.siban.com\/fr\/wp-json\/wp\/v2\/pages\/3992\/revisions\/4251"}],"wp:attachment":[{"href":"https:\/\/www.siban.com\/fr\/wp-json\/wp\/v2\/media?parent=3992"}],"curies":[{"name":"wp","href":"https:\/\/api.w.org\/{rel}","templated":true}]}}