{"id":3952,"date":"2017-09-29T11:52:16","date_gmt":"2017-09-29T10:52:16","guid":{"rendered":"https:\/\/www.siban.com\/?page_id=3952\/"},"modified":"2025-09-09T08:44:32","modified_gmt":"2025-09-09T07:44:32","slug":"bandes-base","status":"publish","type":"page","link":"https:\/\/www.siban.com\/fr\/bandes-base\/","title":{"rendered":"Bandes base"},"content":{"rendered":"<section class=\"l-section wpb_row height_small\"><div class=\"l-section-h i-cf\"><div class=\"g-cols vc_row via_grid cols_1 laptops-cols_inherit tablets-cols_inherit mobiles-cols_1 valign_top type_default stacking_default\"><div class=\"wpb_column vc_column_container\"><div class=\"vc_column-inner\"><h2 class=\"w-text us_custom_eb849559\"><span class=\"w-text-h\"><span class=\"w-text-value\">Bandes \u00e0 trame rigide<\/span><\/span><\/h2><div class=\"wpb_text_column\"><div class=\"wpb_wrapper\"><p>Pour la fabrication des <strong>bandes Beltsiflex<\/strong><strong>\u00ae<\/strong>, Siban a d\u00e9velopp\u00e9 une bande \u00e0 trame rigide sp\u00e9cialement con\u00e7ue pour garantir le <strong>fonctionnement optimal du syst\u00e8me<\/strong>. Plusieurs configurations sont disponibles selon les param\u00e8tres de l\u2019installation.<\/p>\n<p>L\u2019utilisation de bandes \u00e0 trame transversale rigide pr\u00e9sente <strong>de nombreux avantages<\/strong>\u00a0:<\/p>\n<ul>\n<li><strong>Meilleur appui <\/strong>de la bande dans la section de retour.<\/li>\n<li><strong>R\u00e9duction de l\u2019usure et des risques de rupture<\/strong> des bords de contenance et des tasseaux.<\/li>\n<li><strong>Suppression du bombement dans les zones d\u2019inflexion <\/strong>sur la face portante.<\/li>\n<li><strong>Optimisation de la consommation d\u2019\u00e9nergie<\/strong>.<\/li>\n<li><strong>L\u2019utilisation de bandes sans trame\u00a0<\/strong><strong>transversale rigide<\/strong> n&rsquo;est envisageable que pour les\u00a0 structures de tr\u00e8s petite taille.<\/li>\n<\/ul>\n<p><img loading=\"lazy\" decoding=\"async\" class=\"alignnone size-full wp-image-2710\" src=\"https:\/\/www.siban.com\/wp-content\/uploads\/2016\/06\/croquisBandasdeTrama.jpg\" alt=\"croquisbandasdetrama\" width=\"292\" height=\"262\" \/><\/p>\n<p>Pour adapter les <strong>bandes Beltsiflex\u00ae <\/strong>\u00e0 la nature des produits \u00e0 transporter nous proposons un large choix <strong>de qualit\u00e9s de caoutchouc<\/strong> pour le rev\u00eatement des bandes de base.<\/p>\n<p>Toutes nos bandes sont fabriqu\u00e9es <strong>conform\u00e9ment \u00e0 la norme DIN.<\/strong><\/p>\n<p>Qualit\u00e9s du caoutchouc :<\/p>\n<ul>\n<li><strong>N\u00a0: <\/strong>Anti abrasive.<\/li>\n<li><strong>G :\u00a0<\/strong>R\u00e9sistante aux huiles et graisses.<\/li>\n<li><strong>S : <\/strong>Ignifuge.<\/li>\n<li><strong>RC\u00a0: <\/strong>R\u00e9sistante \u00e0 la chaleur jusqu\u2019\u00e0 150\u00baC.<\/li>\n<\/ul>\n<\/div><\/div><div class=\"w-separator size_small\"><\/div><div class=\"w-separator size_small\"><\/div><div class=\"wpb_text_column\"><div class=\"wpb_wrapper\"><h3><span style=\"color: #002eb0;\"><strong>Types de bandes \u00e0 trame rigide<\/strong><\/span><\/h3>\n<\/div><\/div><div class=\"w-tabs style_default switch_click accordion has_scrolling\" style=\"--sections-title-size:inherit\"><div class=\"w-tabs-sections titles-align_left icon_plus cpos_left\"><div class=\"w-tabs-section\" id=\"1506681237850-53726a79-16f1\"><button class=\"w-tabs-section-header\" aria-controls=\"content-1506681237850-53726a79-16f1\" aria-expanded=\"false\"><div class=\"w-tabs-section-title\">BANDES TEXTILES \u00c0 TRAME RIGIDE TYPE XE<\/div><div class=\"w-tabs-section-control\"><\/div><\/button><div  class=\"w-tabs-section-content\" id=\"content-1506681237850-53726a79-16f1\"><div class=\"w-tabs-section-content-h i-cf\"><div class=\"wpb_text_column\"><div class=\"wpb_wrapper\"><p>Ces bandes sont fabriqu\u00e9es \u00e0 partir de <strong>tissus<\/strong> \u00e9labor\u00e9s en <strong>fibres de polyester<\/strong>, sp\u00e9cifiquement d\u00e9velopp\u00e9es pour les bandes d\u2019\u00e9l\u00e9vation <strong>Beltsiflex\u00ae<\/strong>.<\/p>\n<p>Ils assurent une meilleure stabilit\u00e9 que les tissus <strong>EP<\/strong> (polyester-nylon) habituellement utilis\u00e9s. De plus, l&rsquo;incorporation d&rsquo;un ou deux <strong>tissus en monofilaments<\/strong> conf\u00e8re \u00e0 la bande la rigidit\u00e9 adapt\u00e9e, en fonction de ses caract\u00e9ristiques.<\/p>\n<p>Pour les bandes de type <strong>XE<\/strong>, nous proposons toutes les qualit\u00e9s de caoutchouc mentionn\u00e9es pr\u00e9c\u00e9demment.<\/p>\n<p><strong><img loading=\"lazy\" decoding=\"async\" class=\"alignnone size-full wp-image-2219\" src=\"https:\/\/www.siban.com\/wp-content\/uploads\/2016\/06\/bandas-base1.jpg\" alt=\"bandas-base1\" width=\"255\" height=\"163\" \/><\/strong><\/p>\n<p><strong>LARGEUR MAXIMUM DE FABRICATION STANDARD : 2.400 mm<\/strong><\/p>\n<\/div><\/div><div class=\"w-image align_none\"><div class=\"w-image-h\"><img decoding=\"async\" width=\"1200\" height=\"226\" src=\"https:\/\/www.siban.com\/wp-content\/uploads\/2025\/09\/TABLA-BANDAS-EN-TRAMA-BANDABORD_fr-1200x226.jpg\" class=\"attachment-large size-large\" alt=\"\" loading=\"lazy\" srcset=\"https:\/\/www.siban.com\/wp-content\/uploads\/2025\/09\/TABLA-BANDAS-EN-TRAMA-BANDABORD_fr-1200x226.jpg 1200w, https:\/\/www.siban.com\/wp-content\/uploads\/2025\/09\/TABLA-BANDAS-EN-TRAMA-BANDABORD_fr-480x90.jpg 480w, https:\/\/www.siban.com\/wp-content\/uploads\/2025\/09\/TABLA-BANDAS-EN-TRAMA-BANDABORD_fr-510x96.jpg 510w, https:\/\/www.siban.com\/wp-content\/uploads\/2025\/09\/TABLA-BANDAS-EN-TRAMA-BANDABORD_fr.jpg 1308w\" sizes=\"auto, (max-width: 1200px) 100vw, 1200px\" \/><\/div><\/div><div class=\"wpb_text_column\"><div class=\"wpb_wrapper\"><p><em>* Sur demande, nous pouvons fabriquer des bandes avec diff\u00e9rents rev\u00eatements et des largeurs sup\u00e9rieures aux dimensions standard.<br \/><\/em><em>* Les diam\u00e8tres indiqu\u00e9s sont calcul\u00e9s \u00e0 titre indicatif, un calcul sp\u00e9cifique sera n\u00e9cessaire pour chaque projet.<\/em><\/p>\n<\/div><\/div><\/div><\/div><\/div><div class=\"w-tabs-section\" id=\"1506682047522-d955edc2-6954\"><button class=\"w-tabs-section-header\" aria-controls=\"content-1506682047522-d955edc2-6954\" aria-expanded=\"false\"><div class=\"w-tabs-section-title\">BANDES TEXTILES \u00c0 TRAME RIGIDE TYPE XC<\/div><div class=\"w-tabs-section-control\"><\/div><\/button><div  class=\"w-tabs-section-content\" id=\"content-1506682047522-d955edc2-6954\"><div class=\"w-tabs-section-content-h i-cf\"><div class=\"wpb_text_column\"><div class=\"wpb_wrapper\"><p>Elles sont fabriqu\u00e9es \u00e0 partir de tissus, selon le m\u00eame proc\u00e9d\u00e9 que les bandes<strong>\u00a0Beltsiflex\u00ae<\/strong> type <strong>XE<\/strong>, la principale diff\u00e9rence r\u00e9sidant dans la rigidit\u00e9 obtenue gr\u00e2ce \u00e0 un ou deux <strong>c\u00e2bles m\u00e9talliques<\/strong> int\u00e9gr\u00e9s dans le sens transversal de la bande.<\/p>\n<p>L\u2019utilisation de ce type de bande est requise lorsque la rigidit\u00e9 des bandes type <strong>XE<\/strong> s&rsquo;av\u00e8re insuffisante. Elle est particuli\u00e8rement recommand\u00e9es pour le <strong>transport de grandes quantit\u00e9s, les applications lourdes, ainsi que pour des bandes de grande largeur<\/strong>.<\/p>\n<\/div><\/div><div class=\"w-image align_none\"><div class=\"w-image-h\"><img decoding=\"async\" width=\"332\" height=\"213\" src=\"https:\/\/www.siban.com\/wp-content\/uploads\/2016\/06\/bandas-base2.jpg\" class=\"attachment-large size-large\" alt=\"\" loading=\"lazy\" \/><\/div><\/div><\/div><\/div><\/div><div class=\"w-tabs-section\" id=\"1506682225812-a3a79d81-96f3\"><button class=\"w-tabs-section-header\" aria-controls=\"content-1506682225812-a3a79d81-96f3\" aria-expanded=\"false\"><div class=\"w-tabs-section-title\">BANDES TEXTILES \u00c0 TRAME RIGIDE TYPE XS<\/div><div class=\"w-tabs-section-control\"><\/div><\/button><div  class=\"w-tabs-section-content\" id=\"content-1506682225812-a3a79d81-96f3\"><div class=\"w-tabs-section-content-h i-cf\"><div class=\"wpb_text_column\"><div class=\"wpb_wrapper\"><p>Contrairement aux bandes de type XC, ces bandes int\u00e8grent \u00e9galement des <strong>c\u00e2bles m\u00e9talliques mais dans le sens longitudinal<\/strong>. Elles sont utilis\u00e9es dans les <strong>grandes installations<\/strong> o\u00f9 la bande doit supporter des <strong>charges importantes et de grandes tailles<\/strong>. Ces bandes pr\u00e9sentent des <strong>valeurs d\u2019allongement presque nuls<\/strong>, assurant ainsi une excellente stabilit\u00e9 dimensionnelle.<\/p>\n<\/div><\/div><div class=\"w-image align_none\"><div class=\"w-image-h\"><img decoding=\"async\" width=\"313\" height=\"213\" src=\"https:\/\/www.siban.com\/wp-content\/uploads\/2016\/06\/bandas-base3.jpg\" class=\"attachment-large size-large\" alt=\"\" loading=\"lazy\" \/><\/div><\/div><\/div><\/div><\/div><\/div><\/div><\/div><\/div><\/div><\/div><\/section>\n","protected":false},"excerpt":{"rendered":"Bandes \u00e0 trame rigidePour la fabrication des bandes Beltsiflex\u00ae, Siban a d\u00e9velopp\u00e9 une bande \u00e0 trame rigide sp\u00e9cialement con\u00e7ue pour garantir le fonctionnement optimal du syst\u00e8me. Plusieurs configurations sont disponibles selon les param\u00e8tres de l\u2019installation. L\u2019utilisation de bandes \u00e0 trame transversale rigide pr\u00e9sente de nombreux avantages\u00a0: Meilleur appui de la bande dans la section de...","protected":false},"author":2,"featured_media":0,"parent":0,"menu_order":0,"comment_status":"closed","ping_status":"closed","template":"","meta":{"footnotes":""},"class_list":["post-3952","page","type-page","status-publish","hentry"],"yoast_head":"<!-- This site is optimized with the Yoast SEO plugin v27.5 - https:\/\/yoast.com\/product\/yoast-seo-wordpress\/ -->\n<title>Bandes base - Siban<\/title>\n<meta name=\"robots\" content=\"index, follow, max-snippet:-1, max-image-preview:large, max-video-preview:-1\" \/>\n<link rel=\"canonical\" href=\"https:\/\/www.siban.com\/bandas-base\/\" \/>\n<meta property=\"og:locale\" content=\"fr_FR\" \/>\n<meta property=\"og:type\" content=\"article\" \/>\n<meta property=\"og:title\" content=\"Bandes base - Siban\" \/>\n<meta property=\"og:url\" content=\"https:\/\/www.siban.com\/bandas-base\/\" \/>\n<meta property=\"og:site_name\" content=\"Siban\" \/>\n<meta property=\"article:modified_time\" content=\"2025-09-09T07:44:32+00:00\" \/>\n<meta property=\"og:image\" content=\"https:\/\/www.siban.com\/wp-content\/uploads\/2016\/06\/croquisBandasdeTrama.jpg\" \/>\n\t<meta property=\"og:image:width\" content=\"292\" \/>\n\t<meta property=\"og:image:height\" content=\"262\" \/>\n\t<meta property=\"og:image:type\" content=\"image\/jpeg\" \/>\n<meta name=\"twitter:card\" content=\"summary_large_image\" \/>\n<meta name=\"twitter:label1\" content=\"Dur\u00e9e de lecture estim\u00e9e\" \/>\n\t<meta name=\"twitter:data1\" content=\"3 minutes\" \/>\n<script type=\"application\/ld+json\" class=\"yoast-schema-graph\">{\"@context\":\"https:\\\/\\\/schema.org\",\"@graph\":[{\"@type\":\"WebPage\",\"@id\":\"https:\\\/\\\/www.siban.com\\\/bandas-base\\\/\",\"url\":\"https:\\\/\\\/www.siban.com\\\/bandas-base\\\/\",\"name\":\"Bandes base - Siban\",\"isPartOf\":{\"@id\":\"http:\\\/\\\/dev.siban.com\\\/#website\"},\"primaryImageOfPage\":{\"@id\":\"https:\\\/\\\/www.siban.com\\\/bandas-base\\\/#primaryimage\"},\"image\":{\"@id\":\"https:\\\/\\\/www.siban.com\\\/bandas-base\\\/#primaryimage\"},\"thumbnailUrl\":\"https:\\\/\\\/www.siban.com\\\/wp-content\\\/uploads\\\/2016\\\/06\\\/croquisBandasdeTrama.jpg\",\"datePublished\":\"2017-09-29T10:52:16+00:00\",\"dateModified\":\"2025-09-09T07:44:32+00:00\",\"breadcrumb\":{\"@id\":\"https:\\\/\\\/www.siban.com\\\/bandas-base\\\/#breadcrumb\"},\"inLanguage\":\"fr-FR\",\"potentialAction\":[{\"@type\":\"ReadAction\",\"target\":[\"https:\\\/\\\/www.siban.com\\\/bandas-base\\\/\"]}]},{\"@type\":\"ImageObject\",\"inLanguage\":\"fr-FR\",\"@id\":\"https:\\\/\\\/www.siban.com\\\/bandas-base\\\/#primaryimage\",\"url\":\"https:\\\/\\\/www.siban.com\\\/wp-content\\\/uploads\\\/2016\\\/06\\\/croquisBandasdeTrama.jpg\",\"contentUrl\":\"https:\\\/\\\/www.siban.com\\\/wp-content\\\/uploads\\\/2016\\\/06\\\/croquisBandasdeTrama.jpg\"},{\"@type\":\"BreadcrumbList\",\"@id\":\"https:\\\/\\\/www.siban.com\\\/bandas-base\\\/#breadcrumb\",\"itemListElement\":[{\"@type\":\"ListItem\",\"position\":1,\"name\":\"Inicio\",\"item\":\"https:\\\/\\\/www.siban.com\\\/\"},{\"@type\":\"ListItem\",\"position\":2,\"name\":\"Bandes base\"}]},{\"@type\":\"WebSite\",\"@id\":\"http:\\\/\\\/dev.siban.com\\\/#website\",\"url\":\"http:\\\/\\\/dev.siban.com\\\/\",\"name\":\"Siban\",\"description\":\"Bandas transportadoras\",\"publisher\":{\"@id\":\"http:\\\/\\\/dev.siban.com\\\/#organization\"},\"potentialAction\":[{\"@type\":\"SearchAction\",\"target\":{\"@type\":\"EntryPoint\",\"urlTemplate\":\"http:\\\/\\\/dev.siban.com\\\/?s={search_term_string}\"},\"query-input\":{\"@type\":\"PropertyValueSpecification\",\"valueRequired\":true,\"valueName\":\"search_term_string\"}}],\"inLanguage\":\"fr-FR\"},{\"@type\":\"Organization\",\"@id\":\"http:\\\/\\\/dev.siban.com\\\/#organization\",\"name\":\"Siban\",\"url\":\"http:\\\/\\\/dev.siban.com\\\/\",\"logo\":{\"@type\":\"ImageObject\",\"inLanguage\":\"fr-FR\",\"@id\":\"http:\\\/\\\/dev.siban.com\\\/#\\\/schema\\\/logo\\\/image\\\/\",\"url\":\"https:\\\/\\\/www.siban.com\\\/wp-content\\\/uploads\\\/2024\\\/07\\\/Siban-Beltsiflex-PNG.png\",\"contentUrl\":\"https:\\\/\\\/www.siban.com\\\/wp-content\\\/uploads\\\/2024\\\/07\\\/Siban-Beltsiflex-PNG.png\",\"width\":3133,\"height\":1633,\"caption\":\"Siban\"},\"image\":{\"@id\":\"http:\\\/\\\/dev.siban.com\\\/#\\\/schema\\\/logo\\\/image\\\/\"}}]}<\/script>\n<!-- \/ Yoast SEO plugin. -->","yoast_head_json":{"title":"Bandes base - Siban","robots":{"index":"index","follow":"follow","max-snippet":"max-snippet:-1","max-image-preview":"max-image-preview:large","max-video-preview":"max-video-preview:-1"},"canonical":"https:\/\/www.siban.com\/bandas-base\/","og_locale":"fr_FR","og_type":"article","og_title":"Bandes base - Siban","og_url":"https:\/\/www.siban.com\/bandas-base\/","og_site_name":"Siban","article_modified_time":"2025-09-09T07:44:32+00:00","og_image":[{"width":292,"height":262,"url":"https:\/\/www.siban.com\/wp-content\/uploads\/2016\/06\/croquisBandasdeTrama.jpg","type":"image\/jpeg"}],"twitter_card":"summary_large_image","twitter_misc":{"Dur\u00e9e de lecture estim\u00e9e":"3 minutes"},"schema":{"@context":"https:\/\/schema.org","@graph":[{"@type":"WebPage","@id":"https:\/\/www.siban.com\/bandas-base\/","url":"https:\/\/www.siban.com\/bandas-base\/","name":"Bandes base - Siban","isPartOf":{"@id":"http:\/\/dev.siban.com\/#website"},"primaryImageOfPage":{"@id":"https:\/\/www.siban.com\/bandas-base\/#primaryimage"},"image":{"@id":"https:\/\/www.siban.com\/bandas-base\/#primaryimage"},"thumbnailUrl":"https:\/\/www.siban.com\/wp-content\/uploads\/2016\/06\/croquisBandasdeTrama.jpg","datePublished":"2017-09-29T10:52:16+00:00","dateModified":"2025-09-09T07:44:32+00:00","breadcrumb":{"@id":"https:\/\/www.siban.com\/bandas-base\/#breadcrumb"},"inLanguage":"fr-FR","potentialAction":[{"@type":"ReadAction","target":["https:\/\/www.siban.com\/bandas-base\/"]}]},{"@type":"ImageObject","inLanguage":"fr-FR","@id":"https:\/\/www.siban.com\/bandas-base\/#primaryimage","url":"https:\/\/www.siban.com\/wp-content\/uploads\/2016\/06\/croquisBandasdeTrama.jpg","contentUrl":"https:\/\/www.siban.com\/wp-content\/uploads\/2016\/06\/croquisBandasdeTrama.jpg"},{"@type":"BreadcrumbList","@id":"https:\/\/www.siban.com\/bandas-base\/#breadcrumb","itemListElement":[{"@type":"ListItem","position":1,"name":"Inicio","item":"https:\/\/www.siban.com\/"},{"@type":"ListItem","position":2,"name":"Bandes base"}]},{"@type":"WebSite","@id":"http:\/\/dev.siban.com\/#website","url":"http:\/\/dev.siban.com\/","name":"Siban","description":"Bandas transportadoras","publisher":{"@id":"http:\/\/dev.siban.com\/#organization"},"potentialAction":[{"@type":"SearchAction","target":{"@type":"EntryPoint","urlTemplate":"http:\/\/dev.siban.com\/?s={search_term_string}"},"query-input":{"@type":"PropertyValueSpecification","valueRequired":true,"valueName":"search_term_string"}}],"inLanguage":"fr-FR"},{"@type":"Organization","@id":"http:\/\/dev.siban.com\/#organization","name":"Siban","url":"http:\/\/dev.siban.com\/","logo":{"@type":"ImageObject","inLanguage":"fr-FR","@id":"http:\/\/dev.siban.com\/#\/schema\/logo\/image\/","url":"https:\/\/www.siban.com\/wp-content\/uploads\/2024\/07\/Siban-Beltsiflex-PNG.png","contentUrl":"https:\/\/www.siban.com\/wp-content\/uploads\/2024\/07\/Siban-Beltsiflex-PNG.png","width":3133,"height":1633,"caption":"Siban"},"image":{"@id":"http:\/\/dev.siban.com\/#\/schema\/logo\/image\/"}}]}},"_links":{"self":[{"href":"https:\/\/www.siban.com\/fr\/wp-json\/wp\/v2\/pages\/3952","targetHints":{"allow":["GET"]}}],"collection":[{"href":"https:\/\/www.siban.com\/fr\/wp-json\/wp\/v2\/pages"}],"about":[{"href":"https:\/\/www.siban.com\/fr\/wp-json\/wp\/v2\/types\/page"}],"author":[{"embeddable":true,"href":"https:\/\/www.siban.com\/fr\/wp-json\/wp\/v2\/users\/2"}],"replies":[{"embeddable":true,"href":"https:\/\/www.siban.com\/fr\/wp-json\/wp\/v2\/comments?post=3952"}],"version-history":[{"count":19,"href":"https:\/\/www.siban.com\/fr\/wp-json\/wp\/v2\/pages\/3952\/revisions"}],"predecessor-version":[{"id":138220,"href":"https:\/\/www.siban.com\/fr\/wp-json\/wp\/v2\/pages\/3952\/revisions\/138220"}],"wp:attachment":[{"href":"https:\/\/www.siban.com\/fr\/wp-json\/wp\/v2\/media?parent=3952"}],"curies":[{"name":"wp","href":"https:\/\/api.w.org\/{rel}","templated":true}]}}