{"id":3945,"date":"2017-09-29T11:16:07","date_gmt":"2017-09-29T10:16:07","guid":{"rendered":"https:\/\/www.siban.com\/?page_id=3945\/"},"modified":"2025-08-12T08:11:14","modified_gmt":"2025-08-12T07:11:14","slug":"bande-textile-lisse","status":"publish","type":"page","link":"https:\/\/www.siban.com\/fr\/bande-textile-lisse\/","title":{"rendered":"Bande Textile Lisse"},"content":{"rendered":"<section class=\"l-section wpb_row height_small\"><div class=\"l-section-h i-cf\"><div class=\"g-cols vc_row via_grid cols_1 laptops-cols_inherit tablets-cols_inherit mobiles-cols_1 valign_top type_default stacking_default\"><div class=\"wpb_column vc_column_container\"><div class=\"vc_column-inner\"><h2 class=\"w-text us_custom_eb849559\"><span class=\"w-text-h\"><span class=\"w-text-value\">Bande lisse textile<\/span><\/span><\/h2><div class=\"g-cols wpb_row via_grid cols_2 laptops-cols_inherit tablets-cols_inherit mobiles-cols_1 valign_top type_default stacking_default\" style=\"--columns-gap:3rem;\"><div class=\"wpb_column vc_column_container\"><div class=\"vc_column-inner\"><div class=\"wpb_text_column\"><div class=\"wpb_wrapper\"><p>Nous fabriquons nos bandes\u00a0<strong>Beltsiflex\u00ae\u00a0<\/strong>avec des tissus synth\u00e9tiques :<\/p>\n<ul>\n<li>Des structures sp\u00e9ciales afin d&rsquo;obtenir diff\u00e9rentes propri\u00e9t\u00e9s physiques et comportements de la bande en g\u00e9n\u00e9ral.<\/li>\n<li>Des mat\u00e9riaux sp\u00e9ciaux pour obtenir diff\u00e9rentes propri\u00e9t\u00e9s m\u00e9caniques, des mat\u00e9riaux comme le polyester, l&rsquo;aramide, le polyamide, le basalte, le verre, etc.<\/li>\n<\/ul>\n<p>Parmi les rev\u00eatements de caoutchouc utilis\u00e9s dans la fabrication, nous pouvons distinguer :<\/p>\n<ul>\n<li>Conform\u00e9ment \u00e0 la norme internationale.<\/li>\n<li>Des caoutchoucs d\u00e9velopp\u00e9s en interne pour des applications sp\u00e9cifiques.<\/li>\n<\/ul>\n<p>Fabrication en s\u00e9rie pour des largeurs et des longueurs standardis\u00e9es.<\/p>\n<p>Fabrication sp\u00e9ciale pour des longueurs et des largeurs interm\u00e9diaires, et sur demande, nous offrons une largeur maximale de\u00a0<strong>5200 mm<\/strong>\u00a0avec jonction longitudinale pour tout type de fabrication.<\/p>\n<\/div><\/div><\/div><\/div><div class=\"wpb_column vc_column_container\"><div class=\"vc_column-inner\"><div class=\"w-image align_none\"><div class=\"w-image-h\"><img decoding=\"async\" width=\"999\" height=\"659\" src=\"https:\/\/www.siban.com\/wp-content\/uploads\/2024\/04\/puerto12.jpg\" class=\"attachment-large size-large\" alt=\"\" loading=\"lazy\" srcset=\"https:\/\/www.siban.com\/wp-content\/uploads\/2024\/04\/puerto12.jpg 999w, https:\/\/www.siban.com\/wp-content\/uploads\/2024\/04\/puerto12-480x317.jpg 480w, https:\/\/www.siban.com\/wp-content\/uploads\/2024\/04\/puerto12-510x336.jpg 510w\" sizes=\"auto, (max-width: 999px) 100vw, 999px\" \/><\/div><\/div><\/div><\/div><\/div><\/div><\/div><\/div><\/div><\/section>\n","protected":false},"excerpt":{"rendered":"Bande lisse textileNous fabriquons nos bandes\u00a0Beltsiflex\u00ae\u00a0avec des tissus synth\u00e9tiques : Des structures sp\u00e9ciales afin d&rsquo;obtenir diff\u00e9rentes propri\u00e9t\u00e9s physiques et comportements de la bande en g\u00e9n\u00e9ral. Des mat\u00e9riaux sp\u00e9ciaux pour obtenir diff\u00e9rentes propri\u00e9t\u00e9s m\u00e9caniques, des mat\u00e9riaux comme le polyester, l&rsquo;aramide, le polyamide, le basalte, le verre, etc. Parmi les rev\u00eatements de caoutchouc utilis\u00e9s dans la fabrication,...","protected":false},"author":2,"featured_media":0,"parent":0,"menu_order":0,"comment_status":"closed","ping_status":"closed","template":"page-templates\/page-right.php","meta":{"footnotes":""},"class_list":["post-3945","page","type-page","status-publish","hentry"],"yoast_head":"<!-- This site is optimized with the Yoast SEO plugin v27.5 - https:\/\/yoast.com\/product\/yoast-seo-wordpress\/ -->\n<title>Bande Textile Lisse - Siban<\/title>\n<meta name=\"robots\" content=\"index, follow, max-snippet:-1, max-image-preview:large, max-video-preview:-1\" \/>\n<link rel=\"canonical\" href=\"https:\/\/www.siban.com\/fr\/bande-textile-lisse\/\" \/>\n<meta property=\"og:locale\" content=\"fr_FR\" \/>\n<meta property=\"og:type\" content=\"article\" \/>\n<meta property=\"og:title\" content=\"Bande Textile Lisse - Siban\" \/>\n<meta property=\"og:url\" content=\"https:\/\/www.siban.com\/fr\/bande-textile-lisse\/\" \/>\n<meta property=\"og:site_name\" content=\"Siban\" \/>\n<meta property=\"article:modified_time\" content=\"2025-08-12T07:11:14+00:00\" \/>\n<meta name=\"twitter:card\" content=\"summary_large_image\" \/>\n<meta name=\"twitter:label1\" content=\"Dur\u00e9e de lecture estim\u00e9e\" \/>\n\t<meta name=\"twitter:data1\" content=\"1 minute\" \/>\n<script type=\"application\/ld+json\" class=\"yoast-schema-graph\">{\"@context\":\"https:\\\/\\\/schema.org\",\"@graph\":[{\"@type\":\"WebPage\",\"@id\":\"https:\\\/\\\/www.siban.com\\\/fr\\\/bande-textile-lisse\\\/\",\"url\":\"https:\\\/\\\/www.siban.com\\\/fr\\\/bande-textile-lisse\\\/\",\"name\":\"Bande Textile Lisse - Siban\",\"isPartOf\":{\"@id\":\"http:\\\/\\\/dev.siban.com\\\/#website\"},\"datePublished\":\"2017-09-29T10:16:07+00:00\",\"dateModified\":\"2025-08-12T07:11:14+00:00\",\"breadcrumb\":{\"@id\":\"https:\\\/\\\/www.siban.com\\\/fr\\\/bande-textile-lisse\\\/#breadcrumb\"},\"inLanguage\":\"fr-FR\",\"potentialAction\":[{\"@type\":\"ReadAction\",\"target\":[\"https:\\\/\\\/www.siban.com\\\/fr\\\/bande-textile-lisse\\\/\"]}]},{\"@type\":\"BreadcrumbList\",\"@id\":\"https:\\\/\\\/www.siban.com\\\/fr\\\/bande-textile-lisse\\\/#breadcrumb\",\"itemListElement\":[{\"@type\":\"ListItem\",\"position\":1,\"name\":\"Inicio\",\"item\":\"https:\\\/\\\/www.siban.com\\\/\"},{\"@type\":\"ListItem\",\"position\":2,\"name\":\"Bande Textile Lisse\"}]},{\"@type\":\"WebSite\",\"@id\":\"http:\\\/\\\/dev.siban.com\\\/#website\",\"url\":\"http:\\\/\\\/dev.siban.com\\\/\",\"name\":\"Siban\",\"description\":\"Bandas transportadoras\",\"publisher\":{\"@id\":\"http:\\\/\\\/dev.siban.com\\\/#organization\"},\"potentialAction\":[{\"@type\":\"SearchAction\",\"target\":{\"@type\":\"EntryPoint\",\"urlTemplate\":\"http:\\\/\\\/dev.siban.com\\\/?s={search_term_string}\"},\"query-input\":{\"@type\":\"PropertyValueSpecification\",\"valueRequired\":true,\"valueName\":\"search_term_string\"}}],\"inLanguage\":\"fr-FR\"},{\"@type\":\"Organization\",\"@id\":\"http:\\\/\\\/dev.siban.com\\\/#organization\",\"name\":\"Siban\",\"url\":\"http:\\\/\\\/dev.siban.com\\\/\",\"logo\":{\"@type\":\"ImageObject\",\"inLanguage\":\"fr-FR\",\"@id\":\"http:\\\/\\\/dev.siban.com\\\/#\\\/schema\\\/logo\\\/image\\\/\",\"url\":\"https:\\\/\\\/www.siban.com\\\/wp-content\\\/uploads\\\/2024\\\/07\\\/Siban-Beltsiflex-PNG.png\",\"contentUrl\":\"https:\\\/\\\/www.siban.com\\\/wp-content\\\/uploads\\\/2024\\\/07\\\/Siban-Beltsiflex-PNG.png\",\"width\":3133,\"height\":1633,\"caption\":\"Siban\"},\"image\":{\"@id\":\"http:\\\/\\\/dev.siban.com\\\/#\\\/schema\\\/logo\\\/image\\\/\"}}]}<\/script>\n<!-- \/ Yoast SEO plugin. -->","yoast_head_json":{"title":"Bande Textile Lisse - Siban","robots":{"index":"index","follow":"follow","max-snippet":"max-snippet:-1","max-image-preview":"max-image-preview:large","max-video-preview":"max-video-preview:-1"},"canonical":"https:\/\/www.siban.com\/fr\/bande-textile-lisse\/","og_locale":"fr_FR","og_type":"article","og_title":"Bande Textile Lisse - Siban","og_url":"https:\/\/www.siban.com\/fr\/bande-textile-lisse\/","og_site_name":"Siban","article_modified_time":"2025-08-12T07:11:14+00:00","twitter_card":"summary_large_image","twitter_misc":{"Dur\u00e9e de lecture estim\u00e9e":"1 minute"},"schema":{"@context":"https:\/\/schema.org","@graph":[{"@type":"WebPage","@id":"https:\/\/www.siban.com\/fr\/bande-textile-lisse\/","url":"https:\/\/www.siban.com\/fr\/bande-textile-lisse\/","name":"Bande Textile Lisse - Siban","isPartOf":{"@id":"http:\/\/dev.siban.com\/#website"},"datePublished":"2017-09-29T10:16:07+00:00","dateModified":"2025-08-12T07:11:14+00:00","breadcrumb":{"@id":"https:\/\/www.siban.com\/fr\/bande-textile-lisse\/#breadcrumb"},"inLanguage":"fr-FR","potentialAction":[{"@type":"ReadAction","target":["https:\/\/www.siban.com\/fr\/bande-textile-lisse\/"]}]},{"@type":"BreadcrumbList","@id":"https:\/\/www.siban.com\/fr\/bande-textile-lisse\/#breadcrumb","itemListElement":[{"@type":"ListItem","position":1,"name":"Inicio","item":"https:\/\/www.siban.com\/"},{"@type":"ListItem","position":2,"name":"Bande Textile Lisse"}]},{"@type":"WebSite","@id":"http:\/\/dev.siban.com\/#website","url":"http:\/\/dev.siban.com\/","name":"Siban","description":"Bandas transportadoras","publisher":{"@id":"http:\/\/dev.siban.com\/#organization"},"potentialAction":[{"@type":"SearchAction","target":{"@type":"EntryPoint","urlTemplate":"http:\/\/dev.siban.com\/?s={search_term_string}"},"query-input":{"@type":"PropertyValueSpecification","valueRequired":true,"valueName":"search_term_string"}}],"inLanguage":"fr-FR"},{"@type":"Organization","@id":"http:\/\/dev.siban.com\/#organization","name":"Siban","url":"http:\/\/dev.siban.com\/","logo":{"@type":"ImageObject","inLanguage":"fr-FR","@id":"http:\/\/dev.siban.com\/#\/schema\/logo\/image\/","url":"https:\/\/www.siban.com\/wp-content\/uploads\/2024\/07\/Siban-Beltsiflex-PNG.png","contentUrl":"https:\/\/www.siban.com\/wp-content\/uploads\/2024\/07\/Siban-Beltsiflex-PNG.png","width":3133,"height":1633,"caption":"Siban"},"image":{"@id":"http:\/\/dev.siban.com\/#\/schema\/logo\/image\/"}}]}},"_links":{"self":[{"href":"https:\/\/www.siban.com\/fr\/wp-json\/wp\/v2\/pages\/3945","targetHints":{"allow":["GET"]}}],"collection":[{"href":"https:\/\/www.siban.com\/fr\/wp-json\/wp\/v2\/pages"}],"about":[{"href":"https:\/\/www.siban.com\/fr\/wp-json\/wp\/v2\/types\/page"}],"author":[{"embeddable":true,"href":"https:\/\/www.siban.com\/fr\/wp-json\/wp\/v2\/users\/2"}],"replies":[{"embeddable":true,"href":"https:\/\/www.siban.com\/fr\/wp-json\/wp\/v2\/comments?post=3945"}],"version-history":[{"count":6,"href":"https:\/\/www.siban.com\/fr\/wp-json\/wp\/v2\/pages\/3945\/revisions"}],"predecessor-version":[{"id":137464,"href":"https:\/\/www.siban.com\/fr\/wp-json\/wp\/v2\/pages\/3945\/revisions\/137464"}],"wp:attachment":[{"href":"https:\/\/www.siban.com\/fr\/wp-json\/wp\/v2\/media?parent=3945"}],"curies":[{"name":"wp","href":"https:\/\/api.w.org\/{rel}","templated":true}]}}