{"id":3940,"date":"2017-09-29T11:09:38","date_gmt":"2017-09-29T10:09:38","guid":{"rendered":"https:\/\/www.siban.com\/?page_id=3940\/"},"modified":"2025-09-09T07:37:18","modified_gmt":"2025-09-09T06:37:18","slug":"bande-alimentaire","status":"publish","type":"page","link":"https:\/\/www.siban.com\/fr\/bande-alimentaire\/","title":{"rendered":"Bande Alimentaire"},"content":{"rendered":"<section class=\"l-section wpb_row height_small\"><div class=\"l-section-h i-cf\"><div class=\"g-cols vc_row via_grid cols_1 laptops-cols_inherit tablets-cols_inherit mobiles-cols_1 valign_top type_default stacking_default\"><div class=\"wpb_column vc_column_container\"><div class=\"vc_column-inner\"><h2 class=\"w-text us_custom_eb849559\"><span class=\"w-text-h\"><span class=\"w-text-value\">Bande alimentaire<\/span><\/span><\/h2><div class=\"w-image align_center\"><div class=\"w-image-h\"><img decoding=\"async\" width=\"1200\" height=\"540\" src=\"https:\/\/www.siban.com\/wp-content\/uploads\/2024\/06\/alimentaria-1200x540.jpg\" class=\"attachment-large size-large\" alt=\"\" loading=\"lazy\" srcset=\"https:\/\/www.siban.com\/wp-content\/uploads\/2024\/06\/alimentaria-1200x540.jpg 1200w, https:\/\/www.siban.com\/wp-content\/uploads\/2024\/06\/alimentaria-480x216.jpg 480w, https:\/\/www.siban.com\/wp-content\/uploads\/2024\/06\/alimentaria-510x230.jpg 510w\" sizes=\"auto, (max-width: 1200px) 100vw, 1200px\" \/><\/div><\/div><\/div><\/div><\/div><\/div><\/section><section class=\"l-section wpb_row height_small\"><div class=\"l-section-h i-cf\"><div class=\"g-cols vc_row via_grid cols_1 laptops-cols_inherit tablets-cols_inherit mobiles-cols_1 valign_top type_default stacking_default\"><div class=\"wpb_column vc_column_container\"><div class=\"vc_column-inner\"><div class=\"g-cols wpb_row via_grid cols_1 laptops-cols_inherit tablets-cols_inherit mobiles-cols_1 valign_top type_default stacking_default\" style=\"--columns-gap:3rem;\"><div class=\"wpb_column vc_column_container\"><div class=\"vc_column-inner\"><div class=\"wpb_text_column\"><div class=\"wpb_wrapper\"><h3><span style=\"color: #002eb0;\">BANDES TEXTILES ALIMENTAIRES BLANCHES LISSES<\/span><\/h3>\n<p>Nous fabriquons des bandes transporteuses qui permettent le contact avec des produits alimentaires et qui respectent\u00a0<strong>la l\u00e9gislation Europ\u00e9enne CE 1935<\/strong>. Nos bandes ont \u00e9t\u00e9 test\u00e9es par des laboratoires ind\u00e9pendants nationaux et internationaux montrant qu&rsquo;elles respectent la norme\u00a0<strong>XXI du BIR<\/strong>. Ce qui nous permet d&rsquo;\u00e9mettre la d\u00e9claration\u00a0<strong>ANIA<\/strong>\u00a0pour des produits destin\u00e9s au contact avec aliments.<\/p>\n<p>Nos bandes ont \u00e9t\u00e9 d\u00e9velopp\u00e9es pour r\u00e9sister \u00e0 l&rsquo;intemp\u00e9rie et aux attaques d&rsquo;ozone. Elles pr\u00e9sentent une excellente r\u00e9sistance \u00e0 l&rsquo;huile et \u00e0 la flamme.<\/p>\n<p><em>GAMME BLANCHE :<\/em><\/p>\n<ul>\n<li><strong>WF :<\/strong>\u00a0Alimentaire blanche.<\/li>\n<li><strong>WFG : <\/strong>Alimentaire blanche anti-gras.<\/li>\n<li><strong>WFKG : <\/strong>Alimentaire blanche anti-gras et ignifuge.<\/li>\n<\/ul>\n<p>Nous proposons des bandes alimentaires en plusieurs couleurs :<\/p>\n<ul>\n<li><strong>GF : <\/strong>VERTE alimentaire.<\/li>\n<li><strong>BF : <\/strong>BLEUE alimentaire.<\/li>\n<\/ul>\n<\/div><\/div><\/div><\/div><\/div><div class=\"w-separator size_medium\"><\/div><div class=\"g-cols wpb_row via_grid cols_2-1 laptops-cols_inherit tablets-cols_inherit mobiles-cols_1 valign_top type_default stacking_default\" style=\"--columns-gap:3rem;\"><div class=\"wpb_column vc_column_container\"><div class=\"vc_column-inner\"><div class=\"wpb_text_column\"><div class=\"wpb_wrapper\"><h3><span style=\"color: #002eb0;\">BANDES TEXTILES <\/span><span style=\"color: #002eb0;\">ALIMENTAIRES VERTES\u00a0<\/span><span style=\"color: #002eb0;\">\u00c0 CHEVRONS<\/span><\/h3>\n<p>Nous fabriquons des bandes transporteuses \u00e0 chevrons alimentaires avec du caoutchouc homologu\u00e9 suivant le titre <strong>XXI du BFR allemand<\/strong> et qui respecte la norme europ\u00e9enne relative aux mat\u00e9riaux aptes pour le contact avec les aliments et les objets plastiques destin\u00e9s \u00e0 entrer en contact avec les aliments.<\/p>\n<p>Ce produit a \u00e9t\u00e9 test\u00e9 et approuv\u00e9 par un laboratoire officiel autoris\u00e9 de l&rsquo;<strong>Union Europ\u00e9enne.<\/strong><\/p>\n<p>Parmi les caract\u00e9ristiques de ce produit, nous constatons :<\/p>\n<ul>\n<li>Excellente adaptabilit\u00e9 pour le transport en vrac.<\/li>\n<li>Grande r\u00e9sistance \u00e0 l&rsquo;abrasion et au vieillissement.<\/li>\n<\/ul>\n<\/div><\/div><\/div><\/div><div class=\"wpb_column vc_column_container\"><div class=\"vc_column-inner\"><div class=\"w-image align_none\"><div class=\"w-image-h\"><img decoding=\"async\" width=\"900\" height=\"600\" src=\"https:\/\/www.siban.com\/wp-content\/uploads\/2016\/06\/textil-nervada-verde.jpg\" class=\"attachment-large size-large\" alt=\"\" loading=\"lazy\" srcset=\"https:\/\/www.siban.com\/wp-content\/uploads\/2016\/06\/textil-nervada-verde.jpg 900w, https:\/\/www.siban.com\/wp-content\/uploads\/2016\/06\/textil-nervada-verde-480x320.jpg 480w, https:\/\/www.siban.com\/wp-content\/uploads\/2016\/06\/textil-nervada-verde-510x340.jpg 510w, https:\/\/www.siban.com\/wp-content\/uploads\/2016\/06\/textil-nervada-verde-768x512.jpg 768w, https:\/\/www.siban.com\/wp-content\/uploads\/2016\/06\/textil-nervada-verde-405x270.jpg 405w, https:\/\/www.siban.com\/wp-content\/uploads\/2016\/06\/textil-nervada-verde-780x520.jpg 780w, https:\/\/www.siban.com\/wp-content\/uploads\/2016\/06\/textil-nervada-verde-659x439.jpg 659w, https:\/\/www.siban.com\/wp-content\/uploads\/2016\/06\/textil-nervada-verde-880x587.jpg 880w\" sizes=\"auto, (max-width: 900px) 100vw, 900px\" \/><\/div><\/div><\/div><\/div><\/div><\/div><\/div><\/div><\/div><\/section>\n","protected":false},"excerpt":{"rendered":"Bande alimentaireBANDES TEXTILES ALIMENTAIRES BLANCHES LISSES Nous fabriquons des bandes transporteuses qui permettent le contact avec des produits alimentaires et qui respectent\u00a0la l\u00e9gislation Europ\u00e9enne CE 1935. Nos bandes ont \u00e9t\u00e9 test\u00e9es par des laboratoires ind\u00e9pendants nationaux et internationaux montrant qu&rsquo;elles respectent la norme\u00a0XXI du BIR. Ce qui nous permet d&rsquo;\u00e9mettre la d\u00e9claration\u00a0ANIA\u00a0pour des produits destin\u00e9s...","protected":false},"author":2,"featured_media":0,"parent":0,"menu_order":0,"comment_status":"closed","ping_status":"closed","template":"page-templates\/page-right.php","meta":{"footnotes":""},"class_list":["post-3940","page","type-page","status-publish","hentry"],"yoast_head":"<!-- This site is optimized with the Yoast SEO plugin v27.4 - https:\/\/yoast.com\/product\/yoast-seo-wordpress\/ -->\n<title>Bande Alimentaire - Siban<\/title>\n<meta name=\"robots\" content=\"index, follow, max-snippet:-1, max-image-preview:large, max-video-preview:-1\" \/>\n<link rel=\"canonical\" href=\"https:\/\/www.siban.com\/banda-alimentaria\/\" \/>\n<meta property=\"og:locale\" content=\"fr_FR\" \/>\n<meta property=\"og:type\" content=\"article\" \/>\n<meta property=\"og:title\" content=\"Bande Alimentaire - Siban\" \/>\n<meta property=\"og:url\" content=\"https:\/\/www.siban.com\/banda-alimentaria\/\" \/>\n<meta property=\"og:site_name\" content=\"Siban\" \/>\n<meta property=\"article:modified_time\" content=\"2025-09-09T06:37:18+00:00\" \/>\n<meta name=\"twitter:card\" content=\"summary_large_image\" \/>\n<meta name=\"twitter:label1\" content=\"Dur\u00e9e de lecture estim\u00e9e\" \/>\n\t<meta name=\"twitter:data1\" content=\"2 minutes\" \/>\n<script type=\"application\/ld+json\" class=\"yoast-schema-graph\">{\"@context\":\"https:\\\/\\\/schema.org\",\"@graph\":[{\"@type\":\"WebPage\",\"@id\":\"https:\\\/\\\/www.siban.com\\\/banda-alimentaria\\\/\",\"url\":\"https:\\\/\\\/www.siban.com\\\/banda-alimentaria\\\/\",\"name\":\"Bande Alimentaire - Siban\",\"isPartOf\":{\"@id\":\"http:\\\/\\\/dev.siban.com\\\/#website\"},\"datePublished\":\"2017-09-29T10:09:38+00:00\",\"dateModified\":\"2025-09-09T06:37:18+00:00\",\"breadcrumb\":{\"@id\":\"https:\\\/\\\/www.siban.com\\\/banda-alimentaria\\\/#breadcrumb\"},\"inLanguage\":\"fr-FR\",\"potentialAction\":[{\"@type\":\"ReadAction\",\"target\":[\"https:\\\/\\\/www.siban.com\\\/banda-alimentaria\\\/\"]}]},{\"@type\":\"BreadcrumbList\",\"@id\":\"https:\\\/\\\/www.siban.com\\\/banda-alimentaria\\\/#breadcrumb\",\"itemListElement\":[{\"@type\":\"ListItem\",\"position\":1,\"name\":\"Inicio\",\"item\":\"https:\\\/\\\/www.siban.com\\\/\"},{\"@type\":\"ListItem\",\"position\":2,\"name\":\"Bande Alimentaire\"}]},{\"@type\":\"WebSite\",\"@id\":\"http:\\\/\\\/dev.siban.com\\\/#website\",\"url\":\"http:\\\/\\\/dev.siban.com\\\/\",\"name\":\"Siban\",\"description\":\"Bandas transportadoras\",\"publisher\":{\"@id\":\"http:\\\/\\\/dev.siban.com\\\/#organization\"},\"potentialAction\":[{\"@type\":\"SearchAction\",\"target\":{\"@type\":\"EntryPoint\",\"urlTemplate\":\"http:\\\/\\\/dev.siban.com\\\/?s={search_term_string}\"},\"query-input\":{\"@type\":\"PropertyValueSpecification\",\"valueRequired\":true,\"valueName\":\"search_term_string\"}}],\"inLanguage\":\"fr-FR\"},{\"@type\":\"Organization\",\"@id\":\"http:\\\/\\\/dev.siban.com\\\/#organization\",\"name\":\"Siban\",\"url\":\"http:\\\/\\\/dev.siban.com\\\/\",\"logo\":{\"@type\":\"ImageObject\",\"inLanguage\":\"fr-FR\",\"@id\":\"http:\\\/\\\/dev.siban.com\\\/#\\\/schema\\\/logo\\\/image\\\/\",\"url\":\"https:\\\/\\\/www.siban.com\\\/wp-content\\\/uploads\\\/2024\\\/07\\\/Siban-Beltsiflex-PNG.png\",\"contentUrl\":\"https:\\\/\\\/www.siban.com\\\/wp-content\\\/uploads\\\/2024\\\/07\\\/Siban-Beltsiflex-PNG.png\",\"width\":3133,\"height\":1633,\"caption\":\"Siban\"},\"image\":{\"@id\":\"http:\\\/\\\/dev.siban.com\\\/#\\\/schema\\\/logo\\\/image\\\/\"}}]}<\/script>\n<!-- \/ Yoast SEO plugin. -->","yoast_head_json":{"title":"Bande Alimentaire - Siban","robots":{"index":"index","follow":"follow","max-snippet":"max-snippet:-1","max-image-preview":"max-image-preview:large","max-video-preview":"max-video-preview:-1"},"canonical":"https:\/\/www.siban.com\/banda-alimentaria\/","og_locale":"fr_FR","og_type":"article","og_title":"Bande Alimentaire - Siban","og_url":"https:\/\/www.siban.com\/banda-alimentaria\/","og_site_name":"Siban","article_modified_time":"2025-09-09T06:37:18+00:00","twitter_card":"summary_large_image","twitter_misc":{"Dur\u00e9e de lecture estim\u00e9e":"2 minutes"},"schema":{"@context":"https:\/\/schema.org","@graph":[{"@type":"WebPage","@id":"https:\/\/www.siban.com\/banda-alimentaria\/","url":"https:\/\/www.siban.com\/banda-alimentaria\/","name":"Bande Alimentaire - Siban","isPartOf":{"@id":"http:\/\/dev.siban.com\/#website"},"datePublished":"2017-09-29T10:09:38+00:00","dateModified":"2025-09-09T06:37:18+00:00","breadcrumb":{"@id":"https:\/\/www.siban.com\/banda-alimentaria\/#breadcrumb"},"inLanguage":"fr-FR","potentialAction":[{"@type":"ReadAction","target":["https:\/\/www.siban.com\/banda-alimentaria\/"]}]},{"@type":"BreadcrumbList","@id":"https:\/\/www.siban.com\/banda-alimentaria\/#breadcrumb","itemListElement":[{"@type":"ListItem","position":1,"name":"Inicio","item":"https:\/\/www.siban.com\/"},{"@type":"ListItem","position":2,"name":"Bande Alimentaire"}]},{"@type":"WebSite","@id":"http:\/\/dev.siban.com\/#website","url":"http:\/\/dev.siban.com\/","name":"Siban","description":"Bandas transportadoras","publisher":{"@id":"http:\/\/dev.siban.com\/#organization"},"potentialAction":[{"@type":"SearchAction","target":{"@type":"EntryPoint","urlTemplate":"http:\/\/dev.siban.com\/?s={search_term_string}"},"query-input":{"@type":"PropertyValueSpecification","valueRequired":true,"valueName":"search_term_string"}}],"inLanguage":"fr-FR"},{"@type":"Organization","@id":"http:\/\/dev.siban.com\/#organization","name":"Siban","url":"http:\/\/dev.siban.com\/","logo":{"@type":"ImageObject","inLanguage":"fr-FR","@id":"http:\/\/dev.siban.com\/#\/schema\/logo\/image\/","url":"https:\/\/www.siban.com\/wp-content\/uploads\/2024\/07\/Siban-Beltsiflex-PNG.png","contentUrl":"https:\/\/www.siban.com\/wp-content\/uploads\/2024\/07\/Siban-Beltsiflex-PNG.png","width":3133,"height":1633,"caption":"Siban"},"image":{"@id":"http:\/\/dev.siban.com\/#\/schema\/logo\/image\/"}}]}},"_links":{"self":[{"href":"https:\/\/www.siban.com\/fr\/wp-json\/wp\/v2\/pages\/3940","targetHints":{"allow":["GET"]}}],"collection":[{"href":"https:\/\/www.siban.com\/fr\/wp-json\/wp\/v2\/pages"}],"about":[{"href":"https:\/\/www.siban.com\/fr\/wp-json\/wp\/v2\/types\/page"}],"author":[{"embeddable":true,"href":"https:\/\/www.siban.com\/fr\/wp-json\/wp\/v2\/users\/2"}],"replies":[{"embeddable":true,"href":"https:\/\/www.siban.com\/fr\/wp-json\/wp\/v2\/comments?post=3940"}],"version-history":[{"count":11,"href":"https:\/\/www.siban.com\/fr\/wp-json\/wp\/v2\/pages\/3940\/revisions"}],"predecessor-version":[{"id":138203,"href":"https:\/\/www.siban.com\/fr\/wp-json\/wp\/v2\/pages\/3940\/revisions\/138203"}],"wp:attachment":[{"href":"https:\/\/www.siban.com\/fr\/wp-json\/wp\/v2\/media?parent=3940"}],"curies":[{"name":"wp","href":"https:\/\/api.w.org\/{rel}","templated":true}]}}