{"id":3936,"date":"2017-09-29T10:44:54","date_gmt":"2017-09-29T09:44:54","guid":{"rendered":"https:\/\/www.siban.com\/?page_id=3936\/"},"modified":"2025-10-30T11:54:45","modified_gmt":"2025-10-30T10:54:45","slug":"produits-2","status":"publish","type":"page","link":"https:\/\/www.siban.com\/fr\/produits-2\/","title":{"rendered":"Produits"},"content":{"rendered":"<section class=\"l-section wpb_row height_small\"><div class=\"l-section-h i-cf\"><div class=\"g-cols vc_row via_grid cols_1 laptops-cols_inherit tablets-cols_inherit mobiles-cols_1 valign_top type_default stacking_default\"><div class=\"wpb_column vc_column_container\"><div class=\"vc_column-inner\"><h2 class=\"w-text us_custom_b48a3196\"><span class=\"w-text-h\"><span class=\"w-text-value\">Large gamme de bandes transporteuses<\/span><\/span><\/h2><\/div><\/div><\/div><\/div><\/section><section class=\"l-section wpb_row height_small\"><div class=\"l-section-h i-cf\"><div class=\"g-cols vc_row via_grid cols_2 laptops-cols_inherit tablets-cols_inherit mobiles-cols_1 valign_top type_default stacking_default\"><div class=\"wpb_column vc_column_container\"><div class=\"vc_column-inner\"><h2 class=\"w-text us_custom_eb849559\"><a href=\"http:\/\/www.siban.com\/fr\/beltsiflex-bandaboard-2\/\" class=\"w-text-h\"><span class=\"w-text-value\">Bandabord Beltsiflex\u00ae <\/span><\/a><\/h2><div class=\"wpb_text_column\"><div class=\"wpb_wrapper\"><p><span><strong>Les bandes transporteuses Beltsiflex\u00ae<\/strong>\u00a0<strong>\u00e9quip\u00e9es de bords de contenance et\/ou de tasseaux transversaux<\/strong> vulcanis\u00e9s \u00e0 chaud sur la bande, fournissent plus de s\u00e9curit\u00e9, stabilit\u00e9 et une plus longue dur\u00e9e de vie \u00e0 l\u2019ensemble.<\/span><\/p>\n<p><span>Ces produits, d\u00e9velopp\u00e9s principalement pour le transport sur des plans tr\u00e8s inclin\u00e9s (jusqu\u2019\u00e0 90\u00ba), peuvent s\u2019adapter \u00e0 diff\u00e9rents agencements selon les besoins du client.<\/span><\/p>\n<p><span><strong>La vulcanisation \u00e0 chaud<\/strong> permet l&rsquo;utilisation de plus petits diam\u00e8tres de tambour et assure le maintient de l\u2019adh\u00e9rence parfaite des \u00e9l\u00e9ments \u00e0 la base de la bande en cas de stockages prolong\u00e9s<\/span>.<\/p>\n<p>La possibilit\u00e9 d\u2019acheminer les mat\u00e9riaux de mani\u00e8re enti\u00e8rement verticale \u00e0 l\u2019aide d\u2019un seul convoyeur, supprimant ainsi les points de transfert interm\u00e9diaires, permet un gain d\u2019espace.<\/p>\n<p><span>Il existe de multiples qualit\u00e9s de caoutchouc pour adapter les bandes \u00e0 la nature du produit \u00e0 transporter. Les qualit\u00e9s peuvent \u00eatre <a href=\"https:\/\/www.siban.com\/fr\/qualite-de-la-couverture\/\">Anti-abrasive, R\u00e9sistante \u00e0 la chaleur (jusqu\u2019\u00e0 150\u00ba), R\u00e9sistante aux graisses et aux huiles, Ignifuge et Alimentaire<\/a><span style=\"color: #1a1a1a;\">.<\/span><\/span><\/p>\n<\/div><\/div><\/div><\/div><div class=\"wpb_column vc_column_container\"><div class=\"vc_column-inner\"><div class=\"w-image align_center\"><a href=\"http:\/\/www.siban.com\/fr\/beltsiflex-bandaboard-2\/\" aria-label=\"FERROATLANTICA 001\" class=\"w-image-h\"><img decoding=\"async\" width=\"1200\" height=\"900\" src=\"https:\/\/www.siban.com\/wp-content\/uploads\/2024\/04\/FERROATLANTICA-001-1200x900.jpg\" class=\"attachment-large size-large\" alt=\"\" loading=\"lazy\" srcset=\"https:\/\/www.siban.com\/wp-content\/uploads\/2024\/04\/FERROATLANTICA-001-1200x900.jpg 1200w, https:\/\/www.siban.com\/wp-content\/uploads\/2024\/04\/FERROATLANTICA-001-480x360.jpg 480w, https:\/\/www.siban.com\/wp-content\/uploads\/2024\/04\/FERROATLANTICA-001-510x383.jpg 510w, https:\/\/www.siban.com\/wp-content\/uploads\/2024\/04\/FERROATLANTICA-001.jpg 1792w\" sizes=\"auto, (max-width: 1200px) 100vw, 1200px\" \/><\/a><\/div><\/div><\/div><\/div><\/div><\/section><section class=\"l-section wpb_row height_small\"><div class=\"l-section-h i-cf\"><div class=\"g-cols vc_row via_grid cols_2 laptops-cols_inherit tablets-cols_inherit mobiles-cols_1 valign_top type_default stacking_default\"><div class=\"wpb_column vc_column_container\"><div class=\"vc_column-inner\"><h2 class=\"w-text us_custom_eb849559\"><a href=\"http:\/\/www.siban.com\/fr\/beltsiflex-bandes-transporteuses-2\/\" class=\"w-text-h\"><span class=\"w-text-value\">Bandes transporteuses Beltsiflex\u00ae<\/span><\/a><\/h2><div class=\"wpb_text_column\"><div class=\"wpb_wrapper\"><p><span>Bandes constitu\u00e9es d\u2019une carcasse comprenant plusieurs couches de tissu qui conf\u00e8rent la r\u00e9sistance \u00e0 l\u2019ensemble. Cette carcasse est recouverte de caoutchouc qui peut \u00eatre de diff\u00e9rentes \u00e9paisseurs et qualit\u00e9s selon les besoins du client. Ces <a href=\"https:\/\/www.siban.com\/fr\/qualite-de-la-couverture\/\">qualit\u00e9s<\/a> englobent les caoutchoucs : <strong>Anti-gras, Anti-chaleur, Anti-feu, Alimentaire, Anti-abrasive, etc<\/strong>.<\/span><\/p>\n<p><span>De plus, selon les besoins de l&rsquo;installation, la vaste gamme de produits Beltsiflex\u00ae s&rsquo;adapte \u00e0 tous les syst\u00e8mes existants. <\/span><\/p>\n<p><span><strong>SIBAN<\/strong> est synonyme d\u2019innovation, de qualit\u00e9 et d\u2019engagement dans chaque projet. C\u2019est pourquoi, quelle que soit votre industrie, nous avons la bande transporteuse adapt\u00e9e pour optimiser votre processus de production : <strong>bandes \u00e9l\u00e9vatrices<\/strong>, <strong>bandes alimentaire<\/strong>s, <strong>bandes avec la meilleure r\u00e9sistance \u00e0 l\u2019abrasion du march\u00e9<\/strong> ou <strong>bandes pour applications sp\u00e9ciales<\/strong>.<\/span><\/p>\n<\/div><\/div><\/div><\/div><div class=\"wpb_column vc_column_container\"><div class=\"vc_column-inner\"><div class=\"w-image align_center\"><a href=\"http:\/\/www.siban.com\/fr\/beltsiflex-bandes-transporteuses-2\/\" aria-label=\"puerto12\" class=\"w-image-h\"><img decoding=\"async\" width=\"999\" height=\"659\" src=\"https:\/\/www.siban.com\/wp-content\/uploads\/2024\/04\/puerto12.jpg\" class=\"attachment-large size-large\" alt=\"\" loading=\"lazy\" srcset=\"https:\/\/www.siban.com\/wp-content\/uploads\/2024\/04\/puerto12.jpg 999w, https:\/\/www.siban.com\/wp-content\/uploads\/2024\/04\/puerto12-480x317.jpg 480w, https:\/\/www.siban.com\/wp-content\/uploads\/2024\/04\/puerto12-510x336.jpg 510w\" sizes=\"auto, (max-width: 999px) 100vw, 999px\" \/><\/a><\/div><\/div><\/div><\/div><\/div><\/section><section class=\"l-section wpb_row height_small\"><div class=\"l-section-h i-cf\"><div class=\"g-cols vc_row via_grid cols_2 laptops-cols_inherit tablets-cols_inherit mobiles-cols_1 valign_top type_default stacking_default\"><div class=\"wpb_column vc_column_container\"><div class=\"vc_column-inner\"><h2 class=\"w-text us_custom_eb849559\"><a href=\"http:\/\/www.siban.com\/fr\/beltsiflex-bandes-a-chevrons\/\" class=\"w-text-h\"><span class=\"w-text-value\">Bandes \u00e0 chevrons Beltsiflex\u00ae<\/span><\/a><\/h2><div class=\"wpb_text_column\"><div class=\"wpb_wrapper\"><p><span>Bandes transporteuses avec des chevrons vulcanis\u00e9s \u00e0 chaud sur la surface de travail. Ces types de produits sont adapt\u00e9s au transport sur des plans allant jusqu\u2019\u00e0 45\u00ba, toujours selon la nature du mat\u00e9riel \u00e0 acheminer.<\/span><\/p>\n<p><span>Nous proposons de nombreuses hauteurs de chevrons, de 15 \u00e0 50 mm, ainsi que diff\u00e9rents patrons ou dessins selon les besoins du client.<\/span><\/p>\n<p><span>Il existe de nombreuses qualit\u00e9s de caoutchouc pour adapter la bandes \u00e0 la nature du produit \u00e0 transporter. Les qualit\u00e9s peuvent \u00eatre : Anti-abrasive, R\u00e9sistante \u00e0 la chaleur (jusqu\u2019\u00e0 150\u00ba), R\u00e9sistante aux graisses et aux huiles, Ignifuge et Alimentaire.<\/span><\/p>\n<\/div><\/div><\/div><\/div><div class=\"wpb_column vc_column_container\"><div class=\"vc_column-inner\"><div class=\"w-image align_center\"><a href=\"http:\/\/www.siban.com\/fr\/beltsiflex-bandes-a-chevrons\/\" aria-label=\"IMG_8211\" class=\"w-image-h\"><img decoding=\"async\" width=\"1200\" height=\"900\" src=\"https:\/\/www.siban.com\/wp-content\/uploads\/2024\/04\/IMG_8211-1200x900.jpg\" class=\"attachment-large size-large\" alt=\"\" loading=\"lazy\" srcset=\"https:\/\/www.siban.com\/wp-content\/uploads\/2024\/04\/IMG_8211-1200x900.jpg 1200w, https:\/\/www.siban.com\/wp-content\/uploads\/2024\/04\/IMG_8211-480x360.jpg 480w, https:\/\/www.siban.com\/wp-content\/uploads\/2024\/04\/IMG_8211-510x383.jpg 510w\" sizes=\"auto, (max-width: 1200px) 100vw, 1200px\" \/><\/a><\/div><\/div><\/div><\/div><\/div><\/section><section class=\"l-section wpb_row height_small\"><div class=\"l-section-h i-cf\"><div class=\"g-cols vc_row via_grid cols_4 laptops-cols_inherit tablets-cols_inherit mobiles-cols_1 valign_top type_default stacking_default\"><div class=\"wpb_column vc_column_container\"><div class=\"vc_column-inner\"><div class=\"w-image align_none\"><a href=\"http:\/\/www.siban.com\/fr\/feuilles-de-caoutchouc-2\/\" aria-label=\"PLANCHAS-DE-GOMA\" class=\"w-image-h\"><img decoding=\"async\" width=\"500\" height=\"333\" src=\"https:\/\/www.siban.com\/wp-content\/uploads\/2024\/04\/PLANCHAS-DE-GOMA.jpg\" class=\"attachment-large size-large\" alt=\"\" loading=\"lazy\" srcset=\"https:\/\/www.siban.com\/wp-content\/uploads\/2024\/04\/PLANCHAS-DE-GOMA.jpg 500w, https:\/\/www.siban.com\/wp-content\/uploads\/2024\/04\/PLANCHAS-DE-GOMA-480x320.jpg 480w\" sizes=\"auto, (max-width: 500px) 100vw, 500px\" \/><\/a><\/div><\/div><\/div><div class=\"wpb_column vc_column_container\"><div class=\"vc_column-inner\"><h4 class=\"w-text us_custom_eb849559\"><a href=\"http:\/\/www.siban.com\/fr\/feuilles-de-caoutchouc-2\/\" class=\"w-text-h\"><span class=\"w-text-value\">FEUILLES DE CAOUTCHOUC<\/span><\/a><\/h4><div class=\"wpb_text_column\"><div class=\"wpb_wrapper\"><p>Conception et d\u00e9veloppement d\u2019\u00e9lastom\u00e8res adapt\u00e9s \u00e0 tous types d\u2019applications dans les secteurs de l\u2019automobile, de la construction, de l\u2019agroalimentaire, de la chimie, de l\u2019industrie du bois, de la fabrication de papier et de l\u2019ing\u00e9nierie navale.<br data-start=\"451\" data-end=\"454\" \/>Nous proposons une large gamme de qualit\u00e9s : EPDM, CR, NBR, SBR, NR, etc.<\/p>\n<\/div><\/div><\/div><\/div><div class=\"wpb_column vc_column_container\"><div class=\"vc_column-inner\"><div class=\"w-image align_center\"><a href=\"http:\/\/www.siban.com\/fr\/produits-pour-la-mise-en-place-et-reparation-des-bandes-transporteuses-2\/\" aria-label=\"foto-8\" class=\"w-image-h\"><img decoding=\"async\" width=\"350\" height=\"250\" src=\"https:\/\/www.siban.com\/wp-content\/uploads\/2016\/06\/FOTO-8.jpg\" class=\"attachment-large size-large\" alt=\"\" loading=\"lazy\" \/><\/a><\/div><\/div><\/div><div class=\"wpb_column vc_column_container\"><div class=\"vc_column-inner\"><div class=\"w-separator size_medium\"><\/div><h4 class=\"w-text us_custom_eb849559\"><a href=\"http:\/\/www.siban.com\/fr\/produits-pour-la-mise-en-place-et-reparation-des-bandes-transporteuses-2\/\" class=\"w-text-h\"><span class=\"w-text-value\">PRODUITS POUR LA MISE EN PLACE ET R\u00c9PARATION DES BANDES TRANSPORTEUSES<\/span><\/a><\/h4><\/div><\/div><\/div><\/div><\/section><section class=\"l-section wpb_row height_small\"><div class=\"l-section-h i-cf\"><div class=\"g-cols vc_row via_grid cols_1 laptops-cols_inherit tablets-cols_inherit mobiles-cols_1 valign_top type_default stacking_default\"><div class=\"wpb_column vc_column_container\"><div class=\"vc_column-inner\"><div class=\"w-separator size_small\"><\/div><h2 class=\"w-text us_custom_eb849559\"><span class=\"w-text-h\"><span class=\"w-text-value\">Demande de devis<\/span><\/span><\/h2><div class=\"w-iconbox iconpos_top style_default color_primary align_center no_text no_title\"><div class=\"w-iconbox-icon\" style=\"font-size:3rem;\"><i class=\"fas fa-file-signature\"><\/i><\/div><div class=\"w-iconbox-meta\"><\/div><\/div><\/div><\/div><\/div><\/div><\/section><section class=\"l-section wpb_row height_small\"><div class=\"l-section-h i-cf\"><div class=\"g-cols vc_row via_grid cols_2 laptops-cols_inherit tablets-cols_inherit mobiles-cols_1 valign_top type_default stacking_default\"><div class=\"wpb_column vc_column_container\"><div class=\"vc_column-inner\"><form class=\"w-form  us-field-style_1 layout_ver show_message_after_sending for_cform us_form_1 validate_by_recaptcha\" action=\"https:\/\/www.siban.com\/fr\/wp-json\/wp\/v2\/pages\/3936\" method=\"post\"><div class=\"w-form-h\"><div class=\"w-form-row for_text\">\r\n\t\t<div class=\"w-form-row-field\">\r\n\t\t\t\t\t\t<input aria-label=\"Nom\" type=\"text\" name=\"us_form_1_text_1\" value placeholder=\"Nom\"\/>\r\n\t\t\t<\/div>\r\n\t\t<div class=\"w-form-row-state\">Vous devez remplir ce champ<\/div>\r\n<\/div>\r\n<div class=\"w-form-row for_text\">\r\n\t\t<div class=\"w-form-row-field\">\r\n\t\t\t\t\t\t<input aria-label=\"Soci\u00e9t\u00e9\" type=\"text\" name=\"us_form_1_text_2\" value placeholder=\"Soci\u00e9t\u00e9\"\/>\r\n\t\t\t<\/div>\r\n\t\t<div class=\"w-form-row-state\">Vous devez remplir ce champ<\/div>\r\n<\/div>\r\n<div class=\"w-form-row for_email\">\r\n\t\t<div class=\"w-form-row-field\">\r\n\t\t\t\t\t\t<input aria-label=\"e-mail\" type=\"email\" name=\"us_form_1_email_1\" value placeholder=\"e-mail\"\/>\r\n\t\t\t<\/div>\r\n\t\t<div class=\"w-form-row-state\">Veuillez saisir une adresse e-mail valide.<\/div>\r\n<\/div>\r\n<div class=\"w-form-row for_select has_label\">\r\n\t\t\t<div class=\"w-form-row-label\">\r\n\t\t\t<span>Industrie<\/span>\r\n\t\t<\/div>\r\n\t\t<div class=\"w-form-row-field\">\r\n\t\t\t\t\t\t<select aria-label=\"Industrie\" name=\"us_form_1_select_1\">\r\n\t\t\t<option value=\"Exploitation mini\u00e8re\">Exploitation mini\u00e8re<\/option><option value=\"Industrie sid\u00e9rurgique\">Industrie sid\u00e9rurgique<\/option><option value=\"Cimenterie\">Cimenterie<\/option><option value=\"Centres de production d\u2019\u00e9nergie\">Centres de production d\u2019\u00e9nergie<\/option><option value=\"Secteur alimentaire\">Secteur alimentaire<\/option><option value=\"Centres de recyclage\">Centres de recyclage<\/option><option value=\"Autre\">Autre<\/option><option value=\"\"><\/option>\t\t<\/select>\r\n\t\t\t<\/div>\r\n\t\t\t<div class=\"w-form-row-description\">\r\n\t\t\tSeleccione una industria\t\t<\/div>\r\n\t\t<div class=\"w-form-row-state\">S\u00e9lectionner une option<\/div>\r\n<\/div>\r\n<div class=\"w-form-row for_select has_label\">\r\n\t\t\t<div class=\"w-form-row-label\">\r\n\t\t\t<span>Produits et Services<\/span>\r\n\t\t<\/div>\r\n\t\t<div class=\"w-form-row-field\">\r\n\t\t\t\t\t\t<select aria-label=\"Produits et Services\" name=\"us_form_1_select_2\">\r\n\t\t\t<option value=\"Bandabord\">Bandabord<\/option><option value=\"Bandes transporteuses\">Bandes transporteuses<\/option><option value=\"Bandes \u00e0 chevrons\">Bandes \u00e0 chevrons<\/option><option value=\"Feuilles de caoutchouc\">Feuilles de caoutchouc<\/option><option value=\"Produits pour la mise en place et r\u00e9paration de bandes transporteuses\">Produits pour la mise en place et r\u00e9paration de bandes transporteuses<\/option><option value=\"SIBAN Assistance Industrielle\">SIBAN Assistance Industrielle<\/option>\t\t<\/select>\r\n\t\t\t<\/div>\r\n\t\t\t<div class=\"w-form-row-description\">\r\n\t\t\tQu'est-ce qui vous int\u00e9resse ?\t\t<\/div>\r\n\t\t<div class=\"w-form-row-state\">S\u00e9lectionner une option<\/div>\r\n<\/div>\r\n<div class=\"w-form-row for_text\">\r\n\t\t<div class=\"w-form-row-field\">\r\n\t\t\t\t\t\t<input aria-label=\"Message\" type=\"text\" name=\"us_form_1_text_3\" value placeholder=\"Message\"\/>\r\n\t\t\t<\/div>\r\n\t\t<div class=\"w-form-row-state\">Vous devez remplir ce champ<\/div>\r\n<\/div>\r\n<div class=\"w-form-row for_agreement required\">\r\n\t\t<div class=\"w-form-row-field\">\r\n\t\t\t\t<label>\r\n\t\t\t<input type=\"checkbox\" value=\"1\" data-required=\"true\" aria-required=\"true\" name=\"us_form_1_agreement_1\"\/>\r\n\t\t\t<span>J'ai lu et j'accepte le contenu de l'avis juridique et de la politique de confidentialit\u00e9 concernant l'utilisation de mes donn\u00e9es personnelles.<\/span>\r\n\t\t<\/label>\r\n\t\t\t<\/div>\r\n\t\t<div class=\"w-form-row-state\">Vous devez accepter les conditions pour continuer<\/div>\r\n<\/div>\r\n<div class=\"w-form-row for_checkboxes\">\r\n\t\t<div class=\"w-form-row-field\">\r\n\t\t\t\t\t<label>\r\n\t\t\t\t<input type=\"checkbox\" name=\"us_form_1_checkboxes_1[]\" value=\"J&#039;autorise Siban Peosa, S.A. \u00e0 utiliser les donn\u00e9es que je fournis dans ce formulaire (identification et coordonn\u00e9es) pour m&#039;envoyer des informations sur les nouveaux produits commercialis\u00e9s ou les \u00e9v\u00e9nements organis\u00e9s par l&#039;entreprise en relation avec ses produits, ainsi que toute nouvelle d&#039;int\u00e9r\u00eat concernant les activit\u00e9s men\u00e9es par l&#039;entreprise (pr\u00e9sentations, publications, etc.). Toutefois, nous vous informons que vous pouvez r\u00e9voquer votre consentement, dans chaque communication informative qui vous est envoy\u00e9e, et \u00e0 tout moment, en \u00e9crivant \u00e0 l&#039;adresse suivante : lopd@siban.com ou Dpto. Administraci\u00f3n. Pol. EL ABRA Parcela 1.4.3. 48500. Gallarta-Abanto y Ci\u00e9rvana (Bizkaia).\"\/>\r\n\t\t\t\t<span>J'autorise Siban Peosa, S.A. \u00e0 utiliser les donn\u00e9es que je fournis dans ce formulaire (identification et coordonn\u00e9es) pour m'envoyer des informations sur les nouveaux produits commercialis\u00e9s ou les \u00e9v\u00e9nements organis\u00e9s par l'entreprise en relation avec ses produits, ainsi que toute nouvelle d'int\u00e9r\u00eat concernant les activit\u00e9s men\u00e9es par l'entreprise (pr\u00e9sentations, publications, etc.). Toutefois, nous vous informons que vous pouvez r\u00e9voquer votre consentement, dans chaque communication informative qui vous est envoy\u00e9e, et \u00e0 tout moment, en \u00e9crivant \u00e0 l'adresse suivante : lopd@siban.com ou Dpto. Administraci\u00f3n. Pol. EL ABRA Parcela 1.4.3. 48500. Gallarta-Abanto y Ci\u00e9rvana (Bizkaia).<\/span>\r\n\t\t\t<\/label>\r\n\t\t\t\t<\/div>\r\n\t\t<div class=\"w-form-row-state\">S\u00e9lectionner une option<\/div>\r\n<\/div>\r\n<input type=\"hidden\" name=\"action\" value=\"us_ajax_cform\" \/>\r\n<input type=\"hidden\" name=\"post_id\" value=\"0\" \/>\r\n<input type=\"hidden\" name=\"form_index\" value=\"1\" \/>\r\n<div class=\"w-form-row for_submit align_center\">\r\n\t<button class=\"w-btn  us-btn-style_1\" aria-label=\"Envoyer\" type=\"submit\">\r\n\t\t<span class=\"g-preloader type_1\"><\/span>\r\n\t\t\t\t<span class=\"w-btn-label\">Envoyer<\/span>\r\n\t\t\t<\/button>\r\n\t<\/div>\r\n<\/div><div class=\"w-form-message\"><\/div><div class=\"w-form-json hidden\" onclick='return {&quot;ajaxurl&quot;:&quot;https:\\\/\\\/www.siban.com\\\/wp-admin\\\/admin-ajax.php&quot;,&quot;messages&quot;:{&quot;err_empty&quot;:&quot;Vous devez remplir ce champ&quot;,&quot;err_size&quot;:&quot;La taille du fichier ne peut pas d\\u00e9passer %s Mo&quot;,&quot;err_extension&quot;:&quot;Le type de fichier %s n&#039;est pas autoris\\u00e9&quot;,&quot;err_recaptcha_keys&quot;:&quot;Les cl\\u00e9s reCAPTCHA sont incorrectes&quot;},&quot;recaptcha_site_key&quot;:&quot;6LfQsvErAAAAAEiGXYjam-Aos4oQeDQwPeplo0ur&quot;}'><\/div><\/form><\/div><\/div><div class=\"wpb_column vc_column_container\"><div class=\"vc_column-inner\"><div class=\"w-image hide_on_tablets hide_on_mobiles has_ratio align_none\"><div class=\"w-image-h\"><div style=\"padding-bottom:100%\"><\/div><img decoding=\"async\" width=\"1200\" height=\"583\" src=\"https:\/\/www.siban.com\/wp-content\/uploads\/2024\/04\/20180524_111757-1200x583-1.png\" class=\"attachment-large size-large\" alt=\"\" loading=\"lazy\" \/><\/div><\/div><\/div><\/div><\/div><\/div><\/section>\n","protected":false},"excerpt":{"rendered":"Large gamme de bandes transporteusesBandabord Beltsiflex\u00ae Les bandes transporteuses Beltsiflex\u00ae\u00a0\u00e9quip\u00e9es de bords de contenance et\/ou de tasseaux transversaux vulcanis\u00e9s \u00e0 chaud sur la bande, fournissent plus de s\u00e9curit\u00e9, stabilit\u00e9 et une plus longue dur\u00e9e de vie \u00e0 l\u2019ensemble. Ces produits, d\u00e9velopp\u00e9s principalement pour le transport sur des plans tr\u00e8s inclin\u00e9s (jusqu\u2019\u00e0 90\u00ba), peuvent s\u2019adapter \u00e0...","protected":false},"author":2,"featured_media":0,"parent":0,"menu_order":0,"comment_status":"closed","ping_status":"closed","template":"","meta":{"footnotes":""},"class_list":["post-3936","page","type-page","status-publish","hentry"],"yoast_head":"<!-- This site is optimized with the Yoast SEO plugin v27.5 - https:\/\/yoast.com\/product\/yoast-seo-wordpress\/ -->\n<title>Produits - Siban<\/title>\n<meta name=\"robots\" content=\"index, follow, max-snippet:-1, max-image-preview:large, max-video-preview:-1\" \/>\n<link rel=\"canonical\" href=\"https:\/\/www.siban.com\/productos\/\" \/>\n<meta property=\"og:locale\" content=\"fr_FR\" \/>\n<meta property=\"og:type\" content=\"article\" \/>\n<meta property=\"og:title\" content=\"Produits - Siban\" \/>\n<meta property=\"og:url\" content=\"https:\/\/www.siban.com\/productos\/\" \/>\n<meta property=\"og:site_name\" content=\"Siban\" \/>\n<meta property=\"article:modified_time\" content=\"2025-10-30T10:54:45+00:00\" \/>\n<meta name=\"twitter:card\" content=\"summary_large_image\" \/>\n<meta name=\"twitter:label1\" content=\"Dur\u00e9e de lecture estim\u00e9e\" \/>\n\t<meta name=\"twitter:data1\" content=\"10 minutes\" \/>\n<script type=\"application\/ld+json\" class=\"yoast-schema-graph\">{\"@context\":\"https:\\\/\\\/schema.org\",\"@graph\":[{\"@type\":\"WebPage\",\"@id\":\"https:\\\/\\\/www.siban.com\\\/productos\\\/\",\"url\":\"https:\\\/\\\/www.siban.com\\\/productos\\\/\",\"name\":\"Produits - Siban\",\"isPartOf\":{\"@id\":\"http:\\\/\\\/dev.siban.com\\\/#website\"},\"datePublished\":\"2017-09-29T09:44:54+00:00\",\"dateModified\":\"2025-10-30T10:54:45+00:00\",\"breadcrumb\":{\"@id\":\"https:\\\/\\\/www.siban.com\\\/productos\\\/#breadcrumb\"},\"inLanguage\":\"fr-FR\",\"potentialAction\":[{\"@type\":\"ReadAction\",\"target\":[\"https:\\\/\\\/www.siban.com\\\/productos\\\/\"]}]},{\"@type\":\"BreadcrumbList\",\"@id\":\"https:\\\/\\\/www.siban.com\\\/productos\\\/#breadcrumb\",\"itemListElement\":[{\"@type\":\"ListItem\",\"position\":1,\"name\":\"Inicio\",\"item\":\"https:\\\/\\\/www.siban.com\\\/\"},{\"@type\":\"ListItem\",\"position\":2,\"name\":\"Produits\"}]},{\"@type\":\"WebSite\",\"@id\":\"http:\\\/\\\/dev.siban.com\\\/#website\",\"url\":\"http:\\\/\\\/dev.siban.com\\\/\",\"name\":\"Siban\",\"description\":\"Bandas transportadoras\",\"publisher\":{\"@id\":\"http:\\\/\\\/dev.siban.com\\\/#organization\"},\"potentialAction\":[{\"@type\":\"SearchAction\",\"target\":{\"@type\":\"EntryPoint\",\"urlTemplate\":\"http:\\\/\\\/dev.siban.com\\\/?s={search_term_string}\"},\"query-input\":{\"@type\":\"PropertyValueSpecification\",\"valueRequired\":true,\"valueName\":\"search_term_string\"}}],\"inLanguage\":\"fr-FR\"},{\"@type\":\"Organization\",\"@id\":\"http:\\\/\\\/dev.siban.com\\\/#organization\",\"name\":\"Siban\",\"url\":\"http:\\\/\\\/dev.siban.com\\\/\",\"logo\":{\"@type\":\"ImageObject\",\"inLanguage\":\"fr-FR\",\"@id\":\"http:\\\/\\\/dev.siban.com\\\/#\\\/schema\\\/logo\\\/image\\\/\",\"url\":\"https:\\\/\\\/www.siban.com\\\/wp-content\\\/uploads\\\/2024\\\/07\\\/Siban-Beltsiflex-PNG.png\",\"contentUrl\":\"https:\\\/\\\/www.siban.com\\\/wp-content\\\/uploads\\\/2024\\\/07\\\/Siban-Beltsiflex-PNG.png\",\"width\":3133,\"height\":1633,\"caption\":\"Siban\"},\"image\":{\"@id\":\"http:\\\/\\\/dev.siban.com\\\/#\\\/schema\\\/logo\\\/image\\\/\"}}]}<\/script>\n<!-- \/ Yoast SEO plugin. -->","yoast_head_json":{"title":"Produits - Siban","robots":{"index":"index","follow":"follow","max-snippet":"max-snippet:-1","max-image-preview":"max-image-preview:large","max-video-preview":"max-video-preview:-1"},"canonical":"https:\/\/www.siban.com\/productos\/","og_locale":"fr_FR","og_type":"article","og_title":"Produits - Siban","og_url":"https:\/\/www.siban.com\/productos\/","og_site_name":"Siban","article_modified_time":"2025-10-30T10:54:45+00:00","twitter_card":"summary_large_image","twitter_misc":{"Dur\u00e9e de lecture estim\u00e9e":"10 minutes"},"schema":{"@context":"https:\/\/schema.org","@graph":[{"@type":"WebPage","@id":"https:\/\/www.siban.com\/productos\/","url":"https:\/\/www.siban.com\/productos\/","name":"Produits - Siban","isPartOf":{"@id":"http:\/\/dev.siban.com\/#website"},"datePublished":"2017-09-29T09:44:54+00:00","dateModified":"2025-10-30T10:54:45+00:00","breadcrumb":{"@id":"https:\/\/www.siban.com\/productos\/#breadcrumb"},"inLanguage":"fr-FR","potentialAction":[{"@type":"ReadAction","target":["https:\/\/www.siban.com\/productos\/"]}]},{"@type":"BreadcrumbList","@id":"https:\/\/www.siban.com\/productos\/#breadcrumb","itemListElement":[{"@type":"ListItem","position":1,"name":"Inicio","item":"https:\/\/www.siban.com\/"},{"@type":"ListItem","position":2,"name":"Produits"}]},{"@type":"WebSite","@id":"http:\/\/dev.siban.com\/#website","url":"http:\/\/dev.siban.com\/","name":"Siban","description":"Bandas transportadoras","publisher":{"@id":"http:\/\/dev.siban.com\/#organization"},"potentialAction":[{"@type":"SearchAction","target":{"@type":"EntryPoint","urlTemplate":"http:\/\/dev.siban.com\/?s={search_term_string}"},"query-input":{"@type":"PropertyValueSpecification","valueRequired":true,"valueName":"search_term_string"}}],"inLanguage":"fr-FR"},{"@type":"Organization","@id":"http:\/\/dev.siban.com\/#organization","name":"Siban","url":"http:\/\/dev.siban.com\/","logo":{"@type":"ImageObject","inLanguage":"fr-FR","@id":"http:\/\/dev.siban.com\/#\/schema\/logo\/image\/","url":"https:\/\/www.siban.com\/wp-content\/uploads\/2024\/07\/Siban-Beltsiflex-PNG.png","contentUrl":"https:\/\/www.siban.com\/wp-content\/uploads\/2024\/07\/Siban-Beltsiflex-PNG.png","width":3133,"height":1633,"caption":"Siban"},"image":{"@id":"http:\/\/dev.siban.com\/#\/schema\/logo\/image\/"}}]}},"_links":{"self":[{"href":"https:\/\/www.siban.com\/fr\/wp-json\/wp\/v2\/pages\/3936","targetHints":{"allow":["GET"]}}],"collection":[{"href":"https:\/\/www.siban.com\/fr\/wp-json\/wp\/v2\/pages"}],"about":[{"href":"https:\/\/www.siban.com\/fr\/wp-json\/wp\/v2\/types\/page"}],"author":[{"embeddable":true,"href":"https:\/\/www.siban.com\/fr\/wp-json\/wp\/v2\/users\/2"}],"replies":[{"embeddable":true,"href":"https:\/\/www.siban.com\/fr\/wp-json\/wp\/v2\/comments?post=3936"}],"version-history":[{"count":79,"href":"https:\/\/www.siban.com\/fr\/wp-json\/wp\/v2\/pages\/3936\/revisions"}],"predecessor-version":[{"id":4285,"href":"https:\/\/www.siban.com\/fr\/wp-json\/wp\/v2\/pages\/3936\/revisions\/4285"}],"wp:attachment":[{"href":"https:\/\/www.siban.com\/fr\/wp-json\/wp\/v2\/media?parent=3936"}],"curies":[{"name":"wp","href":"https:\/\/api.w.org\/{rel}","templated":true}]}}