{"id":3929,"date":"2017-09-29T11:03:48","date_gmt":"2017-09-29T10:03:48","guid":{"rendered":"https:\/\/www.siban.com\/?page_id=3929\/"},"modified":"2025-10-03T13:20:52","modified_gmt":"2025-10-03T12:20:52","slug":"accesoires","status":"publish","type":"page","link":"https:\/\/www.siban.com\/fr\/accesoires\/","title":{"rendered":"Accesoires"},"content":{"rendered":"<section class=\"l-section wpb_row height_small\"><div class=\"l-section-h i-cf\"><div class=\"g-cols vc_row via_grid cols_1 laptops-cols_inherit tablets-cols_inherit mobiles-cols_1 valign_top type_default stacking_default\"><div class=\"wpb_column vc_column_container\"><div class=\"vc_column-inner\"><h2 class=\"w-text us_custom_eb849559\"><span class=\"w-text-h\"><span class=\"w-text-value\">Accessoires pour Bandabord Beltsiflex\u00ae <\/span><\/span><\/h2><div class=\"w-tabs style_default switch_click accordion has_scrolling\" style=\"--sections-title-size:inherit\"><div class=\"w-tabs-sections titles-align_left icon_plus cpos_left\"><div class=\"w-tabs-section\" id=\"1506678892964-501f504a-57d1\"><button class=\"w-tabs-section-header\" aria-controls=\"content-1506678892964-501f504a-57d1\" aria-expanded=\"false\"><div class=\"w-tabs-section-title\">Kit de fixation<\/div><div class=\"w-tabs-section-control\"><\/div><\/button><div  class=\"w-tabs-section-content\" id=\"content-1506678892964-501f504a-57d1\"><div class=\"w-tabs-section-content-h i-cf\"><div class=\"wpb_text_column\"><div class=\"wpb_wrapper\"><p>Les pi\u00e8ces de fixation lat\u00e9rales sont fabriqu\u00e9es en<strong>\u00a0Nylon<\/strong> et permettent de fixer les bords de contenance avec les tasseaux transversaux. Son utilisation est recommand\u00e9e \u00e0 partir du <strong>BSF-140<\/strong>.<\/p>\n<p>Chaque jeu\u00a0<strong>fixation demi-lune (FIX)<\/strong> comprend deux pi\u00e8ces en nylon et 4 vis galvanis\u00e9s.<\/p>\n<\/div><\/div><div class=\"g-cols wpb_row via_grid cols_3 laptops-cols_inherit tablets-cols_inherit mobiles-cols_1 valign_top type_default stacking_default\" style=\"--columns-gap:3rem;\"><div class=\"wpb_column vc_column_container\"><div class=\"vc_column-inner\"><div class=\"w-image align_none\"><div class=\"w-image-h\"><img decoding=\"async\" width=\"905\" height=\"1162\" src=\"https:\/\/www.siban.com\/wp-content\/uploads\/2016\/06\/accesorios2.jpg\" class=\"attachment-large size-large\" alt=\"\" loading=\"lazy\" srcset=\"https:\/\/www.siban.com\/wp-content\/uploads\/2016\/06\/accesorios2.jpg 905w, https:\/\/www.siban.com\/wp-content\/uploads\/2016\/06\/accesorios2-480x616.jpg 480w, https:\/\/www.siban.com\/wp-content\/uploads\/2016\/06\/accesorios2-510x655.jpg 510w, https:\/\/www.siban.com\/wp-content\/uploads\/2016\/06\/accesorios2-374x480.jpg 374w, https:\/\/www.siban.com\/wp-content\/uploads\/2016\/06\/accesorios2-768x986.jpg 768w, https:\/\/www.siban.com\/wp-content\/uploads\/2016\/06\/accesorios2-467x600.jpg 467w, https:\/\/www.siban.com\/wp-content\/uploads\/2016\/06\/accesorios2-210x270.jpg 210w, https:\/\/www.siban.com\/wp-content\/uploads\/2016\/06\/accesorios2-607x780.jpg 607w, https:\/\/www.siban.com\/wp-content\/uploads\/2016\/06\/accesorios2-342x439.jpg 342w, https:\/\/www.siban.com\/wp-content\/uploads\/2016\/06\/accesorios2-526x675.jpg 526w, https:\/\/www.siban.com\/wp-content\/uploads\/2016\/06\/accesorios2-685x880.jpg 685w\" sizes=\"auto, (max-width: 905px) 100vw, 905px\" \/><\/div><\/div><\/div><\/div><div class=\"wpb_column vc_column_container\"><div class=\"vc_column-inner\"><div class=\"w-image align_none\"><div class=\"w-image-h\"><img decoding=\"async\" width=\"673\" height=\"663\" src=\"https:\/\/www.siban.com\/wp-content\/uploads\/2016\/06\/Accesorios1.jpg\" class=\"attachment-large size-large\" alt=\"\" loading=\"lazy\" srcset=\"https:\/\/www.siban.com\/wp-content\/uploads\/2016\/06\/Accesorios1.jpg 673w, https:\/\/www.siban.com\/wp-content\/uploads\/2016\/06\/Accesorios1-480x473.jpg 480w, https:\/\/www.siban.com\/wp-content\/uploads\/2016\/06\/Accesorios1-510x502.jpg 510w, https:\/\/www.siban.com\/wp-content\/uploads\/2016\/06\/Accesorios1-274x270.jpg 274w, https:\/\/www.siban.com\/wp-content\/uploads\/2016\/06\/Accesorios1-446x439.jpg 446w\" sizes=\"auto, (max-width: 673px) 100vw, 673px\" \/><\/div><\/div><\/div><\/div><div class=\"wpb_column vc_column_container\"><div class=\"vc_column-inner\"><div class=\"w-image align_none\"><div class=\"w-image-h\"><img decoding=\"async\" width=\"473\" height=\"424\" src=\"https:\/\/www.siban.com\/wp-content\/uploads\/2025\/09\/NYLONFIX-BANDABORD_fr.jpg\" class=\"attachment-large size-large\" alt=\"\" loading=\"lazy\" \/><\/div><\/div><\/div><\/div><\/div><\/div><\/div><\/div><div class=\"w-tabs-section\" id=\"1506678893002-4d9697ea-70dc\"><button class=\"w-tabs-section-header\" aria-controls=\"content-1506678893002-4d9697ea-70dc\" aria-expanded=\"false\"><div class=\"w-tabs-section-title\">Caches lat\u00e9raux<\/div><div class=\"w-tabs-section-control\"><\/div><\/button><div  class=\"w-tabs-section-content\" id=\"content-1506678893002-4d9697ea-70dc\"><div class=\"w-tabs-section-content-h i-cf\"><div class=\"wpb_text_column\"><div class=\"wpb_wrapper\"><p>Ce composant \u00e9vite les pertes de mat\u00e9riel par les espaces situ\u00e9s entre le bord de contenance et le tasseau transversal. Son utilisation est recommand\u00e9e pour le transport <strong>de mat\u00e9riels poussi\u00e9reux et tr\u00e8s fins<\/strong>.<\/p>\n<p>Ces pi\u00e8ces en poly\u00e9thyl\u00e8ne sont con\u00e7ues de mani\u00e8re \u00e0 ne pas endommager la bande. La forme s&rsquo;adapte aux flexions \/ inflexions que la bande r\u00e9alise durant son fonctionnement normal.<\/p>\n<p>Ces caches lat\u00e9raux \u00e9vitent au maximum les pertes de mat\u00e9riel entre les bords de contenance et les profils.<\/p>\n<\/div><\/div><div class=\"w-image align_none\"><div class=\"w-image-h\"><img decoding=\"async\" width=\"480\" height=\"458\" src=\"https:\/\/www.siban.com\/wp-content\/uploads\/2016\/06\/accesorios4-480x458.jpg\" class=\"attachment-medium size-medium\" alt=\"\" loading=\"lazy\" srcset=\"https:\/\/www.siban.com\/wp-content\/uploads\/2016\/06\/accesorios4-480x458.jpg 480w, https:\/\/www.siban.com\/wp-content\/uploads\/2016\/06\/accesorios4-510x486.jpg 510w, https:\/\/www.siban.com\/wp-content\/uploads\/2016\/06\/accesorios4-768x732.jpg 768w, https:\/\/www.siban.com\/wp-content\/uploads\/2016\/06\/accesorios4-283x270.jpg 283w, https:\/\/www.siban.com\/wp-content\/uploads\/2016\/06\/accesorios4-780x744.jpg 780w, https:\/\/www.siban.com\/wp-content\/uploads\/2016\/06\/accesorios4-460x439.jpg 460w, https:\/\/www.siban.com\/wp-content\/uploads\/2016\/06\/accesorios4-708x675.jpg 708w, https:\/\/www.siban.com\/wp-content\/uploads\/2016\/06\/accesorios4-880x839.jpg 880w, https:\/\/www.siban.com\/wp-content\/uploads\/2016\/06\/accesorios4.jpg 904w\" sizes=\"auto, (max-width: 480px) 100vw, 480px\" \/><\/div><\/div><\/div><\/div><\/div><div class=\"w-tabs-section\" id=\"1506679359734-ba596927-831e\"><button class=\"w-tabs-section-header\" aria-controls=\"content-1506679359734-ba596927-831e\" aria-expanded=\"false\"><div class=\"w-tabs-section-title\">Kit de jonction \u00e0 chaud<\/div><div class=\"w-tabs-section-control\"><\/div><\/button><div  class=\"w-tabs-section-content\" id=\"content-1506679359734-ba596927-831e\"><div class=\"w-tabs-section-content-h i-cf\"><div class=\"wpb_text_column\"><div class=\"wpb_wrapper\"><p>Le Kit de jonction que Siban peosa S.A. propose est aussi bien valable pour les <strong>bandes Textiles <\/strong>que <strong>M\u00e9talliques<\/strong> de qualit\u00e9 :<\/p>\n<ul>\n<li>Normale.<\/li>\n<li>Anti-Chaleur.<\/li>\n<li>Anti-Gras.<\/li>\n<li>Ignifuge.<\/li>\n<li>Blanche.<\/li>\n<\/ul>\n<p>Ce produit est compos\u00e9 des mat\u00e9riaux ci-dessous :<\/p>\n<ul>\n<li><strong>GOMME DE LIAISON :<\/strong> avec d&rsquo;extraordinaires propri\u00e9t\u00e9s d&rsquo;adh\u00e9rence, de flexibilit\u00e9 et de r\u00e9sistance \u00e0 la d\u00e9chirure, elle donne un excellent comportement aux jonctions.<\/li>\n<li><strong>GOMME DE REV\u00caTEMENT :<\/strong> mat\u00e9riel de rajout avec les caract\u00e9ristiques appropri\u00e9es pour les zones de roulement de la bande.<\/li>\n<li><strong>DISSOLUTION DE CAOUTCHOUC :<\/strong> produit id\u00e9al pour la vulcanisation \u00e0 chaud des bandes transporteuses.<\/li>\n<\/ul>\n<p><em>En fonction de la largeur de la bande, nous fournissons au client les mat\u00e9riaux n\u00e9cessaires pour la r\u00e9alisation de la jonction \u00e0 chaud.<\/em><\/p>\n<\/div><\/div><div class=\"w-image align_none\"><div class=\"w-image-h\"><img decoding=\"async\" width=\"350\" height=\"250\" src=\"https:\/\/www.siban.com\/wp-content\/uploads\/2016\/06\/FOTO-5.jpg\" class=\"attachment-large size-large\" alt=\"\" loading=\"lazy\" \/><\/div><\/div><\/div><\/div><\/div><div class=\"w-tabs-section\" id=\"1506679270209-dd3bd5ba-f1b6\"><button class=\"w-tabs-section-header\" aria-controls=\"content-1506679270209-dd3bd5ba-f1b6\" aria-expanded=\"false\"><div class=\"w-tabs-section-title\">Roues d&rsquo;alignement<\/div><div class=\"w-tabs-section-control\"><\/div><\/button><div  class=\"w-tabs-section-content\" id=\"content-1506679270209-dd3bd5ba-f1b6\"><div class=\"w-tabs-section-content-h i-cf\"><div class=\"wpb_text_column\"><div class=\"wpb_wrapper\"><p><strong>Le syst\u00e8me Belstisflex\u00ae\u00a0<\/strong>dispose de deux technologies pour la fabrication de ses roues de guidage : elles peuvent \u00eatre fabriqu\u00e9es enti\u00e8rement en caoutchouc d&rsquo;amortissement ou enti\u00e8rement en m\u00e9tal avec une zone de roulage rectifi\u00e9e en caoutchouc.<\/p>\n<p>Nous recommandons ces types de roues car elles sont tr\u00e8s utiles lors de l&rsquo;installation de la bande et dans<strong> les situations o\u00f9 la bande a tendance \u00e0 se d\u00e9centrer et n\u00e9cessite un r\u00e9ajustement de sa position de travail<\/strong>.<\/p>\n<p>Elles ne doivent cependant \u00eatre consid\u00e9r\u00e9es que comme une mesure secondaire de s\u00e9curit\u00e9.<\/p>\n<p>Pour obtenir une efficacit\u00e9 maximum, elles doivent \u00eatre plac\u00e9es <strong>en amont de tambours et des zones d&rsquo;inflexion<\/strong>.<\/p>\n<\/div><\/div><div class=\"w-image align_none\"><div class=\"w-image-h\"><img decoding=\"async\" width=\"480\" height=\"465\" src=\"https:\/\/www.siban.com\/wp-content\/uploads\/2016\/06\/ruedas_alineadoras-480x465.jpg\" class=\"attachment-medium size-medium\" alt=\"\" loading=\"lazy\" srcset=\"https:\/\/www.siban.com\/wp-content\/uploads\/2016\/06\/ruedas_alineadoras-480x465.jpg 480w, https:\/\/www.siban.com\/wp-content\/uploads\/2016\/06\/ruedas_alineadoras-510x494.jpg 510w, https:\/\/www.siban.com\/wp-content\/uploads\/2016\/06\/ruedas_alineadoras-279x270.jpg 279w, https:\/\/www.siban.com\/wp-content\/uploads\/2016\/06\/ruedas_alineadoras-453x439.jpg 453w, https:\/\/www.siban.com\/wp-content\/uploads\/2016\/06\/ruedas_alineadoras-697x675.jpg 697w, https:\/\/www.siban.com\/wp-content\/uploads\/2016\/06\/ruedas_alineadoras.jpg 752w\" sizes=\"auto, (max-width: 480px) 100vw, 480px\" \/><\/div><\/div><\/div><\/div><\/div><\/div><\/div><\/div><\/div><\/div><\/div><\/section>\n","protected":false},"excerpt":{"rendered":"Accessoires pour Bandabord Beltsiflex\u00ae Kit de fixationLes pi\u00e8ces de fixation lat\u00e9rales sont fabriqu\u00e9es en\u00a0Nylon et permettent de fixer les bords de contenance avec les tasseaux transversaux. Son utilisation est recommand\u00e9e \u00e0 partir du BSF-140. Chaque jeu\u00a0fixation demi-lune (FIX) comprend deux pi\u00e8ces en nylon et 4 vis galvanis\u00e9s. Caches lat\u00e9rauxCe composant \u00e9vite les pertes de mat\u00e9riel...","protected":false},"author":2,"featured_media":0,"parent":0,"menu_order":0,"comment_status":"closed","ping_status":"closed","template":"","meta":{"footnotes":""},"class_list":["post-3929","page","type-page","status-publish","hentry"],"yoast_head":"<!-- This site is optimized with the Yoast SEO plugin v27.4 - https:\/\/yoast.com\/product\/yoast-seo-wordpress\/ -->\n<title>Accesoires - Siban<\/title>\n<meta name=\"robots\" content=\"index, follow, max-snippet:-1, max-image-preview:large, max-video-preview:-1\" \/>\n<link rel=\"canonical\" href=\"https:\/\/www.siban.com\/fr\/accesoires\/\" \/>\n<meta property=\"og:locale\" content=\"fr_FR\" \/>\n<meta property=\"og:type\" content=\"article\" \/>\n<meta property=\"og:title\" content=\"Accesoires - Siban\" \/>\n<meta property=\"og:url\" content=\"https:\/\/www.siban.com\/fr\/accesoires\/\" \/>\n<meta property=\"og:site_name\" content=\"Siban\" \/>\n<meta property=\"article:modified_time\" content=\"2025-10-03T12:20:52+00:00\" \/>\n<meta name=\"twitter:card\" content=\"summary_large_image\" \/>\n<meta name=\"twitter:label1\" content=\"Dur\u00e9e de lecture estim\u00e9e\" \/>\n\t<meta name=\"twitter:data1\" content=\"3 minutes\" \/>\n<script type=\"application\/ld+json\" class=\"yoast-schema-graph\">{\"@context\":\"https:\\\/\\\/schema.org\",\"@graph\":[{\"@type\":\"WebPage\",\"@id\":\"https:\\\/\\\/www.siban.com\\\/fr\\\/accesoires\\\/\",\"url\":\"https:\\\/\\\/www.siban.com\\\/fr\\\/accesoires\\\/\",\"name\":\"Accesoires - Siban\",\"isPartOf\":{\"@id\":\"http:\\\/\\\/dev.siban.com\\\/#website\"},\"datePublished\":\"2017-09-29T10:03:48+00:00\",\"dateModified\":\"2025-10-03T12:20:52+00:00\",\"breadcrumb\":{\"@id\":\"https:\\\/\\\/www.siban.com\\\/fr\\\/accesoires\\\/#breadcrumb\"},\"inLanguage\":\"fr-FR\",\"potentialAction\":[{\"@type\":\"ReadAction\",\"target\":[\"https:\\\/\\\/www.siban.com\\\/fr\\\/accesoires\\\/\"]}]},{\"@type\":\"BreadcrumbList\",\"@id\":\"https:\\\/\\\/www.siban.com\\\/fr\\\/accesoires\\\/#breadcrumb\",\"itemListElement\":[{\"@type\":\"ListItem\",\"position\":1,\"name\":\"Inicio\",\"item\":\"https:\\\/\\\/www.siban.com\\\/\"},{\"@type\":\"ListItem\",\"position\":2,\"name\":\"Accesoires\"}]},{\"@type\":\"WebSite\",\"@id\":\"http:\\\/\\\/dev.siban.com\\\/#website\",\"url\":\"http:\\\/\\\/dev.siban.com\\\/\",\"name\":\"Siban\",\"description\":\"Bandas transportadoras\",\"publisher\":{\"@id\":\"http:\\\/\\\/dev.siban.com\\\/#organization\"},\"potentialAction\":[{\"@type\":\"SearchAction\",\"target\":{\"@type\":\"EntryPoint\",\"urlTemplate\":\"http:\\\/\\\/dev.siban.com\\\/?s={search_term_string}\"},\"query-input\":{\"@type\":\"PropertyValueSpecification\",\"valueRequired\":true,\"valueName\":\"search_term_string\"}}],\"inLanguage\":\"fr-FR\"},{\"@type\":\"Organization\",\"@id\":\"http:\\\/\\\/dev.siban.com\\\/#organization\",\"name\":\"Siban\",\"url\":\"http:\\\/\\\/dev.siban.com\\\/\",\"logo\":{\"@type\":\"ImageObject\",\"inLanguage\":\"fr-FR\",\"@id\":\"http:\\\/\\\/dev.siban.com\\\/#\\\/schema\\\/logo\\\/image\\\/\",\"url\":\"https:\\\/\\\/www.siban.com\\\/wp-content\\\/uploads\\\/2024\\\/07\\\/Siban-Beltsiflex-PNG.png\",\"contentUrl\":\"https:\\\/\\\/www.siban.com\\\/wp-content\\\/uploads\\\/2024\\\/07\\\/Siban-Beltsiflex-PNG.png\",\"width\":3133,\"height\":1633,\"caption\":\"Siban\"},\"image\":{\"@id\":\"http:\\\/\\\/dev.siban.com\\\/#\\\/schema\\\/logo\\\/image\\\/\"}}]}<\/script>\n<!-- \/ Yoast SEO plugin. -->","yoast_head_json":{"title":"Accesoires - Siban","robots":{"index":"index","follow":"follow","max-snippet":"max-snippet:-1","max-image-preview":"max-image-preview:large","max-video-preview":"max-video-preview:-1"},"canonical":"https:\/\/www.siban.com\/fr\/accesoires\/","og_locale":"fr_FR","og_type":"article","og_title":"Accesoires - Siban","og_url":"https:\/\/www.siban.com\/fr\/accesoires\/","og_site_name":"Siban","article_modified_time":"2025-10-03T12:20:52+00:00","twitter_card":"summary_large_image","twitter_misc":{"Dur\u00e9e de lecture estim\u00e9e":"3 minutes"},"schema":{"@context":"https:\/\/schema.org","@graph":[{"@type":"WebPage","@id":"https:\/\/www.siban.com\/fr\/accesoires\/","url":"https:\/\/www.siban.com\/fr\/accesoires\/","name":"Accesoires - Siban","isPartOf":{"@id":"http:\/\/dev.siban.com\/#website"},"datePublished":"2017-09-29T10:03:48+00:00","dateModified":"2025-10-03T12:20:52+00:00","breadcrumb":{"@id":"https:\/\/www.siban.com\/fr\/accesoires\/#breadcrumb"},"inLanguage":"fr-FR","potentialAction":[{"@type":"ReadAction","target":["https:\/\/www.siban.com\/fr\/accesoires\/"]}]},{"@type":"BreadcrumbList","@id":"https:\/\/www.siban.com\/fr\/accesoires\/#breadcrumb","itemListElement":[{"@type":"ListItem","position":1,"name":"Inicio","item":"https:\/\/www.siban.com\/"},{"@type":"ListItem","position":2,"name":"Accesoires"}]},{"@type":"WebSite","@id":"http:\/\/dev.siban.com\/#website","url":"http:\/\/dev.siban.com\/","name":"Siban","description":"Bandas transportadoras","publisher":{"@id":"http:\/\/dev.siban.com\/#organization"},"potentialAction":[{"@type":"SearchAction","target":{"@type":"EntryPoint","urlTemplate":"http:\/\/dev.siban.com\/?s={search_term_string}"},"query-input":{"@type":"PropertyValueSpecification","valueRequired":true,"valueName":"search_term_string"}}],"inLanguage":"fr-FR"},{"@type":"Organization","@id":"http:\/\/dev.siban.com\/#organization","name":"Siban","url":"http:\/\/dev.siban.com\/","logo":{"@type":"ImageObject","inLanguage":"fr-FR","@id":"http:\/\/dev.siban.com\/#\/schema\/logo\/image\/","url":"https:\/\/www.siban.com\/wp-content\/uploads\/2024\/07\/Siban-Beltsiflex-PNG.png","contentUrl":"https:\/\/www.siban.com\/wp-content\/uploads\/2024\/07\/Siban-Beltsiflex-PNG.png","width":3133,"height":1633,"caption":"Siban"},"image":{"@id":"http:\/\/dev.siban.com\/#\/schema\/logo\/image\/"}}]}},"_links":{"self":[{"href":"https:\/\/www.siban.com\/fr\/wp-json\/wp\/v2\/pages\/3929","targetHints":{"allow":["GET"]}}],"collection":[{"href":"https:\/\/www.siban.com\/fr\/wp-json\/wp\/v2\/pages"}],"about":[{"href":"https:\/\/www.siban.com\/fr\/wp-json\/wp\/v2\/types\/page"}],"author":[{"embeddable":true,"href":"https:\/\/www.siban.com\/fr\/wp-json\/wp\/v2\/users\/2"}],"replies":[{"embeddable":true,"href":"https:\/\/www.siban.com\/fr\/wp-json\/wp\/v2\/comments?post=3929"}],"version-history":[{"count":21,"href":"https:\/\/www.siban.com\/fr\/wp-json\/wp\/v2\/pages\/3929\/revisions"}],"predecessor-version":[{"id":138328,"href":"https:\/\/www.siban.com\/fr\/wp-json\/wp\/v2\/pages\/3929\/revisions\/138328"}],"wp:attachment":[{"href":"https:\/\/www.siban.com\/fr\/wp-json\/wp\/v2\/media?parent=3929"}],"curies":[{"name":"wp","href":"https:\/\/api.w.org\/{rel}","templated":true}]}}