{"id":3530,"date":"2017-08-08T10:02:42","date_gmt":"2017-08-08T09:02:42","guid":{"rendered":"https:\/\/www.siban.com\/?page_id=3530\/"},"modified":"2025-09-11T07:58:06","modified_gmt":"2025-09-11T06:58:06","slug":"localisations","status":"publish","type":"page","link":"https:\/\/www.siban.com\/fr\/localisations\/","title":{"rendered":"Compagnie"},"content":{"rendered":"<section class=\"l-section wpb_row height_small\"><div class=\"l-section-h i-cf\"><div class=\"g-cols vc_row via_grid cols_1 laptops-cols_inherit tablets-cols_inherit mobiles-cols_1 valign_top type_default stacking_default\"><div class=\"wpb_column vc_column_container\"><div class=\"vc_column-inner\"><h2 class=\"w-text us_custom_eb849559\"><span class=\"w-text-h\"><span class=\"w-text-value\">56 ans d&rsquo;exp\u00e9rience dans l&rsquo;industrie du caoutchouc<\/span><\/span><\/h2><\/div><\/div><\/div><\/div><\/section><section class=\"l-section wpb_row height_small\"><div class=\"l-section-h i-cf\"><div class=\"g-cols vc_row via_grid cols_2 laptops-cols_inherit tablets-cols_inherit mobiles-cols_1 valign_top type_default stacking_default\"><div class=\"wpb_column vc_column_container\"><div class=\"vc_column-inner\"><div class=\"wpb_text_column\"><div class=\"wpb_wrapper\"><p>Avec plus de <strong>56 ans d\u2019expertise<\/strong> dans le d\u00e9veloppement et la fabrication de bandes transporteuses, SIBAN s\u2019impose comme l\u2019un des acteurs majeurs du secteur en Europe et en Am\u00e9rique du Sud. Nous accompagnons nos clients \u00e0 chaque \u00e9tape de leurs projets, depuis la phase de planification jusqu&rsquo;\u00e0 l\u2019installation et la mise en service, en leur fournissant un accompagnement technique sur mesure. Notre croissance s\u2019appuie sur la comp\u00e9tence de notre personnel, la rigueur professionnelle et l\u2019engagement constant de nos \u00e9quipes \u00e0 offrir des solutions de haute qualit\u00e9.<\/p>\n<p>Entreprise familiale aux d\u00e9buts modestes, fond\u00e9e \u00e0 <strong>Bilbao (Bizkaia)<\/strong>, SIBAN a connu un d\u00e9veloppement significatif gr\u00e2ce \u00e0 son expertise approfondie du caoutchouc, au professionnalisme d\u2019une \u00e9quipe hautement qualifi\u00e9e et \u00e0 une culture d\u2019innovation continue. Au fil des ann\u00e9es, notre engagement en faveur du progr\u00e8s technologique et de l\u2019excellence op\u00e9rationnelle nous a permis de consolider nos infrastructures, de p\u00e9n\u00e9trer de nouveaux march\u00e9s et d\u2019\u00e9tendre notre pr\u00e9sence \u00e0 l\u2019international.\u00a0En 2011, l\u2019acquisition de l\u2019usine FAPOBOL LDA au <strong>Portugal<\/strong> marque un tournant majeur de notre histoire et renforce notre implantation r\u00e9gionale sous le nom de SIBAN Portugal. Aujourd&rsquo;hui, nous sommes fiers d\u2019\u00eatre pr\u00e9sents dans <strong>13 pays<\/strong> \u00e0 travers nos centres de production et nos bureaux commerciaux pour fournir des produits d\u2019excellence et un service irr\u00e9prochable \u00e0 nos clients internationaux.<\/p>\n<\/div><\/div><\/div><\/div><div class=\"wpb_column vc_column_container\"><div class=\"vc_column-inner\"><div class=\"w-image align_none\"><div class=\"w-image-h\"><img decoding=\"async\" width=\"650\" height=\"456\" src=\"https:\/\/www.siban.com\/wp-content\/uploads\/2024\/04\/Imagen1.png\" class=\"attachment-large size-large\" alt=\"\" loading=\"lazy\" srcset=\"https:\/\/www.siban.com\/wp-content\/uploads\/2024\/04\/Imagen1.png 650w, https:\/\/www.siban.com\/wp-content\/uploads\/2024\/04\/Imagen1-480x337.png 480w, https:\/\/www.siban.com\/wp-content\/uploads\/2024\/04\/Imagen1-510x358.png 510w\" sizes=\"auto, (max-width: 650px) 100vw, 650px\" \/><\/div><\/div><\/div><\/div><\/div><\/div><\/section><section class=\"l-section wpb_row height_small\"><div class=\"l-section-h i-cf\"><div class=\"g-cols vc_row via_grid cols_1 laptops-cols_inherit tablets-cols_inherit mobiles-cols_1 valign_top type_default stacking_default\"><div class=\"wpb_column vc_column_container\"><div class=\"vc_column-inner\"><h2 class=\"w-text us_custom_eb849559 icon_atleft\"><span class=\"w-text-h\"><i class=\"fas fa-globe-europe\"><\/i><span class=\"w-text-value\">Pr\u00e9sence internationale<\/span><\/span><\/h2><h5 class=\"w-text us_custom_eb849559\"><span class=\"w-text-h\"><span class=\"w-text-value\">Centres de production \/ Bureaux commerciaux<\/span><\/span><\/h5><\/div><\/div><\/div><\/div><\/section><section class=\"l-section wpb_row height_small\"><div class=\"l-section-h i-cf\"><div class=\"g-cols vc_row via_grid cols_1 laptops-cols_inherit tablets-cols_inherit mobiles-cols_1 valign_top type_default stacking_default\"><div class=\"wpb_column vc_column_container\"><div class=\"vc_column-inner\"><div class=\"w-image align_center\"><div class=\"w-image-h\"><img decoding=\"async\" width=\"1200\" height=\"585\" src=\"https:\/\/www.siban.com\/wp-content\/uploads\/2025\/02\/presencia-comercial_productiva-1200x585.png\" class=\"attachment-large size-large\" alt=\"\" loading=\"lazy\" srcset=\"https:\/\/www.siban.com\/wp-content\/uploads\/2025\/02\/presencia-comercial_productiva-1200x585.png 1200w, https:\/\/www.siban.com\/wp-content\/uploads\/2025\/02\/presencia-comercial_productiva-480x234.png 480w, https:\/\/www.siban.com\/wp-content\/uploads\/2025\/02\/presencia-comercial_productiva-510x249.png 510w, https:\/\/www.siban.com\/wp-content\/uploads\/2025\/02\/presencia-comercial_productiva.png 1233w\" sizes=\"auto, (max-width: 1200px) 100vw, 1200px\" \/><\/div><\/div><div class=\"w-separator size_large\"><\/div><h2 class=\"w-text us_custom_eb849559\"><span class=\"w-text-h\"><span class=\"w-text-value\">Notre si\u00e8ge social<\/span><\/span><\/h2><div class=\"w-slider style_none fit_scaledown nav_none count_5\"><div class=\"w-slider-h\"><div class=\"royalSlider\"><div class=\"rsContent\"><a class=\"rsImg\" data-rsw=\"1200\" data-rsh=\"583\" href=\"https:\/\/www.siban.com\/wp-content\/uploads\/2024\/04\/20180524_112138-1200x583.jpg\"><span data-alt=\"\"><\/span><\/a><\/div><div class=\"rsContent\"><a class=\"rsImg\" data-rsw=\"1200\" data-rsh=\"583\" href=\"https:\/\/www.siban.com\/wp-content\/uploads\/2024\/04\/20180524_111757-1200x583-1.png\"><span data-alt=\"\"><\/span><\/a><\/div><div class=\"rsContent\"><a class=\"rsImg\" data-rsw=\"1200\" data-rsh=\"675\" href=\"https:\/\/www.siban.com\/wp-content\/uploads\/2024\/04\/20191008_163801-1200x675.jpg\"><span data-alt=\"Bobinadora Beltsiflex\"><\/span><\/a><\/div><div class=\"rsContent\"><a class=\"rsImg\" data-rsw=\"1200\" data-rsh=\"697\" href=\"https:\/\/www.siban.com\/wp-content\/uploads\/2024\/04\/L_001998-1200x697.jpg\"><span data-alt=\"\"><\/span><\/a><\/div><div class=\"rsContent\"><a class=\"rsImg\" data-rsw=\"1200\" data-rsh=\"900\" href=\"https:\/\/www.siban.com\/wp-content\/uploads\/2024\/04\/L_001576-1200x900.jpg\"><span data-alt=\"\"><\/span><\/a><\/div><\/div><img decoding=\"async\" src=\"https:\/\/www.siban.com\/wp-content\/uploads\/2024\/04\/20180524_112138-1200x583.jpg\" width=\"1200\" height=\"583\" alt loading=\"lazy\"><\/div><div class=\"w-slider-json\" onclick='return {&quot;autoScaleSlider&quot;:true,&quot;addActiveClass&quot;:true,&quot;loop&quot;:true,&quot;fadeInLoadedSlide&quot;:false,&quot;slidesSpacing&quot;:0,&quot;imageScalePadding&quot;:0,&quot;numImagesToPreload&quot;:2,&quot;arrowsNav&quot;:true,&quot;arrowsNavAutoHide&quot;:false,&quot;transitionType&quot;:&quot;move&quot;,&quot;transitionSpeed&quot;:100,&quot;block&quot;:{&quot;moveEffect&quot;:&quot;none&quot;,&quot;speed&quot;:300},&quot;thumbs&quot;:{&quot;fitInViewport&quot;:false,&quot;firstMargin&quot;:false,&quot;spacing&quot;:4},&quot;controlNavigation&quot;:&quot;none&quot;,&quot;autoplay&quot;:{&quot;enabled&quot;:true,&quot;pauseOnHover&quot;:true,&quot;delay&quot;:3000},&quot;autoScaleSliderWidth&quot;:1200,&quot;autoScaleSliderHeight&quot;:583}'><\/div><\/div><\/div><\/div><\/div><\/div><\/section><section class=\"l-section wpb_row height_small\"><div class=\"l-section-h i-cf\"><div class=\"g-cols vc_row via_grid cols_1 laptops-cols_inherit tablets-cols_inherit mobiles-cols_1 valign_top type_default stacking_default\"><div class=\"wpb_column vc_column_container\"><div class=\"vc_column-inner\"><div class=\"w-html\"><iframe src=\"https:\/\/www.google.com\/maps\/embed?pb=!1m18!1m12!1m3!1d5805.645448306267!2d-3.0732944526221253!3d43.31797034034328!2m3!1f0!2f0!3f0!3m2!1i1024!2i768!4f13.1!3m3!1m2!1s0xd4e586f615eccb1%3A0x242fbeff3975a82f!2sSiban%20Peosa%20S%20A!5e0!3m2!1ses!2ses!4v1713769520204!5m2!1ses!2ses\" width=\"1400\" height=\"450\" style=\"border:0;\" allowfullscreen=\"\" loading=\"lazy\" referrerpolicy=\"no-referrer-when-downgrade\"><\/iframe><\/div><\/div><\/div><\/div><\/div><\/section>\n","protected":false},"excerpt":{"rendered":"56 ans d&rsquo;exp\u00e9rience dans l&rsquo;industrie du caoutchoucAvec plus de 56 ans d\u2019expertise dans le d\u00e9veloppement et la fabrication de bandes transporteuses, SIBAN s\u2019impose comme l\u2019un des acteurs majeurs du secteur en Europe et en Am\u00e9rique du Sud. Nous accompagnons nos clients \u00e0 chaque \u00e9tape de leurs projets, depuis la phase de planification jusqu&rsquo;\u00e0 l\u2019installation et...","protected":false},"author":2,"featured_media":0,"parent":0,"menu_order":0,"comment_status":"closed","ping_status":"closed","template":"","meta":{"footnotes":""},"class_list":["post-3530","page","type-page","status-publish","hentry"],"yoast_head":"<!-- This site is optimized with the Yoast SEO plugin v27.5 - https:\/\/yoast.com\/product\/yoast-seo-wordpress\/ -->\n<title>Compagnie - Siban<\/title>\n<meta name=\"robots\" content=\"index, follow, max-snippet:-1, max-image-preview:large, max-video-preview:-1\" \/>\n<link rel=\"canonical\" href=\"https:\/\/www.siban.com\/empresa\/\" \/>\n<meta property=\"og:locale\" content=\"fr_FR\" \/>\n<meta property=\"og:type\" content=\"article\" \/>\n<meta property=\"og:title\" content=\"Compagnie - Siban\" \/>\n<meta property=\"og:url\" content=\"https:\/\/www.siban.com\/empresa\/\" \/>\n<meta property=\"og:site_name\" content=\"Siban\" \/>\n<meta property=\"article:modified_time\" content=\"2025-09-11T06:58:06+00:00\" \/>\n<meta name=\"twitter:card\" content=\"summary_large_image\" \/>\n<meta name=\"twitter:label1\" content=\"Dur\u00e9e de lecture estim\u00e9e\" \/>\n\t<meta name=\"twitter:data1\" content=\"2 minutes\" \/>\n<script type=\"application\/ld+json\" class=\"yoast-schema-graph\">{\"@context\":\"https:\\\/\\\/schema.org\",\"@graph\":[{\"@type\":\"WebPage\",\"@id\":\"https:\\\/\\\/www.siban.com\\\/empresa\\\/\",\"url\":\"https:\\\/\\\/www.siban.com\\\/empresa\\\/\",\"name\":\"Compagnie - Siban\",\"isPartOf\":{\"@id\":\"http:\\\/\\\/dev.siban.com\\\/#website\"},\"datePublished\":\"2017-08-08T09:02:42+00:00\",\"dateModified\":\"2025-09-11T06:58:06+00:00\",\"breadcrumb\":{\"@id\":\"https:\\\/\\\/www.siban.com\\\/empresa\\\/#breadcrumb\"},\"inLanguage\":\"fr-FR\",\"potentialAction\":[{\"@type\":\"ReadAction\",\"target\":[\"https:\\\/\\\/www.siban.com\\\/empresa\\\/\"]}]},{\"@type\":\"BreadcrumbList\",\"@id\":\"https:\\\/\\\/www.siban.com\\\/empresa\\\/#breadcrumb\",\"itemListElement\":[{\"@type\":\"ListItem\",\"position\":1,\"name\":\"Inicio\",\"item\":\"https:\\\/\\\/www.siban.com\\\/\"},{\"@type\":\"ListItem\",\"position\":2,\"name\":\"Compagnie\"}]},{\"@type\":\"WebSite\",\"@id\":\"http:\\\/\\\/dev.siban.com\\\/#website\",\"url\":\"http:\\\/\\\/dev.siban.com\\\/\",\"name\":\"Siban\",\"description\":\"Bandas transportadoras\",\"publisher\":{\"@id\":\"http:\\\/\\\/dev.siban.com\\\/#organization\"},\"potentialAction\":[{\"@type\":\"SearchAction\",\"target\":{\"@type\":\"EntryPoint\",\"urlTemplate\":\"http:\\\/\\\/dev.siban.com\\\/?s={search_term_string}\"},\"query-input\":{\"@type\":\"PropertyValueSpecification\",\"valueRequired\":true,\"valueName\":\"search_term_string\"}}],\"inLanguage\":\"fr-FR\"},{\"@type\":\"Organization\",\"@id\":\"http:\\\/\\\/dev.siban.com\\\/#organization\",\"name\":\"Siban\",\"url\":\"http:\\\/\\\/dev.siban.com\\\/\",\"logo\":{\"@type\":\"ImageObject\",\"inLanguage\":\"fr-FR\",\"@id\":\"http:\\\/\\\/dev.siban.com\\\/#\\\/schema\\\/logo\\\/image\\\/\",\"url\":\"https:\\\/\\\/www.siban.com\\\/wp-content\\\/uploads\\\/2024\\\/07\\\/Siban-Beltsiflex-PNG.png\",\"contentUrl\":\"https:\\\/\\\/www.siban.com\\\/wp-content\\\/uploads\\\/2024\\\/07\\\/Siban-Beltsiflex-PNG.png\",\"width\":3133,\"height\":1633,\"caption\":\"Siban\"},\"image\":{\"@id\":\"http:\\\/\\\/dev.siban.com\\\/#\\\/schema\\\/logo\\\/image\\\/\"}}]}<\/script>\n<!-- \/ Yoast SEO plugin. -->","yoast_head_json":{"title":"Compagnie - Siban","robots":{"index":"index","follow":"follow","max-snippet":"max-snippet:-1","max-image-preview":"max-image-preview:large","max-video-preview":"max-video-preview:-1"},"canonical":"https:\/\/www.siban.com\/empresa\/","og_locale":"fr_FR","og_type":"article","og_title":"Compagnie - Siban","og_url":"https:\/\/www.siban.com\/empresa\/","og_site_name":"Siban","article_modified_time":"2025-09-11T06:58:06+00:00","twitter_card":"summary_large_image","twitter_misc":{"Dur\u00e9e de lecture estim\u00e9e":"2 minutes"},"schema":{"@context":"https:\/\/schema.org","@graph":[{"@type":"WebPage","@id":"https:\/\/www.siban.com\/empresa\/","url":"https:\/\/www.siban.com\/empresa\/","name":"Compagnie - Siban","isPartOf":{"@id":"http:\/\/dev.siban.com\/#website"},"datePublished":"2017-08-08T09:02:42+00:00","dateModified":"2025-09-11T06:58:06+00:00","breadcrumb":{"@id":"https:\/\/www.siban.com\/empresa\/#breadcrumb"},"inLanguage":"fr-FR","potentialAction":[{"@type":"ReadAction","target":["https:\/\/www.siban.com\/empresa\/"]}]},{"@type":"BreadcrumbList","@id":"https:\/\/www.siban.com\/empresa\/#breadcrumb","itemListElement":[{"@type":"ListItem","position":1,"name":"Inicio","item":"https:\/\/www.siban.com\/"},{"@type":"ListItem","position":2,"name":"Compagnie"}]},{"@type":"WebSite","@id":"http:\/\/dev.siban.com\/#website","url":"http:\/\/dev.siban.com\/","name":"Siban","description":"Bandas transportadoras","publisher":{"@id":"http:\/\/dev.siban.com\/#organization"},"potentialAction":[{"@type":"SearchAction","target":{"@type":"EntryPoint","urlTemplate":"http:\/\/dev.siban.com\/?s={search_term_string}"},"query-input":{"@type":"PropertyValueSpecification","valueRequired":true,"valueName":"search_term_string"}}],"inLanguage":"fr-FR"},{"@type":"Organization","@id":"http:\/\/dev.siban.com\/#organization","name":"Siban","url":"http:\/\/dev.siban.com\/","logo":{"@type":"ImageObject","inLanguage":"fr-FR","@id":"http:\/\/dev.siban.com\/#\/schema\/logo\/image\/","url":"https:\/\/www.siban.com\/wp-content\/uploads\/2024\/07\/Siban-Beltsiflex-PNG.png","contentUrl":"https:\/\/www.siban.com\/wp-content\/uploads\/2024\/07\/Siban-Beltsiflex-PNG.png","width":3133,"height":1633,"caption":"Siban"},"image":{"@id":"http:\/\/dev.siban.com\/#\/schema\/logo\/image\/"}}]}},"_links":{"self":[{"href":"https:\/\/www.siban.com\/fr\/wp-json\/wp\/v2\/pages\/3530","targetHints":{"allow":["GET"]}}],"collection":[{"href":"https:\/\/www.siban.com\/fr\/wp-json\/wp\/v2\/pages"}],"about":[{"href":"https:\/\/www.siban.com\/fr\/wp-json\/wp\/v2\/types\/page"}],"author":[{"embeddable":true,"href":"https:\/\/www.siban.com\/fr\/wp-json\/wp\/v2\/users\/2"}],"replies":[{"embeddable":true,"href":"https:\/\/www.siban.com\/fr\/wp-json\/wp\/v2\/comments?post=3530"}],"version-history":[{"count":25,"href":"https:\/\/www.siban.com\/fr\/wp-json\/wp\/v2\/pages\/3530\/revisions"}],"predecessor-version":[{"id":4483,"href":"https:\/\/www.siban.com\/fr\/wp-json\/wp\/v2\/pages\/3530\/revisions\/4483"}],"wp:attachment":[{"href":"https:\/\/www.siban.com\/fr\/wp-json\/wp\/v2\/media?parent=3530"}],"curies":[{"name":"wp","href":"https:\/\/api.w.org\/{rel}","templated":true}]}}