{"id":138580,"date":"2025-12-15T09:10:45","date_gmt":"2025-12-15T08:10:45","guid":{"rendered":"https:\/\/www.siban.com\/?page_id=138580"},"modified":"2025-12-15T09:14:22","modified_gmt":"2025-12-15T08:14:22","slug":"bandes-en-aramide-en-tunisie","status":"publish","type":"page","link":"https:\/\/www.siban.com\/fr\/bandes-en-aramide-en-tunisie\/","title":{"rendered":"Bandes en Aramide en Tunisie"},"content":{"rendered":"<section class=\"l-section wpb_row height_small\"><div class=\"l-section-h i-cf\"><div class=\"g-cols vc_row via_grid cols_1 laptops-cols_inherit tablets-cols_inherit mobiles-cols_1 valign_top type_default stacking_default\"><div class=\"wpb_column vc_column_container\"><div class=\"vc_column-inner\"><h2 class=\"w-text us_custom_eb849559\"><span class=\"w-text-h\"><span class=\"w-text-value\">SIBAN consolide son expansion internationale avec un nouveau contrat de bandes en aramide en Tunisie<\/span><\/span><\/h2><div class=\"wpb_text_column\"><div class=\"wpb_wrapper\"><p><em><span>Le projet a d\u00e9but\u00e9 avec un premier envoi de 2 000 m\u00e8tres, d\u00e9j\u00e0 re\u00e7u et install\u00e9 par le client. Le degr\u00e9 de satisfaction et d\u2019acceptation des bandes en aramide a \u00e9t\u00e9 \u00e9lev\u00e9 ; un deuxi\u00e8me approvisionnement de 3 000 m\u00e8tres est pr\u00e9vu au cours du premier trimestre de l\u2019ann\u00e9e prochaine, tandis que le volume restant sera progressivement livr\u00e9 en 2026 jusqu\u2019\u00e0 atteindre un total de 10 000 m\u00e8tres.<\/span><\/em><\/p>\n<p><span>Cementos Portland a inform\u00e9 SIBAN de la n\u00e9cessit\u00e9 de remplacer les bandes \u00e0 c\u00e2bles m\u00e9talliques par une solution plus l\u00e9g\u00e8re et plus efficace, tout en maintenant les plus hauts standards de r\u00e9sistance.<\/span><\/p>\n<p><span>La <a href=\"https:\/\/www.siban.com\/fr\/bandes-pour-applications-speciales-2\/\">bande en aramide<\/a> d\u00e9velopp\u00e9e par SIBAN s\u2019est r\u00e9v\u00e9l\u00e9e \u00eatre l\u2019alternative id\u00e9ale, offrant une s\u00e9rie d\u2019avantages tr\u00e8s importants, en garantissant les m\u00eames niveaux de r\u00e9sistance que les bandes m\u00e9talliques, mais avec un poids jusqu\u2019\u00e0 cinq fois inf\u00e9rieur. Cela se traduit par une r\u00e9duction de la consommation \u00e9lectrique de l\u2019installation ainsi qu\u2019une diminution de l\u2019usure des tambours et des motorisations.<\/span><\/p>\n<p><span>L\u2019aramide pr\u00e9sente un rapport r\u00e9sistance\u2011poids sup\u00e9rieur \u00e0 celui de l\u2019acier, permettant d\u2019atteindre les m\u00eames valeurs de r\u00e9sistance \u00e0 la traction qu\u2019une bande \u00e0 c\u00e2bles m\u00e9talliques, mais avec une structure beaucoup plus l\u00e9g\u00e8re et flexible. Cette flexibilit\u00e9 permet une meilleure adaptation aux tambours de plus petit diam\u00e8tre, ainsi qu\u2019une fatigue structurelle r\u00e9duite, ce qui diminue la fr\u00e9quence des interventions de maintenance. En d\u00e9finitive, cela augmente la disponibilit\u00e9 du convoyeur et r\u00e9duit les co\u00fbts d\u2019exploitation.<\/span><\/p>\n<p><span>De plus, nos bandes en aramide pr\u00e9sentent un facteur d\u2019allongement nettement r\u00e9duit et une excellente r\u00e9sistance et flexibilit\u00e9 face aux impacts et aux d\u00e9chirures, des caract\u00e9ristiques essentielles pour l\u2019environnement op\u00e9rationnel exigeant du secteur cimentier.<\/span><\/p>\n<p><span>Avec cette \u00e9tape importante, SIBAN renforce sa pr\u00e9sence sur le march\u00e9 nord\u2011africain, ouvrant la voie \u00e0 de nouvelles opportunit\u00e9s de projets au Maghreb.<\/span><\/p>\n<p><span>Il s\u2019agit sans aucun doute d\u2019une d\u00e9monstration de notre engagement en faveur de l\u2019innovation et de notre capacit\u00e9 \u00e0 proposer des solutions techniques avanc\u00e9es, adapt\u00e9es aux besoins sp\u00e9cifiques de chaque client.<\/span><\/p>\n<\/div><\/div><div class=\"w-separator size_medium\"><\/div><div class=\"w-image align_center\"><div class=\"w-image-h\"><img decoding=\"async\" width=\"1280\" height=\"960\" src=\"https:\/\/www.siban.com\/wp-content\/uploads\/2025\/12\/5805660397162400560_121.jpg\" class=\"attachment-full size-full\" alt=\"Aramida Beltsiflex\" loading=\"lazy\" srcset=\"https:\/\/www.siban.com\/wp-content\/uploads\/2025\/12\/5805660397162400560_121.jpg 1280w, https:\/\/www.siban.com\/wp-content\/uploads\/2025\/12\/5805660397162400560_121-480x360.jpg 480w, https:\/\/www.siban.com\/wp-content\/uploads\/2025\/12\/5805660397162400560_121-1200x900.jpg 1200w, https:\/\/www.siban.com\/wp-content\/uploads\/2025\/12\/5805660397162400560_121-510x383.jpg 510w\" sizes=\"auto, (max-width: 1280px) 100vw, 1280px\" \/><\/div><\/div><\/div><\/div><\/div><\/div><\/section>\n","protected":false},"excerpt":{"rendered":"SIBAN consolide son expansion internationale avec un nouveau contrat de bandes en aramide en TunisieLe projet a d\u00e9but\u00e9 avec un premier envoi de 2 000 m\u00e8tres, d\u00e9j\u00e0 re\u00e7u et install\u00e9 par le client. Le degr\u00e9 de satisfaction et d\u2019acceptation des bandes en aramide a \u00e9t\u00e9 \u00e9lev\u00e9 ; un deuxi\u00e8me approvisionnement de 3 000 m\u00e8tres est...","protected":false},"author":2,"featured_media":0,"parent":0,"menu_order":0,"comment_status":"closed","ping_status":"closed","template":"","meta":{"footnotes":""},"class_list":["post-138580","page","type-page","status-publish","hentry"],"yoast_head":"<!-- This site is optimized with the Yoast SEO plugin v27.5 - https:\/\/yoast.com\/product\/yoast-seo-wordpress\/ -->\n<title>Bandes en Aramide en Tunisie - Siban<\/title>\n<meta name=\"robots\" content=\"index, follow, max-snippet:-1, max-image-preview:large, max-video-preview:-1\" \/>\n<link rel=\"canonical\" href=\"https:\/\/www.siban.com\/fr\/bandes-en-aramide-en-tunisie\/\" \/>\n<meta property=\"og:locale\" content=\"fr_FR\" \/>\n<meta property=\"og:type\" content=\"article\" \/>\n<meta property=\"og:title\" content=\"Bandes en Aramide en Tunisie - Siban\" \/>\n<meta property=\"og:url\" content=\"https:\/\/www.siban.com\/fr\/bandes-en-aramide-en-tunisie\/\" \/>\n<meta property=\"og:site_name\" content=\"Siban\" \/>\n<meta property=\"article:modified_time\" content=\"2025-12-15T08:14:22+00:00\" \/>\n<meta name=\"twitter:card\" content=\"summary_large_image\" \/>\n<meta name=\"twitter:label1\" content=\"Dur\u00e9e de lecture estim\u00e9e\" \/>\n\t<meta name=\"twitter:data1\" content=\"2 minutes\" \/>\n<script type=\"application\/ld+json\" class=\"yoast-schema-graph\">{\"@context\":\"https:\\\/\\\/schema.org\",\"@graph\":[{\"@type\":\"WebPage\",\"@id\":\"https:\\\/\\\/www.siban.com\\\/fr\\\/bandes-en-aramide-en-tunisie\\\/\",\"url\":\"https:\\\/\\\/www.siban.com\\\/fr\\\/bandes-en-aramide-en-tunisie\\\/\",\"name\":\"Bandes en Aramide en Tunisie - Siban\",\"isPartOf\":{\"@id\":\"http:\\\/\\\/dev.siban.com\\\/#website\"},\"datePublished\":\"2025-12-15T08:10:45+00:00\",\"dateModified\":\"2025-12-15T08:14:22+00:00\",\"breadcrumb\":{\"@id\":\"https:\\\/\\\/www.siban.com\\\/fr\\\/bandes-en-aramide-en-tunisie\\\/#breadcrumb\"},\"inLanguage\":\"fr-FR\",\"potentialAction\":[{\"@type\":\"ReadAction\",\"target\":[\"https:\\\/\\\/www.siban.com\\\/fr\\\/bandes-en-aramide-en-tunisie\\\/\"]}]},{\"@type\":\"BreadcrumbList\",\"@id\":\"https:\\\/\\\/www.siban.com\\\/fr\\\/bandes-en-aramide-en-tunisie\\\/#breadcrumb\",\"itemListElement\":[{\"@type\":\"ListItem\",\"position\":1,\"name\":\"Inicio\",\"item\":\"https:\\\/\\\/www.siban.com\\\/\"},{\"@type\":\"ListItem\",\"position\":2,\"name\":\"Bandes en Aramide en Tunisie\"}]},{\"@type\":\"WebSite\",\"@id\":\"http:\\\/\\\/dev.siban.com\\\/#website\",\"url\":\"http:\\\/\\\/dev.siban.com\\\/\",\"name\":\"Siban\",\"description\":\"Bandas transportadoras\",\"publisher\":{\"@id\":\"http:\\\/\\\/dev.siban.com\\\/#organization\"},\"potentialAction\":[{\"@type\":\"SearchAction\",\"target\":{\"@type\":\"EntryPoint\",\"urlTemplate\":\"http:\\\/\\\/dev.siban.com\\\/?s={search_term_string}\"},\"query-input\":{\"@type\":\"PropertyValueSpecification\",\"valueRequired\":true,\"valueName\":\"search_term_string\"}}],\"inLanguage\":\"fr-FR\"},{\"@type\":\"Organization\",\"@id\":\"http:\\\/\\\/dev.siban.com\\\/#organization\",\"name\":\"Siban\",\"url\":\"http:\\\/\\\/dev.siban.com\\\/\",\"logo\":{\"@type\":\"ImageObject\",\"inLanguage\":\"fr-FR\",\"@id\":\"http:\\\/\\\/dev.siban.com\\\/#\\\/schema\\\/logo\\\/image\\\/\",\"url\":\"https:\\\/\\\/www.siban.com\\\/wp-content\\\/uploads\\\/2024\\\/07\\\/Siban-Beltsiflex-PNG.png\",\"contentUrl\":\"https:\\\/\\\/www.siban.com\\\/wp-content\\\/uploads\\\/2024\\\/07\\\/Siban-Beltsiflex-PNG.png\",\"width\":3133,\"height\":1633,\"caption\":\"Siban\"},\"image\":{\"@id\":\"http:\\\/\\\/dev.siban.com\\\/#\\\/schema\\\/logo\\\/image\\\/\"}}]}<\/script>\n<!-- \/ Yoast SEO plugin. -->","yoast_head_json":{"title":"Bandes en Aramide en Tunisie - Siban","robots":{"index":"index","follow":"follow","max-snippet":"max-snippet:-1","max-image-preview":"max-image-preview:large","max-video-preview":"max-video-preview:-1"},"canonical":"https:\/\/www.siban.com\/fr\/bandes-en-aramide-en-tunisie\/","og_locale":"fr_FR","og_type":"article","og_title":"Bandes en Aramide en Tunisie - Siban","og_url":"https:\/\/www.siban.com\/fr\/bandes-en-aramide-en-tunisie\/","og_site_name":"Siban","article_modified_time":"2025-12-15T08:14:22+00:00","twitter_card":"summary_large_image","twitter_misc":{"Dur\u00e9e de lecture estim\u00e9e":"2 minutes"},"schema":{"@context":"https:\/\/schema.org","@graph":[{"@type":"WebPage","@id":"https:\/\/www.siban.com\/fr\/bandes-en-aramide-en-tunisie\/","url":"https:\/\/www.siban.com\/fr\/bandes-en-aramide-en-tunisie\/","name":"Bandes en Aramide en Tunisie - Siban","isPartOf":{"@id":"http:\/\/dev.siban.com\/#website"},"datePublished":"2025-12-15T08:10:45+00:00","dateModified":"2025-12-15T08:14:22+00:00","breadcrumb":{"@id":"https:\/\/www.siban.com\/fr\/bandes-en-aramide-en-tunisie\/#breadcrumb"},"inLanguage":"fr-FR","potentialAction":[{"@type":"ReadAction","target":["https:\/\/www.siban.com\/fr\/bandes-en-aramide-en-tunisie\/"]}]},{"@type":"BreadcrumbList","@id":"https:\/\/www.siban.com\/fr\/bandes-en-aramide-en-tunisie\/#breadcrumb","itemListElement":[{"@type":"ListItem","position":1,"name":"Inicio","item":"https:\/\/www.siban.com\/"},{"@type":"ListItem","position":2,"name":"Bandes en Aramide en Tunisie"}]},{"@type":"WebSite","@id":"http:\/\/dev.siban.com\/#website","url":"http:\/\/dev.siban.com\/","name":"Siban","description":"Bandas transportadoras","publisher":{"@id":"http:\/\/dev.siban.com\/#organization"},"potentialAction":[{"@type":"SearchAction","target":{"@type":"EntryPoint","urlTemplate":"http:\/\/dev.siban.com\/?s={search_term_string}"},"query-input":{"@type":"PropertyValueSpecification","valueRequired":true,"valueName":"search_term_string"}}],"inLanguage":"fr-FR"},{"@type":"Organization","@id":"http:\/\/dev.siban.com\/#organization","name":"Siban","url":"http:\/\/dev.siban.com\/","logo":{"@type":"ImageObject","inLanguage":"fr-FR","@id":"http:\/\/dev.siban.com\/#\/schema\/logo\/image\/","url":"https:\/\/www.siban.com\/wp-content\/uploads\/2024\/07\/Siban-Beltsiflex-PNG.png","contentUrl":"https:\/\/www.siban.com\/wp-content\/uploads\/2024\/07\/Siban-Beltsiflex-PNG.png","width":3133,"height":1633,"caption":"Siban"},"image":{"@id":"http:\/\/dev.siban.com\/#\/schema\/logo\/image\/"}}]}},"_links":{"self":[{"href":"https:\/\/www.siban.com\/fr\/wp-json\/wp\/v2\/pages\/138580","targetHints":{"allow":["GET"]}}],"collection":[{"href":"https:\/\/www.siban.com\/fr\/wp-json\/wp\/v2\/pages"}],"about":[{"href":"https:\/\/www.siban.com\/fr\/wp-json\/wp\/v2\/types\/page"}],"author":[{"embeddable":true,"href":"https:\/\/www.siban.com\/fr\/wp-json\/wp\/v2\/users\/2"}],"replies":[{"embeddable":true,"href":"https:\/\/www.siban.com\/fr\/wp-json\/wp\/v2\/comments?post=138580"}],"version-history":[{"count":3,"href":"https:\/\/www.siban.com\/fr\/wp-json\/wp\/v2\/pages\/138580\/revisions"}],"predecessor-version":[{"id":138583,"href":"https:\/\/www.siban.com\/fr\/wp-json\/wp\/v2\/pages\/138580\/revisions\/138583"}],"wp:attachment":[{"href":"https:\/\/www.siban.com\/fr\/wp-json\/wp\/v2\/media?parent=138580"}],"curies":[{"name":"wp","href":"https:\/\/api.w.org\/{rel}","templated":true}]}}