{"id":137522,"date":"2025-08-14T14:29:08","date_gmt":"2025-08-14T13:29:08","guid":{"rendered":"https:\/\/www.siban.com\/?page_id=137522"},"modified":"2025-09-08T10:14:48","modified_gmt":"2025-09-08T09:14:48","slug":"politique-de-cookies","status":"publish","type":"page","link":"https:\/\/www.siban.com\/fr\/politique-de-cookies\/","title":{"rendered":"Politique de Cookies"},"content":{"rendered":"<section class=\"l-section wpb_row height_small\"><div class=\"l-section-h i-cf\"><div class=\"g-cols vc_row via_grid cols_1 laptops-cols_inherit tablets-cols_inherit mobiles-cols_1 valign_top type_default stacking_default\"><div class=\"wpb_column vc_column_container\"><div class=\"vc_column-inner\"><div class=\"wpb_text_column\"><div class=\"wpb_wrapper\"><h3 class=\"w-text us_custom_eb849559\" style=\"text-align: center;\"><span class=\"w-text-h\"><span class=\"w-text-value\">Politique de Cookies<\/span><\/span><\/h3>\n<div class=\"wpb_text_column\">\n<div class=\"wpb_wrapper\">\n<p><strong>Que sont les cookies ?<\/strong><\/p>\n<p data-start=\"160\" data-end=\"579\">Un cookie est un fichier qui est t\u00e9l\u00e9charg\u00e9 sur votre ordinateur lorsque vous acc\u00e9dez \u00e0 certaines pages web. Les cookies permettent, entre autres, \u00e0 un site web de stocker et de r\u00e9cup\u00e9rer des informations concernant les habitudes de navigation d\u2019un utilisateur ou de son \u00e9quipement, et, selon les informations qu\u2019ils contiennent et la mani\u00e8re dont l\u2019\u00e9quipement est utilis\u00e9, ils peuvent \u00eatre utilis\u00e9s pour reconna\u00eetre l\u2019utilisateur.<\/p>\n<p data-start=\"581\" data-end=\"934\">Le navigateur de l\u2019utilisateur enregistre les cookies sur le disque dur uniquement pendant la session en cours, en occupant un espace m\u00e9moire minimal et sans nuire \u00e0 l\u2019ordinateur. Les cookies ne contiennent aucun type d\u2019information personnelle sp\u00e9cifique, et la plupart d\u2019entre eux sont supprim\u00e9s du disque dur \u00e0 la fin de la session de navigation (les cookies dits de session).<\/p>\n<p data-start=\"936\" data-end=\"1124\">La plupart des navigateurs acceptent les cookies par d\u00e9faut et, ind\u00e9pendamment de ceux-ci, permettent ou bloquent, via les param\u00e8tres de s\u00e9curit\u00e9, les cookies temporaires ou enregistr\u00e9s.<\/p>\n<p data-start=\"936\" data-end=\"1124\">Ce site web utilise des cookies et\/ou des technologies similaires qui stockent et r\u00e9cup\u00e8rent des informations lors de votre navigation. En g\u00e9n\u00e9ral, ces technologies peuvent avoir des finalit\u00e9s tr\u00e8s diverses, comme par exemple vous reconna\u00eetre en tant qu\u2019utilisateur, obtenir des informations sur vos habitudes de navigation, ou personnaliser la mani\u00e8re dont le contenu s\u2019affiche. Les utilisations sp\u00e9cifiques que nous faisons de ces technologies sont d\u00e9crites ci-dessous.<\/p>\n<p data-start=\"936\" data-end=\"1124\">Quels types de cookies peuvent \u00eatre utilis\u00e9s sur ce site web ?<\/p>\n<p data-start=\"936\" data-end=\"1124\"><u>Selon l&rsquo;entit\u00e9 qui les g\u00e8re :<\/u><\/p>\n<\/div>\n<div class=\"wpb_wrapper\">\n<ul>\n<li data-start=\"1678\" data-end=\"1835\">\n<p data-start=\"1680\" data-end=\"1835\">Cookies propres : ce sont ceux qui sont envoy\u00e9s \u00e0 votre appareil depuis nos propres \u00e9quipements ou domaines, \u00e0 partir desquels nous fournissons le service que vous avez demand\u00e9.<\/p>\n<\/li>\n<li data-start=\"1678\" data-end=\"1835\">\n<p data-start=\"1680\" data-end=\"1835\">Cookies tiers : ce sont ceux qui sont envoy\u00e9s \u00e0 votre appareil depuis un \u00e9quipement ou un domaine qui n\u2019est pas g\u00e9r\u00e9 par nous, mais par une autre entit\u00e9 partenaire. Par exemple, ceux utilis\u00e9es par les r\u00e9seaux sociaux (ex. : YouTube, LinkedIn), ou par des contenus externes tels que Google Maps ou Google Analytics.<\/p>\n<\/li>\n<\/ul>\n<p><u>Selon la dur\u00e9e pendant laquelle elles restent activ\u00e9es :<\/u><\/p>\n<ul>\n<li>Cookies de session : ce sont des cookies temporaires qui restent dans le fichier de cookies de votre navigateur jusqu&rsquo;\u00e0 ce que vous quittiez le site web. Aucun de ces cookies n\u2019est donc enregistr\u00e9 sur le disque dur de votre ordinateur. Les informations obtenues gr\u00e2ce \u00e0 ces cookies servent \u00e0 analyser les sch\u00e9mas de navigation sur le site. \u00c0 long terme, cela nous permet d\u2019offrir une meilleure exp\u00e9rience en am\u00e9liorant le contenu et en facilitant son utilisation.<\/li>\n<li>Cookies persistants : stock\u00e9s sur le disque dur et lus \u00e0 chaque nouvelle visite. Ils ont une date d\u2019expiration sp\u00e9cifique et cessent de fonctionner apr\u00e8s cette date. Utilis\u00e9s notamment pour faciliter l\u2019enregistrement des utilisateurs.<\/li>\n<\/ul>\n<p><u>Selon leur finalit\u00e9 :<\/u><\/p>\n<ul>\n<li>Cookies techniques : ce sont ceux qui permettent \u00e0 l\u2019utilisateur de naviguer \u00e0 travers un site web, une plateforme ou une application, et d\u2019utiliser les diff\u00e9rentes options ou services qui y sont propos\u00e9s. Par exemple, contr\u00f4ler le trafic et la communication des donn\u00e9es, identifier la session, acc\u00e9der \u00e0 des zones \u00e0 acc\u00e8s restreint, m\u00e9moriser les \u00e9l\u00e9ments d\u2019une commande, effectuer le processus d\u2019achat d\u2019une commande, soumettre une inscription ou une participation \u00e0 un \u00e9v\u00e9nement, utiliser des \u00e9l\u00e9ments de s\u00e9curit\u00e9 lors de la navigation, stocker du contenu pour la diffusion de vid\u00e9os ou de sons, ou partager du contenu via les r\u00e9seaux sociaux.<\/li>\n<li>Cookies de personnalisation : ce sont ceux qui permettent \u00e0 l\u2019utilisateur d\u2019acc\u00e9der au service avec certaines caract\u00e9ristiques g\u00e9n\u00e9rales pr\u00e9d\u00e9finies selon plusieurs crit\u00e8res sur le terminal de l\u2019utilisateur, comme par exemple la langue, le type de navigateur utilis\u00e9 pour acc\u00e9der au service, la configuration r\u00e9gionale d&rsquo;o\u00f9 provient l\u2019acc\u00e8s, etc.<\/li>\n<li>Cookies d\u2019analyse : ce sont ceux qui, trait\u00e9s par nous ou par des tiers, nous permettent de quantifier le nombre d\u2019utilisateurs et de r\u00e9aliser des mesures et analyses statistiques sur l\u2019utilisation que font les utilisateurs du service propos\u00e9. Pour cela, la navigation sur notre site web est analys\u00e9e afin d\u2019am\u00e9liorer l\u2019offre de produits ou services que nous proposons.<\/li>\n<li>Cookies publicitaires comportementaux : ce sont ceux qui, trait\u00e9s par nous ou par des tiers, nous permettent d\u2019analyser vos habitudes de navigation sur Internet afin de vous montrer des publicit\u00e9s en lien avec votre profil de navigation.<\/li>\n<\/ul>\n<p>Quelle est la finalit\u00e9 de chaque type de cookie utilis\u00e9 ?<\/p>\n<p>Nous d\u00e9taillons ci-apr\u00e8s les cookies utilis\u00e9s sur notre site web ainsi que leur finalit\u00e9.<\/p>\n<table width=\"567\">\n<tbody>\n<tr>\n<td width=\"83\">Nom<\/td>\n<td width=\"83\">Propri\u00e9taire<\/td>\n<td width=\"83\">Duration<\/td>\n<td width=\"162\">Type \/ Finalit\u00e9<\/td>\n<td width=\"156\">Description<\/td>\n<\/tr>\n<tr>\n<td width=\"83\">Login_info<\/td>\n<td width=\"83\">Youtube<\/td>\n<td width=\"83\">6 mois<\/td>\n<td width=\"162\">Analyse<\/td>\n<td width=\"156\">Suivi des vid\u00e9os YouTube int\u00e9gr\u00e9es consult\u00e9es<\/td>\n<\/tr>\n<\/tbody>\n<\/table>\n<p>Ce site web utilise les services d\u2019analyse de Google Analytics pour aider le site \u00e0 analyser l\u2019usage que font les utilisateurs du site web et am\u00e9liorer son ergonomie. Cependant, en aucun cas ces donn\u00e9es ne sont associ\u00e9es \u00e0 des informations pouvant identifier l\u2019utilisateur. Google Analytics est un service d\u2019analyse web fourni par Google, Inc. L\u2019utilisateur peut consulter <u><a href=\"https:\/\/www.google.es\/intl\/es\/policies\/technologies\/types\/\">ici<\/a><\/u> les types de cookies utilis\u00e9s par Google.<\/p>\n<p>De m\u00eame, il existe des cookies de r\u00e9seaux sociaux qui peuvent \u00eatre stock\u00e9s dans votre navigateur lorsque vous naviguez sur <a class=\"decorated-link\" href=\"https:\/\/www.siban.com\/fr\/\" target=\"_new\" rel=\"noopener\" data-start=\"163\" data-end=\"185\">https:\/\/www.siban.com\/<span aria-hidden=\"true\" class=\"ms-0.5 inline-block align-middle leading-none\"><\/span><\/a>, par exemple lorsque vous visualisez le bouton de partage de contenus de Siban Peosa, S.A. sur un r\u00e9seau social. Vous trouverez ci-dessous des informations sur les cookies des r\u00e9seaux sociaux utilis\u00e9s par ce site, disponibles dans leurs propres politiques de cookies :<\/p>\n<ul>\n<li>Cookies de Youtube, voir leur <a href=\"https:\/\/www.youtube.com\/account_privacy\">politique de cookies<\/a>.<\/li>\n<li>Cookies de Linkedin, voir leur <a href=\"https:\/\/www.linkedin.com\/legal\/cookie-policy?trk=hp-cookies\">politique de cookies<\/a>.<\/li>\n<\/ul>\n<p>Gestion et d\u00e9sactivation des cookies.<\/p>\n<p data-start=\"40\" data-end=\"343\">De plus, en vous opposant au moment o\u00f9 le site web vous informe de l\u2019utilisation de cette technologie, vous pouvez configurer votre navigateur pour qu\u2019il n\u2019installe pas ces cookies, les supprimer et, de mani\u00e8re g\u00e9n\u00e9rale, les g\u00e9rer \u00e0 tout moment via les fonctions de votre navigateur d\u00e9di\u00e9es \u00e0 cet effet.<\/p>\n<p data-start=\"345\" data-end=\"502\">Vous trouverez ci-dessous une liste de liens indiquant les \u00e9tapes \u00e0 suivre pour activer, d\u00e9sactiver, supprimer et g\u00e9rer les cookies selon chaque navigateur :<\/p>\n<table>\n<tbody>\n<tr>\n<td width=\"140\"><strong>Apple Safari<\/strong><\/td>\n<td width=\"517\"><a href=\"http:\/\/support.apple.com\/kb\/ph5042\">http:\/\/support.apple.com\/kb\/ph5042<\/a><\/td>\n<\/tr>\n<tr>\n<td width=\"140\"><strong>Google Chrome<\/strong><\/td>\n<td width=\"517\"><a href=\"https:\/\/support.google.com\/chrome\/answer\/95647?hl=es\">https:\/\/support.google.com\/chrome\/answer\/95647?hl=es<\/a><\/td>\n<\/tr>\n<tr>\n<td width=\"140\"><strong>MS Edge \/ Explorer<\/strong><\/td>\n<td width=\"517\"><a href=\"http:\/\/windows.microsoft.com\/es-es\/internet-explorer\/delete-manage-cookies#ie=ie-11\">http:\/\/windows.microsoft.com\/es-es\/internet-explorer\/delete-manage-cookies#ie=ie-11<\/a><\/td>\n<\/tr>\n<tr>\n<td width=\"140\"><strong>Mozilla Firefox<\/strong><\/td>\n<td width=\"517\">https:\/\/support.mozilla.org\/es\/kb\/Borrar%20cookies<\/td>\n<\/tr>\n<tr>\n<td width=\"140\"><strong>Opera<\/strong><\/td>\n<td width=\"517\"><a href=\"http:\/\/help.opera.com\/Windows\/12.00\/es-ES\/cookies.html\">http:\/\/help.opera.com\/Windows\/12.00\/es-ES\/cookies.html<\/a><\/td>\n<\/tr>\n<\/tbody>\n<\/table>\n<p>Si votre navigateur ne figure pas dans cette liste ou si vous ne le trouvez pas, veuillez consulter le site web correspondant.<\/p>\n<p>Les \u00e9tapes pour g\u00e9rer ou d\u00e9sactiver les cookies via tout autre appareil (tablette, smartphone\u2026) sont similaires \u00e0 celles de leur version ordinateur.\u00a0Cependant, en r\u00e8gle g\u00e9n\u00e9rale, il faudra:<\/p>\n<ul>\n<li>Ouvrir le navigateur.<\/li>\n<li>Cliquer sur le bouton \u00ab Param\u00e8tres \u00bb, \u00ab Outils \u00bb, \u00ab Pr\u00e9f\u00e9rences \u00bb ou similaire, g\u00e9n\u00e9ralement situ\u00e9 en haut de la fen\u00eatre.<\/li>\n<li>Une nouvelle fen\u00eatre s\u2019ouvrira probablement, dans laquelle il y aura une option concernant les <u>cookies<\/u>. Cliquez dessus.<\/li>\n<li data-start=\"5514\" data-end=\"5596\">\n<p data-start=\"5517\" data-end=\"5596\">Choisissez l\u2019option qui correspond le mieux \u00e0 vos pr\u00e9f\u00e9rences concernant les cookies, parmi lesquelles vous pouvez opter pour la suppression des cookies stock\u00e9es.<\/p>\n<\/li>\n<\/ul>\n<p><span>Si vous avez des questions concernant cette politique de cookies, vous pouvez contacter <strong>Siban Peosa, S.A.<\/strong> \u00e0 l\u2019adresse : <\/span><a href=\"mailto:lopd@siban.com\">lopd@siban.com<\/a><\/p>\n<\/div>\n<\/div>\n<\/div><\/div><\/div><\/div><\/div><\/div><\/section>\n","protected":false},"excerpt":{"rendered":"Politique de Cookies Que sont les cookies ? Un cookie est un fichier qui est t\u00e9l\u00e9charg\u00e9 sur votre ordinateur lorsque vous acc\u00e9dez \u00e0 certaines pages web. Les cookies permettent, entre autres, \u00e0 un site web de stocker et de r\u00e9cup\u00e9rer des informations concernant les habitudes de navigation d\u2019un utilisateur ou de son \u00e9quipement, et, selon...","protected":false},"author":2,"featured_media":0,"parent":0,"menu_order":0,"comment_status":"closed","ping_status":"closed","template":"","meta":{"footnotes":""},"class_list":["post-137522","page","type-page","status-publish","hentry"],"yoast_head":"<!-- This site is optimized with the Yoast SEO plugin v27.3 - https:\/\/yoast.com\/product\/yoast-seo-wordpress\/ -->\n<title>Politique de Cookies - Siban<\/title>\n<meta name=\"robots\" content=\"index, follow, max-snippet:-1, max-image-preview:large, max-video-preview:-1\" \/>\n<link rel=\"canonical\" href=\"https:\/\/www.siban.com\/135772-2\/\" \/>\n<meta property=\"og:locale\" content=\"fr_FR\" \/>\n<meta property=\"og:type\" content=\"article\" \/>\n<meta property=\"og:title\" content=\"Politique de Cookies - Siban\" \/>\n<meta property=\"og:url\" content=\"https:\/\/www.siban.com\/135772-2\/\" \/>\n<meta property=\"og:site_name\" content=\"Siban\" \/>\n<meta property=\"article:modified_time\" content=\"2025-09-08T09:14:48+00:00\" \/>\n<meta name=\"twitter:card\" content=\"summary_large_image\" \/>\n<meta name=\"twitter:label1\" content=\"Dur\u00e9e de lecture estim\u00e9e\" \/>\n\t<meta name=\"twitter:data1\" content=\"4 minutes\" \/>\n<script type=\"application\/ld+json\" class=\"yoast-schema-graph\">{\"@context\":\"https:\\\/\\\/schema.org\",\"@graph\":[{\"@type\":\"WebPage\",\"@id\":\"https:\\\/\\\/www.siban.com\\\/135772-2\\\/\",\"url\":\"https:\\\/\\\/www.siban.com\\\/135772-2\\\/\",\"name\":\"Politique de Cookies - Siban\",\"isPartOf\":{\"@id\":\"http:\\\/\\\/dev.siban.com\\\/#website\"},\"datePublished\":\"2025-08-14T13:29:08+00:00\",\"dateModified\":\"2025-09-08T09:14:48+00:00\",\"breadcrumb\":{\"@id\":\"https:\\\/\\\/www.siban.com\\\/135772-2\\\/#breadcrumb\"},\"inLanguage\":\"fr-FR\",\"potentialAction\":[{\"@type\":\"ReadAction\",\"target\":[\"https:\\\/\\\/www.siban.com\\\/135772-2\\\/\"]}]},{\"@type\":\"BreadcrumbList\",\"@id\":\"https:\\\/\\\/www.siban.com\\\/135772-2\\\/#breadcrumb\",\"itemListElement\":[{\"@type\":\"ListItem\",\"position\":1,\"name\":\"Inicio\",\"item\":\"https:\\\/\\\/www.siban.com\\\/\"},{\"@type\":\"ListItem\",\"position\":2,\"name\":\"Politique de Cookies\"}]},{\"@type\":\"WebSite\",\"@id\":\"http:\\\/\\\/dev.siban.com\\\/#website\",\"url\":\"http:\\\/\\\/dev.siban.com\\\/\",\"name\":\"Siban\",\"description\":\"Bandas transportadoras\",\"publisher\":{\"@id\":\"http:\\\/\\\/dev.siban.com\\\/#organization\"},\"potentialAction\":[{\"@type\":\"SearchAction\",\"target\":{\"@type\":\"EntryPoint\",\"urlTemplate\":\"http:\\\/\\\/dev.siban.com\\\/?s={search_term_string}\"},\"query-input\":{\"@type\":\"PropertyValueSpecification\",\"valueRequired\":true,\"valueName\":\"search_term_string\"}}],\"inLanguage\":\"fr-FR\"},{\"@type\":\"Organization\",\"@id\":\"http:\\\/\\\/dev.siban.com\\\/#organization\",\"name\":\"Siban\",\"url\":\"http:\\\/\\\/dev.siban.com\\\/\",\"logo\":{\"@type\":\"ImageObject\",\"inLanguage\":\"fr-FR\",\"@id\":\"http:\\\/\\\/dev.siban.com\\\/#\\\/schema\\\/logo\\\/image\\\/\",\"url\":\"https:\\\/\\\/www.siban.com\\\/wp-content\\\/uploads\\\/2024\\\/07\\\/Siban-Beltsiflex-PNG.png\",\"contentUrl\":\"https:\\\/\\\/www.siban.com\\\/wp-content\\\/uploads\\\/2024\\\/07\\\/Siban-Beltsiflex-PNG.png\",\"width\":3133,\"height\":1633,\"caption\":\"Siban\"},\"image\":{\"@id\":\"http:\\\/\\\/dev.siban.com\\\/#\\\/schema\\\/logo\\\/image\\\/\"}}]}<\/script>\n<!-- \/ Yoast SEO plugin. -->","yoast_head_json":{"title":"Politique de Cookies - Siban","robots":{"index":"index","follow":"follow","max-snippet":"max-snippet:-1","max-image-preview":"max-image-preview:large","max-video-preview":"max-video-preview:-1"},"canonical":"https:\/\/www.siban.com\/135772-2\/","og_locale":"fr_FR","og_type":"article","og_title":"Politique de Cookies - Siban","og_url":"https:\/\/www.siban.com\/135772-2\/","og_site_name":"Siban","article_modified_time":"2025-09-08T09:14:48+00:00","twitter_card":"summary_large_image","twitter_misc":{"Dur\u00e9e de lecture estim\u00e9e":"4 minutes"},"schema":{"@context":"https:\/\/schema.org","@graph":[{"@type":"WebPage","@id":"https:\/\/www.siban.com\/135772-2\/","url":"https:\/\/www.siban.com\/135772-2\/","name":"Politique de Cookies - Siban","isPartOf":{"@id":"http:\/\/dev.siban.com\/#website"},"datePublished":"2025-08-14T13:29:08+00:00","dateModified":"2025-09-08T09:14:48+00:00","breadcrumb":{"@id":"https:\/\/www.siban.com\/135772-2\/#breadcrumb"},"inLanguage":"fr-FR","potentialAction":[{"@type":"ReadAction","target":["https:\/\/www.siban.com\/135772-2\/"]}]},{"@type":"BreadcrumbList","@id":"https:\/\/www.siban.com\/135772-2\/#breadcrumb","itemListElement":[{"@type":"ListItem","position":1,"name":"Inicio","item":"https:\/\/www.siban.com\/"},{"@type":"ListItem","position":2,"name":"Politique de Cookies"}]},{"@type":"WebSite","@id":"http:\/\/dev.siban.com\/#website","url":"http:\/\/dev.siban.com\/","name":"Siban","description":"Bandas transportadoras","publisher":{"@id":"http:\/\/dev.siban.com\/#organization"},"potentialAction":[{"@type":"SearchAction","target":{"@type":"EntryPoint","urlTemplate":"http:\/\/dev.siban.com\/?s={search_term_string}"},"query-input":{"@type":"PropertyValueSpecification","valueRequired":true,"valueName":"search_term_string"}}],"inLanguage":"fr-FR"},{"@type":"Organization","@id":"http:\/\/dev.siban.com\/#organization","name":"Siban","url":"http:\/\/dev.siban.com\/","logo":{"@type":"ImageObject","inLanguage":"fr-FR","@id":"http:\/\/dev.siban.com\/#\/schema\/logo\/image\/","url":"https:\/\/www.siban.com\/wp-content\/uploads\/2024\/07\/Siban-Beltsiflex-PNG.png","contentUrl":"https:\/\/www.siban.com\/wp-content\/uploads\/2024\/07\/Siban-Beltsiflex-PNG.png","width":3133,"height":1633,"caption":"Siban"},"image":{"@id":"http:\/\/dev.siban.com\/#\/schema\/logo\/image\/"}}]}},"_links":{"self":[{"href":"https:\/\/www.siban.com\/fr\/wp-json\/wp\/v2\/pages\/137522","targetHints":{"allow":["GET"]}}],"collection":[{"href":"https:\/\/www.siban.com\/fr\/wp-json\/wp\/v2\/pages"}],"about":[{"href":"https:\/\/www.siban.com\/fr\/wp-json\/wp\/v2\/types\/page"}],"author":[{"embeddable":true,"href":"https:\/\/www.siban.com\/fr\/wp-json\/wp\/v2\/users\/2"}],"replies":[{"embeddable":true,"href":"https:\/\/www.siban.com\/fr\/wp-json\/wp\/v2\/comments?post=137522"}],"version-history":[{"count":11,"href":"https:\/\/www.siban.com\/fr\/wp-json\/wp\/v2\/pages\/137522\/revisions"}],"predecessor-version":[{"id":137574,"href":"https:\/\/www.siban.com\/fr\/wp-json\/wp\/v2\/pages\/137522\/revisions\/137574"}],"wp:attachment":[{"href":"https:\/\/www.siban.com\/fr\/wp-json\/wp\/v2\/media?parent=137522"}],"curies":[{"name":"wp","href":"https:\/\/api.w.org\/{rel}","templated":true}]}}