{"id":137271,"date":"2025-07-08T09:36:51","date_gmt":"2025-07-08T08:36:51","guid":{"rendered":"https:\/\/www.siban.com\/?page_id=137271"},"modified":"2025-09-09T07:42:14","modified_gmt":"2025-09-09T06:42:14","slug":"bandes-elevatrices-a-godets","status":"publish","type":"page","link":"https:\/\/www.siban.com\/fr\/bandes-elevatrices-a-godets\/","title":{"rendered":"Bandes \u00c9l\u00e9vatrices a Godets"},"content":{"rendered":"<section class=\"l-section wpb_row height_small\"><div class=\"l-section-h i-cf\"><div class=\"g-cols vc_row via_grid cols_1 laptops-cols_inherit tablets-cols_inherit mobiles-cols_1 valign_top type_default stacking_default\"><div class=\"wpb_column vc_column_container\"><div class=\"vc_column-inner\"><h2 class=\"w-text us_custom_eb849559\"><span class=\"w-text-h\"><span class=\"w-text-value\">Bandes \u00e9l\u00e9vatrices a godets<\/span><\/span><\/h2><\/div><\/div><\/div><\/div><\/section><section class=\"l-section wpb_row height_small\"><div class=\"l-section-h i-cf\"><div class=\"g-cols vc_row via_grid cols_2 laptops-cols_inherit tablets-cols_inherit mobiles-cols_1 valign_top type_default stacking_default\"><div class=\"wpb_column vc_column_container\"><div class=\"vc_column-inner\"><div class=\"wpb_text_column\"><div class=\"wpb_wrapper\"><p>Les <strong>bandes \u00e9l\u00e9vatrices \u00e0 godets<\/strong> sont un composant essentiel des syst\u00e8mes de transport vertical de mat\u00e9riaux en vrac, en particulier dans les environnements industriels exigeants o\u00f9 une r\u00e9sistance et une durabilit\u00e9 \u00e9lev\u00e9es sont requises.<\/p>\n<p>Pour le transport vertical de mat\u00e9riaux en vrac, y compris ceux \u00e0 hautes temp\u00e9ratures qui ne peuvent pas \u00eatre transport\u00e9s par un <a href=\"https:\/\/www.siban.com\/fr\/beltsiflex-bandaboard-2\/\">Bandabord<\/a>, SIBAN a d\u00e9velopp\u00e9 les <strong>bandes \u00e9l\u00e9vatrices avec c\u00e2ble m\u00e9talliques<\/strong> de la gamme Beltsiflex.<br \/>Ces bandes permettent un transport efficace, maximisant la manipulation et le d\u00e9placement de grandes quantit\u00e9s de mati\u00e8re, ainsi que la <strong>r\u00e9duction du co\u00fbt \u00e9nerg\u00e9tique de l\u2019installation<\/strong><\/p>\n<\/div><\/div><div class=\"w-separator size_small\"><\/div><div class=\"w-image align_center\"><div class=\"w-image-h\"><img decoding=\"async\" width=\"480\" height=\"179\" src=\"https:\/\/www.siban.com\/wp-content\/uploads\/2025\/07\/ventajas-FR-480x179.png\" class=\"attachment-medium size-medium\" alt=\"\" loading=\"lazy\" srcset=\"https:\/\/www.siban.com\/wp-content\/uploads\/2025\/07\/ventajas-FR-480x179.png 480w, https:\/\/www.siban.com\/wp-content\/uploads\/2025\/07\/ventajas-FR-510x191.png 510w, https:\/\/www.siban.com\/wp-content\/uploads\/2025\/07\/ventajas-FR.png 843w\" sizes=\"auto, (max-width: 480px) 100vw, 480px\" \/><\/div><\/div><div class=\"w-separator size_small\"><\/div><div class=\"wpb_text_column\"><div class=\"wpb_wrapper\"><p>Gamme de bandes \u00e9l\u00e9vatrices m\u00e9talliques standard de <strong>300 mm \u00e0 1800 mm<\/strong> de large avec une r\u00e9sistance allant jusqu\u2019\u00e0 <strong>3500 N\/mm<\/strong>, avec possibilit\u00e9 d\u2019\u00e9tudier d\u2019autres options sur demande ;<\/p>\n<ul>\n<li>R\u00e9sistantes \u00e0 l&rsquo;<strong>Abrasion<\/strong><\/li>\n<li>R\u00e9sistantes aux <strong>Graisses et Huiles<\/strong><\/li>\n<li>R\u00e9sistantes \u00e0 des <strong>Temp\u00e9ratures<\/strong>, sup\u00e9rieures \u00e1 la <strong><em>Classe 3 ISO 4195<\/em><\/strong><\/li>\n<li><strong>Anti Statiques <\/strong>et <strong>Ignifuges<\/strong><\/li>\n<\/ul>\n<\/div><\/div><\/div><\/div><div class=\"wpb_column vc_column_container\"><div class=\"vc_column-inner\"><div class=\"w-image has_ratio align_center\"><div class=\"w-image-h\"><div style=\"padding-bottom:100%\"><\/div><img decoding=\"async\" width=\"1920\" height=\"2560\" src=\"https:\/\/www.siban.com\/wp-content\/uploads\/2025\/07\/IMG20200625091628-scaled.jpg\" class=\"attachment-full size-full\" alt=\"\" loading=\"lazy\" \/><\/div><\/div><\/div><\/div><\/div><\/div><\/section><section class=\"l-section wpb_row height_small\"><div class=\"l-section-h i-cf\"><div class=\"g-cols vc_row via_grid cols_2 laptops-cols_inherit tablets-cols_inherit mobiles-cols_1 valign_top type_default stacking_default\"><div class=\"wpb_column vc_column_container\"><div class=\"vc_column-inner\"><div class=\"w-image align_none\"><div class=\"w-image-h\"><img decoding=\"async\" width=\"1179\" height=\"668\" src=\"https:\/\/www.siban.com\/wp-content\/uploads\/2025\/07\/Captura-de-pantalla-2025-03-20-125629.png\" class=\"attachment-large size-large\" alt=\"\" loading=\"lazy\" srcset=\"https:\/\/www.siban.com\/wp-content\/uploads\/2025\/07\/Captura-de-pantalla-2025-03-20-125629.png 1179w, https:\/\/www.siban.com\/wp-content\/uploads\/2025\/07\/Captura-de-pantalla-2025-03-20-125629-480x272.png 480w, https:\/\/www.siban.com\/wp-content\/uploads\/2025\/07\/Captura-de-pantalla-2025-03-20-125629-510x289.png 510w\" sizes=\"auto, (max-width: 1179px) 100vw, 1179px\" \/><\/div><\/div><\/div><\/div><div class=\"wpb_column vc_column_container\"><div class=\"vc_column-inner\"><h3 class=\"w-text us_custom_eb849559\"><span class=\"w-text-h\"><span class=\"w-text-value\">L&rsquo;importance de la pr\u00e9cision<\/span><\/span><\/h3><div class=\"wpb_text_column\"><div class=\"wpb_wrapper\"><p>La <strong>pr\u00e9cision du per\u00e7age<\/strong> des trous est essentielle dans la fabrication des bandes m\u00e9talliques \u00e9l\u00e9vatrices \u00e0 godets.<\/p>\n<p>Ces bandes transportent des mat\u00e9riaux dans des conditions extr\u00eames et, la pr\u00e9cision du per\u00e7age des trous garantit que <strong>chaque godet est parfaitement fix\u00e9 et align\u00e9 pour \u00e9viter les vibrations et assurer l\u2019efficacit\u00e9 et la s\u00e9curit\u00e9<\/strong> lors du transport de mat\u00e9riaux lourds et abrasifs dans des environnements industriels tels que les cimenteries et les mines.<\/p>\n<p>Chez SIBAN, nous garantissons la pr\u00e9cision maximale du per\u00e7age des bandes \u00e9l\u00e9vatrices gr\u00e2ce \u00e0 notre <strong>centre de d\u00e9coupe \u00e0 jet d&rsquo;eau et \u00e0 commande num\u00e9rique.<\/strong><\/p>\n<\/div><\/div><\/div><\/div><\/div><\/div><\/section><section class=\"l-section wpb_row height_small\"><div class=\"l-section-h i-cf\"><div class=\"g-cols vc_row via_grid cols_2 laptops-cols_inherit tablets-cols_inherit mobiles-cols_1 valign_top type_default stacking_default\"><div class=\"wpb_column vc_column_container\"><div class=\"vc_column-inner\"><h3 class=\"w-text us_custom_eb849559\"><span class=\"w-text-h\"><span class=\"w-text-value\">Applications industrielles<\/span><\/span><\/h3><div class=\"wpb_text_column\"><div class=\"wpb_wrapper\"><p>Nos Bandes \u00c9l\u00e9vatrices Beltsiflex peuvent \u00eatre amplement utilis\u00e9es dans les syst\u00e8mes de chargement et d\u00e9chargement de silos, les usines de traitement et les lignes de production o\u00f9 il est n\u00e9cessaire de d\u00e9placer des produits de mani\u00e8re continue et s\u00fbre.<\/p>\n<p>Dans l\u2019<strong>industrie du ciment<\/strong>, elles sont utilis\u00e9es pour le transport du clinker, du calcaire et du ciment en poudre. Nous concevons des bandes \u00e9l\u00e9vatrices avec carcasse m\u00e9tallique pour r\u00e9sister \u00e0 des temp\u00e9ratures \u00e9lev\u00e9es (<strong>150-200\u00b0C<\/strong>) et \u00e0 des conditions extr\u00eames d\u2019abrasion.<br \/>Dans le secteur de l\u2019<strong>agro-industrie<\/strong>, elles pemettent le mouvement fluide des grains, des semences et des sous-produits agricoles.<\/p>\n<p>Elles sont \u00e9galement essentielles dans l\u2019<strong>industrie chimique<\/strong> et des engrais, o\u00f9 elles assurent le transport de produits granul\u00e9s ou corrosifs. Leurs r\u00e9sistances \u00e0 la traction \u00e9l\u00e9v\u00e9e, \u00e0 l\u2019usure et aux hautes temp\u00e9ratures en font un produit id\u00e9al pour les applications o\u00f9 la durabilit\u00e9 et l\u2019efficacit\u00e9 en conditions de travail extr\u00eame sont requises.<\/p>\n<p>Nos <strong>bandes \u00e9l\u00e9vatrices XS<\/strong> sont constitu\u00e9es d\u2019un treillis de <strong>c\u00e2bles m\u00e9talliques<\/strong> dispos\u00e9s \u00e0 la fois en cha\u00eene (sens longitudinal) et en trame (sens transversal), offrant une forte barri\u00e8re contre lescoupures et les d\u00e9chirures longitudinales.<\/p>\n<\/div><\/div><\/div><\/div><div class=\"wpb_column vc_column_container\"><div class=\"vc_column-inner\"><div class=\"w-separator size_large\"><\/div><div class=\"w-image align_none\"><div class=\"w-image-h\"><img decoding=\"async\" width=\"1000\" height=\"667\" src=\"https:\/\/www.siban.com\/wp-content\/uploads\/2025\/07\/19103.jpg\" class=\"attachment-large size-large\" alt=\"cementera\" loading=\"lazy\" srcset=\"https:\/\/www.siban.com\/wp-content\/uploads\/2025\/07\/19103.jpg 1000w, https:\/\/www.siban.com\/wp-content\/uploads\/2025\/07\/19103-480x320.jpg 480w, https:\/\/www.siban.com\/wp-content\/uploads\/2025\/07\/19103-510x340.jpg 510w\" sizes=\"auto, (max-width: 1000px) 100vw, 1000px\" \/><\/div><\/div><\/div><\/div><\/div><\/div><\/section><section class=\"l-section wpb_row height_small\"><div class=\"l-section-h i-cf\"><div class=\"g-cols vc_row via_grid cols_1 laptops-cols_inherit tablets-cols_inherit mobiles-cols_1 valign_top type_default stacking_default\"><div class=\"wpb_column vc_column_container\"><div class=\"vc_column-inner\"><h3 class=\"w-text us_custom_eb849559\"><span class=\"w-text-h\"><span class=\"w-text-value\">Solutions int\u00e9grales pour bandes \u00e9l\u00e9vatrices industrielles<\/span><\/span><\/h3><\/div><\/div><\/div><\/div><\/section><section class=\"l-section wpb_row height_small\"><div class=\"l-section-h i-cf\"><div class=\"g-cols vc_row via_grid cols_2 laptops-cols_inherit tablets-cols_inherit mobiles-cols_1 valign_top type_default stacking_default\"><div class=\"wpb_column vc_column_container\"><div class=\"vc_column-inner\"><div class=\"w-image has_ratio align_none\"><div class=\"w-image-h\"><div style=\"padding-bottom:75%\"><\/div><img decoding=\"async\" width=\"1200\" height=\"900\" src=\"https:\/\/www.siban.com\/wp-content\/uploads\/2025\/07\/IMG_1642-1200x900.jpeg\" class=\"attachment-large size-large\" alt=\"Grapa para Banda Met\u00e1lica\" loading=\"lazy\" \/><\/div><\/div><\/div><\/div><div class=\"wpb_column vc_column_container\"><div class=\"vc_column-inner\"><div class=\"w-image align_none\"><div class=\"w-image-h\"><img decoding=\"async\" width=\"664\" height=\"424\" src=\"https:\/\/www.siban.com\/wp-content\/uploads\/2025\/07\/Almohadillas.png\" class=\"attachment-large size-large\" alt=\"\" loading=\"lazy\" srcset=\"https:\/\/www.siban.com\/wp-content\/uploads\/2025\/07\/Almohadillas.png 664w, https:\/\/www.siban.com\/wp-content\/uploads\/2025\/07\/Almohadillas-480x307.png 480w, https:\/\/www.siban.com\/wp-content\/uploads\/2025\/07\/Almohadillas-510x326.png 510w\" sizes=\"auto, (max-width: 664px) 100vw, 664px\" \/><\/div><\/div><\/div><\/div><\/div><\/div><\/section><section class=\"l-section wpb_row us_custom_eb849559 height_medium width_full\"><div class=\"l-section-overlay\" style=\"background:var(--color-header-middle-text-hover)\"><\/div><div class=\"l-section-h i-cf\"><div class=\"g-cols vc_row via_grid cols_2 laptops-cols_inherit tablets-cols_inherit mobiles-cols_1 valign_top type_default stacking_default\"><div class=\"wpb_column vc_column_container\"><div class=\"vc_column-inner\"><h2 class=\"w-text us_custom_d44d8758 has_text_color\"><span class=\"w-text-h\"><span class=\"w-text-value\">La bande n\u00e9cessaire pour votre projet<\/span><\/span><\/h2><\/div><\/div><div class=\"wpb_column vc_column_container\"><div class=\"vc_column-inner\"><div class=\"w-btn-wrapper align_center\"><a class=\"w-btn us-btn-style_2 us_custom_a574d586 has_text_color icon_atleft\" href=\"http:\/\/www.siban.com\/fr\/demande-de-devis\/\"><i class=\"fas fa-file-contract\"><\/i><span class=\"w-btn-label\">Demande de devis<\/span><\/a><\/div><\/div><\/div><\/div><\/div><\/section><section class=\"l-section wpb_row height_small\"><div class=\"l-section-h i-cf\"><div class=\"g-cols vc_row via_grid cols_1 laptops-cols_inherit tablets-cols_inherit mobiles-cols_1 valign_top type_default stacking_default\"><div class=\"wpb_column vc_column_container\"><div class=\"vc_column-inner\"><\/div><\/div><\/div><\/div><\/section>\n","protected":false},"excerpt":{"rendered":"Bandes \u00e9l\u00e9vatrices a godetsLes bandes \u00e9l\u00e9vatrices \u00e0 godets sont un composant essentiel des syst\u00e8mes de transport vertical de mat\u00e9riaux en vrac, en particulier dans les environnements industriels exigeants o\u00f9 une r\u00e9sistance et une durabilit\u00e9 \u00e9lev\u00e9es sont requises. Pour le transport vertical de mat\u00e9riaux en vrac, y compris ceux \u00e0 hautes temp\u00e9ratures qui ne peuvent pas...","protected":false},"author":2,"featured_media":0,"parent":0,"menu_order":0,"comment_status":"closed","ping_status":"closed","template":"","meta":{"footnotes":""},"class_list":["post-137271","page","type-page","status-publish","hentry"],"yoast_head":"<!-- This site is optimized with the Yoast SEO plugin v27.4 - https:\/\/yoast.com\/product\/yoast-seo-wordpress\/ -->\n<title>Bandes \u00c9l\u00e9vatrices a Godets - Siban<\/title>\n<meta name=\"description\" content=\"Gamme de bandes \u00e9l\u00e9vatrices m\u00e9talliques standard de 300 mm \u00e0 1800 mm de large avec une r\u00e9sistance allant jusqu\u2019\u00e0 3500 N\/mm\" \/>\n<meta name=\"robots\" content=\"index, follow, max-snippet:-1, max-image-preview:large, max-video-preview:-1\" \/>\n<link rel=\"canonical\" href=\"https:\/\/www.siban.com\/fr\/bandes-elevatrices-a-godets\/\" \/>\n<meta property=\"og:locale\" content=\"fr_FR\" \/>\n<meta property=\"og:type\" content=\"article\" \/>\n<meta property=\"og:title\" content=\"Bandes \u00c9l\u00e9vatrices a Godets - Siban\" \/>\n<meta property=\"og:description\" content=\"Gamme de bandes \u00e9l\u00e9vatrices m\u00e9talliques standard de 300 mm \u00e0 1800 mm de large avec une r\u00e9sistance allant jusqu\u2019\u00e0 3500 N\/mm\" \/>\n<meta property=\"og:url\" content=\"https:\/\/www.siban.com\/fr\/bandes-elevatrices-a-godets\/\" \/>\n<meta property=\"og:site_name\" content=\"Siban\" \/>\n<meta property=\"article:modified_time\" content=\"2025-09-09T06:42:14+00:00\" \/>\n<meta name=\"twitter:card\" content=\"summary_large_image\" \/>\n<meta name=\"twitter:label1\" content=\"Dur\u00e9e de lecture estim\u00e9e\" \/>\n\t<meta name=\"twitter:data1\" content=\"3 minutes\" \/>\n<script type=\"application\/ld+json\" class=\"yoast-schema-graph\">{\"@context\":\"https:\\\/\\\/schema.org\",\"@graph\":[{\"@type\":\"WebPage\",\"@id\":\"https:\\\/\\\/www.siban.com\\\/fr\\\/bandes-elevatrices-a-godets\\\/\",\"url\":\"https:\\\/\\\/www.siban.com\\\/fr\\\/bandes-elevatrices-a-godets\\\/\",\"name\":\"Bandes \u00c9l\u00e9vatrices a Godets - Siban\",\"isPartOf\":{\"@id\":\"http:\\\/\\\/dev.siban.com\\\/#website\"},\"datePublished\":\"2025-07-08T08:36:51+00:00\",\"dateModified\":\"2025-09-09T06:42:14+00:00\",\"description\":\"Gamme de bandes \u00e9l\u00e9vatrices m\u00e9talliques standard de 300 mm \u00e0 1800 mm de large avec une r\u00e9sistance allant jusqu\u2019\u00e0 3500 N\\\/mm\",\"breadcrumb\":{\"@id\":\"https:\\\/\\\/www.siban.com\\\/fr\\\/bandes-elevatrices-a-godets\\\/#breadcrumb\"},\"inLanguage\":\"fr-FR\",\"potentialAction\":[{\"@type\":\"ReadAction\",\"target\":[\"https:\\\/\\\/www.siban.com\\\/fr\\\/bandes-elevatrices-a-godets\\\/\"]}]},{\"@type\":\"BreadcrumbList\",\"@id\":\"https:\\\/\\\/www.siban.com\\\/fr\\\/bandes-elevatrices-a-godets\\\/#breadcrumb\",\"itemListElement\":[{\"@type\":\"ListItem\",\"position\":1,\"name\":\"Inicio\",\"item\":\"https:\\\/\\\/www.siban.com\\\/\"},{\"@type\":\"ListItem\",\"position\":2,\"name\":\"Bandes \u00c9l\u00e9vatrices a Godets\"}]},{\"@type\":\"WebSite\",\"@id\":\"http:\\\/\\\/dev.siban.com\\\/#website\",\"url\":\"http:\\\/\\\/dev.siban.com\\\/\",\"name\":\"Siban\",\"description\":\"Bandas transportadoras\",\"publisher\":{\"@id\":\"http:\\\/\\\/dev.siban.com\\\/#organization\"},\"potentialAction\":[{\"@type\":\"SearchAction\",\"target\":{\"@type\":\"EntryPoint\",\"urlTemplate\":\"http:\\\/\\\/dev.siban.com\\\/?s={search_term_string}\"},\"query-input\":{\"@type\":\"PropertyValueSpecification\",\"valueRequired\":true,\"valueName\":\"search_term_string\"}}],\"inLanguage\":\"fr-FR\"},{\"@type\":\"Organization\",\"@id\":\"http:\\\/\\\/dev.siban.com\\\/#organization\",\"name\":\"Siban\",\"url\":\"http:\\\/\\\/dev.siban.com\\\/\",\"logo\":{\"@type\":\"ImageObject\",\"inLanguage\":\"fr-FR\",\"@id\":\"http:\\\/\\\/dev.siban.com\\\/#\\\/schema\\\/logo\\\/image\\\/\",\"url\":\"https:\\\/\\\/www.siban.com\\\/wp-content\\\/uploads\\\/2024\\\/07\\\/Siban-Beltsiflex-PNG.png\",\"contentUrl\":\"https:\\\/\\\/www.siban.com\\\/wp-content\\\/uploads\\\/2024\\\/07\\\/Siban-Beltsiflex-PNG.png\",\"width\":3133,\"height\":1633,\"caption\":\"Siban\"},\"image\":{\"@id\":\"http:\\\/\\\/dev.siban.com\\\/#\\\/schema\\\/logo\\\/image\\\/\"}}]}<\/script>\n<!-- \/ Yoast SEO plugin. -->","yoast_head_json":{"title":"Bandes \u00c9l\u00e9vatrices a Godets - Siban","description":"Gamme de bandes \u00e9l\u00e9vatrices m\u00e9talliques standard de 300 mm \u00e0 1800 mm de large avec une r\u00e9sistance allant jusqu\u2019\u00e0 3500 N\/mm","robots":{"index":"index","follow":"follow","max-snippet":"max-snippet:-1","max-image-preview":"max-image-preview:large","max-video-preview":"max-video-preview:-1"},"canonical":"https:\/\/www.siban.com\/fr\/bandes-elevatrices-a-godets\/","og_locale":"fr_FR","og_type":"article","og_title":"Bandes \u00c9l\u00e9vatrices a Godets - Siban","og_description":"Gamme de bandes \u00e9l\u00e9vatrices m\u00e9talliques standard de 300 mm \u00e0 1800 mm de large avec une r\u00e9sistance allant jusqu\u2019\u00e0 3500 N\/mm","og_url":"https:\/\/www.siban.com\/fr\/bandes-elevatrices-a-godets\/","og_site_name":"Siban","article_modified_time":"2025-09-09T06:42:14+00:00","twitter_card":"summary_large_image","twitter_misc":{"Dur\u00e9e de lecture estim\u00e9e":"3 minutes"},"schema":{"@context":"https:\/\/schema.org","@graph":[{"@type":"WebPage","@id":"https:\/\/www.siban.com\/fr\/bandes-elevatrices-a-godets\/","url":"https:\/\/www.siban.com\/fr\/bandes-elevatrices-a-godets\/","name":"Bandes \u00c9l\u00e9vatrices a Godets - Siban","isPartOf":{"@id":"http:\/\/dev.siban.com\/#website"},"datePublished":"2025-07-08T08:36:51+00:00","dateModified":"2025-09-09T06:42:14+00:00","description":"Gamme de bandes \u00e9l\u00e9vatrices m\u00e9talliques standard de 300 mm \u00e0 1800 mm de large avec une r\u00e9sistance allant jusqu\u2019\u00e0 3500 N\/mm","breadcrumb":{"@id":"https:\/\/www.siban.com\/fr\/bandes-elevatrices-a-godets\/#breadcrumb"},"inLanguage":"fr-FR","potentialAction":[{"@type":"ReadAction","target":["https:\/\/www.siban.com\/fr\/bandes-elevatrices-a-godets\/"]}]},{"@type":"BreadcrumbList","@id":"https:\/\/www.siban.com\/fr\/bandes-elevatrices-a-godets\/#breadcrumb","itemListElement":[{"@type":"ListItem","position":1,"name":"Inicio","item":"https:\/\/www.siban.com\/"},{"@type":"ListItem","position":2,"name":"Bandes \u00c9l\u00e9vatrices a Godets"}]},{"@type":"WebSite","@id":"http:\/\/dev.siban.com\/#website","url":"http:\/\/dev.siban.com\/","name":"Siban","description":"Bandas transportadoras","publisher":{"@id":"http:\/\/dev.siban.com\/#organization"},"potentialAction":[{"@type":"SearchAction","target":{"@type":"EntryPoint","urlTemplate":"http:\/\/dev.siban.com\/?s={search_term_string}"},"query-input":{"@type":"PropertyValueSpecification","valueRequired":true,"valueName":"search_term_string"}}],"inLanguage":"fr-FR"},{"@type":"Organization","@id":"http:\/\/dev.siban.com\/#organization","name":"Siban","url":"http:\/\/dev.siban.com\/","logo":{"@type":"ImageObject","inLanguage":"fr-FR","@id":"http:\/\/dev.siban.com\/#\/schema\/logo\/image\/","url":"https:\/\/www.siban.com\/wp-content\/uploads\/2024\/07\/Siban-Beltsiflex-PNG.png","contentUrl":"https:\/\/www.siban.com\/wp-content\/uploads\/2024\/07\/Siban-Beltsiflex-PNG.png","width":3133,"height":1633,"caption":"Siban"},"image":{"@id":"http:\/\/dev.siban.com\/#\/schema\/logo\/image\/"}}]}},"_links":{"self":[{"href":"https:\/\/www.siban.com\/fr\/wp-json\/wp\/v2\/pages\/137271","targetHints":{"allow":["GET"]}}],"collection":[{"href":"https:\/\/www.siban.com\/fr\/wp-json\/wp\/v2\/pages"}],"about":[{"href":"https:\/\/www.siban.com\/fr\/wp-json\/wp\/v2\/types\/page"}],"author":[{"embeddable":true,"href":"https:\/\/www.siban.com\/fr\/wp-json\/wp\/v2\/users\/2"}],"replies":[{"embeddable":true,"href":"https:\/\/www.siban.com\/fr\/wp-json\/wp\/v2\/comments?post=137271"}],"version-history":[{"count":12,"href":"https:\/\/www.siban.com\/fr\/wp-json\/wp\/v2\/pages\/137271\/revisions"}],"predecessor-version":[{"id":137470,"href":"https:\/\/www.siban.com\/fr\/wp-json\/wp\/v2\/pages\/137271\/revisions\/137470"}],"wp:attachment":[{"href":"https:\/\/www.siban.com\/fr\/wp-json\/wp\/v2\/media?parent=137271"}],"curies":[{"name":"wp","href":"https:\/\/api.w.org\/{rel}","templated":true}]}}