{"id":137197,"date":"2025-07-04T09:17:47","date_gmt":"2025-07-04T08:17:47","guid":{"rendered":"https:\/\/www.siban.com\/?page_id=137197"},"modified":"2025-09-22T12:16:11","modified_gmt":"2025-09-22T11:16:11","slug":"src-35-fr","status":"publish","type":"page","link":"https:\/\/www.siban.com\/fr\/src-35-fr\/","title":{"rendered":"SRC-35"},"content":{"rendered":"<section class=\"l-section wpb_row height_small\"><div class=\"l-section-h i-cf\"><div class=\"g-cols vc_row via_grid cols_1 laptops-cols_inherit tablets-cols_inherit mobiles-cols_1 valign_top type_default stacking_default\"><div class=\"wpb_column vc_column_container\"><div class=\"vc_column-inner\"><h2 class=\"w-text us_custom_eb849559\"><span class=\"w-text-h\"><span class=\"w-text-value\">Bande Beltsiflex\u00ae SRC-35<\/span><\/span><\/h2><\/div><\/div><\/div><\/div><\/section><section class=\"l-section wpb_row height_small\"><div class=\"l-section-h i-cf\"><div class=\"g-cols vc_row via_grid cols_2 laptops-cols_inherit tablets-cols_inherit mobiles-cols_1 valign_top type_default stacking_default\"><div class=\"wpb_column vc_column_container\"><div class=\"vc_column-inner\"><h4 class=\"w-text us_custom_eb849559\"><span class=\"w-text-h\"><span class=\"w-text-value\">La meilleure r\u00e9sistance \u00e0 l&rsquo;abrasion du march\u00e9<\/span><\/span><\/h4><div class=\"wpb_text_column\"><div class=\"wpb_wrapper\"><p style=\"text-align: left;\">Chez SIBAN, gr\u00e2ce \u00e0 notre esprit novateur et \u00e0 notre volont\u00e9 d&rsquo;am\u00e9lioration continue, nous avons d\u00e9velopp\u00e9 la bande <strong>SRC-35 (Abrasion Special Compound)<\/strong>.<\/p>\n<p>L&rsquo;application de ce <strong>polym\u00e8re<\/strong> appliqu\u00e9 \u00e0 la bande transporteuse a cr\u00e9\u00e9 une nouvelle famille qui va \u00e9voluer d&rsquo;une fa\u00e7on importante dans le secteur. Les propri\u00e9t\u00e9s physico-m\u00e9caniques de ce produit supposent un d\u00e9veloppement sans pr\u00e9c\u00e9dents dans les applications les plus complexes.<\/p>\n<p>Les valeurs telles que son <strong>indice d&rsquo;abrasion, sa r\u00e9sistance \u00e0 la rupture et son allongement<\/strong> ne peuvent \u00eatre obtenus avec aucun type de caoutchouc ni aucune formulation.\u00a0Ces propri\u00e9t\u00e9s permettent la construction d&rsquo;\u00e9paisseurs plus fines que celle de rev\u00eatements de caoutchouc \u00e9quivalents, tout en am\u00e9liorant la durabilit\u00e9. Parmi les autres avantages, signaler les <strong>constructions m\u00e9caniques plus simples et l&rsquo;\u00e9conomie d&rsquo;\u00e9nergie<\/strong>.<\/p>\n<p>Les rev\u00eatements SRC-35 peuvent \u00eatre de type simple ou double. En ce qui concerne la charge de travail, le nombre de tissus ou d&rsquo;autres valeurs, ils peuvent \u00eatre fabriqu\u00e9s en fonction de la demande du client ou des besoins d&rsquo;installation.<\/p>\n<p>Les bandes transporteuses avec rev\u00eatements <strong>SRC-35<\/strong> sont fabriqu\u00e9es selon les besoins du mat\u00e9riel \u00e0 transporter. Concernant la carcasse, nous proposons une construction standard ou avec la Cushion Belt.<\/p>\n<p style=\"text-align: left;\">Ces bandes sont \u00e9galement r\u00e9sistantes <strong>aux graisses et aux huiles<\/strong> et conviennent au transport de <strong>denr\u00e9es alimentaires <\/strong>conform\u00e9ment aux normes<strong> FDA<\/strong>.<\/p>\n<\/div><\/div><div class=\"w-separator size_large\"><\/div><div class=\"w-image align_none\"><div class=\"w-image-h\"><img decoding=\"async\" width=\"1200\" height=\"832\" src=\"https:\/\/www.siban.com\/wp-content\/uploads\/2025\/07\/SRC-35-5.png\" class=\"attachment-large size-large\" alt=\"\" loading=\"lazy\" srcset=\"https:\/\/www.siban.com\/wp-content\/uploads\/2025\/07\/SRC-35-5.png 1200w, https:\/\/www.siban.com\/wp-content\/uploads\/2025\/07\/SRC-35-5-480x333.png 480w, https:\/\/www.siban.com\/wp-content\/uploads\/2025\/07\/SRC-35-5-510x354.png 510w\" sizes=\"auto, (max-width: 1200px) 100vw, 1200px\" \/><\/div><\/div><\/div><\/div><div class=\"wpb_column vc_column_container\"><div class=\"vc_column-inner\"><div class=\"w-image has_ratio align_none\"><div class=\"w-image-h\"><div style=\"padding-bottom:100%\"><\/div><img decoding=\"async\" width=\"778\" height=\"1093\" src=\"https:\/\/www.siban.com\/wp-content\/uploads\/2025\/07\/Banda-puerto-SRC-35.png\" class=\"attachment-large size-large\" alt=\"\" loading=\"lazy\" \/><\/div><\/div><div class=\"w-separator size_medium\"><\/div><div class=\"w-separator size_medium\"><\/div><div class=\"w-iconbox iconpos_top style_default color_primary align_center no_text no_title\"><div class=\"w-iconbox-icon\" style=\"font-size:2rem;\"><i class=\"fas fa-crown\"><\/i><\/div><div class=\"w-iconbox-meta\"><\/div><\/div><h4 class=\"w-text us_custom_eb849559\"><span class=\"w-text-h\"><span class=\"w-text-value\">Propri\u00e9t\u00e9s m\u00e9caniques SRC-35<\/span><\/span><\/h4><div class=\"g-cols wpb_row via_grid cols_1 laptops-cols_inherit tablets-cols_inherit mobiles-cols_1 valign_top type_default stacking_default\" style=\"--columns-gap:0rem;\"><div class=\"wpb_column vc_column_container\"><div class=\"vc_column-inner\"><div class=\"w-html\"><div class=\"table-responsive\">\n\t<table calss=\"table table-striped table-bordered\">\n\t\t<thead>\n\t\t\t<tr>\n\t\t\t\t<th colspan=\"3\"><\/th>\n\t\t\t<\/tr>\n\t\t<\/thead>\n\t\t<tbody>\n\t\t\t<tr>\n\t\t\t\t<td class=\"text-center\">R\u00e9sistance \u00e0 la rupture DIN53504<\/td>\n\t\t\t\t<td class=\"text-center\">MPA min<\/td>\n\t\t\t\t<td class=\"text-center\">51<\/td>\n\t\t\t<\/tr>\n\t\t\t<tr>\n\t\t\t\t<td class=\"text-center\">R\u00e9sistance \u00e0 l'allongement<\/td>\n\t\t\t\t<td class=\"text-center\">%<\/td>\n\t\t\t\t<td class=\"text-center\">425<\/td>\n\t\t\t<\/tr>\n\t\t\t<tr>\n\t\t\t\t<td class=\"text-center\">Duret\u00e9 ISO868<\/td>\n\t\t\t\t<td class=\"text-center\">Method<\/td>\n\t\t\t\t<td class=\"text-center\">85<\/td>\n\t\t\t<\/tr>\n\t\t\t<tr>\n\t\t\t\t<td class=\"text-center\">Densit\u00e9 DIN53505<\/td>\n\t\t\t\t<td class=\"text-center\">gr\/cm<sup>3<\/sup><\/td>\n\t\t\t\t<td class=\"text-center\">1,2<\/td>\n\t\t\t<\/tr>\n\t\t\t<tr>\n\t\t\t\t<td class=\"text-center\">Abrasion DIN53516<\/td>\n\t\t\t\t<td class=\"text-center\">mm<sup>3<\/sup><\/td>\n\t\t\t\t<td class=\"text-center\">30<\/td>\n\t\t\t<\/tr>\n\t\t\t<tr>\n\t\t\t\t<td class=\"text-center\">Compression SET 72h; 23C\u00ba ISO 815<\/td>\n\t\t\t\t<td class=\"text-center\">%<\/td>\n\t\t\t\t<td class=\"text-center\">25<\/td>\n\t\t\t<\/tr>\n\t\t\t<tr>\n\t\t\t\t<td class=\"text-center\">R\u00e9silience au choc ISO 4662<\/td>\n\t\t\t\t<td class=\"text-center\">%<\/td>\n\t\t\t\t<td class=\"text-center\">42<\/td>\n\t\t\t<\/tr>\n\t\t\t<tr>\n\t\t\t\t<td class=\"text-center\">R\u00e9sistance \u00e0 la d\u00e9chirure ISO 31-1<\/td>\n\t\t\t\t<td class=\"text-center\">Kn\/m<\/td>\n\t\t\t\t<td class=\"text-center\">70<\/td>\n\t\t\t<\/tr>\n\t\t\t<tr>\n\t\t\t\t<td class=\"text-center\">Plage de temp\u00e9rature<\/td>\n\t\t\t\t<td class=\"text-center\">\u00baC<\/td>\n\t\t\t\t<td class=\"text-center\">de -30 \u00e0 +70<\/td>\n\t\t\t<\/tr>\n\t\t<\/tbody>\n\t<\/table>\n<\/div><\/div><\/div><\/div><\/div><\/div><\/div><\/div><\/div><\/section><section class=\"l-section wpb_row height_small\"><div class=\"l-section-h i-cf\"><div class=\"g-cols vc_row via_grid cols_2 laptops-cols_inherit tablets-cols_inherit mobiles-cols_1 valign_top type_default stacking_default\"><div class=\"wpb_column vc_column_container\"><div class=\"vc_column-inner\"><div class=\"w-image style_outlined align_center\"><div class=\"w-image-h\"><img decoding=\"async\" width=\"996\" height=\"679\" src=\"https:\/\/www.siban.com\/wp-content\/uploads\/2025\/07\/Horizonte-Minero.png\" class=\"attachment-large size-large\" alt=\"\" loading=\"lazy\" srcset=\"https:\/\/www.siban.com\/wp-content\/uploads\/2025\/07\/Horizonte-Minero.png 996w, https:\/\/www.siban.com\/wp-content\/uploads\/2025\/07\/Horizonte-Minero-480x327.png 480w, https:\/\/www.siban.com\/wp-content\/uploads\/2025\/07\/Horizonte-Minero-510x348.png 510w\" sizes=\"auto, (max-width: 996px) 100vw, 996px\" \/><\/div><\/div><div class=\"w-separator size_small\"><\/div><div class=\"w-btn-wrapper align_center\"><a class=\"w-btn us-btn-style_1\" href=\"https:\/\/www.calameo.com\/read\/000126226703ff05957ce\"><span class=\"w-btn-label\">Histoire de r\u00e9ussite : mine Mantos Verde, Chili<\/span><\/a><\/div><\/div><\/div><div class=\"wpb_column vc_column_container\"><div class=\"vc_column-inner\"><div class=\"w-video align_left ratio_3x2 has_iframe\"><div class=\"w-video-h\"><iframe title=\"Youtube video player\" src=\"\/\/www.youtube.com\/embed\/KO3tvuu3F6U?autoplay=0&controls=1&origin=https:\/\/www.siban.com\/fr\/&loop=0&mute=0\" allowfullscreen=\"1\" loading=\"lazy\"><\/iframe><\/div><\/div><div class=\"w-separator size_small\"><\/div><div class=\"w-btn-wrapper align_center\"><a class=\"w-btn us-btn-style_1\" href=\"https:\/\/www.siban.com\/fr\/demande-de-devis\/\"><span class=\"w-btn-label\">Demande de devis<\/span><\/a><\/div><\/div><\/div><\/div><\/div><\/section>\n","protected":false},"excerpt":{"rendered":"Bande Beltsiflex\u00ae SRC-35La meilleure r\u00e9sistance \u00e0 l&rsquo;abrasion du march\u00e9Chez SIBAN, gr\u00e2ce \u00e0 notre esprit novateur et \u00e0 notre volont\u00e9 d&rsquo;am\u00e9lioration continue, nous avons d\u00e9velopp\u00e9 la bande SRC-35 (Abrasion Special Compound). L&rsquo;application de ce polym\u00e8re appliqu\u00e9 \u00e0 la bande transporteuse a cr\u00e9\u00e9 une nouvelle famille qui va \u00e9voluer d&rsquo;une fa\u00e7on importante dans le secteur. Les propri\u00e9t\u00e9s...","protected":false},"author":2,"featured_media":0,"parent":0,"menu_order":0,"comment_status":"closed","ping_status":"closed","template":"","meta":{"footnotes":""},"class_list":["post-137197","page","type-page","status-publish","hentry"],"yoast_head":"<!-- This site is optimized with the Yoast SEO plugin v27.3 - https:\/\/yoast.com\/product\/yoast-seo-wordpress\/ -->\n<title>SRC-35 - Siban<\/title>\n<meta name=\"description\" content=\"Chez SIBAN, gr\u00e2ce \u00e0 notre esprit novateur et \u00e0 notre volont\u00e9 d&#039;am\u00e9lioration continue, nous avons d\u00e9velopp\u00e9 la bande SRC-35 (Abrasion Special Compound).\" \/>\n<meta name=\"robots\" content=\"index, follow, max-snippet:-1, max-image-preview:large, max-video-preview:-1\" \/>\n<link rel=\"canonical\" href=\"https:\/\/www.siban.com\/fr\/src-35-fr\/\" \/>\n<meta property=\"og:locale\" content=\"fr_FR\" \/>\n<meta property=\"og:type\" content=\"article\" \/>\n<meta property=\"og:title\" content=\"SRC-35 - Siban\" \/>\n<meta property=\"og:description\" content=\"Chez SIBAN, gr\u00e2ce \u00e0 notre esprit novateur et \u00e0 notre volont\u00e9 d&#039;am\u00e9lioration continue, nous avons d\u00e9velopp\u00e9 la bande SRC-35 (Abrasion Special Compound).\" \/>\n<meta property=\"og:url\" content=\"https:\/\/www.siban.com\/fr\/src-35-fr\/\" \/>\n<meta property=\"og:site_name\" content=\"Siban\" \/>\n<meta property=\"article:modified_time\" content=\"2025-09-22T11:16:11+00:00\" \/>\n<meta name=\"twitter:card\" content=\"summary_large_image\" \/>\n<meta name=\"twitter:label1\" content=\"Dur\u00e9e de lecture estim\u00e9e\" \/>\n\t<meta name=\"twitter:data1\" content=\"2 minutes\" \/>\n<script type=\"application\/ld+json\" class=\"yoast-schema-graph\">{\"@context\":\"https:\\\/\\\/schema.org\",\"@graph\":[{\"@type\":\"WebPage\",\"@id\":\"https:\\\/\\\/www.siban.com\\\/fr\\\/src-35-fr\\\/\",\"url\":\"https:\\\/\\\/www.siban.com\\\/fr\\\/src-35-fr\\\/\",\"name\":\"SRC-35 - Siban\",\"isPartOf\":{\"@id\":\"http:\\\/\\\/dev.siban.com\\\/#website\"},\"datePublished\":\"2025-07-04T08:17:47+00:00\",\"dateModified\":\"2025-09-22T11:16:11+00:00\",\"description\":\"Chez SIBAN, gr\u00e2ce \u00e0 notre esprit novateur et \u00e0 notre volont\u00e9 d'am\u00e9lioration continue, nous avons d\u00e9velopp\u00e9 la bande SRC-35 (Abrasion Special Compound).\",\"breadcrumb\":{\"@id\":\"https:\\\/\\\/www.siban.com\\\/fr\\\/src-35-fr\\\/#breadcrumb\"},\"inLanguage\":\"fr-FR\",\"potentialAction\":[{\"@type\":\"ReadAction\",\"target\":[\"https:\\\/\\\/www.siban.com\\\/fr\\\/src-35-fr\\\/\"]}]},{\"@type\":\"BreadcrumbList\",\"@id\":\"https:\\\/\\\/www.siban.com\\\/fr\\\/src-35-fr\\\/#breadcrumb\",\"itemListElement\":[{\"@type\":\"ListItem\",\"position\":1,\"name\":\"Inicio\",\"item\":\"https:\\\/\\\/www.siban.com\\\/\"},{\"@type\":\"ListItem\",\"position\":2,\"name\":\"SRC-35\"}]},{\"@type\":\"WebSite\",\"@id\":\"http:\\\/\\\/dev.siban.com\\\/#website\",\"url\":\"http:\\\/\\\/dev.siban.com\\\/\",\"name\":\"Siban\",\"description\":\"Bandas transportadoras\",\"publisher\":{\"@id\":\"http:\\\/\\\/dev.siban.com\\\/#organization\"},\"potentialAction\":[{\"@type\":\"SearchAction\",\"target\":{\"@type\":\"EntryPoint\",\"urlTemplate\":\"http:\\\/\\\/dev.siban.com\\\/?s={search_term_string}\"},\"query-input\":{\"@type\":\"PropertyValueSpecification\",\"valueRequired\":true,\"valueName\":\"search_term_string\"}}],\"inLanguage\":\"fr-FR\"},{\"@type\":\"Organization\",\"@id\":\"http:\\\/\\\/dev.siban.com\\\/#organization\",\"name\":\"Siban\",\"url\":\"http:\\\/\\\/dev.siban.com\\\/\",\"logo\":{\"@type\":\"ImageObject\",\"inLanguage\":\"fr-FR\",\"@id\":\"http:\\\/\\\/dev.siban.com\\\/#\\\/schema\\\/logo\\\/image\\\/\",\"url\":\"https:\\\/\\\/www.siban.com\\\/wp-content\\\/uploads\\\/2024\\\/07\\\/Siban-Beltsiflex-PNG.png\",\"contentUrl\":\"https:\\\/\\\/www.siban.com\\\/wp-content\\\/uploads\\\/2024\\\/07\\\/Siban-Beltsiflex-PNG.png\",\"width\":3133,\"height\":1633,\"caption\":\"Siban\"},\"image\":{\"@id\":\"http:\\\/\\\/dev.siban.com\\\/#\\\/schema\\\/logo\\\/image\\\/\"}}]}<\/script>\n<!-- \/ Yoast SEO plugin. -->","yoast_head_json":{"title":"SRC-35 - Siban","description":"Chez SIBAN, gr\u00e2ce \u00e0 notre esprit novateur et \u00e0 notre volont\u00e9 d'am\u00e9lioration continue, nous avons d\u00e9velopp\u00e9 la bande SRC-35 (Abrasion Special Compound).","robots":{"index":"index","follow":"follow","max-snippet":"max-snippet:-1","max-image-preview":"max-image-preview:large","max-video-preview":"max-video-preview:-1"},"canonical":"https:\/\/www.siban.com\/fr\/src-35-fr\/","og_locale":"fr_FR","og_type":"article","og_title":"SRC-35 - Siban","og_description":"Chez SIBAN, gr\u00e2ce \u00e0 notre esprit novateur et \u00e0 notre volont\u00e9 d'am\u00e9lioration continue, nous avons d\u00e9velopp\u00e9 la bande SRC-35 (Abrasion Special Compound).","og_url":"https:\/\/www.siban.com\/fr\/src-35-fr\/","og_site_name":"Siban","article_modified_time":"2025-09-22T11:16:11+00:00","twitter_card":"summary_large_image","twitter_misc":{"Dur\u00e9e de lecture estim\u00e9e":"2 minutes"},"schema":{"@context":"https:\/\/schema.org","@graph":[{"@type":"WebPage","@id":"https:\/\/www.siban.com\/fr\/src-35-fr\/","url":"https:\/\/www.siban.com\/fr\/src-35-fr\/","name":"SRC-35 - Siban","isPartOf":{"@id":"http:\/\/dev.siban.com\/#website"},"datePublished":"2025-07-04T08:17:47+00:00","dateModified":"2025-09-22T11:16:11+00:00","description":"Chez SIBAN, gr\u00e2ce \u00e0 notre esprit novateur et \u00e0 notre volont\u00e9 d'am\u00e9lioration continue, nous avons d\u00e9velopp\u00e9 la bande SRC-35 (Abrasion Special Compound).","breadcrumb":{"@id":"https:\/\/www.siban.com\/fr\/src-35-fr\/#breadcrumb"},"inLanguage":"fr-FR","potentialAction":[{"@type":"ReadAction","target":["https:\/\/www.siban.com\/fr\/src-35-fr\/"]}]},{"@type":"BreadcrumbList","@id":"https:\/\/www.siban.com\/fr\/src-35-fr\/#breadcrumb","itemListElement":[{"@type":"ListItem","position":1,"name":"Inicio","item":"https:\/\/www.siban.com\/"},{"@type":"ListItem","position":2,"name":"SRC-35"}]},{"@type":"WebSite","@id":"http:\/\/dev.siban.com\/#website","url":"http:\/\/dev.siban.com\/","name":"Siban","description":"Bandas transportadoras","publisher":{"@id":"http:\/\/dev.siban.com\/#organization"},"potentialAction":[{"@type":"SearchAction","target":{"@type":"EntryPoint","urlTemplate":"http:\/\/dev.siban.com\/?s={search_term_string}"},"query-input":{"@type":"PropertyValueSpecification","valueRequired":true,"valueName":"search_term_string"}}],"inLanguage":"fr-FR"},{"@type":"Organization","@id":"http:\/\/dev.siban.com\/#organization","name":"Siban","url":"http:\/\/dev.siban.com\/","logo":{"@type":"ImageObject","inLanguage":"fr-FR","@id":"http:\/\/dev.siban.com\/#\/schema\/logo\/image\/","url":"https:\/\/www.siban.com\/wp-content\/uploads\/2024\/07\/Siban-Beltsiflex-PNG.png","contentUrl":"https:\/\/www.siban.com\/wp-content\/uploads\/2024\/07\/Siban-Beltsiflex-PNG.png","width":3133,"height":1633,"caption":"Siban"},"image":{"@id":"http:\/\/dev.siban.com\/#\/schema\/logo\/image\/"}}]}},"_links":{"self":[{"href":"https:\/\/www.siban.com\/fr\/wp-json\/wp\/v2\/pages\/137197","targetHints":{"allow":["GET"]}}],"collection":[{"href":"https:\/\/www.siban.com\/fr\/wp-json\/wp\/v2\/pages"}],"about":[{"href":"https:\/\/www.siban.com\/fr\/wp-json\/wp\/v2\/types\/page"}],"author":[{"embeddable":true,"href":"https:\/\/www.siban.com\/fr\/wp-json\/wp\/v2\/users\/2"}],"replies":[{"embeddable":true,"href":"https:\/\/www.siban.com\/fr\/wp-json\/wp\/v2\/comments?post=137197"}],"version-history":[{"count":12,"href":"https:\/\/www.siban.com\/fr\/wp-json\/wp\/v2\/pages\/137197\/revisions"}],"predecessor-version":[{"id":138207,"href":"https:\/\/www.siban.com\/fr\/wp-json\/wp\/v2\/pages\/137197\/revisions\/138207"}],"wp:attachment":[{"href":"https:\/\/www.siban.com\/fr\/wp-json\/wp\/v2\/media?parent=137197"}],"curies":[{"name":"wp","href":"https:\/\/api.w.org\/{rel}","templated":true}]}}