{"id":137151,"date":"2025-06-30T08:12:42","date_gmt":"2025-06-30T07:12:42","guid":{"rendered":"https:\/\/www.siban.com\/?page_id=137151"},"modified":"2025-09-18T15:30:00","modified_gmt":"2025-09-18T14:30:00","slug":"nouvelle-usine-productive","status":"publish","type":"page","link":"https:\/\/www.siban.com\/fr\/nouvelle-usine-productive\/","title":{"rendered":"Nouvelle usine productive"},"content":{"rendered":"<section class=\"l-section wpb_row height_small\"><div class=\"l-section-h i-cf\"><div class=\"g-cols vc_row via_grid cols_1 laptops-cols_inherit tablets-cols_inherit mobiles-cols_1 valign_top type_default stacking_default\"><div class=\"wpb_column vc_column_container\"><div class=\"vc_column-inner\"><div class=\"w-image align_center\"><div class=\"w-image-h\"><img decoding=\"async\" width=\"1920\" height=\"2560\" src=\"https:\/\/www.siban.com\/wp-content\/uploads\/2025\/09\/IMG_6184-002-scaled-e1758205444577.jpeg\" class=\"attachment-full size-full\" alt=\"\" loading=\"lazy\" \/><\/div><\/div><div class=\"w-separator size_small\"><\/div><h2 class=\"w-text us_custom_eb849559\"><span class=\"w-text-h\"><span class=\"w-text-value\">Nous \u00e9largissons nos horizons pour un avenir d&rsquo;innovation et de croissance<\/span><\/span><\/h2><div class=\"wpb_text_column\"><div class=\"wpb_wrapper\"><p data-pm-slice=\"1 1 &#091;&#093;\">Chez <strong>SIBAN<\/strong>, nous sommes ravis de partager une nouvelle qui marque un point d\u2019inflexion \u00e0 notre histoire. Nous avons le plaisir d\u2019annoncer un nouveau projet destin\u00e9 \u00e0 accueillir une nouvelle usine de production de bandes transporteuses.<\/p>\n<p>Ce nouveau b\u00e2timent occupera une surface de <strong>9 000 m\u00b2<\/strong> sur un terrain de 16 000 m\u00b2, <strong>situ\u00e9 \u00e0 Gallarta (Biscaye)<\/strong>. Ce b\u00e2timent a pour but de donner vie \u00e0 un ambitieux plan d\u2019expansion de nos lignes de production.<\/p>\n<p>Ce projet, qui sera achev\u00e9 d\u00e9but 2026, refl\u00e8te notre engagement permanent en faveur de l\u2019excellence, de l\u2019innovation et de la croissance durable.<\/p>\n<p>Depuis nos d\u00e9buts, nous \u0153uvrons pour devenir une r\u00e9f\u00e9rence dans le secteur du caoutchouc et de la fabrication de bandes transporteuses. Cette expansion t\u00e9moigne de la confiance que nous accordent nos clients, nos collaborateurs et nos alli\u00e9s strat\u00e9giques.<\/p>\n<p>La nouvelle usine de production permettra non seulement d&rsquo;accro\u00eetre notre capacit\u00e9 de fabrication gr\u00e2ce \u00e0 l\u2019int\u00e9gration de technologies de pointe, mais \u00e9galement d\u2019\u00e9tendre notre influence sur de nouveaux march\u00e9s tels que l\u2019Australie, l\u2019Afrique, les \u00c9tats-Unis ou le Canada, tout en consolidant notre position dans plus de 100 pays o\u00f9 nos produits sont d\u00e9j\u00e0 pr\u00e9sents.<\/p>\n<p>Avec cette expansion, nous visons \u00e0 renforcer notre position sur le march\u00e9 mondial afin de continuer \u00e0 fournir des solutions de qualit\u00e9 qui r\u00e9pondent aux besoins de nos clients. En outre, nous r\u00e9affirmons notre engagement envers la communaut\u00e9 en cr\u00e9ant plus de 20 nouveaux emplois directs et indirects.<\/p>\n<p>Nous remercions toutes les personnes qui font partie de cette aventure et sommes convaincus que ce projet sera une source d\u2019inspiration et de progr\u00e8s pour tous.<\/p>\n<\/div><\/div><\/div><\/div><\/div><\/div><\/section>\n","protected":false},"excerpt":{"rendered":"Nous \u00e9largissons nos horizons pour un avenir d&rsquo;innovation et de croissanceChez SIBAN, nous sommes ravis de partager une nouvelle qui marque un point d\u2019inflexion \u00e0 notre histoire. Nous avons le plaisir d\u2019annoncer un nouveau projet destin\u00e9 \u00e0 accueillir une nouvelle usine de production de bandes transporteuses. Ce nouveau b\u00e2timent occupera une surface de 9 000...","protected":false},"author":2,"featured_media":0,"parent":0,"menu_order":0,"comment_status":"closed","ping_status":"closed","template":"","meta":{"footnotes":""},"class_list":["post-137151","page","type-page","status-publish","hentry"],"yoast_head":"<!-- This site is optimized with the Yoast SEO plugin v27.4 - https:\/\/yoast.com\/product\/yoast-seo-wordpress\/ -->\n<title>Nouvelle usine productive - Siban<\/title>\n<meta name=\"robots\" content=\"index, follow, max-snippet:-1, max-image-preview:large, max-video-preview:-1\" \/>\n<link rel=\"canonical\" href=\"https:\/\/www.siban.com\/fr\/nouvelle-usine-productive\/\" \/>\n<meta property=\"og:locale\" content=\"fr_FR\" \/>\n<meta property=\"og:type\" content=\"article\" \/>\n<meta property=\"og:title\" content=\"Nouvelle usine productive - Siban\" \/>\n<meta property=\"og:url\" content=\"https:\/\/www.siban.com\/fr\/nouvelle-usine-productive\/\" \/>\n<meta property=\"og:site_name\" content=\"Siban\" \/>\n<meta property=\"article:modified_time\" content=\"2025-09-18T14:30:00+00:00\" \/>\n<meta name=\"twitter:card\" content=\"summary_large_image\" \/>\n<meta name=\"twitter:label1\" content=\"Dur\u00e9e de lecture estim\u00e9e\" \/>\n\t<meta name=\"twitter:data1\" content=\"2 minutes\" \/>\n<script type=\"application\/ld+json\" class=\"yoast-schema-graph\">{\"@context\":\"https:\\\/\\\/schema.org\",\"@graph\":[{\"@type\":\"WebPage\",\"@id\":\"https:\\\/\\\/www.siban.com\\\/fr\\\/nouvelle-usine-productive\\\/\",\"url\":\"https:\\\/\\\/www.siban.com\\\/fr\\\/nouvelle-usine-productive\\\/\",\"name\":\"Nouvelle usine productive - Siban\",\"isPartOf\":{\"@id\":\"http:\\\/\\\/dev.siban.com\\\/#website\"},\"datePublished\":\"2025-06-30T07:12:42+00:00\",\"dateModified\":\"2025-09-18T14:30:00+00:00\",\"breadcrumb\":{\"@id\":\"https:\\\/\\\/www.siban.com\\\/fr\\\/nouvelle-usine-productive\\\/#breadcrumb\"},\"inLanguage\":\"fr-FR\",\"potentialAction\":[{\"@type\":\"ReadAction\",\"target\":[\"https:\\\/\\\/www.siban.com\\\/fr\\\/nouvelle-usine-productive\\\/\"]}]},{\"@type\":\"BreadcrumbList\",\"@id\":\"https:\\\/\\\/www.siban.com\\\/fr\\\/nouvelle-usine-productive\\\/#breadcrumb\",\"itemListElement\":[{\"@type\":\"ListItem\",\"position\":1,\"name\":\"Inicio\",\"item\":\"https:\\\/\\\/www.siban.com\\\/\"},{\"@type\":\"ListItem\",\"position\":2,\"name\":\"Nouvelle usine productive\"}]},{\"@type\":\"WebSite\",\"@id\":\"http:\\\/\\\/dev.siban.com\\\/#website\",\"url\":\"http:\\\/\\\/dev.siban.com\\\/\",\"name\":\"Siban\",\"description\":\"Bandas transportadoras\",\"publisher\":{\"@id\":\"http:\\\/\\\/dev.siban.com\\\/#organization\"},\"potentialAction\":[{\"@type\":\"SearchAction\",\"target\":{\"@type\":\"EntryPoint\",\"urlTemplate\":\"http:\\\/\\\/dev.siban.com\\\/?s={search_term_string}\"},\"query-input\":{\"@type\":\"PropertyValueSpecification\",\"valueRequired\":true,\"valueName\":\"search_term_string\"}}],\"inLanguage\":\"fr-FR\"},{\"@type\":\"Organization\",\"@id\":\"http:\\\/\\\/dev.siban.com\\\/#organization\",\"name\":\"Siban\",\"url\":\"http:\\\/\\\/dev.siban.com\\\/\",\"logo\":{\"@type\":\"ImageObject\",\"inLanguage\":\"fr-FR\",\"@id\":\"http:\\\/\\\/dev.siban.com\\\/#\\\/schema\\\/logo\\\/image\\\/\",\"url\":\"https:\\\/\\\/www.siban.com\\\/wp-content\\\/uploads\\\/2024\\\/07\\\/Siban-Beltsiflex-PNG.png\",\"contentUrl\":\"https:\\\/\\\/www.siban.com\\\/wp-content\\\/uploads\\\/2024\\\/07\\\/Siban-Beltsiflex-PNG.png\",\"width\":3133,\"height\":1633,\"caption\":\"Siban\"},\"image\":{\"@id\":\"http:\\\/\\\/dev.siban.com\\\/#\\\/schema\\\/logo\\\/image\\\/\"}}]}<\/script>\n<!-- \/ Yoast SEO plugin. -->","yoast_head_json":{"title":"Nouvelle usine productive - Siban","robots":{"index":"index","follow":"follow","max-snippet":"max-snippet:-1","max-image-preview":"max-image-preview:large","max-video-preview":"max-video-preview:-1"},"canonical":"https:\/\/www.siban.com\/fr\/nouvelle-usine-productive\/","og_locale":"fr_FR","og_type":"article","og_title":"Nouvelle usine productive - Siban","og_url":"https:\/\/www.siban.com\/fr\/nouvelle-usine-productive\/","og_site_name":"Siban","article_modified_time":"2025-09-18T14:30:00+00:00","twitter_card":"summary_large_image","twitter_misc":{"Dur\u00e9e de lecture estim\u00e9e":"2 minutes"},"schema":{"@context":"https:\/\/schema.org","@graph":[{"@type":"WebPage","@id":"https:\/\/www.siban.com\/fr\/nouvelle-usine-productive\/","url":"https:\/\/www.siban.com\/fr\/nouvelle-usine-productive\/","name":"Nouvelle usine productive - Siban","isPartOf":{"@id":"http:\/\/dev.siban.com\/#website"},"datePublished":"2025-06-30T07:12:42+00:00","dateModified":"2025-09-18T14:30:00+00:00","breadcrumb":{"@id":"https:\/\/www.siban.com\/fr\/nouvelle-usine-productive\/#breadcrumb"},"inLanguage":"fr-FR","potentialAction":[{"@type":"ReadAction","target":["https:\/\/www.siban.com\/fr\/nouvelle-usine-productive\/"]}]},{"@type":"BreadcrumbList","@id":"https:\/\/www.siban.com\/fr\/nouvelle-usine-productive\/#breadcrumb","itemListElement":[{"@type":"ListItem","position":1,"name":"Inicio","item":"https:\/\/www.siban.com\/"},{"@type":"ListItem","position":2,"name":"Nouvelle usine productive"}]},{"@type":"WebSite","@id":"http:\/\/dev.siban.com\/#website","url":"http:\/\/dev.siban.com\/","name":"Siban","description":"Bandas transportadoras","publisher":{"@id":"http:\/\/dev.siban.com\/#organization"},"potentialAction":[{"@type":"SearchAction","target":{"@type":"EntryPoint","urlTemplate":"http:\/\/dev.siban.com\/?s={search_term_string}"},"query-input":{"@type":"PropertyValueSpecification","valueRequired":true,"valueName":"search_term_string"}}],"inLanguage":"fr-FR"},{"@type":"Organization","@id":"http:\/\/dev.siban.com\/#organization","name":"Siban","url":"http:\/\/dev.siban.com\/","logo":{"@type":"ImageObject","inLanguage":"fr-FR","@id":"http:\/\/dev.siban.com\/#\/schema\/logo\/image\/","url":"https:\/\/www.siban.com\/wp-content\/uploads\/2024\/07\/Siban-Beltsiflex-PNG.png","contentUrl":"https:\/\/www.siban.com\/wp-content\/uploads\/2024\/07\/Siban-Beltsiflex-PNG.png","width":3133,"height":1633,"caption":"Siban"},"image":{"@id":"http:\/\/dev.siban.com\/#\/schema\/logo\/image\/"}}]}},"_links":{"self":[{"href":"https:\/\/www.siban.com\/fr\/wp-json\/wp\/v2\/pages\/137151","targetHints":{"allow":["GET"]}}],"collection":[{"href":"https:\/\/www.siban.com\/fr\/wp-json\/wp\/v2\/pages"}],"about":[{"href":"https:\/\/www.siban.com\/fr\/wp-json\/wp\/v2\/types\/page"}],"author":[{"embeddable":true,"href":"https:\/\/www.siban.com\/fr\/wp-json\/wp\/v2\/users\/2"}],"replies":[{"embeddable":true,"href":"https:\/\/www.siban.com\/fr\/wp-json\/wp\/v2\/comments?post=137151"}],"version-history":[{"count":5,"href":"https:\/\/www.siban.com\/fr\/wp-json\/wp\/v2\/pages\/137151\/revisions"}],"predecessor-version":[{"id":138288,"href":"https:\/\/www.siban.com\/fr\/wp-json\/wp\/v2\/pages\/137151\/revisions\/138288"}],"wp:attachment":[{"href":"https:\/\/www.siban.com\/fr\/wp-json\/wp\/v2\/media?parent=137151"}],"curies":[{"name":"wp","href":"https:\/\/api.w.org\/{rel}","templated":true}]}}