{"id":136958,"date":"2025-01-15T12:17:06","date_gmt":"2025-01-15T11:17:06","guid":{"rendered":"https:\/\/www.siban.com\/?page_id=136958"},"modified":"2025-10-30T11:53:36","modified_gmt":"2025-10-30T10:53:36","slug":"demande-de-devis","status":"publish","type":"page","link":"https:\/\/www.siban.com\/fr\/demande-de-devis\/","title":{"rendered":"Demande de Devis"},"content":{"rendered":"<section class=\"l-section wpb_row height_small\"><div class=\"l-section-h i-cf\"><div class=\"g-cols vc_row via_grid cols_1 laptops-cols_inherit tablets-cols_inherit mobiles-cols_1 valign_top type_default stacking_default\"><div class=\"wpb_column vc_column_container\"><div class=\"vc_column-inner\"><div class=\"w-separator size_small\"><\/div><h2 class=\"w-text us_custom_eb849559\"><span class=\"w-text-h\"><span class=\"w-text-value\">Demande de devis<\/span><\/span><\/h2><div class=\"w-iconbox iconpos_top style_default color_primary align_center no_text no_title\"><div class=\"w-iconbox-icon\" style=\"font-size:3rem;\"><i class=\"fas fa-file-signature\"><\/i><\/div><div class=\"w-iconbox-meta\"><\/div><\/div><\/div><\/div><\/div><\/div><\/section><section class=\"l-section wpb_row height_small\"><div class=\"l-section-h i-cf\"><div class=\"g-cols vc_row via_grid cols_2 laptops-cols_inherit tablets-cols_inherit mobiles-cols_1 valign_top type_default stacking_default\"><div class=\"wpb_column vc_column_container\"><div class=\"vc_column-inner\"><form class=\"w-form  us-field-style_1 layout_ver show_message_after_sending for_cform us_form_1 validate_by_recaptcha\" action=\"https:\/\/www.siban.com\/fr\/wp-json\/wp\/v2\/pages\/136958\" method=\"post\"><div class=\"w-form-h\"><div class=\"w-form-row for_text\">\r\n\t\t<div class=\"w-form-row-field\">\r\n\t\t\t\t\t\t<input aria-label=\"Nom\" type=\"text\" name=\"us_form_1_text_1\" value placeholder=\"Nom\"\/>\r\n\t\t\t<\/div>\r\n\t\t<div class=\"w-form-row-state\">Vous devez remplir ce champ<\/div>\r\n<\/div>\r\n<div class=\"w-form-row for_text\">\r\n\t\t<div class=\"w-form-row-field\">\r\n\t\t\t\t\t\t<input aria-label=\"Soci\u00e9t\u00e9\" type=\"text\" name=\"us_form_1_text_2\" value placeholder=\"Soci\u00e9t\u00e9\"\/>\r\n\t\t\t<\/div>\r\n\t\t<div class=\"w-form-row-state\">Vous devez remplir ce champ<\/div>\r\n<\/div>\r\n<div class=\"w-form-row for_email\">\r\n\t\t<div class=\"w-form-row-field\">\r\n\t\t\t\t\t\t<input aria-label=\"e-mail\" type=\"email\" name=\"us_form_1_email_1\" value placeholder=\"e-mail\"\/>\r\n\t\t\t<\/div>\r\n\t\t<div class=\"w-form-row-state\">Veuillez saisir une adresse e-mail valide.<\/div>\r\n<\/div>\r\n<div class=\"w-form-row for_select has_label\">\r\n\t\t\t<div class=\"w-form-row-label\">\r\n\t\t\t<span>Industrie<\/span>\r\n\t\t<\/div>\r\n\t\t<div class=\"w-form-row-field\">\r\n\t\t\t\t\t\t<select aria-label=\"Industrie\" name=\"us_form_1_select_1\">\r\n\t\t\t<option value=\"Exploitation mini\u00e8re\">Exploitation mini\u00e8re<\/option><option value=\"Industrie Sid\u00e9rurgique\">Industrie Sid\u00e9rurgique<\/option><option value=\"Cimenterie\">Cimenterie<\/option><option value=\"Centres de production d\u2019\u00e9nergie\">Centres de production d\u2019\u00e9nergie<\/option><option value=\"Secteur alimentaire\">Secteur alimentaire<\/option><option value=\"Centres de recyclage\">Centres de recyclage<\/option><option value=\"Autres\">Autres<\/option><option value=\"\"><\/option>\t\t<\/select>\r\n\t\t\t<\/div>\r\n\t\t\t<div class=\"w-form-row-description\">\r\n\t\t\tSeleccione una industria\t\t<\/div>\r\n\t\t<div class=\"w-form-row-state\">S\u00e9lectionner une option<\/div>\r\n<\/div>\r\n<div class=\"w-form-row for_select has_label\">\r\n\t\t\t<div class=\"w-form-row-label\">\r\n\t\t\t<span>Produits et Services<\/span>\r\n\t\t<\/div>\r\n\t\t<div class=\"w-form-row-field\">\r\n\t\t\t\t\t\t<select aria-label=\"Produits et Services\" name=\"us_form_1_select_2\">\r\n\t\t\t<option value=\"Bandabord\">Bandabord<\/option><option value=\"Bandes transporteuses\">Bandes transporteuses<\/option><option value=\"Bandes \u00e0 chevrons\">Bandes \u00e0 chevrons<\/option><option value=\"Feuilles de caoutchouc\">Feuilles de caoutchouc<\/option><option value=\"Produits pour la mise en place et r\u00e9paration des bandes transporteuses\">Produits pour la mise en place et r\u00e9paration des bandes transporteuses<\/option><option value=\"SIBAN Assistance Industrielle\">SIBAN Assistance Industrielle<\/option>\t\t<\/select>\r\n\t\t\t<\/div>\r\n\t\t\t<div class=\"w-form-row-description\">\r\n\t\t\tQu'est-ce qui vous int\u00e9resse ?\t\t<\/div>\r\n\t\t<div class=\"w-form-row-state\">S\u00e9lectionner une option<\/div>\r\n<\/div>\r\n<div class=\"w-form-row for_text\">\r\n\t\t<div class=\"w-form-row-field\">\r\n\t\t\t\t\t\t<input aria-label=\"Message\" type=\"text\" name=\"us_form_1_text_3\" value placeholder=\"Message\"\/>\r\n\t\t\t<\/div>\r\n\t\t<div class=\"w-form-row-state\">Vous devez remplir ce champ<\/div>\r\n<\/div>\r\n<div class=\"w-form-row for_agreement required\">\r\n\t\t<div class=\"w-form-row-field\">\r\n\t\t\t\t<label>\r\n\t\t\t<input type=\"checkbox\" value=\"1\" data-required=\"true\" aria-required=\"true\" name=\"us_form_1_agreement_1\"\/>\r\n\t\t\t<span>J'ai lu et j'accepte le contenu de l'avis juridique et de la politique de confidentialit\u00e9 concernant l'utilisation de mes donn\u00e9es personnelles.<\/span>\r\n\t\t<\/label>\r\n\t\t\t<\/div>\r\n\t\t<div class=\"w-form-row-state\">Vous devez accepter les conditions pour continuer<\/div>\r\n<\/div>\r\n<div class=\"w-form-row for_checkboxes\">\r\n\t\t<div class=\"w-form-row-field\">\r\n\t\t\t\t\t<label>\r\n\t\t\t\t<input type=\"checkbox\" name=\"us_form_1_checkboxes_1[]\" value=\"J&#039;autorise Siban Peosa, S.A. \u00e0 utiliser les donn\u00e9es que je fournis dans ce formulaire (identification et coordonn\u00e9es) pour m&#039;envoyer des informations sur les nouveaux produits commercialis\u00e9s ou les \u00e9v\u00e9nements organis\u00e9s par l&#039;entreprise en relation avec ses produits, ainsi que toute nouvelle d&#039;int\u00e9r\u00eat concernant les activit\u00e9s men\u00e9es par l&#039;entreprise (pr\u00e9sentations, publications, etc.). Toutefois, nous vous informons que vous pouvez r\u00e9voquer votre consentement, dans chaque communication informative qui vous est envoy\u00e9e, et \u00e0 tout moment, en \u00e9crivant \u00e0 l&#039;adresse suivante : lopd@siban.com ou Dpto. Administraci\u00f3n. Pol. EL ABRA Parcela 1.4.3. 48500. Gallarta-Abanto y Ci\u00e9rvana (Bizkaia).\"\/>\r\n\t\t\t\t<span>J'autorise Siban Peosa, S.A. \u00e0 utiliser les donn\u00e9es que je fournis dans ce formulaire (identification et coordonn\u00e9es) pour m'envoyer des informations sur les nouveaux produits commercialis\u00e9s ou les \u00e9v\u00e9nements organis\u00e9s par l'entreprise en relation avec ses produits, ainsi que toute nouvelle d'int\u00e9r\u00eat concernant les activit\u00e9s men\u00e9es par l'entreprise (pr\u00e9sentations, publications, etc.). Toutefois, nous vous informons que vous pouvez r\u00e9voquer votre consentement, dans chaque communication informative qui vous est envoy\u00e9e, et \u00e0 tout moment, en \u00e9crivant \u00e0 l'adresse suivante : lopd@siban.com ou Dpto. Administraci\u00f3n. Pol. EL ABRA Parcela 1.4.3. 48500. Gallarta-Abanto y Ci\u00e9rvana (Bizkaia).<\/span>\r\n\t\t\t<\/label>\r\n\t\t\t\t<\/div>\r\n\t\t<div class=\"w-form-row-state\">S\u00e9lectionner une option<\/div>\r\n<\/div>\r\n<input type=\"hidden\" name=\"action\" value=\"us_ajax_cform\" \/>\r\n<input type=\"hidden\" name=\"post_id\" value=\"0\" \/>\r\n<input type=\"hidden\" name=\"form_index\" value=\"1\" \/>\r\n<div class=\"w-form-row for_submit align_center\">\r\n\t<button class=\"w-btn  us-btn-style_1\" aria-label=\"Envoyer\" type=\"submit\">\r\n\t\t<span class=\"g-preloader type_1\"><\/span>\r\n\t\t\t\t<span class=\"w-btn-label\">Envoyer<\/span>\r\n\t\t\t<\/button>\r\n\t<\/div>\r\n<\/div><div class=\"w-form-message\"><\/div><div class=\"w-form-json hidden\" onclick='return {&quot;ajaxurl&quot;:&quot;https:\\\/\\\/www.siban.com\\\/wp-admin\\\/admin-ajax.php&quot;,&quot;messages&quot;:{&quot;err_empty&quot;:&quot;Vous devez remplir ce champ&quot;,&quot;err_size&quot;:&quot;La taille du fichier ne peut pas d\\u00e9passer %s Mo&quot;,&quot;err_extension&quot;:&quot;Le type de fichier %s n&#039;est pas autoris\\u00e9&quot;,&quot;err_recaptcha_keys&quot;:&quot;Les cl\\u00e9s reCAPTCHA sont incorrectes&quot;},&quot;recaptcha_site_key&quot;:&quot;6LfQsvErAAAAAEiGXYjam-Aos4oQeDQwPeplo0ur&quot;}'><\/div><\/form><\/div><\/div><div class=\"wpb_column vc_column_container\"><div class=\"vc_column-inner\"><div class=\"w-image hide_on_tablets hide_on_mobiles has_ratio align_none\"><div class=\"w-image-h\"><div style=\"padding-bottom:100%\"><\/div><img decoding=\"async\" width=\"1200\" height=\"583\" src=\"https:\/\/www.siban.com\/wp-content\/uploads\/2024\/04\/20180524_111757-1200x583-1.png\" class=\"attachment-large size-large\" alt=\"\" loading=\"lazy\" \/><\/div><\/div><\/div><\/div><\/div><\/div><\/section>\n","protected":false},"excerpt":{"rendered":"Demande de devis Vous devez remplir ce champ Vous devez remplir ce champ Veuillez saisir une adresse e-mail valide. Industrie Exploitation mini\u00e8reIndustrie Sid\u00e9rurgiqueCimenterieCentres de production d\u2019\u00e9nergieSecteur alimentaireCentres de recyclageAutres Seleccione una industria S\u00e9lectionner une option Produits et Services BandabordBandes transporteusesBandes \u00e0 chevronsFeuilles de caoutchoucProduits pour la mise en place et r\u00e9paration des bandes transporteusesSIBAN Assistance...","protected":false},"author":2,"featured_media":0,"parent":0,"menu_order":0,"comment_status":"closed","ping_status":"closed","template":"","meta":{"footnotes":""},"class_list":["post-136958","page","type-page","status-publish","hentry"],"yoast_head":"<!-- This site is optimized with the Yoast SEO plugin v27.3 - https:\/\/yoast.com\/product\/yoast-seo-wordpress\/ -->\n<title>Demande de Devis - Siban<\/title>\n<meta name=\"robots\" content=\"index, follow, max-snippet:-1, max-image-preview:large, max-video-preview:-1\" \/>\n<link rel=\"canonical\" href=\"https:\/\/www.siban.com\/cotizacion\/\" \/>\n<meta property=\"og:locale\" content=\"fr_FR\" \/>\n<meta property=\"og:type\" content=\"article\" \/>\n<meta property=\"og:title\" content=\"Demande de Devis - Siban\" \/>\n<meta property=\"og:url\" content=\"https:\/\/www.siban.com\/cotizacion\/\" \/>\n<meta property=\"og:site_name\" content=\"Siban\" \/>\n<meta property=\"article:modified_time\" content=\"2025-10-30T10:53:36+00:00\" \/>\n<meta name=\"twitter:card\" content=\"summary_large_image\" \/>\n<meta name=\"twitter:label1\" content=\"Dur\u00e9e de lecture estim\u00e9e\" \/>\n\t<meta name=\"twitter:data1\" content=\"1 minute\" \/>\n<script type=\"application\/ld+json\" class=\"yoast-schema-graph\">{\"@context\":\"https:\\\/\\\/schema.org\",\"@graph\":[{\"@type\":\"WebPage\",\"@id\":\"https:\\\/\\\/www.siban.com\\\/cotizacion\\\/\",\"url\":\"https:\\\/\\\/www.siban.com\\\/cotizacion\\\/\",\"name\":\"Demande de Devis - Siban\",\"isPartOf\":{\"@id\":\"http:\\\/\\\/dev.siban.com\\\/#website\"},\"datePublished\":\"2025-01-15T11:17:06+00:00\",\"dateModified\":\"2025-10-30T10:53:36+00:00\",\"breadcrumb\":{\"@id\":\"https:\\\/\\\/www.siban.com\\\/cotizacion\\\/#breadcrumb\"},\"inLanguage\":\"fr-FR\",\"potentialAction\":[{\"@type\":\"ReadAction\",\"target\":[\"https:\\\/\\\/www.siban.com\\\/cotizacion\\\/\"]}]},{\"@type\":\"BreadcrumbList\",\"@id\":\"https:\\\/\\\/www.siban.com\\\/cotizacion\\\/#breadcrumb\",\"itemListElement\":[{\"@type\":\"ListItem\",\"position\":1,\"name\":\"Inicio\",\"item\":\"https:\\\/\\\/www.siban.com\\\/\"},{\"@type\":\"ListItem\",\"position\":2,\"name\":\"Demande de Devis\"}]},{\"@type\":\"WebSite\",\"@id\":\"http:\\\/\\\/dev.siban.com\\\/#website\",\"url\":\"http:\\\/\\\/dev.siban.com\\\/\",\"name\":\"Siban\",\"description\":\"Bandas transportadoras\",\"publisher\":{\"@id\":\"http:\\\/\\\/dev.siban.com\\\/#organization\"},\"potentialAction\":[{\"@type\":\"SearchAction\",\"target\":{\"@type\":\"EntryPoint\",\"urlTemplate\":\"http:\\\/\\\/dev.siban.com\\\/?s={search_term_string}\"},\"query-input\":{\"@type\":\"PropertyValueSpecification\",\"valueRequired\":true,\"valueName\":\"search_term_string\"}}],\"inLanguage\":\"fr-FR\"},{\"@type\":\"Organization\",\"@id\":\"http:\\\/\\\/dev.siban.com\\\/#organization\",\"name\":\"Siban\",\"url\":\"http:\\\/\\\/dev.siban.com\\\/\",\"logo\":{\"@type\":\"ImageObject\",\"inLanguage\":\"fr-FR\",\"@id\":\"http:\\\/\\\/dev.siban.com\\\/#\\\/schema\\\/logo\\\/image\\\/\",\"url\":\"https:\\\/\\\/www.siban.com\\\/wp-content\\\/uploads\\\/2024\\\/07\\\/Siban-Beltsiflex-PNG.png\",\"contentUrl\":\"https:\\\/\\\/www.siban.com\\\/wp-content\\\/uploads\\\/2024\\\/07\\\/Siban-Beltsiflex-PNG.png\",\"width\":3133,\"height\":1633,\"caption\":\"Siban\"},\"image\":{\"@id\":\"http:\\\/\\\/dev.siban.com\\\/#\\\/schema\\\/logo\\\/image\\\/\"}}]}<\/script>\n<!-- \/ Yoast SEO plugin. -->","yoast_head_json":{"title":"Demande de Devis - Siban","robots":{"index":"index","follow":"follow","max-snippet":"max-snippet:-1","max-image-preview":"max-image-preview:large","max-video-preview":"max-video-preview:-1"},"canonical":"https:\/\/www.siban.com\/cotizacion\/","og_locale":"fr_FR","og_type":"article","og_title":"Demande de Devis - Siban","og_url":"https:\/\/www.siban.com\/cotizacion\/","og_site_name":"Siban","article_modified_time":"2025-10-30T10:53:36+00:00","twitter_card":"summary_large_image","twitter_misc":{"Dur\u00e9e de lecture estim\u00e9e":"1 minute"},"schema":{"@context":"https:\/\/schema.org","@graph":[{"@type":"WebPage","@id":"https:\/\/www.siban.com\/cotizacion\/","url":"https:\/\/www.siban.com\/cotizacion\/","name":"Demande de Devis - Siban","isPartOf":{"@id":"http:\/\/dev.siban.com\/#website"},"datePublished":"2025-01-15T11:17:06+00:00","dateModified":"2025-10-30T10:53:36+00:00","breadcrumb":{"@id":"https:\/\/www.siban.com\/cotizacion\/#breadcrumb"},"inLanguage":"fr-FR","potentialAction":[{"@type":"ReadAction","target":["https:\/\/www.siban.com\/cotizacion\/"]}]},{"@type":"BreadcrumbList","@id":"https:\/\/www.siban.com\/cotizacion\/#breadcrumb","itemListElement":[{"@type":"ListItem","position":1,"name":"Inicio","item":"https:\/\/www.siban.com\/"},{"@type":"ListItem","position":2,"name":"Demande de Devis"}]},{"@type":"WebSite","@id":"http:\/\/dev.siban.com\/#website","url":"http:\/\/dev.siban.com\/","name":"Siban","description":"Bandas transportadoras","publisher":{"@id":"http:\/\/dev.siban.com\/#organization"},"potentialAction":[{"@type":"SearchAction","target":{"@type":"EntryPoint","urlTemplate":"http:\/\/dev.siban.com\/?s={search_term_string}"},"query-input":{"@type":"PropertyValueSpecification","valueRequired":true,"valueName":"search_term_string"}}],"inLanguage":"fr-FR"},{"@type":"Organization","@id":"http:\/\/dev.siban.com\/#organization","name":"Siban","url":"http:\/\/dev.siban.com\/","logo":{"@type":"ImageObject","inLanguage":"fr-FR","@id":"http:\/\/dev.siban.com\/#\/schema\/logo\/image\/","url":"https:\/\/www.siban.com\/wp-content\/uploads\/2024\/07\/Siban-Beltsiflex-PNG.png","contentUrl":"https:\/\/www.siban.com\/wp-content\/uploads\/2024\/07\/Siban-Beltsiflex-PNG.png","width":3133,"height":1633,"caption":"Siban"},"image":{"@id":"http:\/\/dev.siban.com\/#\/schema\/logo\/image\/"}}]}},"_links":{"self":[{"href":"https:\/\/www.siban.com\/fr\/wp-json\/wp\/v2\/pages\/136958","targetHints":{"allow":["GET"]}}],"collection":[{"href":"https:\/\/www.siban.com\/fr\/wp-json\/wp\/v2\/pages"}],"about":[{"href":"https:\/\/www.siban.com\/fr\/wp-json\/wp\/v2\/types\/page"}],"author":[{"embeddable":true,"href":"https:\/\/www.siban.com\/fr\/wp-json\/wp\/v2\/users\/2"}],"replies":[{"embeddable":true,"href":"https:\/\/www.siban.com\/fr\/wp-json\/wp\/v2\/comments?post=136958"}],"version-history":[{"count":7,"href":"https:\/\/www.siban.com\/fr\/wp-json\/wp\/v2\/pages\/136958\/revisions"}],"predecessor-version":[{"id":138404,"href":"https:\/\/www.siban.com\/fr\/wp-json\/wp\/v2\/pages\/136958\/revisions\/138404"}],"wp:attachment":[{"href":"https:\/\/www.siban.com\/fr\/wp-json\/wp\/v2\/media?parent=136958"}],"curies":[{"name":"wp","href":"https:\/\/api.w.org\/{rel}","templated":true}]}}