{"id":136864,"date":"2024-12-27T08:44:07","date_gmt":"2024-12-27T07:44:07","guid":{"rendered":"https:\/\/www.siban.com\/?page_id=136864"},"modified":"2025-09-18T15:29:13","modified_gmt":"2025-09-18T14:29:13","slug":"communication","status":"publish","type":"page","link":"https:\/\/www.siban.com\/fr\/communication\/","title":{"rendered":"Communication"},"content":{"rendered":"<section class=\"l-section wpb_row height_small\"><div class=\"l-section-h i-cf\"><div class=\"g-cols vc_row via_grid cols_2 laptops-cols_inherit tablets-cols_inherit mobiles-cols_1 valign_top type_default stacking_default\"><div class=\"wpb_column vc_column_container\"><div class=\"vc_column-inner\"><div class=\"w-separator size_medium\"><\/div><div class=\"w-image has_ratio align_center\"><div class=\"w-image-h\"><div style=\"padding-bottom:75%\"><\/div><img decoding=\"async\" width=\"1200\" height=\"1058\" src=\"https:\/\/www.siban.com\/wp-content\/uploads\/2024\/12\/IMG-20241002-WA0001-1200x1058.jpg\" class=\"attachment-large size-large\" alt=\"\" loading=\"lazy\" \/><\/div><\/div><div class=\"w-separator size_small\"><\/div><h3 class=\"w-text us_custom_eb849559\"><a href=\"http:\/\/www.siban.com\/fr\/evenements-et-congres\/\" class=\"w-text-h\"><span class=\"w-text-value\">\u00c9v\u00e9nements et congr\u00e8s<\/span><\/a><\/h3><\/div><\/div><div class=\"wpb_column vc_column_container\"><div class=\"vc_column-inner\"><div class=\"w-separator size_medium\"><\/div><div class=\"w-image has_ratio align_none\"><div class=\"w-image-h\"><div style=\"padding-bottom:75%\"><\/div><img decoding=\"async\" width=\"900\" height=\"1200\" src=\"https:\/\/www.siban.com\/wp-content\/uploads\/2025\/09\/IMG_6184-002-900x1200.jpeg\" class=\"attachment-large size-large\" alt=\"\" loading=\"lazy\" \/><\/div><\/div><div class=\"w-separator size_small\"><\/div><h3 class=\"w-text us_custom_eb849559\"><a href=\"http:\/\/www.siban.com\/fr\/actualites\/\" class=\"w-text-h\"><span class=\"w-text-value\">Actualit\u00e9s<\/span><\/a><\/h3><\/div><\/div><\/div><\/div><\/section>\n","protected":false},"excerpt":{"rendered":"\u00c9v\u00e9nements et congr\u00e8sActualit\u00e9s","protected":false},"author":2,"featured_media":0,"parent":0,"menu_order":0,"comment_status":"closed","ping_status":"closed","template":"","meta":{"footnotes":""},"class_list":["post-136864","page","type-page","status-publish","hentry"],"yoast_head":"<!-- This site is optimized with the Yoast SEO plugin v27.5 - https:\/\/yoast.com\/product\/yoast-seo-wordpress\/ -->\n<title>Communication - Siban<\/title>\n<meta name=\"robots\" content=\"index, follow, max-snippet:-1, max-image-preview:large, max-video-preview:-1\" \/>\n<link rel=\"canonical\" href=\"https:\/\/www.siban.com\/comunicacion\/\" \/>\n<meta property=\"og:locale\" content=\"fr_FR\" \/>\n<meta property=\"og:type\" content=\"article\" \/>\n<meta property=\"og:title\" content=\"Communication - Siban\" \/>\n<meta property=\"og:url\" content=\"https:\/\/www.siban.com\/comunicacion\/\" \/>\n<meta property=\"og:site_name\" content=\"Siban\" \/>\n<meta property=\"article:modified_time\" content=\"2025-09-18T14:29:13+00:00\" \/>\n<meta name=\"twitter:card\" content=\"summary_large_image\" \/>\n<script type=\"application\/ld+json\" class=\"yoast-schema-graph\">{\"@context\":\"https:\\\/\\\/schema.org\",\"@graph\":[{\"@type\":\"WebPage\",\"@id\":\"https:\\\/\\\/www.siban.com\\\/comunicacion\\\/\",\"url\":\"https:\\\/\\\/www.siban.com\\\/comunicacion\\\/\",\"name\":\"Communication - Siban\",\"isPartOf\":{\"@id\":\"http:\\\/\\\/dev.siban.com\\\/#website\"},\"datePublished\":\"2024-12-27T07:44:07+00:00\",\"dateModified\":\"2025-09-18T14:29:13+00:00\",\"breadcrumb\":{\"@id\":\"https:\\\/\\\/www.siban.com\\\/comunicacion\\\/#breadcrumb\"},\"inLanguage\":\"fr-FR\",\"potentialAction\":[{\"@type\":\"ReadAction\",\"target\":[\"https:\\\/\\\/www.siban.com\\\/comunicacion\\\/\"]}]},{\"@type\":\"BreadcrumbList\",\"@id\":\"https:\\\/\\\/www.siban.com\\\/comunicacion\\\/#breadcrumb\",\"itemListElement\":[{\"@type\":\"ListItem\",\"position\":1,\"name\":\"Inicio\",\"item\":\"https:\\\/\\\/www.siban.com\\\/\"},{\"@type\":\"ListItem\",\"position\":2,\"name\":\"Communication\"}]},{\"@type\":\"WebSite\",\"@id\":\"http:\\\/\\\/dev.siban.com\\\/#website\",\"url\":\"http:\\\/\\\/dev.siban.com\\\/\",\"name\":\"Siban\",\"description\":\"Bandas transportadoras\",\"publisher\":{\"@id\":\"http:\\\/\\\/dev.siban.com\\\/#organization\"},\"potentialAction\":[{\"@type\":\"SearchAction\",\"target\":{\"@type\":\"EntryPoint\",\"urlTemplate\":\"http:\\\/\\\/dev.siban.com\\\/?s={search_term_string}\"},\"query-input\":{\"@type\":\"PropertyValueSpecification\",\"valueRequired\":true,\"valueName\":\"search_term_string\"}}],\"inLanguage\":\"fr-FR\"},{\"@type\":\"Organization\",\"@id\":\"http:\\\/\\\/dev.siban.com\\\/#organization\",\"name\":\"Siban\",\"url\":\"http:\\\/\\\/dev.siban.com\\\/\",\"logo\":{\"@type\":\"ImageObject\",\"inLanguage\":\"fr-FR\",\"@id\":\"http:\\\/\\\/dev.siban.com\\\/#\\\/schema\\\/logo\\\/image\\\/\",\"url\":\"https:\\\/\\\/www.siban.com\\\/wp-content\\\/uploads\\\/2024\\\/07\\\/Siban-Beltsiflex-PNG.png\",\"contentUrl\":\"https:\\\/\\\/www.siban.com\\\/wp-content\\\/uploads\\\/2024\\\/07\\\/Siban-Beltsiflex-PNG.png\",\"width\":3133,\"height\":1633,\"caption\":\"Siban\"},\"image\":{\"@id\":\"http:\\\/\\\/dev.siban.com\\\/#\\\/schema\\\/logo\\\/image\\\/\"}}]}<\/script>\n<!-- \/ Yoast SEO plugin. -->","yoast_head_json":{"title":"Communication - Siban","robots":{"index":"index","follow":"follow","max-snippet":"max-snippet:-1","max-image-preview":"max-image-preview:large","max-video-preview":"max-video-preview:-1"},"canonical":"https:\/\/www.siban.com\/comunicacion\/","og_locale":"fr_FR","og_type":"article","og_title":"Communication - Siban","og_url":"https:\/\/www.siban.com\/comunicacion\/","og_site_name":"Siban","article_modified_time":"2025-09-18T14:29:13+00:00","twitter_card":"summary_large_image","schema":{"@context":"https:\/\/schema.org","@graph":[{"@type":"WebPage","@id":"https:\/\/www.siban.com\/comunicacion\/","url":"https:\/\/www.siban.com\/comunicacion\/","name":"Communication - Siban","isPartOf":{"@id":"http:\/\/dev.siban.com\/#website"},"datePublished":"2024-12-27T07:44:07+00:00","dateModified":"2025-09-18T14:29:13+00:00","breadcrumb":{"@id":"https:\/\/www.siban.com\/comunicacion\/#breadcrumb"},"inLanguage":"fr-FR","potentialAction":[{"@type":"ReadAction","target":["https:\/\/www.siban.com\/comunicacion\/"]}]},{"@type":"BreadcrumbList","@id":"https:\/\/www.siban.com\/comunicacion\/#breadcrumb","itemListElement":[{"@type":"ListItem","position":1,"name":"Inicio","item":"https:\/\/www.siban.com\/"},{"@type":"ListItem","position":2,"name":"Communication"}]},{"@type":"WebSite","@id":"http:\/\/dev.siban.com\/#website","url":"http:\/\/dev.siban.com\/","name":"Siban","description":"Bandas transportadoras","publisher":{"@id":"http:\/\/dev.siban.com\/#organization"},"potentialAction":[{"@type":"SearchAction","target":{"@type":"EntryPoint","urlTemplate":"http:\/\/dev.siban.com\/?s={search_term_string}"},"query-input":{"@type":"PropertyValueSpecification","valueRequired":true,"valueName":"search_term_string"}}],"inLanguage":"fr-FR"},{"@type":"Organization","@id":"http:\/\/dev.siban.com\/#organization","name":"Siban","url":"http:\/\/dev.siban.com\/","logo":{"@type":"ImageObject","inLanguage":"fr-FR","@id":"http:\/\/dev.siban.com\/#\/schema\/logo\/image\/","url":"https:\/\/www.siban.com\/wp-content\/uploads\/2024\/07\/Siban-Beltsiflex-PNG.png","contentUrl":"https:\/\/www.siban.com\/wp-content\/uploads\/2024\/07\/Siban-Beltsiflex-PNG.png","width":3133,"height":1633,"caption":"Siban"},"image":{"@id":"http:\/\/dev.siban.com\/#\/schema\/logo\/image\/"}}]}},"_links":{"self":[{"href":"https:\/\/www.siban.com\/fr\/wp-json\/wp\/v2\/pages\/136864","targetHints":{"allow":["GET"]}}],"collection":[{"href":"https:\/\/www.siban.com\/fr\/wp-json\/wp\/v2\/pages"}],"about":[{"href":"https:\/\/www.siban.com\/fr\/wp-json\/wp\/v2\/types\/page"}],"author":[{"embeddable":true,"href":"https:\/\/www.siban.com\/fr\/wp-json\/wp\/v2\/users\/2"}],"replies":[{"embeddable":true,"href":"https:\/\/www.siban.com\/fr\/wp-json\/wp\/v2\/comments?post=136864"}],"version-history":[{"count":10,"href":"https:\/\/www.siban.com\/fr\/wp-json\/wp\/v2\/pages\/136864\/revisions"}],"predecessor-version":[{"id":136889,"href":"https:\/\/www.siban.com\/fr\/wp-json\/wp\/v2\/pages\/136864\/revisions\/136889"}],"wp:attachment":[{"href":"https:\/\/www.siban.com\/fr\/wp-json\/wp\/v2\/media?parent=136864"}],"curies":[{"name":"wp","href":"https:\/\/api.w.org\/{rel}","templated":true}]}}