{"id":136716,"date":"2024-12-04T08:16:34","date_gmt":"2024-12-04T07:16:34","guid":{"rendered":"https:\/\/www.siban.com\/?page_id=136716"},"modified":"2025-09-26T07:08:14","modified_gmt":"2025-09-26T06:08:14","slug":"applications","status":"publish","type":"page","link":"https:\/\/www.siban.com\/fr\/applications\/","title":{"rendered":"Applications"},"content":{"rendered":"<section class=\"l-section wpb_row height_small\"><div class=\"l-section-h i-cf\"><div class=\"g-cols vc_row via_grid cols_1 laptops-cols_inherit tablets-cols_inherit mobiles-cols_1 valign_top type_default stacking_default\"><div class=\"wpb_column vc_column_container\"><div class=\"vc_column-inner\"><h2 class=\"w-text us_custom_eb849559\"><span class=\"w-text-h\"><span class=\"w-text-value\">Bandes transporteuses pour applications multiples<\/span><\/span><\/h2><\/div><\/div><\/div><\/div><\/section><section class=\"l-section wpb_row height_small\"><div class=\"l-section-h i-cf\"><div class=\"g-cols vc_row via_grid cols_2 laptops-cols_inherit tablets-cols_inherit mobiles-cols_1 valign_top type_default stacking_default\"><div class=\"wpb_column vc_column_container\"><div class=\"vc_column-inner\"><div class=\"w-image has_ratio align_center\"><div class=\"w-image-h\"><div style=\"padding-bottom:75%\"><\/div><img decoding=\"async\" width=\"4000\" height=\"1800\" src=\"https:\/\/www.siban.com\/wp-content\/uploads\/2024\/06\/Mineria-cielo-abierto.png\" class=\"attachment-full size-full\" alt=\"Miner\u00eda cielo abierto\" loading=\"lazy\" \/><\/div><\/div><\/div><\/div><div class=\"wpb_column vc_column_container\"><div class=\"vc_column-inner\"><h3 class=\"w-text us_custom_eb849559\"><span class=\"w-text-h\"><span class=\"w-text-value\">Exploitation mini\u00e8re<\/span><\/span><\/h3><div class=\"wpb_text_column\"><div class=\"wpb_wrapper\"><p>Dans l&rsquo;environnement si exigeant de l&rsquo;exploitation mini\u00e8re, l&rsquo;efficacit\u00e9 et la fiabilit\u00e9 sont primordiales. Chez SIBAN, nos bandes transporteuses sont con\u00e7ues pour r\u00e9sister aux conditions les plus extr\u00eames, de la poussi\u00e8re abrasive aux temp\u00e9ratures \u00e9lev\u00e9es, afin de garantir un transport s\u00fbr et efficace des mat\u00e9riaux les plus lourds et les plus difficiles.<\/p>\n<p>Dans le cas de l&rsquo;exploitation mini\u00e8re souterraine, la s\u00e9curit\u00e9 et la r\u00e9sistance au feu sont primordiales. SIBAN con\u00e7oit et produit sa gamme de <a href=\"https:\/\/www.siban.com\/fr\/qualite-de-la-couverture\/\">bandes transporteuses ignifuges<\/a> dans diff\u00e9rentes qualit\u00e9s conformes \u00e0 la norme <strong>ISO 12882-2A\/2B<\/strong> <strong>(qualit\u00e9 K, qualit\u00e9 S)<\/strong>. En outre, nous avons d\u00e9velopp\u00e9 notre propre qualit\u00e9 <strong>*MFR<\/strong> qui est conforme \u00e0 la norme <strong>MSHA \u00ab Mine Safety and Health Administration \u00bb<\/strong> (Administration de la s\u00e9curit\u00e9 et de la sant\u00e9 dans les mines).<\/p>\n<p>Dans les mines \u00e0 ciel ouvert, o\u00f9 la r\u00e9sistance \u00e0 l&rsquo;abrasion et aux chocs violents est vitale, nous avons mis au point nos <a href=\"https:\/\/www.siban.com\/fr\/src-35-fr\/\">bandes transporteuses SRC-35<\/a>, qui pr\u00e9sentent des valeurs exceptionnelles en termes d&rsquo;abrasion, de d\u00e9chirure et d&rsquo;indice d&rsquo;\u00e9longation.<\/p>\n<\/div><\/div><\/div><\/div><\/div><\/div><\/section><section class=\"l-section wpb_row height_small\"><div class=\"l-section-h i-cf\"><div class=\"g-cols vc_row via_grid cols_2 laptops-cols_inherit tablets-cols_inherit mobiles-cols_1 valign_top type_default stacking_default\"><div class=\"wpb_column vc_column_container\"><div class=\"vc_column-inner\"><div class=\"w-image align_center\"><div class=\"w-image-h\"><img decoding=\"async\" width=\"1000\" height=\"667\" src=\"https:\/\/www.siban.com\/wp-content\/uploads\/2024\/04\/industria-metalurgia-1-1.jpeg\" class=\"attachment-full size-full\" alt=\"\" loading=\"lazy\" srcset=\"https:\/\/www.siban.com\/wp-content\/uploads\/2024\/04\/industria-metalurgia-1-1.jpeg 1000w, https:\/\/www.siban.com\/wp-content\/uploads\/2024\/04\/industria-metalurgia-1-1-480x320.jpeg 480w, https:\/\/www.siban.com\/wp-content\/uploads\/2024\/04\/industria-metalurgia-1-1-510x340.jpeg 510w\" sizes=\"auto, (max-width: 1000px) 100vw, 1000px\" \/><\/div><\/div><\/div><\/div><div class=\"wpb_column vc_column_container\"><div class=\"vc_column-inner\"><h3 class=\"w-text us_custom_eb849559\"><span class=\"w-text-h\"><span class=\"w-text-value\">Industrie sid\u00e9rurgique<\/span><\/span><\/h3><div class=\"wpb_text_column\"><div class=\"wpb_wrapper\"><p>Au c\u0153ur de la sid\u00e9rurgie, l\u00e0 o\u00f9 la chaleur et la force se combinent pour fa\u00e7onner le m\u00e9tal, nos bandes transporteuses constituent l&rsquo;\u00e9pine dorsale de l&rsquo;op\u00e9ration, confront\u00e9e \u00e0 des conditions extr\u00eames lors du transport de mat\u00e9riaux chauds tels que l&rsquo;acier, le coke, le minerai de fer et d&rsquo;autres sous-produits du processus de fabrication de l&rsquo;acier.<\/p>\n<p>Nos <strong>bandes transporteuses ignifuges de qualit\u00e9 KABR<\/strong> sont sans aucun doute le premier choix de nos clients pour ces applications. Il s&rsquo;agit d&rsquo;une <strong>qualit\u00e9 brevet\u00e9e, d\u00e9velopp\u00e9e par SIBAN<\/strong>, qui pr\u00e9sente un meilleur indice d&rsquo;abrasion que la qualit\u00e9 K selon la norme <strong>ISO 12882-2A<\/strong>.<\/p>\n<p>D&rsquo;autre part, en plus des qualit\u00e9s anti-abrasion \u00e9tablies par la norme <strong>DIN 22102<\/strong>, nous avons d\u00e9velopp\u00e9 nos propres qualit\u00e9s <strong>OVERALL, STONE<\/strong> et<strong> RI<\/strong> qui ont un meilleur indice d&rsquo;abrasion que leurs \u00e9quivalents <strong>DIN Y<\/strong>, <strong>DIN W<\/strong>.<\/p>\n<\/div><\/div><\/div><\/div><\/div><\/div><\/section><section class=\"l-section wpb_row height_small\"><div class=\"l-section-h i-cf\"><div class=\"g-cols vc_row via_grid cols_2 laptops-cols_inherit tablets-cols_inherit mobiles-cols_1 valign_top type_default stacking_default\"><div class=\"wpb_column vc_column_container\"><div class=\"vc_column-inner\"><div class=\"w-separator size_medium\"><\/div><div class=\"w-image has_ratio align_center\"><div class=\"w-image-h\"><div style=\"padding-bottom:66.6667%\"><\/div><img decoding=\"async\" width=\"1200\" height=\"673\" src=\"https:\/\/www.siban.com\/wp-content\/uploads\/2024\/04\/csm_foerderanlage_AdobeStock_99873642_low_0ecb474896.jpg\" class=\"attachment-full size-full\" alt=\"\" loading=\"lazy\" \/><\/div><\/div><\/div><\/div><div class=\"wpb_column vc_column_container\"><div class=\"vc_column-inner\"><h3 class=\"w-text us_custom_eb849559\"><span class=\"w-text-h\"><span class=\"w-text-value\">Cimenterie<\/span><\/span><\/h3><div class=\"wpb_text_column\"><div class=\"wpb_wrapper\"><p>De l&rsquo;extraction des mati\u00e8res premi\u00e8res \u00e0 la distribution du produit final, nos bandes transporteuses sont le choix id\u00e9al pour une grande vari\u00e9t\u00e9 d&rsquo;applications dans l&rsquo;industrie du ciment. Con\u00e7ues pour r\u00e9sister \u00e0 la chaleur et \u00e0 l&rsquo;abrasion, nos bandes transporteuses assurent un transport efficace de mat\u00e9riaux tels que le calcaire, l&rsquo;argile, l&rsquo;ardoise et le gypse.<\/p>\n<p>Les <a href=\"https:\/\/www.siban.com\/fr\/qualite-de-la-couverture\/\">bandes transporteuses r\u00e9sistantes \u00e0 hautes temp\u00e9ratures<\/a> fabriqu\u00e9es par SIBAN r\u00e9sistent aux mat\u00e9riaux \u00e0 moyenne et haute temp\u00e9rature et aux pics de temp\u00e9rature de <strong>130\u00baC \u00e0 250\u00baC<\/strong> selon le mod\u00e8le choisi. Elles offrent des r\u00e9sultats exceptionnels face \u00e0 l&rsquo;usure rapide due aux mat\u00e9riaux hautement abrasifs transport\u00e9s ainsi qu&rsquo;aux temp\u00e9ratures \u00e9lev\u00e9es du clinker.<\/p>\n<p>En plus de r\u00e9sister \u00e0 la chaleur, ces bandes doivent \u00eatre r\u00e9sistantes \u00e0 l&rsquo;usure abrasive caus\u00e9e par le transport de mat\u00e9riaux lourds et rugueux. Nous disposons de nos <strong>propres qualit\u00e9s anti-chaleur <a href=\"https:\/\/www.siban.com\/fr\/qualite-de-la-couverture\/\">SUPER HEAT, ENDURE HEAT<\/a><\/strong>\u00a0 qui pr\u00e9sentent de meilleurs taux d&rsquo;abrasion que les <strong>classes 2 et 3 de la norme ISO 4195<\/strong>.<\/p>\n<\/div><\/div><\/div><\/div><\/div><\/div><\/section><section class=\"l-section wpb_row height_small\"><div class=\"l-section-h i-cf\"><div class=\"g-cols vc_row via_grid cols_2 laptops-cols_inherit tablets-cols_inherit mobiles-cols_1 valign_top type_default stacking_default\"><div class=\"wpb_column vc_column_container\"><div class=\"vc_column-inner\"><div class=\"w-image align_center\"><div class=\"w-image-h\"><img decoding=\"async\" width=\"4000\" height=\"2667\" src=\"https:\/\/www.siban.com\/wp-content\/uploads\/2024\/04\/pexels-loic-manegarium-3855962-scaled.jpg\" class=\"attachment-full size-full\" alt=\"\" loading=\"lazy\" srcset=\"https:\/\/www.siban.com\/wp-content\/uploads\/2024\/04\/pexels-loic-manegarium-3855962-scaled.jpg 4000w, https:\/\/www.siban.com\/wp-content\/uploads\/2024\/04\/pexels-loic-manegarium-3855962-480x320.jpg 480w, https:\/\/www.siban.com\/wp-content\/uploads\/2024\/04\/pexels-loic-manegarium-3855962-1200x800.jpg 1200w, https:\/\/www.siban.com\/wp-content\/uploads\/2024\/04\/pexels-loic-manegarium-3855962-510x340.jpg 510w\" sizes=\"auto, (max-width: 4000px) 100vw, 4000px\" \/><\/div><\/div><\/div><\/div><div class=\"wpb_column vc_column_container\"><div class=\"vc_column-inner\"><h3 class=\"w-text us_custom_eb849559\"><span class=\"w-text-h\"><span class=\"w-text-value\">Centres de production d\u2019\u00e9nergie<\/span><\/span><\/h3><div class=\"wpb_text_column\"><div class=\"wpb_wrapper\"><p>De la manutention du charbon et de la biomasse au transport des cendres et des scories, nos bandes transporteuses constituent le choix id\u00e9al pour une grande vari\u00e9t\u00e9 d&rsquo;applications dans les centrales \u00e9lectriques (manutention du combustible, transport de mat\u00e9riaux, partie d&rsquo;un syst\u00e8me d&rsquo;automatisation contr\u00f4lant le flux de mat\u00e9riaux, gestion des d\u00e9chets et bien d&rsquo;autres).<\/p>\n<p>Fabriqu\u00e9es avec des mat\u00e9riaux durables et r\u00e9sistants, nos <a href=\"https:\/\/www.siban.com\/fr\/bande-metallique\/\">bandes transporteuses m\u00e9talliques ST\/XS<\/a> garantissent un transport s\u00fbr et efficace des mat\u00e9riaux tout au long du processus de production d&rsquo;\u00e9nergie, en minimisant les travaux de r\u00e9paration et de remplacement.<\/p>\n<p>Gr\u00e2ce \u00e0 notre exp\u00e9rience et aux particularit\u00e9s de chaque projet, nous avons d\u00e9velopp\u00e9 notre gamme de <a href=\"https:\/\/www.siban.com\/fr\/bandes-pour-applications-speciales-2\/\">bandes transporteuses pour des applications sp\u00e9ciales<\/a> (<strong>bandes anti-coupure, auto-centreuse, Hard-Woven, \u00e9l\u00e9vation, s\u00e9parateurs magn\u00e9tiques, etc.)<\/strong>.<\/p>\n<\/div><\/div><\/div><\/div><\/div><\/div><\/section><section class=\"l-section wpb_row height_small\"><div class=\"l-section-h i-cf\"><div class=\"g-cols vc_row via_grid cols_2 laptops-cols_inherit tablets-cols_inherit mobiles-cols_1 valign_top type_default stacking_default\"><div class=\"wpb_column vc_column_container\"><div class=\"vc_column-inner\"><div class=\"w-image has_ratio align_center\"><div class=\"w-image-h\"><div style=\"padding-bottom:100%\"><\/div><img decoding=\"async\" width=\"2250\" height=\"4000\" src=\"https:\/\/www.siban.com\/wp-content\/uploads\/2024\/05\/20240409_105041-scaled.jpg\" class=\"attachment-full size-full\" alt=\"\" loading=\"lazy\" \/><\/div><\/div><\/div><\/div><div class=\"wpb_column vc_column_container\"><div class=\"vc_column-inner\"><h3 class=\"w-text us_custom_eb849559\"><span class=\"w-text-h\"><span class=\"w-text-value\">Secteur alimentaire<\/span><\/span><\/h3><div class=\"wpb_text_column\"><div class=\"wpb_wrapper\"><p>Dans un environnement o\u00f9 la s\u00e9curit\u00e9 alimentaire et l&rsquo;hygi\u00e8ne sont d&rsquo;une importance capitale, nos bandes transporteuses sont con\u00e7ues pour r\u00e9pondre aux normes de qualit\u00e9 et de s\u00e9curit\u00e9 les plus strictes. Fabriqu\u00e9es \u00e0 partir de mat\u00e9riaux de qualit\u00e9 alimentaire et con\u00e7ues pour \u00eatre facilement nettoy\u00e9es et d\u00e9sinfect\u00e9es, nos bandes transporteuses sont id\u00e9ales pour une grande vari\u00e9t\u00e9 d&rsquo;applications dans l&rsquo;industrie alimentaire.<\/p>\n<p>Les <a href=\"https:\/\/www.siban.com\/fr\/bande-alimentaire\/\">bandes alimentaires<\/a> fabriqu\u00e9es par SIBAN se diff\u00e9rencient par leur couleur et leur composition technique, en fonction des exigences de chaque application. La bande blanche <a href=\"https:\/\/www.siban.com\/fr\/qualite-de-la-couverture\/\"><strong data-start=\"982\" data-end=\"990\">WFKG<\/strong> <\/a>est sp\u00e9cialement con\u00e7ue pour le transport du sucre raffin\u00e9 et s\u2019utilise aujourd\u2019hui dans les sucreries de tous les continents. La bande blanche <a href=\"https:\/\/www.siban.com\/fr\/qualite-de-la-couverture\/\"><strong>WF<\/strong> <\/a>peut \u00eatre utilis\u00e9e pour transporter des sacs de sucre ainsi que d&rsquo;autres produits tels que la chaux ou le sulfate de sodium, tandis que la bande <a href=\"https:\/\/www.siban.com\/fr\/qualite-de-la-couverture\/\"><strong>WFG<\/strong> <\/a>est principalement utilis\u00e9e comme bande \u00e9l\u00e9vatrice pour le transport de farine, de riz, de sel, etc&#8230;..<\/p>\n<p>Notre <a href=\"https:\/\/www.siban.com\/fr\/bande-alimentaire\/\">bande alimentaire VERTE<\/a> est la reine dans le sud de l&rsquo;Espagne pour le transport de l\u2019olive. Elle est utilis\u00e9e aussi bien pour travailler sur des plans horizontaux avec des bandes lisses que sur des plans inclin\u00e9s avec des bandes \u00e0 chevrons pour l&rsquo;entr\u00e9e des olives dans l&rsquo;oliveraie.<\/p>\n<p>D&rsquo;autres couleurs telles que le bleu et le beige ont \u00e9t\u00e9 utilis\u00e9es pour les bandes en caoutchouc afin de r\u00e9pondre aux diff\u00e9rents besoins de nos clients.<\/p>\n<\/div><\/div><\/div><\/div><\/div><\/div><\/section><section class=\"l-section wpb_row height_small\"><div class=\"l-section-h i-cf\"><div class=\"g-cols vc_row via_grid cols_2 laptops-cols_inherit tablets-cols_inherit mobiles-cols_1 valign_top type_default stacking_default\"><div class=\"wpb_column vc_column_container\"><div class=\"vc_column-inner\"><div class=\"w-image has_ratio align_center\"><div class=\"w-image-h\"><div style=\"padding-bottom:75%\"><\/div><img decoding=\"async\" width=\"2560\" height=\"1440\" src=\"https:\/\/www.siban.com\/wp-content\/uploads\/2024\/09\/plastic-garbage-conveyor-belt-waste-recycling-factory-workers-background-scaled.jpg\" class=\"attachment-full size-full\" alt=\"Planta Reciclaje\" loading=\"lazy\" \/><\/div><\/div><\/div><\/div><div class=\"wpb_column vc_column_container\"><div class=\"vc_column-inner\"><h3 class=\"w-text us_custom_eb849559\"><span class=\"w-text-h\"><span class=\"w-text-value\">Centres de recyclage<\/span><\/span><\/h3><div class=\"wpb_text_column\"><div class=\"wpb_wrapper\"><p>Dans les usines de recyclage, l&rsquo;efficacit\u00e9 et la pr\u00e9cision de la manutention des mat\u00e9riaux sont essentielles pour assurer la viabilit\u00e9 et la durabilit\u00e9 des op\u00e9rations. Les bandes transporteuses jouent un r\u00f4le crucial dans ce processus, en facilitant le transport et le tri des mat\u00e9riaux recyclables de mani\u00e8re rapide, s\u00fbre et efficace.<\/p>\n<p>Les huiles min\u00e9rales ou v\u00e9g\u00e9tales ainsi que les divers produits chimiques pr\u00e9sents dans les d\u00e9chets constituent un d\u00e9fi lors du choix d&rsquo;une bande transporteuse. Chez SIBAN, nous disposons d&rsquo;une gamme de <a href=\"https:\/\/www.siban.com\/fr\/qualite-de-la-couverture\/\">bandes transporteuses r\u00e9sistantes aux huiles et graisses<\/a> qui offre des performances exceptionnelles et \u00e9vite le gonflement \u00e0 l&rsquo;origine de tant de probl\u00e8mes. Nous concevons et fabriquons diff\u00e9rents degr\u00e9s de r\u00e9sistance \u00e0 l&rsquo;huile conform\u00e9ment \u00e0 la norme <strong>DIN 22102 (MOR, BG, BGM, BGT)<\/strong>, ainsi que la combinaison de <strong>bandes anti-Gras et anti-Feu<\/strong>.<\/p>\n<p>D&rsquo;autre part, pour r\u00e9pondre aux besoins de transport des d\u00e9chets sur des plans inclin\u00e9s, nous disposons de <a href=\"https:\/\/www.siban.com\/fr\/beltsiflex-bandes-a-chevrons\/\">bandes \u00e0 chevrons<\/a> avec multiples options de nervures et qualit\u00e9s de caoutchouc.<\/p>\n<\/div><\/div><\/div><\/div><\/div><\/div><\/section>\n","protected":false},"excerpt":{"rendered":"Bandes transporteuses pour applications multiplesExploitation mini\u00e8reDans l&rsquo;environnement si exigeant de l&rsquo;exploitation mini\u00e8re, l&rsquo;efficacit\u00e9 et la fiabilit\u00e9 sont primordiales. Chez SIBAN, nos bandes transporteuses sont con\u00e7ues pour r\u00e9sister aux conditions les plus extr\u00eames, de la poussi\u00e8re abrasive aux temp\u00e9ratures \u00e9lev\u00e9es, afin de garantir un transport s\u00fbr et efficace des mat\u00e9riaux les plus lourds et les plus...","protected":false},"author":2,"featured_media":0,"parent":0,"menu_order":0,"comment_status":"closed","ping_status":"closed","template":"","meta":{"footnotes":""},"class_list":["post-136716","page","type-page","status-publish","hentry"],"yoast_head":"<!-- This site is optimized with the Yoast SEO plugin v27.5 - https:\/\/yoast.com\/product\/yoast-seo-wordpress\/ -->\n<title>Applications - Siban<\/title>\n<meta name=\"robots\" content=\"index, follow, max-snippet:-1, max-image-preview:large, max-video-preview:-1\" \/>\n<link rel=\"canonical\" href=\"https:\/\/www.siban.com\/fr\/applications\/\" \/>\n<meta property=\"og:locale\" content=\"fr_FR\" \/>\n<meta property=\"og:type\" content=\"article\" \/>\n<meta property=\"og:title\" content=\"Applications - Siban\" \/>\n<meta property=\"og:url\" content=\"https:\/\/www.siban.com\/fr\/applications\/\" \/>\n<meta property=\"og:site_name\" content=\"Siban\" \/>\n<meta property=\"article:modified_time\" content=\"2025-09-26T06:08:14+00:00\" \/>\n<meta name=\"twitter:card\" content=\"summary_large_image\" \/>\n<meta name=\"twitter:label1\" content=\"Dur\u00e9e de lecture estim\u00e9e\" \/>\n\t<meta name=\"twitter:data1\" content=\"5 minutes\" \/>\n<script type=\"application\/ld+json\" class=\"yoast-schema-graph\">{\"@context\":\"https:\\\/\\\/schema.org\",\"@graph\":[{\"@type\":\"WebPage\",\"@id\":\"https:\\\/\\\/www.siban.com\\\/fr\\\/applications\\\/\",\"url\":\"https:\\\/\\\/www.siban.com\\\/fr\\\/applications\\\/\",\"name\":\"Applications - Siban\",\"isPartOf\":{\"@id\":\"http:\\\/\\\/dev.siban.com\\\/#website\"},\"datePublished\":\"2024-12-04T07:16:34+00:00\",\"dateModified\":\"2025-09-26T06:08:14+00:00\",\"breadcrumb\":{\"@id\":\"https:\\\/\\\/www.siban.com\\\/fr\\\/applications\\\/#breadcrumb\"},\"inLanguage\":\"fr-FR\",\"potentialAction\":[{\"@type\":\"ReadAction\",\"target\":[\"https:\\\/\\\/www.siban.com\\\/fr\\\/applications\\\/\"]}]},{\"@type\":\"BreadcrumbList\",\"@id\":\"https:\\\/\\\/www.siban.com\\\/fr\\\/applications\\\/#breadcrumb\",\"itemListElement\":[{\"@type\":\"ListItem\",\"position\":1,\"name\":\"Inicio\",\"item\":\"https:\\\/\\\/www.siban.com\\\/\"},{\"@type\":\"ListItem\",\"position\":2,\"name\":\"Applications\"}]},{\"@type\":\"WebSite\",\"@id\":\"http:\\\/\\\/dev.siban.com\\\/#website\",\"url\":\"http:\\\/\\\/dev.siban.com\\\/\",\"name\":\"Siban\",\"description\":\"Bandas transportadoras\",\"publisher\":{\"@id\":\"http:\\\/\\\/dev.siban.com\\\/#organization\"},\"potentialAction\":[{\"@type\":\"SearchAction\",\"target\":{\"@type\":\"EntryPoint\",\"urlTemplate\":\"http:\\\/\\\/dev.siban.com\\\/?s={search_term_string}\"},\"query-input\":{\"@type\":\"PropertyValueSpecification\",\"valueRequired\":true,\"valueName\":\"search_term_string\"}}],\"inLanguage\":\"fr-FR\"},{\"@type\":\"Organization\",\"@id\":\"http:\\\/\\\/dev.siban.com\\\/#organization\",\"name\":\"Siban\",\"url\":\"http:\\\/\\\/dev.siban.com\\\/\",\"logo\":{\"@type\":\"ImageObject\",\"inLanguage\":\"fr-FR\",\"@id\":\"http:\\\/\\\/dev.siban.com\\\/#\\\/schema\\\/logo\\\/image\\\/\",\"url\":\"https:\\\/\\\/www.siban.com\\\/wp-content\\\/uploads\\\/2024\\\/07\\\/Siban-Beltsiflex-PNG.png\",\"contentUrl\":\"https:\\\/\\\/www.siban.com\\\/wp-content\\\/uploads\\\/2024\\\/07\\\/Siban-Beltsiflex-PNG.png\",\"width\":3133,\"height\":1633,\"caption\":\"Siban\"},\"image\":{\"@id\":\"http:\\\/\\\/dev.siban.com\\\/#\\\/schema\\\/logo\\\/image\\\/\"}}]}<\/script>\n<!-- \/ Yoast SEO plugin. -->","yoast_head_json":{"title":"Applications - Siban","robots":{"index":"index","follow":"follow","max-snippet":"max-snippet:-1","max-image-preview":"max-image-preview:large","max-video-preview":"max-video-preview:-1"},"canonical":"https:\/\/www.siban.com\/fr\/applications\/","og_locale":"fr_FR","og_type":"article","og_title":"Applications - Siban","og_url":"https:\/\/www.siban.com\/fr\/applications\/","og_site_name":"Siban","article_modified_time":"2025-09-26T06:08:14+00:00","twitter_card":"summary_large_image","twitter_misc":{"Dur\u00e9e de lecture estim\u00e9e":"5 minutes"},"schema":{"@context":"https:\/\/schema.org","@graph":[{"@type":"WebPage","@id":"https:\/\/www.siban.com\/fr\/applications\/","url":"https:\/\/www.siban.com\/fr\/applications\/","name":"Applications - Siban","isPartOf":{"@id":"http:\/\/dev.siban.com\/#website"},"datePublished":"2024-12-04T07:16:34+00:00","dateModified":"2025-09-26T06:08:14+00:00","breadcrumb":{"@id":"https:\/\/www.siban.com\/fr\/applications\/#breadcrumb"},"inLanguage":"fr-FR","potentialAction":[{"@type":"ReadAction","target":["https:\/\/www.siban.com\/fr\/applications\/"]}]},{"@type":"BreadcrumbList","@id":"https:\/\/www.siban.com\/fr\/applications\/#breadcrumb","itemListElement":[{"@type":"ListItem","position":1,"name":"Inicio","item":"https:\/\/www.siban.com\/"},{"@type":"ListItem","position":2,"name":"Applications"}]},{"@type":"WebSite","@id":"http:\/\/dev.siban.com\/#website","url":"http:\/\/dev.siban.com\/","name":"Siban","description":"Bandas transportadoras","publisher":{"@id":"http:\/\/dev.siban.com\/#organization"},"potentialAction":[{"@type":"SearchAction","target":{"@type":"EntryPoint","urlTemplate":"http:\/\/dev.siban.com\/?s={search_term_string}"},"query-input":{"@type":"PropertyValueSpecification","valueRequired":true,"valueName":"search_term_string"}}],"inLanguage":"fr-FR"},{"@type":"Organization","@id":"http:\/\/dev.siban.com\/#organization","name":"Siban","url":"http:\/\/dev.siban.com\/","logo":{"@type":"ImageObject","inLanguage":"fr-FR","@id":"http:\/\/dev.siban.com\/#\/schema\/logo\/image\/","url":"https:\/\/www.siban.com\/wp-content\/uploads\/2024\/07\/Siban-Beltsiflex-PNG.png","contentUrl":"https:\/\/www.siban.com\/wp-content\/uploads\/2024\/07\/Siban-Beltsiflex-PNG.png","width":3133,"height":1633,"caption":"Siban"},"image":{"@id":"http:\/\/dev.siban.com\/#\/schema\/logo\/image\/"}}]}},"_links":{"self":[{"href":"https:\/\/www.siban.com\/fr\/wp-json\/wp\/v2\/pages\/136716","targetHints":{"allow":["GET"]}}],"collection":[{"href":"https:\/\/www.siban.com\/fr\/wp-json\/wp\/v2\/pages"}],"about":[{"href":"https:\/\/www.siban.com\/fr\/wp-json\/wp\/v2\/types\/page"}],"author":[{"embeddable":true,"href":"https:\/\/www.siban.com\/fr\/wp-json\/wp\/v2\/users\/2"}],"replies":[{"embeddable":true,"href":"https:\/\/www.siban.com\/fr\/wp-json\/wp\/v2\/comments?post=136716"}],"version-history":[{"count":18,"href":"https:\/\/www.siban.com\/fr\/wp-json\/wp\/v2\/pages\/136716\/revisions"}],"predecessor-version":[{"id":138313,"href":"https:\/\/www.siban.com\/fr\/wp-json\/wp\/v2\/pages\/136716\/revisions\/138313"}],"wp:attachment":[{"href":"https:\/\/www.siban.com\/fr\/wp-json\/wp\/v2\/media?parent=136716"}],"curies":[{"name":"wp","href":"https:\/\/api.w.org\/{rel}","templated":true}]}}